{"id":270,"date":"2026-01-24T15:23:30","date_gmt":"2026-01-24T07:23:30","guid":{"rendered":"https:\/\/hotrunneroem.com\/?post_type=product&#038;p=270"},"modified":"2026-01-24T16:06:07","modified_gmt":"2026-01-24T08:06:07","slug":"hot-runner-injection-mold","status":"publish","type":"product","link":"https:\/\/hotrunneroem.com\/es\/hot-runner-injection-mold\/","title":{"rendered":"Sistemas de moldes de inyecci\u00f3n con sistema de canal caliente de alto rendimiento y soluciones personalizadas"},"content":{"rendered":"<h2>Descripci\u00f3n general del producto: Soluciones de canal caliente de precisi\u00f3n para moldeo de pl\u00e1stico<\/h2>\n<p>En China hot runner system, nos especializamos en ofrecer <strong>moldes de inyecci\u00f3n de canal caliente avanzados<\/strong> soluciones dise\u00f1adas para la precisi\u00f3n y eficiencia en el moldeo de pl\u00e1stico. Nuestros sistemas priorizan <strong>estabilidad t\u00e9rmica<\/strong> y un control exacto <strong>del flujo de la masa fundida<\/strong>, asegurando una entrega constante de pl\u00e1stico durante todo el proceso de moldeo. Este enfoque minimiza las fluctuaciones de temperatura y garantiza un llenado uniforme de la cavidad, lo cual es fundamental para una producci\u00f3n de alta calidad y repetible.<\/p>\n<p>La transici\u00f3n de los moldes de canal fr\u00edo tradicionales a nuestro <strong>sistema de colector caliente<\/strong> significa eliminar bebederos y canales, reduciendo significativamente el desperdicio de material y los costos de producci\u00f3n. Este <strong>moldeo sin canal<\/strong> enfoque mejora la utilizaci\u00f3n de la resina y acorta los tiempos de ciclo, ofreciendo beneficios tanto econ\u00f3micos como operativos.<\/p>\n<p>Como fabricante dedicado con sede en China, mantenemos capacidades internas completas, desde el dise\u00f1o y la selecci\u00f3n de metalurgia hasta el mecanizado y el ensamblaje. Esta integraci\u00f3n vertical nos permite aplicar un estricto control de calidad en cada etapa, asegurando que nuestros sistemas de canal caliente cumplan con los exigentes est\u00e1ndares del mercado espa\u00f1ol y m\u00e1s all\u00e1. Nuestro compromiso con la fabricaci\u00f3n de precisi\u00f3n respalda herramientas de inyecci\u00f3n de termopl\u00e1sticos fiables y de alto rendimiento <strong>herramientas de inyecci\u00f3n de termopl\u00e1sticos<\/strong> adaptadas a sus necesidades de producci\u00f3n espec\u00edficas.<\/p>\n<h2>Especificaciones T\u00e9cnicas y Configuraci\u00f3n de Materiales<\/h2>\n<p>Nuestro sistema de molde de inyecci\u00f3n de canal caliente est\u00e1 construido con materiales y componentes de precisi\u00f3n para garantizar durabilidad, eficiencia y un rendimiento constante.<\/p>\n<h3>Metalurgia del Colector<\/h3>\n<ul>\n<li><strong>Grados de Acero:<\/strong> Utilizamos aceros de primera calidad como <strong>H13<\/strong> y <strong>Acero inoxidable 420<\/strong>.<\/li>\n<li><strong>Beneficios:<\/strong> Estos grados ofrecen una excelente resistencia a la corrosi\u00f3n y una conductividad t\u00e9rmica superior, esenciales para mantener temperaturas de fusi\u00f3n estables y una larga vida \u00fatil.<\/li>\n<\/ul>\n<h3>Elementos de calefacci\u00f3n<\/h3>\n<ul>\n<li><strong>Tipos:<\/strong> Integrado <strong>bobinas de calefacci\u00f3n<\/strong> y <strong>calentadores tubulares<\/strong> est\u00e1n incrustadas para una distribuci\u00f3n uniforme del calor.<\/li>\n<li><strong>Control de temperatura:<\/strong> Colocados estrat\u00e9gicamente <strong>termopares<\/strong> proporcionan monitoreo en tiempo real, asegurando una precisi\u00f3n en la uniformidad de la temperatura en toda la manifold.<\/li>\n<\/ul>\n<h3>Dise\u00f1o del canal de flujo<\/h3>\n<ul>\n<li><strong>Caminos de flujo equilibrados:<\/strong> Nuestro sistema cuenta con <strong>canales rheol\u00f3gicamente equilibrados<\/strong> que garantizan una ca\u00edda de presi\u00f3n igual en cada cavidad.<\/li>\n<li><strong>Resultado:<\/strong> Este dise\u00f1o asegura un flujo de fusi\u00f3n constante, reduciendo defectos y mejorando la calidad de las piezas.<\/li>\n<\/ul>\n<h3>Especificaciones el\u00e9ctricas<\/h3>\n<table>\n<thead>\n<tr>\n<th>Caracter\u00edstica<\/th>\n<th>Detalles<\/th>\n<\/tr>\n<\/thead>\n<tbody>\n<tr>\n<td>Compatibilidad de voltaje<\/td>\n<td>Soporta voltajes est\u00e1ndar (110V\/220V)<\/td>\n<\/tr>\n<tr>\n<td>Conectores<\/td>\n<td>Conectores industriales duraderos de grado industrial<\/td>\n<\/tr>\n<tr>\n<td>Control de zona<\/td>\n<td>Integraci\u00f3n de control de temperatura multi-zona para una gesti\u00f3n t\u00e9rmica precisa<\/td>\n<\/tr>\n<\/tbody>\n<\/table>\n<p>Al combinar materiales de alta calidad con ingenier\u00eda inteligente, nuestro sistema de colector caliente ofrece una entrega de fusi\u00f3n confiable y eficiente para una amplia gama de necesidades de herramientas de inyecci\u00f3n de termopl\u00e1sticos. Para m\u00e1s informaci\u00f3n sobre c\u00f3mo mantener la estabilidad de la temperatura, consulte nuestro detallado <a href=\"https:\/\/hotrunneroem.com\/es\/hot-runner-temperature-controllers\/\">controladores de temperatura de hot runner<\/a>.<\/p>\n<h2>Tecnolog\u00eda de boquillas y soluciones de compuerta<\/h2>\n<p>Nuestro sistema de moldes de inyecci\u00f3n con sistema de canal caliente ofrece una variedad de opciones de boquillas y compuertas dise\u00f1adas para adaptarse a diferentes necesidades de producci\u00f3n y tipos de resina.<\/p>\n<ul>\n<li><strong>Sistemas de compuerta abierta<\/strong>: Perfectos para resinas de consumo y cambios frecuentes de color, estas boquillas cuentan con dise\u00f1os de punta que minimizan residuos, ayud\u00e1ndole a lograr acabados limpios en las piezas sin necesidad de recortes adicionales.<\/li>\n<li><strong>Sistemas de compuerta de v\u00e1lvula<\/strong>: Para piezas cosm\u00e9ticas de alta gama, nuestras boquillas de compuerta de v\u00e1lvula utilizan accionamiento neum\u00e1tico o hidr\u00e1ulico de pasadores para ofrecer marcas de compuerta precisas y limpias. Esto garantiza una est\u00e9tica de primera calidad y reduce el tiempo de post-procesamiento.<\/li>\n<li><strong>Boquillas de m\u00faltiples puntas<\/strong>: Ideales para piezas peque\u00f1as y moldes de alta cavidad como tapas y cierres, estas boquillas mejoran la eficiencia del ciclo y la entrega uniforme de fusi\u00f3n en todas las cavidades.<\/li>\n<li><strong>Puntas reemplazables<\/strong>: Dise\u00f1adas para facilitar el mantenimiento, nuestra tecnolog\u00eda de puntas reemplazables permite cambiar las puntas desgastadas o da\u00f1adas sin retirar el molde de la m\u00e1quina, minimizando el tiempo de inactividad y manteniendo la producci\u00f3n fluida.<\/li>\n<\/ul>\n<p>Estas soluciones avanzadas de compuerta se integran perfectamente con nuestro sistema de colector caliente, asegurando un flujo de fusi\u00f3n constante y tecnolog\u00eda de compuerta t\u00e9rmica para un rendimiento \u00f3ptimo del moldeo. Para m\u00e1s detalles, consulte nuestras <a href=\"https:\/\/hotrunneroem.com\/es\/hot-runner-nozzle\/\">opciones de boquillas de canal caliente<\/a> y <a href=\"https:\/\/hotrunneroem.com\/es\/hot-runner-manifold\/\">dise\u00f1os de colectores de hot runner<\/a>.<\/p>\n<h2>Ventajas operativas de nuestra tecnolog\u00eda de moldes de inyecci\u00f3n con sistema de canal caliente<\/h2>\n<p>Nuestro sistema de moldes de inyecci\u00f3n con sistema de canal caliente est\u00e1 dise\u00f1ado para aumentar la eficiencia de producci\u00f3n y la calidad del producto en varias formas clave:<\/p>\n<ul>\n<li><strong>Optimizaci\u00f3n del tiempo de ciclo<\/strong>: Manteniendo la fusi\u00f3n en un estado listo para inyectar, nuestro sistema de colector caliente acelera las fases de enfriamiento y expulsi\u00f3n, reduciendo los tiempos de ciclo totales. Ciclos m\u00e1s r\u00e1pidos significan mayor producci\u00f3n sin sacrificar calidad.<\/li>\n<li><strong>Eficiencia de Resina<\/strong>: Eliminar los residuos de canal fr\u00edo mediante moldeo sin conducto reduce significativamente el desperdicio de material. Esto no solo disminuye los costos de materia prima, sino que tambi\u00e9n minimiza el trabajo de post-procesamiento, haciendo que su operaci\u00f3n sea m\u00e1s eficiente y respetuosa con el medio ambiente.<\/li>\n<li><strong>Reducci\u00f3n de la Presi\u00f3n de Inyecci\u00f3n<\/strong>: Con una entrega precisa de fusi\u00f3n y canales de flujo equilibrados, el sistema reduce la presi\u00f3n de inyecci\u00f3n necesaria. Esto disminuye el estr\u00e9s en su m\u00e1quina de moldeo y en el pol\u00edmero, ayudando a lograr tolerancias m\u00e1s estrictas en las piezas y un mejor acabado superficial.<\/li>\n<li><strong>Estabilidad del Proceso<\/strong>: El control de temperatura consistente mediante bobinas calefactoras integradas en el molde de inyecci\u00f3n y caminos de flujo bien dise\u00f1ados garantiza un llenado uniforme de la cavidad. Esto resulta en un peso constante de disparo a disparo y menos defectos, brind\u00e1ndole producciones confiables en cada ciclo.<\/li>\n<\/ul>\n<p>Para aquellos interesados en estudios de caso detallados sobre c\u00f3mo estos beneficios operativos se traducen en ahorros reales y mejoras en la calidad, nuestro <a href=\"https:\/\/hotrunneroem.com\/es\/hot-runner-cases\/\">casos de conductos calientes<\/a> ofrece informaci\u00f3n valiosa.<\/p>\n<h2>Personalizaci\u00f3n y Flujo de Trabajo de Ingenier\u00eda<\/h2>\n<p><img decoding=\"async\" src=\"https:\/\/hotrunneroem.com\/wp-content\/uploads\/2026\/01\/Hot-Runner-Moldflow-Custom-Manifold-Design.jpg\" alt=\"Dise\u00f1o Personalizado de Colector para Moldflow de Canal Caliente\" \/><\/p>\n<p>Utilizamos an\u00e1lisis Moldflow para anticiparnos a los problemas antes de que comience la producci\u00f3n. Esta herramienta de simulaci\u00f3n nos ayuda a predecir tiempos de llenado, detectar l\u00edneas de soldadura y encontrar trampas de aire temprano, ahorr\u00e1ndole tiempo y costos de reparaci\u00f3n en el futuro.<\/p>\n<p>Nuestro sistema de colector caliente no es de talla \u00fanica. Ofrecemos formas personalizadas de colectores como configuraciones en H, X y Y para adaptarse perfectamente a la disposici\u00f3n de su base de molde. Este enfoque a medida garantiza una entrega de fusi\u00f3n suave y un llenado equilibrado de la cavidad en cada ciclo.<\/p>\n<p>Tambi\u00e9n personalizamos nuestro molde de inyecci\u00f3n de conducto caliente para trabajar con una amplia gama de resinas. Ya sea que utilice materiales abrasivos con relleno de fibra, PVC corrosivo o pol\u00edmeros de alta temperatura como PEEK y Ultem, dise\u00f1amos el sistema para satisfacer sus necesidades espec\u00edficas. Esto significa una mayor durabilidad de la herramienta y una calidad constante en las piezas, sin importar qu\u00e9 est\u00e9 moldeando.<\/p>\n<h2>Aplicaciones industriales para moldes de inyecci\u00f3n con conducto caliente<\/h2>\n<p>Nuestros sistemas de moldes de inyecci\u00f3n con conducto caliente est\u00e1n dise\u00f1ados para satisfacer las demandas de diversas industrias en toda Espa\u00f1a, ofreciendo eficiencia y precisi\u00f3n donde m\u00e1s importa.<\/p>\n<p><strong>Componentes Automotrices<\/strong><\/p>\n<ul>\n<li>Perfecto para piezas grandes de acabado interior y componentes bajo el cap\u00f3<\/li>\n<li>Soporta la v\u00e1lvula secuencial para moldes multicavidad complejos<\/li>\n<li>Garantiza un sistema de entrega de fusi\u00f3n consistente para acabados de alta calidad<\/li>\n<\/ul>\n<p><strong>Dispositivos M\u00e9dicos<\/strong><\/p>\n<ul>\n<li>Dise\u00f1ado para entornos de sala limpia con estrictos est\u00e1ndares de higiene<\/li>\n<li>Ideal para moldes multicavidad que producen consumibles m\u00e9dicos de alta precisi\u00f3n<\/li>\n<li>Utiliza tecnolog\u00eda de compuerta t\u00e9rmica para mantener temperaturas estables y reducir defectos<\/li>\n<\/ul>\n<p><strong>Embalaje y cierres<\/strong><\/p>\n<ul>\n<li>Optimizado para la producci\u00f3n de alta velocidad de envases de paredes delgadas y tapas de botellas<\/li>\n<li>Las boquillas de compuerta de v\u00e1lvula proporcionan marcas de compuerta limpias e invisibles, mejorando la est\u00e9tica del producto<\/li>\n<li>El moldeo sin conducto reduce el desperdicio de material, disminuyendo costos<\/li>\n<\/ul>\n<p><strong>Electr\u00f3nica de consumo<\/strong><\/p>\n<ul>\n<li>Apoya la fabricaci\u00f3n de carcasas de alta est\u00e9tica con marcas de compuerta invisibles<\/li>\n<li>Las boquillas de m\u00faltiples puntas permiten un moldeo eficiente de piezas peque\u00f1as y detalladas<\/li>\n<li>Mantiene la estabilidad del proceso para un llenado consistente de cavidades y repetibilidad de disparo a disparo<\/li>\n<\/ul>\n<p>Al adaptar nuestro sistema de colector caliente y las herramientas de inyecci\u00f3n de termopl\u00e1sticos a estos sectores, ayudamos a los fabricantes a Espa\u00f1a a aumentar la productividad mientras controlan los costos.<\/p>\n<h2>Aseguramiento de la calidad y soporte postventa<\/h2>\n<p>Garantizar un rendimiento constante es clave con nuestros sistemas de moldes de inyecci\u00f3n con sistema de canal caliente. Aqu\u00ed te mostramos c\u00f3mo lo respaldamos:<\/p>\n<p><strong>Pruebas de balance t\u00e9rmico<\/strong><\/p>\n<ul>\n<li>Verificar la uniformidad de temperatura en todo el sistema de colector caliente<\/li>\n<li>Prevenir puntos calientes o zonas fr\u00edas que puedan afectar el flujo de fusi\u00f3n y la calidad de las piezas<\/li>\n<\/ul>\n<p><strong>Pruebas de fuga<\/strong><\/p>\n<ul>\n<li>Realizar controles de sellado a alta presi\u00f3n antes del env\u00edo<\/li>\n<li>Garantizar un funcionamiento sin fugas bajo condiciones exigentes de inyecci\u00f3n<\/li>\n<\/ul>\n<p><strong>Disponibilidad global de piezas de repuesto<\/strong><\/p>\n<ul>\n<li>Stock listo de componentes cr\u00edticos como bobinas de calefacci\u00f3n de moldes de inyecci\u00f3n, termopares y agujas de v\u00e1lvula<\/li>\n<li>Entrega r\u00e1pida para minimizar el tiempo de inactividad en cualquier parte de Espa\u00f1a o m\u00e1s all\u00e1<\/li>\n<\/ul>\n<p><strong>Asistencia en la instalaci\u00f3n<\/strong><\/p>\n<ul>\n<li>Soporte t\u00e9cnico experto para una integraci\u00f3n fluida de su sistema de hot runner en m\u00e1quinas de moldeo existentes<\/li>\n<li>Orientaci\u00f3n sobre la configuraci\u00f3n de la caja del controlador de temperatura y conexiones el\u00e9ctricas<\/li>\n<\/ul>\n<table>\n<thead>\n<tr>\n<th>Control de calidad<\/th>\n<th>Prop\u00f3sito<\/th>\n<th>Beneficio<\/th>\n<\/tr>\n<\/thead>\n<tbody>\n<tr>\n<td>Prueba de equilibrio t\u00e9rmico<\/td>\n<td>Garantizar una distribuci\u00f3n uniforme del calor<\/td>\n<td>Flujo de fusi\u00f3n estable, piezas consistentes<\/td>\n<\/tr>\n<tr>\n<td>Prueba de fugas<\/td>\n<td>Confirmar la integridad del sello<\/td>\n<td>Prevenir da\u00f1os en el molde y p\u00e9rdida de material<\/td>\n<\/tr>\n<tr>\n<td>Suministro de piezas de repuesto<\/td>\n<td>Proporcionar reemplazos cr\u00edticos<\/td>\n<td>Reducir el tiempo de inactividad de la m\u00e1quina<\/td>\n<\/tr>\n<tr>\n<td>Soporte en la instalaci\u00f3n<\/td>\n<td>Ayuda con la configuraci\u00f3n del sistema<\/td>\n<td>Puesta en marcha m\u00e1s r\u00e1pida y sin problemas<\/td>\n<\/tr>\n<\/tbody>\n<\/table>\n<p>Nuestro compromiso con la calidad y el soporte significa que su inversi\u00f3n en tecnolog\u00eda avanzada de hot runner ofrece resultados confiables y a largo plazo. Para m\u00e1s informaci\u00f3n sobre las capacidades de nuestro sistema, consulte nuestras soluciones detalladas <a href=\"https:\/\/hotrunneroem.com\/es\/\">soluciones de sistemas de colectores calientes<\/a>.<\/p>\n<h2>Solicitud de Cotizaci\u00f3n (RFQ) Requisitos para Molde de Inyecci\u00f3n de Canal Caliente<\/h2>\n<p>Para obtener una cotizaci\u00f3n precisa de <strong>Sistema de hot runner en China<\/strong>, por favor, prepare los siguientes detalles:<\/p>\n<table>\n<thead>\n<tr>\n<th>Datos Requeridos<\/th>\n<th>Descripci\u00f3n<\/th>\n<\/tr>\n<\/thead>\n<tbody>\n<tr>\n<td><strong>Dise\u00f1o de Pieza en 3D<\/strong><\/td>\n<td>Archivos CAD que muestren la geometr\u00eda exacta de su pieza<\/td>\n<\/tr>\n<tr>\n<td><strong>Tipo de resina<\/strong><\/td>\n<td>Especifique el material pl\u00e1stico (ej. ABS, PEEK)<\/td>\n<\/tr>\n<tr>\n<td><strong>Especificaciones de la M\u00e1quina<\/strong><\/td>\n<td>Detalles de la m\u00e1quina de moldeo por inyecci\u00f3n (tonelaje, marca)<\/td>\n<\/tr>\n<tr>\n<td><strong>N\u00famero de Cavidades<\/strong><\/td>\n<td>N\u00famero de cavidades que requiere su molde<\/td>\n<\/tr>\n<\/tbody>\n<\/table>\n<h3>C\u00f3mo Contactarnos<\/h3>\n<ul>\n<li>Proporcione una <strong>l\u00ednea directa<\/strong> a su ingeniero o gerente de proyecto.<\/li>\n<li>Contacte con <strong>el equipo de ingenier\u00eda de sistemas de canal caliente de China<\/strong> para obtener comentarios r\u00e1pidos y soluciones personalizadas.<\/li>\n<\/ul>\n<p>Esta informaci\u00f3n nos ayuda a personalizar las <strong>sistema de colector caliente<\/strong> y soluciones de inyecci\u00f3n perfectamente para su proyecto, asegurando una integraci\u00f3n fluida y un rendimiento superior.<\/p>","protected":false},"excerpt":{"rendered":"<p>Moldes de inyecci\u00f3n con sistema de canal caliente de ingenier\u00eda de precisi\u00f3n con colectores personalizados, tecnolog\u00eda avanzada de boquillas y tiempos de ciclo optimizados para un moldeo pl\u00e1stico eficiente.<\/p>","protected":false},"featured_media":272,"template":"","meta":{"site-sidebar-layout":"default","site-content-layout":"","ast-site-content-layout":"default","site-content-style":"default","site-sidebar-style":"default","ast-global-header-display":"","ast-banner-title-visibility":"","ast-main-header-display":"","ast-hfb-above-header-display":"","ast-hfb-below-header-display":"","ast-hfb-mobile-header-display":"","site-post-title":"","ast-breadcrumbs-content":"","ast-featured-img":"","footer-sml-layout":"","ast-disable-related-posts":"","theme-transparent-header-meta":"default","adv-header-id-meta":"","stick-header-meta":"","header-above-stick-meta":"","header-main-stick-meta":"","header-below-stick-meta":"","astra-migrate-meta-layouts":"set","ast-page-background-enabled":"default","ast-page-background-meta":{"desktop":{"background-color":"var(--ast-global-color-5)","background-image":"","background-repeat":"repeat","background-position":"center center","background-size":"auto","background-attachment":"scroll","background-type":"","background-media":"","overlay-type":"","overlay-color":"","overlay-opacity":"","overlay-gradient":""},"tablet":{"background-color":"","background-image":"","background-repeat":"repeat","background-position":"center center","background-size":"auto","background-attachment":"scroll","background-type":"","background-media":"","overlay-type":"","overlay-color":"","overlay-opacity":"","overlay-gradient":""},"mobile":{"background-color":"","background-image":"","background-repeat":"repeat","background-position":"center center","background-size":"auto","background-attachment":"scroll","background-type":"","background-media":"","overlay-type":"","overlay-color":"","overlay-opacity":"","overlay-gradient":""}},"ast-content-background-meta":{"desktop":{"background-color":"var(--ast-global-color-4)","background-image":"","background-repeat":"repeat","background-position":"center center","background-size":"auto","background-attachment":"scroll","background-type":"","background-media":"","overlay-type":"","overlay-color":"","overlay-opacity":"","overlay-gradient":""},"tablet":{"background-color":"var(--ast-global-color-4)","background-image":"","background-repeat":"repeat","background-position":"center center","background-size":"auto","background-attachment":"scroll","background-type":"","background-media":"","overlay-type":"","overlay-color":"","overlay-opacity":"","overlay-gradient":""},"mobile":{"background-color":"var(--ast-global-color-4)","background-image":"","background-repeat":"repeat","background-position":"center center","background-size":"auto","background-attachment":"scroll","background-type":"","background-media":"","overlay-type":"","overlay-color":"","overlay-opacity":"","overlay-gradient":""}}},"product_brand":[],"product_cat":[35],"product_tag":[48],"class_list":{"0":"post-270","1":"product","2":"type-product","3":"status-publish","4":"has-post-thumbnail","6":"product_cat-hot-runner-design","7":"product_tag-hot-runner-injection-mold","8":"desktop-align-left","9":"tablet-align-left","10":"mobile-align-left","12":"first","13":"instock","14":"featured","15":"shipping-taxable","16":"product-type-simple"},"_links":{"self":[{"href":"https:\/\/hotrunneroem.com\/es\/wp-json\/wp\/v2\/product\/270","targetHints":{"allow":["GET"]}}],"collection":[{"href":"https:\/\/hotrunneroem.com\/es\/wp-json\/wp\/v2\/product"}],"about":[{"href":"https:\/\/hotrunneroem.com\/es\/wp-json\/wp\/v2\/types\/product"}],"wp:featuredmedia":[{"embeddable":true,"href":"https:\/\/hotrunneroem.com\/es\/wp-json\/wp\/v2\/media\/272"}],"wp:attachment":[{"href":"https:\/\/hotrunneroem.com\/es\/wp-json\/wp\/v2\/media?parent=270"}],"wp:term":[{"taxonomy":"product_brand","embeddable":true,"href":"https:\/\/hotrunneroem.com\/es\/wp-json\/wp\/v2\/product_brand?post=270"},{"taxonomy":"product_cat","embeddable":true,"href":"https:\/\/hotrunneroem.com\/es\/wp-json\/wp\/v2\/product_cat?post=270"},{"taxonomy":"product_tag","embeddable":true,"href":"https:\/\/hotrunneroem.com\/es\/wp-json\/wp\/v2\/product_tag?post=270"}],"curies":[{"name":"wp","href":"https:\/\/api.w.org\/{rel}","templated":true}]}}