{"id":322,"date":"2026-01-29T17:12:59","date_gmt":"2026-01-29T09:12:59","guid":{"rendered":"https:\/\/hotrunneroem.com\/?post_type=product&#038;p=322"},"modified":"2026-01-31T14:23:34","modified_gmt":"2026-01-31T06:23:34","slug":"hot-runner-coil-heater","status":"publish","type":"product","link":"https:\/\/hotrunneroem.com\/es\/hot-runner-coil-heater\/","title":{"rendered":"Calentadores de bobina de canal caliente de alto rendimiento con termopares personalizados"},"content":{"rendered":"<h2>Descripci\u00f3n general del producto<\/h2>\n<p>Nuestros calentadores de bobina de sistema de inyecci\u00f3n presentan capacidades t\u00e9rmicas de alta densidad de potencia dise\u00f1adas para aplicaciones industriales exigentes. Dise\u00f1ados para proporcionar calor r\u00e1pido y constante, estos calentadores de bobina aseguran un control de temperatura estable en boquillas de sistema de inyecci\u00f3n, colectores y bujes. Fabricados con precisi\u00f3n por un proveedor l\u00edder de sistemas de inyecci\u00f3n y calentadores de bobina en China, nuestros productos enfatizan durabilidad y rendimiento en entornos de moldeo por inyecci\u00f3n.<\/p>\n<p><img fetchpriority=\"high\" decoding=\"async\" class=\"alignnone size-full wp-image-318\" src=\"https:\/\/hotrunneroem.com\/wp-content\/uploads\/2026\/01\/hot-runner-heater-supplier.jpg\" alt=\"\" width=\"750\" height=\"750\" srcset=\"https:\/\/hotrunneroem.com\/wp-content\/uploads\/2026\/01\/hot-runner-heater-supplier.jpg 750w, https:\/\/hotrunneroem.com\/wp-content\/uploads\/2026\/01\/hot-runner-heater-supplier-12x12.jpg 12w, https:\/\/hotrunneroem.com\/wp-content\/uploads\/2026\/01\/hot-runner-heater-supplier-300x300.jpg 300w, https:\/\/hotrunneroem.com\/wp-content\/uploads\/2026\/01\/hot-runner-heater-supplier-600x600.jpg 600w, https:\/\/hotrunneroem.com\/wp-content\/uploads\/2026\/01\/hot-runner-heater-supplier-100x100.jpg 100w\" sizes=\"(max-width: 750px) 100vw, 750px\" \/><\/p>\n<p>Las funciones clave incluyen:<\/p>\n<ul>\n<li>Distribuci\u00f3n uniforme del calor para una operaci\u00f3n \u00f3ptima del molde<\/li>\n<li>Respuesta t\u00e9rmica mejorada para un procesamiento de pl\u00e1stico de alta eficiencia<\/li>\n<li>Confiabilidad para uso continuo en componentes complejos del sistema de inyecci\u00f3n<\/li>\n<\/ul>\n<p>Como fabricante de sistemas de inyecci\u00f3n confiable, entregamos calentadores de bobina dise\u00f1ados para mantener perfiles de temperatura consistentes, cr\u00edticos para la calidad y el tiempo de ciclo en procesos de moldeo y extrusi\u00f3n.<\/p>\n<h2>Construcci\u00f3n t\u00e9cnica y especificaciones de materiales del calentador de bobina de sistema de inyecci\u00f3n<\/h2>\n<p>Nuestros calentadores de bobina de sistema de inyecci\u00f3n est\u00e1n fabricados con materiales seleccionados por su durabilidad y alto rendimiento en condiciones dif\u00edciles.<\/p>\n<p>Los materiales a base de cobre tienen una respuesta t\u00e9rmica r\u00e1pida y excelente, pero tambi\u00e9n aseguran que el calor se mueva de manera uniforme a trav\u00e9s de la bobina, evitando puntos calientes. Mientras tanto, el cable de N\u00edquel-Cromo en su interior soporta altas temperaturas sin degradarse r\u00e1pidamente, apoyando un rendimiento de alta densidad de potencia.<\/p>\n<p>Para la monitorizaci\u00f3n de temperatura, ofrecemos termopares integrados\u2014de tipo J o K\u2014que proporcionan datos en tiempo real a sus sistemas de control, ayudando a mantener temperaturas uniformes en la boquilla y el colector. Esta integraci\u00f3n es clave para un flujo constante de pl\u00e1stico fundido en sus moldes de inyecci\u00f3n.<\/p>\n<p>Juntos, estos materiales garantizan que cada calentador de bobina de sistema de inyecci\u00f3n ofrezca resistencia, seguridad y una distribuci\u00f3n de calor superior adaptada a aplicaciones como calentadores de boquilla de sistema de inyecci\u00f3n y bobinas de calefacci\u00f3n de colectores.<\/p>\n<p>Para una gesti\u00f3n avanzada de temperatura en su sistema, consulte nuestra gama de confiables <a href=\"https:\/\/hotrunneroem.com\/es\/hot-runner-temperature-controllers\/\">controladores de temperatura de hot runner<\/a>.<\/p>\n<h2>Perfiles de secci\u00f3n transversal est\u00e1ndar<\/h2>\n<p>Nuestro calentador de bobina de sistema de inyecci\u00f3n est\u00e1 disponible en varias formas de secci\u00f3n transversal para adaptarse a diferentes dise\u00f1os de moldes y necesidades de rendimiento:<\/p>\n<ul>\n<li><strong>Perfil redondo<\/strong> (por ejemplo, 3.0mm, 3.3mm)<br \/>\nLa opci\u00f3n cl\u00e1sica para la mayor\u00eda de los calentadores de boquilla de sistema de inyecci\u00f3n, que ofrece buena flexibilidad y un ajuste est\u00e1ndar de la industria.<\/li>\n<li><strong>Perfil cuadrado<\/strong> (por ejemplo, 3.0mm x 3.0mm)<br \/>\nAumenta la superficie de contacto, lo que mejora la eficiencia de transferencia de calor\u2014ideal para bobinas de calefacci\u00f3n de colectores que requieren una distribuci\u00f3n uniforme de la temperatura.<\/li>\n<li><strong>Perfil Rectangular \/ Plano<\/strong> (por ejemplo, 2.2mm x 4.2mm)<br \/>\nSu perfil bajo lo hace perfecto para aplicaciones con espacio reducido, como calentadores de boquilla cerrados o componentes compactos de sistemas de canal caliente.<\/li>\n<\/ul>\n<table>\n<thead>\n<tr>\n<th>Tipo de Perfil<\/th>\n<th>Tama\u00f1o de Ejemplo<\/th>\n<th>Beneficio Clave<\/th>\n<th>Casos de Uso T\u00edpicos<\/th>\n<\/tr>\n<\/thead>\n<tbody>\n<tr>\n<td>Redondo<\/td>\n<td>3.0mm, 3.3mm<\/td>\n<td>Ajuste est\u00e1ndar y dise\u00f1o flexible<\/td>\n<td>Boquillas de canal caliente, elemento calefactor de moldeo por inyecci\u00f3n<\/td>\n<\/tr>\n<tr>\n<td>Cuadrado<\/td>\n<td>3.0mm x 3.0mm<\/td>\n<td>Contacto superficial m\u00e1ximo<\/td>\n<td>Bobinas de calefacci\u00f3n de colectores, calefactor de bobina de lat\u00f3n presionado<\/td>\n<\/tr>\n<tr>\n<td>Rectangular\/Plano<\/td>\n<td>2.2mm x 4.2mm<\/td>\n<td>Perfil bajo, ahorro de espacio<\/td>\n<td>Calentadores de boquilla cerrados, calefactor de bobina plana<\/td>\n<\/tr>\n<\/tbody>\n<\/table>\n<p>Elegir el perfil adecuado de calentador de bobina puede afectar en gran medida la eficiencia y la vida \u00fatil de su sistema de calefacci\u00f3n de moldes. Para configuraciones detalladas de moldes, puede explorar soluciones avanzadas en nuestra <a href=\"https:\/\/hotrunneroem.com\/es\/hot-runner-mold\/\">p\u00e1gina de sistemas de moldes de canal caliente<\/a>.<\/p>\n<h2>Par\u00e1metros de rendimiento de los calentadores de bobina de canal caliente<\/h2>\n<p><img decoding=\"async\" src=\"https:\/\/hotrunneroem.com\/wp-content\/uploads\/2026\/01\/hot-runner-heater-supplier-16.jpg\" alt=\"Especificaciones del calentador de bobina de sistema de inyecci\u00f3n de alta temperatura\" \/><\/p>\n<p>Nuestro calentador de bobina de canal caliente sobresale en ofrecer un rendimiento confiable bajo condiciones exigentes. Aqu\u00ed hay una visi\u00f3n r\u00e1pida de sus principales especificaciones operativas adaptadas a las necesidades globales de procesamiento de pl\u00e1sticos:<\/p>\n<table>\n<thead>\n<tr>\n<th>Par\u00e1metro<\/th>\n<th>Especificaci\u00f3n<\/th>\n<th>Notas<\/th>\n<\/tr>\n<\/thead>\n<tbody>\n<tr>\n<td>Temperatura de funcionamiento<\/td>\n<td>Hasta 650\u00b0C (1200\u00b0F) Continuo<\/td>\n<td>Ideal para calefacci\u00f3n de alta densidad de potencia<\/td>\n<\/tr>\n<tr>\n<td>Rango de voltaje<\/td>\n<td>12V a 480V<\/td>\n<td>Com\u00fanmente disponible en 230V o 120V<\/td>\n<\/tr>\n<tr>\n<td>Tolerancia de potencia<\/td>\n<td>+5% \/ -10%<\/td>\n<td>Garantiza una salida de calor constante<\/td>\n<\/tr>\n<tr>\n<td>Longitud de la secci\u00f3n fr\u00eda<\/td>\n<td>Zonas sin calefacci\u00f3n personalizables<\/td>\n<td>Protege los cables conductores de da\u00f1os por calor<\/td>\n<\/tr>\n<\/tbody>\n<\/table>\n<p>Esta capacidad calibrada con precisi\u00f3n y de alta temperatura asegura una distribuci\u00f3n uniforme del calor, esencial para boquillas, colectores y casquillos en componentes del sistema de canal caliente. Personalizar las longitudes de las secciones fr\u00edas tambi\u00e9n prolonga la vida \u00fatil de los cables al aislar las conexiones del estr\u00e9s t\u00e9rmico.<\/p>\n<p>Para obtener una comprensi\u00f3n m\u00e1s profunda sobre c\u00f3mo optimizar el calefaccionado de boquillas, consulte nuestra informaci\u00f3n detallada sobre <a href=\"https:\/\/hotrunneroem.com\/es\/nozzle-tips\/\">calefactores de boquillas de canal caliente<\/a>.<\/p>\n<h2>Opciones de cable conductor y terminaciones para calentadores de bobina de canal caliente<\/h2>\n<p><img decoding=\"async\" src=\"https:\/\/hotrunneroem.com\/wp-content\/uploads\/2026\/01\/hot-runner-heater-supplier-22.jpg\" alt=\"Opciones de cable de conexi\u00f3n para calentador de bobina de sistema de inyecci\u00f3n\" \/><\/p>\n<p>Cuando se trata de <strong>calentador de bobina de corredor caliente<\/strong> Las conexiones, proteger los cables conductores es fundamental para garantizar durabilidad y seguridad en entornos de procesamiento dif\u00edciles. Aqu\u00ed est\u00e1n las principales opciones que ofrecemos para protecci\u00f3n de conexiones:<\/p>\n<table>\n<thead>\n<tr>\n<th>Tipo de protecci\u00f3n<\/th>\n<th>Caracter\u00edsticas<\/th>\n<th>Beneficios<\/th>\n<\/tr>\n<\/thead>\n<tbody>\n<tr>\n<td>Manguera met\u00e1lica trenzada de acero inoxidable<\/td>\n<td>Alta resistencia a la abrasi\u00f3n y resistencia mec\u00e1nica<\/td>\n<td>Excelente para uso industrial resistente<\/td>\n<\/tr>\n<tr>\n<td>Manga de fibra de vidrio<\/td>\n<td>Ligera y flexible<\/td>\n<td>F\u00e1cil instalaci\u00f3n en espacios reducidos<\/td>\n<\/tr>\n<tr>\n<td>Fibra de vidrio impregnada en silicona<\/td>\n<td>Mayor resistencia al calor<\/td>\n<td>Resiste picos de temperatura elevados<\/td>\n<\/tr>\n<\/tbody>\n<\/table>\n<p>Para estilos de salida de cable de control, ofrecemos varias configuraciones para adaptarse al espacio y necesidades de instalaci\u00f3n de su sistema:<\/p>\n<ul>\n<li><strong>Salida tangencial<\/strong>: Dise\u00f1ada para ahorrar espacio dirigiendo los cables a lo largo del cuerpo del calentador.<\/li>\n<li><strong>Salida radial<\/strong>: Opci\u00f3n est\u00e1ndar con cables que salen perpendicularmente al calentador, adecuada para la mayor\u00eda de las configuraciones.<\/li>\n<li><strong>Salida axial<\/strong>: Los cables salen a lo largo del eje de longitud del calentador, perfecto para dise\u00f1os simplificados.<\/li>\n<\/ul>\n<p>Estas opciones proporcionan conexiones el\u00e9ctricas confiables y protegen el cableado contra da\u00f1os f\u00edsicos y estr\u00e9s t\u00e9rmico, manteniendo sus boquillas y colectores de canal caliente alimentados de manera segura. Para soluciones personalizadas que coincidan con el dise\u00f1o de su molde, nuestro equipo trabaja estrechamente para especificar la protecci\u00f3n y estilo de salida del cable de control adecuados.<\/p>\n<p>Explora m\u00e1s sobre nuestro <a href=\"https:\/\/hotrunneroem.com\/es\/hot-runner-nozzle\/\">calentador de boquilla de canal caliente<\/a> y <a href=\"https:\/\/hotrunneroem.com\/es\/hot-runner-manifold\/\">bobina de calefacci\u00f3n del colector<\/a> opciones para complementar su sistema de calefacci\u00f3n.<\/p>\n<p><img decoding=\"async\" class=\"alignnone size-full wp-image-323\" src=\"https:\/\/hotrunneroem.com\/wp-content\/uploads\/2026\/01\/hot-runner-manifold-coil-heater-supplier.jpg\" alt=\"\" width=\"750\" height=\"750\" srcset=\"https:\/\/hotrunneroem.com\/wp-content\/uploads\/2026\/01\/hot-runner-manifold-coil-heater-supplier.jpg 750w, https:\/\/hotrunneroem.com\/wp-content\/uploads\/2026\/01\/hot-runner-manifold-coil-heater-supplier-12x12.jpg 12w, https:\/\/hotrunneroem.com\/wp-content\/uploads\/2026\/01\/hot-runner-manifold-coil-heater-supplier-300x300.jpg 300w, https:\/\/hotrunneroem.com\/wp-content\/uploads\/2026\/01\/hot-runner-manifold-coil-heater-supplier-600x600.jpg 600w, https:\/\/hotrunneroem.com\/wp-content\/uploads\/2026\/01\/hot-runner-manifold-coil-heater-supplier-100x100.jpg 100w\" sizes=\"(max-width: 750px) 100vw, 750px\" \/><\/p>\n<h2>Aplicaciones en Procesamiento de Pl\u00e1sticos<\/h2>\n<p>Nuestro calentador de bobina para conducto caliente est\u00e1 dise\u00f1ado para manejar diversas necesidades de procesamiento de pl\u00e1sticos, garantizando una calefacci\u00f3n confiable y constante en varias aplicaciones:<\/p>\n<ul>\n<li><strong>Boquillas y casquillos de conducto caliente<\/strong>: Esencial para mantener temperaturas estables en moldeo por inyecci\u00f3n, nuestros calentadores de bobina proporcionan una distribuci\u00f3n uniforme del calor para prevenir la solidificaci\u00f3n del pl\u00e1stico, mejorando el flujo y reduciendo desperdicios.<\/li>\n<li><strong>Extrusi\u00f3n de Tubos<\/strong>: En la formaci\u00f3n de tubos, el control t\u00e9rmico preciso de nuestros calentadores de bobina soporta un grosor de pared y acabado superficial consistentes, clave para la producci\u00f3n de tuber\u00edas y tubos de calidad.<\/li>\n<li><strong>Formaci\u00f3n de Tuber\u00edas<\/strong>: Los calentadores ayudan a mantener el perfil de temperatura adecuado a lo largo de los colectores, asegurando un flujo suave del material y evitando puntos fr\u00edos que causan defectos.<\/li>\n<li><strong>Distribuidores de conducto caliente y colectores<\/strong>: Nuestros calentadores de bobina ofrecen un perfil de calor uniforme, fundamental para el rendimiento del colector, manteniendo el pl\u00e1stico fundido a la viscosidad \u00f3ptima en m\u00faltiples cavidades.<\/li>\n<li><strong>Moldes de preformas PET<\/strong>: Al proporcionar una calefacci\u00f3n estable y de alta densidad de vatios, estos calentadores soportan ciclos r\u00e1pidos y un control de temperatura uniforme, esencial para una producci\u00f3n confiable de preformas PET.<\/li>\n<\/ul>\n<p>Si busca componentes confiables para sistemas de conducto caliente o calentadores de bobina especializados adaptados a sus l\u00edneas de procesamiento de pl\u00e1sticos, explore nuestra gama completa de soluciones de calefacci\u00f3n dise\u00f1adas con materiales de alta calidad y fabricaci\u00f3n avanzada en <a href=\"https:\/\/hotrunneroem.com\/es\/\">sistema de conducto caliente y calentador de bobina en China<\/a>.<\/p>\n<h2>Personalizaci\u00f3n y necesidades de pedido para calentadores de bobina de conducto caliente<\/h2>\n<p>Entendemos que cada aplicaci\u00f3n requiere una soluci\u00f3n a medida. Por eso ofrecemos:<\/p>\n<ul>\n<li>\n<h3>Opciones de doblado<\/h3>\n<p>Bobinas rectas para clientes que prefieren doblado por s\u00ed mismos<br \/>\nBobinas pre-dobladas con forma precisa seg\u00fan sus planos<\/p>\n<p>Datos clave necesarios para cotizaciones precisas<\/p>\n<p>| Par\u00e1metro | Descripci\u00f3n |<br \/>\n|&#8212;&#8212;&#8212;&#8212;&#8212;&#8212;&#8212;&#8212;|&#8212;&#8212;&#8212;&#8212;&#8212;&#8212;&#8212;&#8212;&#8212;&#8212;&#8212;&#8212;|<br \/>\n| Di\u00e1metro Interior (ID) | Tama\u00f1o exacto del di\u00e1metro de la bobina necesario |<br \/>\n| Longitud | Longitud calentada vs. longitud total de la bobina |<br \/>\n| Potencia y Voltaje | Especificaciones de potencia y voltaje |<br \/>\n| Tama\u00f1o de la Secci\u00f3n Transversal | Tipo de perfil y dimensiones |<br \/>\n| Detalles del Cable de Conexi\u00f3n | Longitud y estilo de terminaci\u00f3n |<\/li>\n<\/ul>\n<p>Como un proveedor confiable <strong>Fabricante y proveedor de sistemas de canal caliente y resistencias de bobina en China<\/strong>,<\/p>\n<h2>Aseguramiento de Calidad y Pruebas para Resistencias de Bobina de Canal Caliente<\/h2>\n<p><img decoding=\"async\" src=\"https:\/\/hotrunneroem.com\/wp-content\/uploads\/2026\/01\/Hot_Runner_Coil_Heater_Testing_Equipment_5apYUqBc0.webp\" alt=\"Equipo de prueba para calentadores de bobina de sistema de inyecci\u00f3n\" \/><\/p>\n<p>Nos aseguramos de que cada resistencia de bobina de canal caliente de China pase por estrictos controles de calidad para cumplir con sus necesidades de fiabilidad. Esto es lo que incluye nuestro proceso de pruebas:<\/p>\n<ul>\n<li><strong>Prueba de Resistencia de Aislamiento:<\/strong> Cada resistencia de bobina se prueba para tener una resistencia de aislamiento superior a 5M\u03a9 a 500VDC. Esto garantiza una excelente seguridad el\u00e9ctrica y rendimiento a lo largo del tiempo.<\/li>\n<li><strong>Prueba de Alta Tensi\u00f3n (Hi-Pot):<\/strong> Aplicamos pruebas de estr\u00e9s de alta tensi\u00f3n para detectar posibles puntos d\u00e9biles en el aislamiento antes de que su resistencia llegue a producci\u00f3n, asegurando durabilidad bajo condiciones rigurosas.<\/li>\n<li><strong>Verificaci\u00f3n de Tolerancias Dimensionales:<\/strong> Mediciones precisas que confirman que su resistencia de bobina encaja perfectamente en sus boquillas de canal caliente, colectores y componentes del molde, evitando problemas de instalaci\u00f3n.<\/li>\n<\/ul>\n<p>Conf\u00ede en nuestras resistencias de bobina y componentes del sistema de canal caliente para ofrecer un rendimiento consistente respaldado por rigurosos est\u00e1ndares de prueba. Este enfoque en la calidad protege sus operaciones de moldeo por inyecci\u00f3n y procesamiento de pl\u00e1sticos.<\/p>\n<h2>Solicite una Cotizaci\u00f3n para Soluciones de Resistencias de Bobina de Canal Caliente<\/h2>\n<p>\u00bfNecesita una soluci\u00f3n de calefacci\u00f3n precisa para su proyecto? Cont\u00e1ctenos directamente en sistema de canal caliente y resistencia de bobina en China. Nuestro equipo de ingenier\u00eda est\u00e1 listo para ayudar con soporte t\u00e9cnico y adaptar su pedido para satisfacer sus necesidades exactas. Ya sea que busque resistencias de bobina de canal caliente personalizadas o precios al por mayor, ofrecemos tarifas competitivas y t\u00e9rminos flexibles.<\/p>\n<p><strong>P\u00f3ngase en contacto ahora:<\/strong><\/p>\n<ul>\n<li>Asesoramiento r\u00e1pido y experto sobre las especificaciones de su calentador de bobina<\/li>\n<li>Descuentos por pedidos al por mayor en calentadores de boquilla de sistema de inyecci\u00f3n y bobinas de calefacci\u00f3n de colectores<\/li>\n<li>Opciones OEM y ODM disponibles para aplicaciones \u00fanicas<\/li>\n<\/ul>\n<p>No espere\u2014contacte hoy con el sistema de inyecci\u00f3n y el calentador de bobina de China para elementos de calefacci\u00f3n confiables y de alto rendimiento dise\u00f1ados para sus necesidades de procesamiento de pl\u00e1stico<\/p>\n<div id=\"references\" class=\"min-w-0 scroll-mt-8 overflow-hidden\">\n<div class=\"flex flex-col gap-2 text-sm leading-relaxed\"><\/div>\n<\/div>","protected":false},"excerpt":{"rendered":"<p>Calentadores de bobina de corredor caliente de precisi\u00f3n con perfiles personalizables y termopares integrados para soluciones de calefacci\u00f3n confiables en moldeo por inyecci\u00f3n industrial.<\/p>","protected":false},"featured_media":318,"template":"","meta":{"site-sidebar-layout":"default","site-content-layout":"","ast-site-content-layout":"default","site-content-style":"default","site-sidebar-style":"default","ast-global-header-display":"","ast-banner-title-visibility":"","ast-main-header-display":"","ast-hfb-above-header-display":"","ast-hfb-below-header-display":"","ast-hfb-mobile-header-display":"","site-post-title":"","ast-breadcrumbs-content":"","ast-featured-img":"","footer-sml-layout":"","ast-disable-related-posts":"","theme-transparent-header-meta":"default","adv-header-id-meta":"","stick-header-meta":"","header-above-stick-meta":"","header-main-stick-meta":"","header-below-stick-meta":"","astra-migrate-meta-layouts":"set","ast-page-background-enabled":"default","ast-page-background-meta":{"desktop":{"background-color":"var(--ast-global-color-5)","background-image":"","background-repeat":"repeat","background-position":"center center","background-size":"auto","background-attachment":"scroll","background-type":"","background-media":"","overlay-type":"","overlay-color":"","overlay-opacity":"","overlay-gradient":""},"tablet":{"background-color":"","background-image":"","background-repeat":"repeat","background-position":"center center","background-size":"auto","background-attachment":"scroll","background-type":"","background-media":"","overlay-type":"","overlay-color":"","overlay-opacity":"","overlay-gradient":""},"mobile":{"background-color":"","background-image":"","background-repeat":"repeat","background-position":"center center","background-size":"auto","background-attachment":"scroll","background-type":"","background-media":"","overlay-type":"","overlay-color":"","overlay-opacity":"","overlay-gradient":""}},"ast-content-background-meta":{"desktop":{"background-color":"var(--ast-global-color-4)","background-image":"","background-repeat":"repeat","background-position":"center center","background-size":"auto","background-attachment":"scroll","background-type":"","background-media":"","overlay-type":"","overlay-color":"","overlay-opacity":"","overlay-gradient":""},"tablet":{"background-color":"var(--ast-global-color-4)","background-image":"","background-repeat":"repeat","background-position":"center center","background-size":"auto","background-attachment":"scroll","background-type":"","background-media":"","overlay-type":"","overlay-color":"","overlay-opacity":"","overlay-gradient":""},"mobile":{"background-color":"var(--ast-global-color-4)","background-image":"","background-repeat":"repeat","background-position":"center center","background-size":"auto","background-attachment":"scroll","background-type":"","background-media":"","overlay-type":"","overlay-color":"","overlay-opacity":"","overlay-gradient":""}}},"product_brand":[],"product_cat":[36],"product_tag":[56,50],"class_list":{"0":"post-322","1":"product","2":"type-product","3":"status-publish","4":"has-post-thumbnail","6":"product_cat-hot-runner-parts","7":"product_tag-hot-runner-heater","8":"product_tag-hot-runner-parts","9":"desktop-align-left","10":"tablet-align-left","11":"mobile-align-left","13":"first","14":"instock","15":"featured","16":"shipping-taxable","17":"product-type-simple"},"_links":{"self":[{"href":"https:\/\/hotrunneroem.com\/es\/wp-json\/wp\/v2\/product\/322","targetHints":{"allow":["GET"]}}],"collection":[{"href":"https:\/\/hotrunneroem.com\/es\/wp-json\/wp\/v2\/product"}],"about":[{"href":"https:\/\/hotrunneroem.com\/es\/wp-json\/wp\/v2\/types\/product"}],"wp:featuredmedia":[{"embeddable":true,"href":"https:\/\/hotrunneroem.com\/es\/wp-json\/wp\/v2\/media\/318"}],"wp:attachment":[{"href":"https:\/\/hotrunneroem.com\/es\/wp-json\/wp\/v2\/media?parent=322"}],"wp:term":[{"taxonomy":"product_brand","embeddable":true,"href":"https:\/\/hotrunneroem.com\/es\/wp-json\/wp\/v2\/product_brand?post=322"},{"taxonomy":"product_cat","embeddable":true,"href":"https:\/\/hotrunneroem.com\/es\/wp-json\/wp\/v2\/product_cat?post=322"},{"taxonomy":"product_tag","embeddable":true,"href":"https:\/\/hotrunneroem.com\/es\/wp-json\/wp\/v2\/product_tag?post=322"}],"curies":[{"name":"wp","href":"https:\/\/api.w.org\/{rel}","templated":true}]}}