{"id":270,"date":"2026-01-24T15:23:30","date_gmt":"2026-01-24T07:23:30","guid":{"rendered":"https:\/\/hotrunneroem.com\/?post_type=product&#038;p=270"},"modified":"2026-01-24T16:06:07","modified_gmt":"2026-01-24T08:06:07","slug":"hot-runner-injection-mold","status":"publish","type":"product","link":"https:\/\/hotrunneroem.com\/fr\/hot-runner-injection-mold\/","title":{"rendered":"Syst\u00e8mes de moules \u00e0 injection \u00e0 canaux chauds haute performance avec des solutions personnalis\u00e9es"},"content":{"rendered":"<h2>Pr\u00e9sentation du produit : Solutions de canaux chauds de pr\u00e9cision pour le moulage plastique<\/h2>\n<p>Chez China hot runner system, nous sommes sp\u00e9cialis\u00e9s dans la fourniture de <strong>moules \u00e0 injection \u00e0 canaux chauds avanc\u00e9s<\/strong> solutions con\u00e7ues pour la pr\u00e9cision et l'efficacit\u00e9 du moulage plastique. Nos syst\u00e8mes privil\u00e9gient <strong>de la stabilit\u00e9 thermique<\/strong> et exact <strong>contr\u00f4le du flux de mati\u00e8re fondue<\/strong>, assurant une distribution constante du plastique tout au long du processus de moulage. Cette approche minimise les fluctuations de temp\u00e9rature et garantit un remplissage uniforme des cavit\u00e9s, ce qui est essentiel pour une production de haute qualit\u00e9 et reproductible.<\/p>\n<p>Passer des moules \u00e0 canaux froids traditionnels \u00e0 notre <strong>syst\u00e8me \u00e0 manifold chaud<\/strong> signifie \u00e9liminer les carottes et les canaux, r\u00e9duisant consid\u00e9rablement le gaspillage de mati\u00e8re et les co\u00fbts de production. Cette <strong>approche de moulage sans canaux<\/strong> am\u00e9liore l'utilisation de la r\u00e9sine et raccourcit les temps de cycle, offrant des avantages \u00e9conomiques et op\u00e9rationnels.<\/p>\n<p>En tant que fabricant d\u00e9di\u00e9 bas\u00e9 en Chine, nous maintenons des capacit\u00e9s internes compl\u00e8tes \u2014 de la conception et la s\u00e9lection m\u00e9tallurgique \u00e0 l'usinage et l'assemblage. Cette int\u00e9gration verticale nous permet d'appliquer un contr\u00f4le qualit\u00e9 strict \u00e0 chaque \u00e9tape, garantissant que nos syst\u00e8mes \u00e0 canaux chauds r\u00e9pondent aux normes exigeantes du march\u00e9 fran\u00e7ais et au-del\u00e0. Notre engagement envers la fabrication de pr\u00e9cision soutient des <strong>outillages d'injection thermoplastique<\/strong> fiables et performants, adapt\u00e9s \u00e0 vos besoins de production sp\u00e9cifiques.<\/p>\n<h2>Sp\u00e9cifications techniques et configuration des mat\u00e9riaux<\/h2>\n<p>Notre syst\u00e8me de moule \u00e0 injection \u00e0 canaux chauds est construit avec des mat\u00e9riaux et des composants de pr\u00e9cision pour assurer durabilit\u00e9, efficacit\u00e9 et performance constante.<\/p>\n<h3>M\u00e9tallurgie du manifold<\/h3>\n<ul>\n<li><strong>Nuances d'acier :<\/strong> Nous utilisons des aciers de premi\u00e8re qualit\u00e9 comme <strong>H13<\/strong> et <strong>Acier inoxydable 420<\/strong>.<\/li>\n<li><strong>Avantages :<\/strong> Ces grades offrent une excellente r\u00e9sistance \u00e0 la corrosion et une conductivit\u00e9 thermique sup\u00e9rieure, essentielles pour maintenir des temp\u00e9ratures de fusion stables et une longue dur\u00e9e de vie.<\/li>\n<\/ul>\n<h3>\u00c9l\u00e9ments de chauffage<\/h3>\n<ul>\n<li><strong>Types :<\/strong> Int\u00e9gr\u00e9e <strong>bobines de chauffage<\/strong> et <strong>les r\u00e9sistances tubulaires<\/strong> sont int\u00e9gr\u00e9es pour une distribution uniforme de la chaleur.<\/li>\n<li><strong>Contr\u00f4le de la temp\u00e9rature :<\/strong> Strat\u00e9giquement plac\u00e9s <strong>thermocouples<\/strong> assurent une surveillance en temps r\u00e9el, garantissant une uniformit\u00e9 pr\u00e9cise de la temp\u00e9rature \u00e0 travers le collecteur.<\/li>\n<\/ul>\n<h3>Conception du canal d'\u00e9coulement<\/h3>\n<ul>\n<li><strong>Chemins d'\u00e9coulement \u00e9quilibr\u00e9s :<\/strong> Notre syst\u00e8me comporte <strong>des canaux rheologiquement \u00e9quilibr\u00e9s<\/strong> qui garantissent une chute de pression \u00e9gale dans chaque cavit\u00e9.<\/li>\n<li><strong>R\u00e9sultat :<\/strong> Cette conception assure un flux de fusion constant, r\u00e9duisant les d\u00e9fauts et am\u00e9liorant la qualit\u00e9 des pi\u00e8ces.<\/li>\n<\/ul>\n<h3>Sp\u00e9cifications \u00e9lectriques<\/h3>\n<table>\n<thead>\n<tr>\n<th>Caract\u00e9ristique<\/th>\n<th>D\u00e9tails<\/th>\n<\/tr>\n<\/thead>\n<tbody>\n<tr>\n<td>Compatibilit\u00e9 de tension<\/td>\n<td>Prend en charge les tensions standard (110V\/220V)<\/td>\n<\/tr>\n<tr>\n<td>Connecteurs<\/td>\n<td>Connecteurs industriels durables de qualit\u00e9<\/td>\n<\/tr>\n<tr>\n<td>Contr\u00f4le de zone<\/td>\n<td>Int\u00e9gration du contr\u00f4le de temp\u00e9rature multi-zone pour une gestion thermique pr\u00e9cise<\/td>\n<\/tr>\n<\/tbody>\n<\/table>\n<p>En combinant des mat\u00e9riaux de haute qualit\u00e9 avec une ing\u00e9nierie intelligente, notre syst\u00e8me de manifold chaud offre une livraison de fusion fiable et efficace pour une large gamme de besoins en outillage d'injection de thermoplastiques. Pour en savoir plus sur le maintien de la stabilit\u00e9 de la temp\u00e9rature, consultez notre documentation d\u00e9taill\u00e9e <a href=\"https:\/\/hotrunneroem.com\/fr\/hot-runner-temperature-controllers\/\">Contr\u00f4leurs de temp\u00e9rature pour syst\u00e8mes de distribution chaude<\/a>.<\/p>\n<h2>Technologie de buse &amp; Solutions de gating<\/h2>\n<p>Notre syst\u00e8me de moule \u00e0 injection \u00e0 canal chaud propose une gamme d'options de buses et de gating con\u00e7ues pour r\u00e9pondre \u00e0 diff\u00e9rents besoins de production et types de r\u00e9sines.<\/p>\n<ul>\n<li><strong>Syst\u00e8mes \u00e0 porte ouverte<\/strong>: Parfaits pour les r\u00e9sines de base et les changements de couleur fr\u00e9quents, ces buses disposent de conceptions de pointe qui minimisent les vestiges, vous aidant \u00e0 obtenir des finitions propres sans besoin de retouches suppl\u00e9mentaires.<\/li>\n<li><strong>Syst\u00e8mes \u00e0 porte \u00e0 valve<\/strong>: Pour les pi\u00e8ces cosm\u00e9tiques haut de gamme, nos buses \u00e0 porte \u00e0 valve utilisent une action pneumatique ou hydraulique pour d\u00e9livrer des marques de porte pr\u00e9cises et nettes. Cela garantit une esth\u00e9tique de premier ordre et r\u00e9duit le temps de post-traitement.<\/li>\n<li><strong>Buses \u00e0 multiple pointes<\/strong>: Id\u00e9ales pour les petites pi\u00e8ces et les moules \u00e0 haute cavit\u00e9 comme les bouchons et fermetures, ces buses am\u00e9liorent l'efficacit\u00e9 du cycle et la distribution uniforme de la fusion dans toutes les cavit\u00e9s.<\/li>\n<li><strong>Pointes rempla\u00e7ables<\/strong>: Con\u00e7ues pour un entretien facile, notre technologie de pointe de pointes rempla\u00e7ables vous permet d\u2019\u00e9changer les pointes us\u00e9es ou endommag\u00e9es sans retirer le moule de la machine, minimisant ainsi les temps d'arr\u00eat et assurant une production fluide.<\/li>\n<\/ul>\n<p>Ces solutions de gating avanc\u00e9es s'int\u00e8grent parfaitement \u00e0 notre syst\u00e8me de manifold chaud, garantissant un flux constant de fusion et une technologie de porte thermique pour des performances d'injection optimales. Pour plus de d\u00e9tails, consultez nos <a href=\"https:\/\/hotrunneroem.com\/fr\/hot-runner-nozzle\/\">options de buses \u00e0 canal chaud<\/a> et <a href=\"https:\/\/hotrunneroem.com\/fr\/hot-runner-manifold\/\">conceptions de collecteurs pour canaux chauds<\/a>.<\/p>\n<h2>Avantages op\u00e9rationnels de notre technologie de moule \u00e0 injection \u00e0 canal chaud<\/h2>\n<p>Notre syst\u00e8me de moule \u00e0 injection \u00e0 canal chaud est con\u00e7u pour augmenter votre efficacit\u00e9 de production et la qualit\u00e9 de vos produits de plusieurs mani\u00e8res cl\u00e9s :<\/p>\n<ul>\n<li><strong>Optimisation du temps de cycle<\/strong>: En maintenant la fusion dans un \u00e9tat pr\u00eat \u00e0 injecter, notre syst\u00e8me de collecteur chaud acc\u00e9l\u00e8re les phases de refroidissement et d\u2019\u00e9jection, r\u00e9duisant ainsi les temps de cycle globaux. Des cycles plus rapides signifient une production plus \u00e9lev\u00e9e sans sacrifier la qualit\u00e9.<\/li>\n<li><strong>Efficacit\u00e9 de la r\u00e9sine<\/strong>: L\u2019\u00e9limination des d\u00e9chets de canaux froids par moulage sans canaux r\u00e9duit consid\u00e9rablement le gaspillage de mati\u00e8re. Cela permet non seulement de diminuer les co\u00fbts de mati\u00e8res premi\u00e8res, mais aussi de minimiser le travail de post-traitement, rendant votre op\u00e9ration plus efficace et plus respectueuse de l\u2019environnement.<\/li>\n<li><strong>R\u00e9duction de la pression d\u2019injection<\/strong>: Avec une livraison pr\u00e9cise de la fusion et des canaux d\u2019\u00e9coulement \u00e9quilibr\u00e9s, le syst\u00e8me r\u00e9duit la pression d\u2019injection n\u00e9cessaire. Cela diminue la contrainte sur votre machine de moulage et le polym\u00e8re, aidant \u00e0 atteindre des tol\u00e9rances plus strictes et une meilleure finition de surface.<\/li>\n<li><strong>Stabilit\u00e9 du processus<\/strong>: Un contr\u00f4le constant de la temp\u00e9rature via des bobines chauffantes int\u00e9gr\u00e9es dans le moule d\u2019injection et des parcours d\u2019\u00e9coulement bien con\u00e7us garantissent un remplissage uniforme des cavit\u00e9s. Cela se traduit par un poids constant d\u2019un tir \u00e0 l\u2019autre et moins de d\u00e9fauts, assurant des productions fiables \u00e0 chaque fois.<\/li>\n<\/ul>\n<p>Pour ceux qui s\u2019int\u00e9ressent \u00e0 des \u00e9tudes de cas d\u00e9taill\u00e9es sur la fa\u00e7on dont ces avantages op\u00e9rationnels se traduisent en \u00e9conomies et am\u00e9liorations de qualit\u00e9 concr\u00e8tes, notre <a href=\"https:\/\/hotrunneroem.com\/fr\/hot-runner-cases\/\">cas de canaux chauds<\/a> offre des insights pr\u00e9cieux.<\/p>\n<h2>Personnalisation &amp; Workflow d\u2019ing\u00e9nierie<\/h2>\n<p><img decoding=\"async\" src=\"https:\/\/hotrunneroem.com\/wp-content\/uploads\/2026\/01\/Hot-Runner-Moldflow-Custom-Manifold-Design.jpg\" alt=\"Conception personnalis\u00e9e de collecteur pour moule \u00e0 canaux chauds Moldflow\" \/><\/p>\n<p>Nous utilisons l\u2019analyse Moldflow pour anticiper les probl\u00e8mes avant le d\u00e9but de la production. Cet outil de simulation nous aide \u00e0 pr\u00e9voir les temps de remplissage, rep\u00e9rer les lignes de soudure et d\u00e9tecter les pi\u00e8ges \u00e0 air d\u00e8s le d\u00e9part\u2014vous faisant gagner du temps et des co\u00fbts de r\u00e9paration importants \u00e0 long terme.<\/p>\n<p>Notre syst\u00e8me de collecteur chaud n\u2019est pas universel. Nous proposons des formes de collecteurs personnalis\u00e9es comme des configurations en H, X et Y pour s\u2019adapter parfaitement \u00e0 la disposition de votre moule. Cette approche sur mesure garantit une livraison fluide de la fusion et un remplissage \u00e9quilibr\u00e9 des cavit\u00e9s \u00e0 chaque fois.<\/p>\n<p>Nous personnalisons \u00e9galement notre moule \u00e0 injection \u00e0 canaux chauds pour fonctionner avec une large gamme de r\u00e9sines. Que vous utilisiez des mat\u00e9riaux abrasifs remplis de verre, du PVC corrosif ou des polym\u00e8res \u00e0 haute temp\u00e9rature comme le PEEK et l\u2019Ultem, nous concevons le syst\u00e8me pour r\u00e9pondre \u00e0 vos besoins sp\u00e9cifiques. Cela signifie une dur\u00e9e de vie plus longue de l\u2019outil et une qualit\u00e9 constante des pi\u00e8ces, peu importe ce que vous mouliez.<\/p>\n<h2>Applications industrielles pour le moulage par injection \u00e0 canaux chauds<\/h2>\n<p>Nos syst\u00e8mes de moules \u00e0 injection \u00e0 canaux chauds sont con\u00e7us pour r\u00e9pondre aux exigences de diverses industries \u00e0 travers la France, offrant efficacit\u00e9 et pr\u00e9cision l\u00e0 o\u00f9 cela compte.<\/p>\n<p><strong>Composants automobiles<\/strong><\/p>\n<ul>\n<li>Parfaits pour les grandes pi\u00e8ces de garniture int\u00e9rieure et les composants sous le capot<\/li>\n<li>Supporte la r\u00e9gulation s\u00e9quentielle des vannes pour des moules multi-cavit\u00e9s complexes<\/li>\n<li>Assure un syst\u00e8me de livraison de fusion coh\u00e9rent pour des finitions de haute qualit\u00e9<\/li>\n<\/ul>\n<p><strong>Dispositifs m\u00e9dicaux<\/strong><\/p>\n<ul>\n<li>Con\u00e7us pour des environnements en salle blanche avec des normes d\u2019hygi\u00e8ne strictes<\/li>\n<li>Id\u00e9al pour les moules \u00e0 cavit\u00e9s multiples produisant des consommables m\u00e9dicaux de haute pr\u00e9cision<\/li>\n<li>Utilise la technologie de porte thermique pour maintenir des temp\u00e9ratures stables et r\u00e9duire les d\u00e9fauts<\/li>\n<\/ul>\n<p><strong>Emballage &amp; Fermetures<\/strong><\/p>\n<ul>\n<li>Optimis\u00e9 pour la production \u00e0 grande vitesse de contenants \u00e0 paroi fine et de bouchons de bouteilles<\/li>\n<li>Les buses \u00e0 porte \u00e0 valve offrent des marques de porte propres et invisibles, am\u00e9liorant l'esth\u00e9tique du produit<\/li>\n<li>Le moulage sans canaux r\u00e9duit le gaspillage de mati\u00e8re, diminuant les co\u00fbts<\/li>\n<\/ul>\n<p><strong>\u00c9lectronique grand public<\/strong><\/p>\n<ul>\n<li>Supporte la fabrication de bo\u00eetiers \u00e0 haute esth\u00e9tique avec des marques de porte invisibles<\/li>\n<li>Les buses multi-pointe permettent un moulage efficace de petites pi\u00e8ces d\u00e9taill\u00e9es<\/li>\n<li>Maintient la stabilit\u00e9 du processus pour un remplissage constant des cavit\u00e9s et une r\u00e9p\u00e9tabilit\u00e9 d'un tir \u00e0 l'autre<\/li>\n<\/ul>\n<p>En adaptant notre syst\u00e8me de manifold chaud et nos outils d'injection de thermoplastique \u00e0 ces secteurs, nous aidons les fabricants \u00e0 augmenter leur productivit\u00e9 tout en ma\u00eetrisant les co\u00fbts.<\/p>\n<h2>Assurance Qualit\u00e9 &amp; Support Apr\u00e8s-Vente<\/h2>\n<p>Garantir des performances constantes est essentiel avec nos syst\u00e8mes de moules \u00e0 injection \u00e0 canal chaud. Voici comment nous le soutenons :<\/p>\n<p><strong>Tests d'\u00e9quilibrage thermique<\/strong><\/p>\n<ul>\n<li>V\u00e9rifier l'uniformit\u00e9 de la temp\u00e9rature sur l'ensemble du syst\u00e8me de manifold chaud<\/li>\n<li>Pr\u00e9venir les points chauds ou zones froides pouvant affecter l'\u00e9coulement de la fusion et la qualit\u00e9 des pi\u00e8ces<\/li>\n<\/ul>\n<p><strong>Tests d'\u00e9tanch\u00e9it\u00e9<\/strong><\/p>\n<ul>\n<li>Effectuer des v\u00e9rifications de joint \u00e0 haute pression avant l'exp\u00e9dition<\/li>\n<li>Garantir un fonctionnement sans fuite dans des conditions d'injection exigeantes<\/li>\n<\/ul>\n<p><strong>Disponibilit\u00e9 mondiale des pi\u00e8ces de rechange<\/strong><\/p>\n<ul>\n<li>Stock disponible de composants critiques tels que les r\u00e9sistances de chauffage pour moules d'injection, les thermocouples et les aiguilles de valve<\/li>\n<li>Livraison rapide pour minimiser les temps d'arr\u00eat partout en France ou au-del\u00e0<\/li>\n<\/ul>\n<p><strong>Assistance \u00e0 l'installation<\/strong><\/p>\n<ul>\n<li>Support technique expert pour une int\u00e9gration fluide de votre syst\u00e8me de canaux chauds dans les machines de moulage existantes<\/li>\n<li>Conseils sur la configuration du bo\u00eetier de contr\u00f4le de temp\u00e9rature et les connexions \u00e9lectriques<\/li>\n<\/ul>\n<table>\n<thead>\n<tr>\n<th>Contr\u00f4le de qualit\u00e9<\/th>\n<th>Objectif<\/th>\n<th>Avantage<\/th>\n<\/tr>\n<\/thead>\n<tbody>\n<tr>\n<td>Test d'\u00e9quilibrage thermique<\/td>\n<td>Assurer une r\u00e9partition uniforme de la chaleur<\/td>\n<td>Flux de fusion stable, pi\u00e8ces coh\u00e9rentes<\/td>\n<\/tr>\n<tr>\n<td>Test d'\u00e9tanch\u00e9it\u00e9<\/td>\n<td>Confirmer l'int\u00e9grit\u00e9 du joint<\/td>\n<td>Pr\u00e9venir les dommages au moule et la perte de mat\u00e9riau<\/td>\n<\/tr>\n<tr>\n<td>Fourniture de pi\u00e8ces de rechange<\/td>\n<td>Fournir des pi\u00e8ces critiques de remplacement<\/td>\n<td>R\u00e9duire les temps d'arr\u00eat des machines<\/td>\n<\/tr>\n<tr>\n<td>Support \u00e0 l'installation<\/td>\n<td>Aide \u00e0 la configuration du syst\u00e8me<\/td>\n<td>Mise en service plus rapide et sans probl\u00e8me<\/td>\n<\/tr>\n<\/tbody>\n<\/table>\n<p>Notre engagement envers la qualit\u00e9 et le support garantit que votre investissement dans la technologie avanc\u00e9e des canaux chauds offre des r\u00e9sultats fiables et durables. Pour en savoir plus sur les capacit\u00e9s de notre syst\u00e8me, consultez notre documentation d\u00e9taill\u00e9e <a href=\"https:\/\/hotrunneroem.com\/fr\/\">solutions de syst\u00e8mes de manifold chaud<\/a>.<\/p>\n<h2>Exigences pour la Demande de Devis (RFQ) pour moule \u00e0 injection \u00e0 canaux chauds<\/h2>\n<p>Pour obtenir un devis pr\u00e9cis de <strong>Syst\u00e8me de canaux chauds en France<\/strong>, veuillez pr\u00e9parer les d\u00e9tails suivants :<\/p>\n<table>\n<thead>\n<tr>\n<th>Donn\u00e9es requises<\/th>\n<th>Description<\/th>\n<\/tr>\n<\/thead>\n<tbody>\n<tr>\n<td><strong>Conception 3D de la pi\u00e8ce<\/strong><\/td>\n<td>Fichiers CAO montrant la g\u00e9om\u00e9trie exacte de votre pi\u00e8ce<\/td>\n<\/tr>\n<tr>\n<td><strong>Type de r\u00e9sine<\/strong><\/td>\n<td>Pr\u00e9cisez le mat\u00e9riau plastique (par ex., ABS, PEEK)<\/td>\n<\/tr>\n<tr>\n<td><strong>Caract\u00e9ristiques de la machine<\/strong><\/td>\n<td>D\u00e9tails de la machine d'injection (tonnage, marque)<\/td>\n<\/tr>\n<tr>\n<td><strong>Nombre de cavit\u00e9s<\/strong><\/td>\n<td>Nombre de cavit\u00e9s dont votre moule a besoin<\/td>\n<\/tr>\n<\/tbody>\n<\/table>\n<h3>Comment nous contacter<\/h3>\n<ul>\n<li>Fournissez un <strong>ligne directe<\/strong> \u00e0 votre ing\u00e9nieur ou chef de projet.<\/li>\n<li>Contactez <strong>l'\u00e9quipe d'ing\u00e9nierie du syst\u00e8me de canaux chauds en France<\/strong> pour un retour rapide et des solutions adapt\u00e9es.<\/li>\n<\/ul>\n<p>Ces informations nous aident \u00e0 personnaliser la <strong>syst\u00e8me \u00e0 manifold chaud<\/strong> et les solutions de gating parfaitement pour votre projet, garantissant une int\u00e9gration fluide et des performances optimales.<\/p>","protected":false},"excerpt":{"rendered":"<p>Moules \u00e0 injection \u00e0 canaux chauds con\u00e7us avec pr\u00e9cision, \u00e9quip\u00e9s de collecteurs personnalis\u00e9s, de technologies d'injecteurs avanc\u00e9es et de cycles optimis\u00e9s pour un moulage plastique efficace.<\/p>","protected":false},"featured_media":272,"template":"","meta":{"site-sidebar-layout":"default","site-content-layout":"","ast-site-content-layout":"default","site-content-style":"default","site-sidebar-style":"default","ast-global-header-display":"","ast-banner-title-visibility":"","ast-main-header-display":"","ast-hfb-above-header-display":"","ast-hfb-below-header-display":"","ast-hfb-mobile-header-display":"","site-post-title":"","ast-breadcrumbs-content":"","ast-featured-img":"","footer-sml-layout":"","ast-disable-related-posts":"","theme-transparent-header-meta":"default","adv-header-id-meta":"","stick-header-meta":"","header-above-stick-meta":"","header-main-stick-meta":"","header-below-stick-meta":"","astra-migrate-meta-layouts":"set","ast-page-background-enabled":"default","ast-page-background-meta":{"desktop":{"background-color":"var(--ast-global-color-5)","background-image":"","background-repeat":"repeat","background-position":"center center","background-size":"auto","background-attachment":"scroll","background-type":"","background-media":"","overlay-type":"","overlay-color":"","overlay-opacity":"","overlay-gradient":""},"tablet":{"background-color":"","background-image":"","background-repeat":"repeat","background-position":"center center","background-size":"auto","background-attachment":"scroll","background-type":"","background-media":"","overlay-type":"","overlay-color":"","overlay-opacity":"","overlay-gradient":""},"mobile":{"background-color":"","background-image":"","background-repeat":"repeat","background-position":"center center","background-size":"auto","background-attachment":"scroll","background-type":"","background-media":"","overlay-type":"","overlay-color":"","overlay-opacity":"","overlay-gradient":""}},"ast-content-background-meta":{"desktop":{"background-color":"var(--ast-global-color-4)","background-image":"","background-repeat":"repeat","background-position":"center center","background-size":"auto","background-attachment":"scroll","background-type":"","background-media":"","overlay-type":"","overlay-color":"","overlay-opacity":"","overlay-gradient":""},"tablet":{"background-color":"var(--ast-global-color-4)","background-image":"","background-repeat":"repeat","background-position":"center center","background-size":"auto","background-attachment":"scroll","background-type":"","background-media":"","overlay-type":"","overlay-color":"","overlay-opacity":"","overlay-gradient":""},"mobile":{"background-color":"var(--ast-global-color-4)","background-image":"","background-repeat":"repeat","background-position":"center center","background-size":"auto","background-attachment":"scroll","background-type":"","background-media":"","overlay-type":"","overlay-color":"","overlay-opacity":"","overlay-gradient":""}}},"product_brand":[],"product_cat":[35],"product_tag":[48],"class_list":{"0":"post-270","1":"product","2":"type-product","3":"status-publish","4":"has-post-thumbnail","6":"product_cat-hot-runner-design","7":"product_tag-hot-runner-injection-mold","8":"desktop-align-left","9":"tablet-align-left","10":"mobile-align-left","12":"first","13":"instock","14":"featured","15":"shipping-taxable","16":"product-type-simple"},"_links":{"self":[{"href":"https:\/\/hotrunneroem.com\/fr\/wp-json\/wp\/v2\/product\/270","targetHints":{"allow":["GET"]}}],"collection":[{"href":"https:\/\/hotrunneroem.com\/fr\/wp-json\/wp\/v2\/product"}],"about":[{"href":"https:\/\/hotrunneroem.com\/fr\/wp-json\/wp\/v2\/types\/product"}],"wp:featuredmedia":[{"embeddable":true,"href":"https:\/\/hotrunneroem.com\/fr\/wp-json\/wp\/v2\/media\/272"}],"wp:attachment":[{"href":"https:\/\/hotrunneroem.com\/fr\/wp-json\/wp\/v2\/media?parent=270"}],"wp:term":[{"taxonomy":"product_brand","embeddable":true,"href":"https:\/\/hotrunneroem.com\/fr\/wp-json\/wp\/v2\/product_brand?post=270"},{"taxonomy":"product_cat","embeddable":true,"href":"https:\/\/hotrunneroem.com\/fr\/wp-json\/wp\/v2\/product_cat?post=270"},{"taxonomy":"product_tag","embeddable":true,"href":"https:\/\/hotrunneroem.com\/fr\/wp-json\/wp\/v2\/product_tag?post=270"}],"curies":[{"name":"wp","href":"https:\/\/api.w.org\/{rel}","templated":true}]}}