{"id":286,"date":"2026-01-26T18:06:23","date_gmt":"2026-01-26T10:06:23","guid":{"rendered":"https:\/\/hotrunneroem.com\/?post_type=product&#038;p=286"},"modified":"2026-01-28T12:21:31","modified_gmt":"2026-01-28T04:21:31","slug":"hot-runner-parts","status":"publish","type":"product","link":"https:\/\/hotrunneroem.com\/fr\/hot-runner-parts\/","title":{"rendered":"Fabricant de pi\u00e8ces de coureur chaud de pr\u00e9cision, composants haute performance en France"},"content":{"rendered":"<h2>Composants int\u00e9gr\u00e9s de canaux chauds pour des performances optimales<\/h2>\n<p>Le syst\u00e8me de canaux chauds offre une gamme compl\u00e8te de pi\u00e8ces con\u00e7ues avec pr\u00e9cision pour am\u00e9liorer l'efficacit\u00e9 et la fiabilit\u00e9 du moulage par injection.<\/p>\n<figure id=\"attachment_283\" aria-describedby=\"caption-attachment-283\" style=\"width: 800px\" class=\"wp-caption alignnone\"><img fetchpriority=\"high\" decoding=\"async\" class=\"size-full wp-image-283\" src=\"https:\/\/hotrunneroem.com\/wp-content\/uploads\/2026\/01\/hot_runner_parts.jpg\" alt=\"\" width=\"800\" height=\"800\" srcset=\"https:\/\/hotrunneroem.com\/wp-content\/uploads\/2026\/01\/hot_runner_parts.jpg 800w, https:\/\/hotrunneroem.com\/wp-content\/uploads\/2026\/01\/hot_runner_parts-12x12.jpg 12w, https:\/\/hotrunneroem.com\/wp-content\/uploads\/2026\/01\/hot_runner_parts-300x300.jpg 300w, https:\/\/hotrunneroem.com\/wp-content\/uploads\/2026\/01\/hot_runner_parts-600x600.jpg 600w, https:\/\/hotrunneroem.com\/wp-content\/uploads\/2026\/01\/hot_runner_parts-100x100.jpg 100w\" sizes=\"(max-width: 800px) 100vw, 800px\" \/><figcaption id=\"caption-attachment-283\" class=\"wp-caption-text\">\u00f8;<\/figcaption><\/figure>\n<h3>Buses et pointes avanc\u00e9es<\/h3>\n<ul>\n<li><strong>G\u00e2che ouverte vs g\u00e2che \u00e0 valve<\/strong>: Choisissez des buses \u00e0 g\u00e2che ouverte pour la simplicit\u00e9 ou une g\u00e2che \u00e0 valve pour un contr\u00f4le pr\u00e9cis du flux et un minimal de gouttes.<\/li>\n<li><strong>S\u00e9lection des mat\u00e9riaux<\/strong>: Les pi\u00e8ces de canaux chauds sp\u00e9cialement formul\u00e9es utilisent des aciers tremp\u00e9s id\u00e9aux pour les r\u00e9sines abrasives telles que le nylon rempli de verre, prolongeant la dur\u00e9e de vie des composants.<\/li>\n<li><strong>Pointes rempla\u00e7ables<\/strong>: Des conceptions modulaires de pointes simplifient la maintenance, minimisent les temps d'arr\u00eat et r\u00e9duisent les co\u00fbts op\u00e9rationnels.<\/li>\n<\/ul>\n<h3>Collecteurs et plaques de pr\u00e9cision<\/h3>\n<ul>\n<li><strong>\u00c9quilibrage des canaux de flux<\/strong>: Une ing\u00e9nierie personnalis\u00e9e des canaux de flux garantit une distribution uniforme du melt pour une qualit\u00e9 constante des pi\u00e8ces.<\/li>\n<li><strong>Configurations<\/strong>: Disponibles en forme H standard, en forme X, et en dispositions personnalis\u00e9es adapt\u00e9es aux cavit\u00e9s sp\u00e9cifiques des moules.<\/li>\n<li><strong>Grades d'acier<\/strong>: Les aciers d'outillage de haute qualit\u00e9 maintiennent la stabilit\u00e9 dimensionnelle et la r\u00e9sistance thermique, essentiels pour la performance durable du syst\u00e8me de canaux chauds.<\/li>\n<\/ul>\n<h3>\u00c9l\u00e9ments chauffants et thermocouples<\/h3>\n<ul>\n<li><strong>Types de chauffages<\/strong>: Chauffages \u00e0 bobine industriels, chauffages tubulaires durables, et options de chauffage flexibles adapt\u00e9es \u00e0 divers designs de moules.<\/li>\n<li><strong>Capteurs thermocouples<\/strong>: Thermocouples de type J et K fournissent une surveillance pr\u00e9cise de la temp\u00e9rature, essentielle pour le contr\u00f4le du processus.<\/li>\n<li><strong>R\u00e9sistance \u00e0 la chaleur<\/strong>: Les composants r\u00e9sistent \u00e0 des environnements \u00e0 haute temp\u00e9rature rigoureux, garantissant une performance thermique constante.<\/li>\n<\/ul>\n<h3>Cylindres de porte de vanne &amp; Actionneurs<\/h3>\n<ul>\n<li><strong>Modes de fonctionnement<\/strong>: Les actionneurs pneumatiques et hydrauliques supportent une commande pr\u00e9cise de la porte de vanne adapt\u00e9e \u00e0 la vitesse et aux exigences de force de l'application.<\/li>\n<li><strong>Durabilit\u00e9 du joint<\/strong>: Des solutions d'\u00e9tanch\u00e9it\u00e9 optimis\u00e9es garantissent un fonctionnement sans fuite et des temps de r\u00e9ponse rapides sous des cycles r\u00e9p\u00e9t\u00e9s.<\/li>\n<\/ul>\n<p>Cet \u00e9cosyst\u00e8me complet du syst\u00e8me de canal chaud en Chine int\u00e8gre des mat\u00e9riaux de pointe, une ing\u00e9nierie de pr\u00e9cision et une action robuste pour fournir des solutions d'injection de haute efficacit\u00e9 dans le monde entier.<\/p>\n<h2>Fabrication de pi\u00e8ces de canal chaud sur mesure<\/h2>\n<p><img decoding=\"async\" src=\"https:\/\/hotrunneroem.com\/wp-content\/uploads\/2026\/01\/custom-hot-runner-parts-engineering.jpg\" alt=\"ing\u00e9nierie de pi\u00e8ces de syst\u00e8me chaud personnalis\u00e9es\" \/><\/p>\n<p>En ce qui concerne les pi\u00e8ces de canal chaud sur mesure, nous restons flexibles et orient\u00e9s client. Que vous disposiez de fichiers CAD existants ou simplement d'une id\u00e9e, nous pouvons faire de la r\u00e9tro-ing\u00e9nierie ou concevoir des pi\u00e8ces exactement selon vos sp\u00e9cifications. Cette approche d'ing\u00e9nierie sur mesure garantit que les pi\u00e8ces s'adaptent parfaitement \u00e0 votre configuration de moule et r\u00e9pondent \u00e0 vos exigences de production.<\/p>\n<p>Nous proposons \u00e9galement une personnalisation des mat\u00e9riaux pour augmenter la durabilit\u00e9. Des rev\u00eatements comme le nitrure de titane (TiN) et le carbone semblable au diamant (DLC) sont disponibles pour am\u00e9liorer la r\u00e9sistance \u00e0 l'usure, notamment lors de l'utilisation de r\u00e9sines abrasives comme le nylon rempli de verre. Cela prolonge la dur\u00e9e de vie des composants critiques du syst\u00e8me de canal chaud tels que les buses et les pointes.<\/p>\n<p>La flexibilit\u00e9 dimensionnelle est une autre caract\u00e9ristique cl\u00e9. Nous pouvons ajuster la longueur des buses, les distances de pas, et d'autres param\u00e8tres pour s'adapter \u00e0 des cavit\u00e9s uniques ou \u00e0 des configurations de moules complexes. Cette adaptabilit\u00e9 permet d'optimiser l'\u00e9coulement et d'am\u00e9liorer la qualit\u00e9 des pi\u00e8ces, en veillant \u00e0 ce que votre syst\u00e8me de manifold d'injection offre une performance fiable \u00e0 chaque cycle.<\/p>\n<h2>Consid\u00e9rations de co\u00fbt pour l'approvisionnement en pi\u00e8ces de canal chaud<\/h2>\n<p><img decoding=\"async\" src=\"https:\/\/hotrunneroem.com\/wp-content\/uploads\/2026\/01\/hot-runner-parts-sourcing-cost-analysis.jpg\" alt=\"analyse des co\u00fbts de sourcing des pi\u00e8ces de syst\u00e8me chaud\" \/><\/p>\n<p>Lors de l'approvisionnement en pi\u00e8ces de canal chaud, choisir une fabrication directe via un fabricant de syst\u00e8mes de canal chaud en Chine offre souvent des avantages de co\u00fbt significatifs par rapport \u00e0 l'achat aupr\u00e8s de distributeurs locaux. En \u00e9liminant les interm\u00e9diaires, vous acc\u00e9dez \u00e0 des prix comp\u00e9titifs sans compromettre la qualit\u00e9, en particulier pour des composants critiques comme les syst\u00e8mes de manifold d'injection et les buses chauffantes.<\/p>\n<p>Un facteur cl\u00e9 pour ma\u00eetriser les d\u00e9penses est la compr\u00e9hension du co\u00fbt sur le cycle de vie. Investir dans de l'acier de haute qualit\u00e9 et des \u00e9l\u00e9ments de chauffage fiables d\u00e8s le d\u00e9part signifie moins de remplacements et moins de temps d'arr\u00eat \u00e0 long terme, ce qui r\u00e9duit votre co\u00fbt total de possession (TCO). Des composants fiables tels que les capteurs de thermocouple (type J\/K) et les r\u00e9sistances industrielles garantissent une performance constante, r\u00e9duisant le risque de d\u00e9faillances inattendues entra\u00eenant des arr\u00eats de production co\u00fbteux.<\/p>\n<p>Planifier votre inventaire avec une strat\u00e9gie de pi\u00e8ces de rechange efficace permet \u00e9galement d'\u00e9conomiser de l'argent. Maintenir des pi\u00e8ces essentielles du syst\u00e8me de canal chaud comme les bagues de porte de vanne, les pointes de rechange et les \u00e9l\u00e9ments de chauffage pr\u00eats \u00e0 l'emploi peut pr\u00e9venir de longues interruptions de production dues \u00e0 des d\u00e9faillances soudaines. Un stock \u00e9quilibr\u00e9 minimise les retards et maintient vos op\u00e9rations fluides.<\/p>\n<p>Pour un support approfondi sur la s\u00e9lection des composants appropri\u00e9s et des configurations \u00e9conomiques, explorer des solutions de pr\u00e9cision comme <a href=\"https:\/\/hotrunneroem.com\/fr\/hot-runner-manifold\/\">les manifolds de canal chaud sur mesure<\/a> peut aider \u00e0 optimiser votre investissement et la performance de votre moule.<\/p>\n<h2>Assurance qualit\u00e9 &amp; Normes de production pour les pi\u00e8ces de canal chaud<\/h2>\n<p>Garantir une qualit\u00e9 optimale commence par la v\u00e9rification des mati\u00e8res premi\u00e8res. Nous ne nous approvisionnons qu'en aciers outils certifi\u00e9s et mat\u00e9riaux d'isolation de haute qualit\u00e9 pour garantir la durabilit\u00e9 et la stabilit\u00e9 thermique de toutes les pi\u00e8ces de l'outil chaud.<\/p>\n<p>Un contr\u00f4le strict des tol\u00e9rances est indispensable \u2014 une pr\u00e9cision au micron \u00e9vite les fuites et assure un flux de mati\u00e8re fondu constant, essentiel pour les syst\u00e8mes de distribution de moules d'injection. Notre fabrication respecte \u00e9troitement ces normes pour maintenir des performances fiables et reproductibles.<\/p>\n<p>Avant l'exp\u00e9dition, chaque composant subit des protocoles de test rigoureux comprenant :<\/p>\n<ul>\n<li>V\u00e9rifications de continuit\u00e9 \u00e9lectrique pour confirmer le bon fonctionnement des r\u00e9sistances chauffantes et des thermocouples<\/li>\n<li>Tests de pression pour valider l'int\u00e9grit\u00e9 du collecteur et de la buse dans des conditions d'utilisation<\/li>\n<li>\u00c9valuations de l'\u00e9quilibrage thermique pour assurer une r\u00e9partition homog\u00e8ne de la chaleur sur les pointes de buse chauff\u00e9es et les composants du canal de fusion<\/li>\n<\/ul>\n<p>Ces \u00e9tapes garantissent la qualit\u00e9 et la long\u00e9vit\u00e9 des pi\u00e8ces de l'outil chaud que vous recevez, minimisant les temps d'arr\u00eat et soutenant des op\u00e9rations de moulage fluides. Pour des accessoires de moule de pr\u00e9cision con\u00e7us selon ces normes, visitez notre s\u00e9lection de <a href=\"https:\/\/hotrunneroem.com\/fr\/nozzle-tips\/\">pointes de buse<\/a> pi\u00e8ces de rechange con\u00e7ues pour r\u00e9pondre aux besoins industriels exigeants.<\/p>\n<h2>Pourquoi choisir China Hot Runner System ?<\/h2>\n<p>Opter pour un fabricant et fournisseur de syst\u00e8mes d'outil chaud en France offre des avantages solides pour vos besoins en moulage par injection. Voici pourquoi :<\/p>\n<table>\n<thead>\n<tr>\n<th>Avantage<\/th>\n<th>D\u00e9tails<\/th>\n<\/tr>\n<\/thead>\n<tbody>\n<tr>\n<td><strong>Logistique mondiale<\/strong><\/td>\n<td>Une exp\u00e9dition rapide et fiable vous garantit de recevoir des pi\u00e8ces de rechange urgentes sans longs d\u00e9lais.<\/td>\n<\/tr>\n<tr>\n<td><strong>Support Technique<\/strong><\/td>\n<td>Une assistance technique experte lors de l'installation et du d\u00e9pannage maintient votre ligne en fonctionnement fluide.<\/td>\n<\/tr>\n<tr>\n<td><strong>Service apr\u00e8s-vente<\/strong><\/td>\n<td>Des conditions de garantie claires et des politiques de remplacement simples r\u00e9duisent les temps d'arr\u00eat et les tracas.<\/td>\n<\/tr>\n<\/tbody>\n<\/table>\n<p>Collaborer avec un fournisseur exp\u00e9riment\u00e9 de pi\u00e8ces d'outil chaud en France permet d'acc\u00e9der \u00e0 des composants OEM de haute qualit\u00e9, soutenus par un support constant. Que vous ayez besoin de r\u00e9sistances \u00e9lectriques industrielles, de bagues de vanne ou d'accessoires de collecteur de pr\u00e9cision, une logistique efficace et des \u00e9quipes techniques r\u00e9actives font toute la diff\u00e9rence.<\/p>\n<p>Pour en savoir plus sur notre gamme compl\u00e8te d'offres et de support, explorez notre s\u00e9lection de <a href=\"https:\/\/hotrunneroem.com\/fr\/\">pi\u00e8ces de collecteur chaud personnalis\u00e9es<\/a> con\u00e7us pour une performance durable et une facilit\u00e9 d'entretien.<\/p>\n<h2>Demandez un devis pour des pi\u00e8ces d'outil chaud standard ou personnalis\u00e9es<\/h2>\n<p>Vous souhaitez sourcer rapidement et pr\u00e9cis\u00e9ment des pi\u00e8ces d'outil chaud ? Nous simplifions le processus. Que vous recherchiez des syst\u00e8mes de collecteur d'injection standard ou des composants d'outil chaud sur mesure adapt\u00e9s \u00e0 vos sp\u00e9cifications, envoyez-nous simplement vos dessins techniques ou num\u00e9ros de pi\u00e8ce via notre formulaire de devis simplifi\u00e9.<\/p>\n<p><strong>Comment commencer :<\/strong><\/p>\n<ul>\n<li>Soumettez vos fichiers CAD ou vos exigences d\u00e9taill\u00e9es via notre formulaire en ligne.<\/li>\n<li>Pr\u00e9cisez les d\u00e9tails cl\u00e9s tels que le type de buse, les pr\u00e9f\u00e9rences de mat\u00e9riau ou les options de porte-valve.<\/li>\n<li>Notre \u00e9quipe commerciale d'ing\u00e9nierie examinera votre soumission et vous fournira un devis rapide et comp\u00e9titif.<\/li>\n<\/ul>\n<p>Vous avez des questions ou souhaitez discuter de votre projet ? Appelez notre ligne directe pour parler avec un sp\u00e9cialiste des pi\u00e8ces de syst\u00e8me chaud qui comprend vos besoins \u2014 des collecteurs de pr\u00e9cision aux embouts de buse chauff\u00e9s et aux cylindres de porte-valve.<\/p>\n<p>Obtenez les composants exacts du syst\u00e8me de syst\u00e8me chaud dont vous avez besoin avec un support confiant, de la conception \u00e0 la livraison. Demandez votre devis d\u00e8s aujourd'hui et faites fonctionner votre production sans souci.<\/p>\n<div id=\"references\" class=\"min-w-0 scroll-mt-8 overflow-hidden\">\n<div class=\"flex flex-col gap-2 text-sm leading-relaxed\"><\/div>\n<\/div>","protected":false},"excerpt":{"rendered":"<p>Pi\u00e8ces de buses chaudes de pr\u00e9cision pour syst\u00e8mes de buses chaudes en Chine avec des buses, collecteurs et r\u00e9sistances de qualit\u00e9 OEM pour l'efficacit\u00e9 de l'injection plastique.<\/p>","protected":false},"featured_media":283,"template":"","meta":{"site-sidebar-layout":"default","site-content-layout":"","ast-site-content-layout":"default","site-content-style":"default","site-sidebar-style":"default","ast-global-header-display":"","ast-banner-title-visibility":"","ast-main-header-display":"","ast-hfb-above-header-display":"","ast-hfb-below-header-display":"","ast-hfb-mobile-header-display":"","site-post-title":"","ast-breadcrumbs-content":"","ast-featured-img":"","footer-sml-layout":"","ast-disable-related-posts":"","theme-transparent-header-meta":"default","adv-header-id-meta":"","stick-header-meta":"","header-above-stick-meta":"","header-main-stick-meta":"","header-below-stick-meta":"","astra-migrate-meta-layouts":"set","ast-page-background-enabled":"default","ast-page-background-meta":{"desktop":{"background-color":"var(--ast-global-color-5)","background-image":"","background-repeat":"repeat","background-position":"center center","background-size":"auto","background-attachment":"scroll","background-type":"","background-media":"","overlay-type":"","overlay-color":"","overlay-opacity":"","overlay-gradient":""},"tablet":{"background-color":"","background-image":"","background-repeat":"repeat","background-position":"center center","background-size":"auto","background-attachment":"scroll","background-type":"","background-media":"","overlay-type":"","overlay-color":"","overlay-opacity":"","overlay-gradient":""},"mobile":{"background-color":"","background-image":"","background-repeat":"repeat","background-position":"center center","background-size":"auto","background-attachment":"scroll","background-type":"","background-media":"","overlay-type":"","overlay-color":"","overlay-opacity":"","overlay-gradient":""}},"ast-content-background-meta":{"desktop":{"background-color":"var(--ast-global-color-4)","background-image":"","background-repeat":"repeat","background-position":"center center","background-size":"auto","background-attachment":"scroll","background-type":"","background-media":"","overlay-type":"","overlay-color":"","overlay-opacity":"","overlay-gradient":""},"tablet":{"background-color":"var(--ast-global-color-4)","background-image":"","background-repeat":"repeat","background-position":"center center","background-size":"auto","background-attachment":"scroll","background-type":"","background-media":"","overlay-type":"","overlay-color":"","overlay-opacity":"","overlay-gradient":""},"mobile":{"background-color":"var(--ast-global-color-4)","background-image":"","background-repeat":"repeat","background-position":"center center","background-size":"auto","background-attachment":"scroll","background-type":"","background-media":"","overlay-type":"","overlay-color":"","overlay-opacity":"","overlay-gradient":""}}},"product_brand":[],"product_cat":[36],"product_tag":[50,49],"class_list":{"0":"post-286","1":"product","2":"type-product","3":"status-publish","4":"has-post-thumbnail","6":"product_cat-hot-runner-parts","7":"product_tag-hot-runner-parts","8":"product_tag-nozzle-tips","9":"desktop-align-left","10":"tablet-align-left","11":"mobile-align-left","13":"first","14":"instock","15":"featured","16":"shipping-taxable","17":"product-type-simple"},"_links":{"self":[{"href":"https:\/\/hotrunneroem.com\/fr\/wp-json\/wp\/v2\/product\/286","targetHints":{"allow":["GET"]}}],"collection":[{"href":"https:\/\/hotrunneroem.com\/fr\/wp-json\/wp\/v2\/product"}],"about":[{"href":"https:\/\/hotrunneroem.com\/fr\/wp-json\/wp\/v2\/types\/product"}],"wp:featuredmedia":[{"embeddable":true,"href":"https:\/\/hotrunneroem.com\/fr\/wp-json\/wp\/v2\/media\/283"}],"wp:attachment":[{"href":"https:\/\/hotrunneroem.com\/fr\/wp-json\/wp\/v2\/media?parent=286"}],"wp:term":[{"taxonomy":"product_brand","embeddable":true,"href":"https:\/\/hotrunneroem.com\/fr\/wp-json\/wp\/v2\/product_brand?post=286"},{"taxonomy":"product_cat","embeddable":true,"href":"https:\/\/hotrunneroem.com\/fr\/wp-json\/wp\/v2\/product_cat?post=286"},{"taxonomy":"product_tag","embeddable":true,"href":"https:\/\/hotrunneroem.com\/fr\/wp-json\/wp\/v2\/product_tag?post=286"}],"curies":[{"name":"wp","href":"https:\/\/api.w.org\/{rel}","templated":true}]}}