{"id":306,"date":"2026-01-28T16:16:32","date_gmt":"2026-01-28T08:16:32","guid":{"rendered":"https:\/\/hotrunneroem.com\/?post_type=product&#038;p=306"},"modified":"2026-01-29T16:06:52","modified_gmt":"2026-01-29T08:06:52","slug":"hot-runner-system-providers","status":"publish","type":"product","link":"https:\/\/hotrunneroem.com\/fr\/hot-runner-system-providers\/","title":{"rendered":"Fournisseurs de syst\u00e8mes de coureurs chauds de haut niveau Solutions de collecteurs sur mesure con\u00e7ues sur mesure"},"content":{"rendered":"<h2>Aper\u00e7u strat\u00e9gique : int\u00e9grer l'efficacit\u00e9 en ing\u00e9nierie dans chaque moule<\/h2>\n<p>L'injection plastique aujourd'hui exige pr\u00e9cision et rapidit\u00e9 sans sacrifier la qualit\u00e9. Notre syst\u00e8me de canaux chauds fabrication en France se concentre sur <strong>l'efficacit\u00e9 en ing\u00e9nierie<\/strong> directement dans chaque moule. En int\u00e9grant des <strong>syst\u00e8mes de distribution de fusion<\/strong> et <strong>des solutions de r\u00e9gulation thermique<\/strong>, nous permettons des cycles plus courts et une r\u00e9duction des d\u00e9chets de mat\u00e9riau, en affrontant directement les goulets d'\u00e9tranglement courants de la production.<\/p>\n<p><img fetchpriority=\"high\" decoding=\"async\" class=\"alignnone size-full wp-image-302\" src=\"https:\/\/hotrunneroem.com\/wp-content\/uploads\/2026\/01\/hot_runner_system_providers.jpg\" alt=\"\" width=\"800\" height=\"800\" srcset=\"https:\/\/hotrunneroem.com\/wp-content\/uploads\/2026\/01\/hot_runner_system_providers.jpg 800w, https:\/\/hotrunneroem.com\/wp-content\/uploads\/2026\/01\/hot_runner_system_providers-12x12.jpg 12w, https:\/\/hotrunneroem.com\/wp-content\/uploads\/2026\/01\/hot_runner_system_providers-300x300.jpg 300w, https:\/\/hotrunneroem.com\/wp-content\/uploads\/2026\/01\/hot_runner_system_providers-600x600.jpg 600w, https:\/\/hotrunneroem.com\/wp-content\/uploads\/2026\/01\/hot_runner_system_providers-100x100.jpg 100w\" sizes=\"(max-width: 800px) 100vw, 800px\" \/><\/p>\n<p>Nous sommes sp\u00e9cialis\u00e9s dans les <strong>composants de canaux chauds OEM personnalis\u00e9s<\/strong> con\u00e7us pour optimiser <strong>l'\u00e9coulement de la r\u00e9sine<\/strong> et maintenir l'\u00e9quilibre rh\u00e9ologique tout au long du processus. Notre valeur fondamentale r\u00e9side dans la fourniture de solutions fiables et haute performance qui am\u00e9liorent l'ensemble de l'op\u00e9ration de moulage \u2014 de la conception initiale \u00e0 la production finale.<\/p>\n<p>Int\u00e9grant des innovations telles que <strong>la technologie de valve \u00e0 porte<\/strong> et <strong>le collecteur d'injection<\/strong> de pr\u00e9cision, nos syst\u00e8mes garantissent une distribution uniforme de la temp\u00e9rature et un remplissage constant des cavit\u00e9s. Cela r\u00e9duit les d\u00e9fauts tels que la d\u00e9formation, les marques d'enfoncement et les lignes de flux, am\u00e9liorant directement la qualit\u00e9 des pi\u00e8ces et le d\u00e9bit.<\/p>\n<p>Notre approche strat\u00e9gique combine expertise en conception et rigueur technique. Nous concevons chaque \u00e9l\u00e9ment \u2014 du collecteur \u00e0 la buse \u2014 pour am\u00e9liorer la gestion thermique et assurer une int\u00e9gration transparente avec les moules et machines existants.<\/p>\n<p><strong>Principaux avantages en un coup d'\u0153il :<\/strong><\/p>\n<ul>\n<li>Efficacit\u00e9 accrue des cycles avec des moiti\u00e9s chaudes thermiquement \u00e9quilibr\u00e9es<\/li>\n<li>Conceptions robustes et adaptables pour des configurations multi-cavit\u00e9s de canaux chauds<\/li>\n<li>Contr\u00f4le pr\u00e9cis du flux r\u00e9duisant les d\u00e9chets plastiques et les d\u00e9fauts de pi\u00e8ces<\/li>\n<li>Int\u00e9gration simplifi\u00e9e avec <strong>unit\u00e9s de contr\u00f4le de temp\u00e9rature (UCT)<\/strong> pour une gestion thermique optimale<\/li>\n<\/ul>\n<p>Ce cadre central soutient les fabricants du monde entier dans la r\u00e9alisation d'un moulage rentable et \u00e0 haute vitesse, positionnant nos syst\u00e8mes de canaux chauds personnalis\u00e9s comme un \u00e9l\u00e9ment cl\u00e9 dans l'outillage moderne de injection plastique.<\/p>\n<h2>Configurations du syst\u00e8me et architecture technique<\/h2>\n<p>Lors du choix d'un syst\u00e8me de canaux chauds, comprendre les configurations de base est crucial pour une livraison optimale de la fusion et la qualit\u00e9 des pi\u00e8ces. Deux principaux types de syst\u00e8mes dominent le march\u00e9 : <strong>Syst\u00e8mes \u00e0 porte ouverte<\/strong> et <strong>Syst\u00e8mes \u00e0 porte \u00e0 valve<\/strong>, qui incluent \u00e0 la fois <strong>Pneumatique<\/strong> et <strong>Hydraulique<\/strong> options.<\/p>\n<table>\n<thead>\n<tr>\n<th>Type de syst\u00e8me<\/th>\n<th>Caract\u00e9ristique principale<\/th>\n<th>Cas d'utilisation typique<\/th>\n<th>Avantages<\/th>\n<\/tr>\n<\/thead>\n<tbody>\n<tr>\n<td>Syst\u00e8mes \u00e0 porte ouverte<\/td>\n<td>Ouverture de buse fixe<\/td>\n<td>Pi\u00e8ces simples, co\u00fbt inf\u00e9rieur<\/td>\n<td>Entretien facile, cycle rapide<\/td>\n<\/tr>\n<tr>\n<td>Syst\u00e8mes \u00e0 porte \u00e0 valve<\/td>\n<td>Ouverture de buse contr\u00f4l\u00e9e<\/td>\n<td>Pi\u00e8ces complexes, contr\u00f4le pr\u00e9cis de la porte<\/td>\n<td>R\u00e9duction des fils de coul\u00e9e, meilleur joint<\/td>\n<\/tr>\n<tr>\n<td>Vanne pneumatique \u00e0 porte<\/td>\n<td>Contr\u00f4le de la buse actionn\u00e9 par air<\/td>\n<td>Vitesse moyenne, fonctionnement propre<\/td>\n<td>Synchronisation pr\u00e9cise, moins d'usure<\/td>\n<\/tr>\n<tr>\n<td>Vanne hydraulique \u00e0 porte<\/td>\n<td>Contr\u00f4le de buse actionn\u00e9 par fluide<\/td>\n<td>Applications \u00e0 haute vitesse et \u00e0 forte charge<\/td>\n<td>Force \u00e9lev\u00e9e, durabilit\u00e9<\/td>\n<\/tr>\n<\/tbody>\n<\/table>\n<p>Nos syst\u00e8mes utilisent une technologie avanc\u00e9e <strong>de collecteur<\/strong> con\u00e7ue pour une meilleure <strong>\u00e9quilibrage rh\u00e9ologique<\/strong> et <strong>\u00e9quilibrage thermique<\/strong> pour assurer un flux de r\u00e9sine et une temp\u00e9rature uniformes. Cet \u00e9quilibre est crucial dans les configurations \u00e0 canaux multiples pour \u00e9viter les variations dans le temps de remplissage et la qualit\u00e9 des pi\u00e8ces.<\/p>\n<p>Les aspects cl\u00e9s de notre conception de collecteur incluent :<\/p>\n<ul>\n<li><strong>\u00c9quilibre Rh\u00e9ologique<\/strong>: Nous optimisons la g\u00e9om\u00e9trie des canaux pour minimiser les pertes de pression et la d\u00e9gradation de la fusion.<\/li>\n<li><strong>\u00c9quilibre Thermique<\/strong>: La position uniforme des r\u00e9sistances et l'isolation emp\u00eachent les points chauds ou le refroidissement dans les zones critiques.<\/li>\n<li>L'int\u00e9gration avec la <strong>Unit\u00e9 de Contr\u00f4le de Temp\u00e9rature (UCT)<\/strong> am\u00e9liore la stabilit\u00e9 de l'ensemble du syst\u00e8me de moiti\u00e9 chaude.<\/li>\n<\/ul>\n<p>Pour approfondir vos connaissances sur la technologie des buses et le contr\u00f4le de la temp\u00e9rature, vous pouvez explorer nos ressources sur <a href=\"https:\/\/hotrunneroem.com\/fr\/nozzle-tips\/\">pointes de buse<\/a> et <a href=\"https:\/\/hotrunneroem.com\/fr\/hot-runner-temperature-controllers\/\">Contr\u00f4leurs de temp\u00e9rature pour syst\u00e8mes de distribution chaude<\/a>.<\/p>\n<p>Cette base technique garantit une livraison constante de mati\u00e8re fondue et r\u00e9duit les d\u00e9fauts, essentielle pour une fabrication efficace d'outillages d'injection plastique.<\/p>\n<h2>Processus d'ing\u00e9nierie et de conception adapt\u00e9 \u00e0 la pr\u00e9cision<\/h2>\n<p><img decoding=\"async\" src=\"https:\/\/hotrunneroem.com\/wp-content\/uploads\/2026\/01\/Hot-Runner-System-Design-Optimization-1.jpg\" alt=\"Optimisation de la conception du syst\u00e8me de canaux chauds\" \/><\/p>\n<p>Lors de la conception d'un syst\u00e8me de canal chaud personnalis\u00e9, la phase de conception est l'endroit o\u00f9 l'efficacit\u00e9 et la performance prennent forme. Nous utilisons des outils avanc\u00e9s d'analyse de flux de moule pour simuler l'\u00e9coulement de la r\u00e9sine et la r\u00e9partition de la temp\u00e9rature, garantissant que chaque collecteur d'injection offre un \u00e9quilibre rh\u00e9ologique optimal et une livraison stable de la mati\u00e8re fondue. Cela r\u00e9duit les d\u00e9fauts et am\u00e9liore les temps de cycle.<\/p>\n<p>La compatibilit\u00e9 des mat\u00e9riaux est une autre pierre angulaire. Chaque composant \u2014 des pi\u00e8ces de technologie de valve \u00e0 la technologie des buses \u2014 est choisi pour r\u00e9sister aux types de r\u00e9sine, temp\u00e9ratures et pressions sp\u00e9cifiques \u00e0 votre projet. Cela pr\u00e9vient l'usure pr\u00e9matur\u00e9e et assure la long\u00e9vit\u00e9.<\/p>\n<p>Des m\u00e9canismes de compensation d'expansion sont soigneusement int\u00e9gr\u00e9s pour permettre des solutions de r\u00e9gulation thermique qui maintiennent la pr\u00e9cision dimensionnelle malgr\u00e9 les fluctuations de temp\u00e9rature dans le syst\u00e8me de moiti\u00e9 chaud. Cet ing\u00e9nierie minutieuse garantit que votre syst\u00e8me s'adapte aux conditions de moulage r\u00e9elles sans compromettre la qualit\u00e9.<\/p>\n<p>Pour en savoir plus sur l'optimisation de l'\u00e9coulement et la conception des collecteurs, consultez nos analyses d\u00e9taill\u00e9es sur <a href=\"https:\/\/hotrunneroem.com\/fr\/hot-runner-manifold\/\">l'ing\u00e9nierie des collecteurs \u00e0 canal chaud<\/a>.<\/p>\n<h2>Normes de fabrication et de production : pr\u00e9cision et fiabilit\u00e9 dans chaque composant<\/h2>\n<p>Notre processus de fabrication pour les syst\u00e8mes de canal chaud repose sur une usinage CNC pr\u00e9cis et m\u00e9ticuleux, garantissant que chaque pi\u00e8ce s'ajuste parfaitement dans le moule. Cette production de haute pr\u00e9cision assure une performance constante, r\u00e9duisant les temps d'arr\u00eat et les besoins en maintenance.<\/p>\n<p>Le choix des mat\u00e9riaux est un autre facteur critique. Nous s\u00e9lectionnons soigneusement des m\u00e9taux avanc\u00e9s pour r\u00e9sister aux temp\u00e9ratures et pressions \u00e9lev\u00e9es typiques de l'injection plastique. Notre s\u00e9lection de mat\u00e9riaux \u00e9quilibre durabilit\u00e9 et conductivit\u00e9 thermique, optimisant la dur\u00e9e de vie des composants comme le manchon de buse chaude et les buses.<\/p>\n<p>L'int\u00e9gration de chauffages et de thermocouples dans tout le syst\u00e8me permet un contr\u00f4le pr\u00e9cis de la temp\u00e9rature, essentiel pour maintenir la stabilit\u00e9 de l'\u00e9coulement de la r\u00e9sine et une livraison constante de la mati\u00e8re fondue. Notre interface de contr\u00f4le de temp\u00e9rature (TCU) supporte la surveillance en temps r\u00e9el, garantissant que chaque cavit\u00e9 fonctionne \u00e0 la temp\u00e9rature id\u00e9ale pour \u00e9viter les d\u00e9fauts.<\/p>\n<p>Cette combinaison rigoureuse d'usinage de pr\u00e9cision, de s\u00e9lection intelligente des mat\u00e9riaux et de solutions de r\u00e9gulation thermique int\u00e9gr\u00e9es constitue la colonne vert\u00e9brale de demi-moules \u00e0 canal chaud fiables \u00e0 plusieurs cavit\u00e9s. En mettant l'accent sur ces normes de production, nous vous aidons \u00e0 obtenir un \u00e9coulement optimal de la r\u00e9sine et un outillage d'injection robuste qui r\u00e9siste \u00e0 un usage industriel exigeant.<\/p>\n<p>D\u00e9couvrez notre gamme de <a href=\"https:\/\/hotrunneroem.com\/fr\/hot-runner-nozzle\/\">composants de buse \u00e0 canal chaud<\/a> et <a href=\"https:\/\/hotrunneroem.com\/fr\/hot-runner-parts\/\">pi\u00e8ces de collecteur chaud personnalis\u00e9es<\/a> con\u00e7ue selon ces normes de fabrication.<\/p>\n<h2>Contr\u00f4le qualit\u00e9 et tests de performance pour les syst\u00e8mes de canal chaud<\/h2>\n<p><img decoding=\"async\" src=\"https:\/\/hotrunneroem.com\/wp-content\/uploads\/2026\/01\/hot-runner-system-217.jpg\" alt=\"Test de qualit\u00e9 et de performance du syst\u00e8me de canaux chauds\" \/><\/p>\n<p>Garantir la fiabilit\u00e9 de chaque syst\u00e8me de canal chaud commence par un contr\u00f4le qualit\u00e9 rigoureux et des tests de performance. Nous nous concentrons sur des points de contr\u00f4le critiques comme le test d'\u00e9tanch\u00e9it\u00e9 pour confirmer l'int\u00e9grit\u00e9 du syst\u00e8me de livraison de mati\u00e8re fondue, emp\u00eachant toute fuite de r\u00e9sine pouvant affecter la qualit\u00e9 du moulage.<\/p>\n<p>Les v\u00e9rifications de continuit\u00e9 \u00e9lectrique sont essentielles pour assurer le bon fonctionnement des circuits de chauffage et de thermocouples dans le syst\u00e8me de moiti\u00e9 chaud, garantissant un contr\u00f4le pr\u00e9cis de la temp\u00e9rature sans interruptions. L'inspection dimensionnelle compl\u00e8te notre processus, en veillant \u00e0 ce que tous les composants \u2014 des collecteurs d'injection aux pointes de buse \u2014 respectent des sp\u00e9cifications pr\u00e9cises pour un ajustement et un fonctionnement parfaits.<\/p>\n<p>Ces inspections approfondies, combin\u00e9es \u00e0 des protocoles de test avanc\u00e9s, aident \u00e0 optimiser l'\u00e9coulement de la r\u00e9sine et les solutions de r\u00e9gulation thermique, afin que nos clients disposent de syst\u00e8mes de technologie de valve de haute performance et fiables, adapt\u00e9s \u00e0 leurs besoins sp\u00e9cifiques en moulage. Pour en savoir plus sur la pr\u00e9cision de nos composants, consultez notre documentation d\u00e9taill\u00e9e <a href=\"https:\/\/hotrunneroem.com\/fr\/shop\/\">composants de canaux chauds OEM personnalis\u00e9s<\/a> page.<\/p>\n<h2>Applications industrielles : syst\u00e8mes de canal chaud sur mesure pour les secteurs cl\u00e9s<\/h2>\n<p>Nos fournisseurs de syst\u00e8mes de canaux chauds se sp\u00e9cialisent dans la fourniture de solutions sur mesure adapt\u00e9es aux exigences sp\u00e9cifiques de diverses industries. Voici comment notre technologie de collecteurs d'injection et de portes \u00e0 valve contribue dans diff\u00e9rents secteurs :<\/p>\n<h3>Automobile<\/h3>\n<ul>\n<li><strong>Pr\u00e9cision et durabilit\u00e9<\/strong> sont essentielles dans les composants automobiles. Nos syst\u00e8mes de canaux chauds multi-cavit\u00e9s garantissent une optimisation constante du flux de r\u00e9sine pour des pi\u00e8ces complexes, am\u00e9liorant les temps de cycle et r\u00e9duisant les d\u00e9chets.<\/li>\n<li>Les solutions de gating thermique et de gating s\u00e9quentiel offrent un meilleur contr\u00f4le des temp\u00e9ratures de moulage, crucial pour produire des pi\u00e8ces \u00e0 haute r\u00e9sistance et l\u00e9g\u00e8res.<\/li>\n<\/ul>\n<h3>M\u00e9dical<\/h3>\n<ul>\n<li>Le domaine m\u00e9dical exige propret\u00e9 et pr\u00e9cision. Nos syst\u00e8mes de distribution de fusion et notre syst\u00e8me \u00e0 demi-moule chaud avec un \u00e9quilibrage rh\u00e9ologique avanc\u00e9 soutiennent des tol\u00e9rances strictes et une compatibilit\u00e9 des mat\u00e9riaux avec des plastiques de qualit\u00e9 m\u00e9dicale.<\/li>\n<li>L'int\u00e9gration avec l'analyse de flux de moule garantit des trajectoires d'\u00e9coulement optimales, minimisant les d\u00e9fauts dans les composants complexes de dispositifs m\u00e9dicaux.<\/li>\n<\/ul>\n<h3>Emballage<\/h3>\n<ul>\n<li>La rapidit\u00e9 et la flexibilit\u00e9 sont importantes dans l'emballage. Notre technologie de porte \u00e0 valve avec options pneumatiques et hydrauliques permet des cycles rapides et des unit\u00e9s de contr\u00f4le de temp\u00e9rature (UCT) fiables, augmentant l'efficacit\u00e9 de la production.<\/li>\n<li>Le chauffage des buses \u00e0 goujons chauds et des pointes de buse optimise les temps de cycle pour divers mat\u00e9riaux d'emballage, des contenants rigides aux films flexibles.<\/li>\n<\/ul>\n<p>Chaque industrie b\u00e9n\u00e9ficie de notre expertise approfondie en ing\u00e9nierie, de normes de fabrication pr\u00e9cises et de pratiques de contr\u00f4le qualit\u00e9, garantissant que nos composants OEM de canaux chauds offrent des performances sup\u00e9rieures dans votre ligne de production.<\/p>\n<h2>Pourquoi choisir China Hot Runner System ?<\/h2>\n<p>Choisir un fabricant et fournisseur de syst\u00e8mes de canaux chauds en Chine vous donne un acc\u00e8s direct \u00e0 des composants OEM de haute qualit\u00e9 sans interm\u00e9diaires, assurant des prix comp\u00e9titifs et des d\u00e9lais de livraison plus rapides. En travaillant directement avec nous, vous profitez d'une expertise \u00e9tendue en conception et fabrication de syst\u00e8mes de canaux chauds sur mesure, adapt\u00e9es \u00e0 vos besoins de production pr\u00e9cis.<\/p>\n<p>Notre r\u00e9seau de support mondial signifie que vous n'\u00eates jamais seul. Qu'il s'agisse de conseils techniques sur la configuration des collecteurs d'injection ou de d\u00e9pannage de la technologie de porte \u00e0 valve, notre \u00e9quipe fournit une assistance rapide o\u00f9 que vous soyez. De plus, nous proposons des solutions cl\u00e9s en main compl\u00e8tes \u2014 couvrant tout, de l'int\u00e9gration de l'analyse de flux de moule \u00e0 l'assemblage final et aux tests \u2014 fournissant un syst\u00e8me de distribution de fusion pr\u00eat \u00e0 l'emploi qui rationalise votre processus de moulage par injection plastique.<\/p>\n<p>Collaborer avec nous signifie un \u00e9quilibrage rh\u00e9ologique plus intelligent, des solutions de gating thermique de pointe et des canaux chauds multi-cavit\u00e9s \u00e9volutifs con\u00e7us pour un flux de r\u00e9sine et un contr\u00f4le de temp\u00e9rature optimaux. D\u00e9couvrez comment nos experts en syst\u00e8mes de canaux chauds en Chine peuvent am\u00e9liorer votre efficacit\u00e9 de moulage et la qualit\u00e9 de vos produits gr\u00e2ce \u00e0 une ing\u00e9nierie de pr\u00e9cision et un support d\u00e9di\u00e9. Pour plus de d\u00e9tails, explorez notre gamme compl\u00e8te de <a href=\"https:\/\/hotrunneroem.com\/fr\/\">syst\u00e8mes de conduits chauds personnalis\u00e9s<\/a> con\u00e7ue pour les march\u00e9s mondiaux.<\/p>\n<h2>Questions Fr\u00e9quemment Pos\u00e9es : Techniques &amp; Commerciales<\/h2>\n<p><img decoding=\"async\" src=\"https:\/\/hotrunneroem.com\/wp-content\/uploads\/2026\/01\/hot-runner-system-providers.jpg\" alt=\"Guide FAQ des fournisseurs de syst\u00e8mes de canaux chauds\" \/><\/p>\n<table>\n<thead>\n<tr>\n<th>Question<\/th>\n<th>R\u00e9ponse<\/th>\n<\/tr>\n<\/thead>\n<tbody>\n<tr>\n<td>Quels types de syst\u00e8mes de canaux chauds proposez-vous ?<\/td>\n<td>Nous proposons des syst\u00e8mes \u00e0 porte ouverte et des syst\u00e8mes \u00e0 porte \u00e0 valve (pneumatiques et hydrauliques) adapt\u00e9s \u00e0 vos besoins.<\/td>\n<\/tr>\n<tr>\n<td>Comment garantissez-vous l'\u00e9quilibre rh\u00e9ologique et thermique ?<\/td>\n<td>Nos collecteurs sont con\u00e7us pour un flux de r\u00e9sine et un contr\u00f4le de temp\u00e9rature optimaux, assurant une distribution homog\u00e8ne de la fusion.<\/td>\n<\/tr>\n<tr>\n<td>Pouvez-vous personnaliser les syst\u00e8mes de canaux chauds ?<\/td>\n<td>Oui, nous int\u00e9grons l'analyse Moldflow pour adapter les conceptions, garantissant une optimisation du flux de r\u00e9sine et une compatibilit\u00e9 des mat\u00e9riaux.<\/td>\n<\/tr>\n<tr>\n<td>Quels mat\u00e9riaux sont utilis\u00e9s dans la fabrication ?<\/td>\n<td>Nous utilisons une m\u00e9tallurgie de haute qualit\u00e9 avec un usinage CNC pr\u00e9cis, y compris des alliages r\u00e9sistants \u00e0 l'usure pour la durabilit\u00e9.<\/td>\n<\/tr>\n<tr>\n<td>Comment la temp\u00e9rature est-elle contr\u00f4l\u00e9e ?<\/td>\n<td>Nos syst\u00e8mes incluent un chauffage int\u00e9gr\u00e9 de la buse et des unit\u00e9s de contr\u00f4le de la temp\u00e9rature avanc\u00e9es (TCU) pour une r\u00e9gulation thermique pr\u00e9cise.<\/td>\n<\/tr>\n<tr>\n<td>Supportez-vous les configurations de canaux chauds multi-cavit\u00e9s ?<\/td>\n<td>Absolument, nos conceptions prennent en charge les moules multi-cavit\u00e9s avec des syst\u00e8mes de gating s\u00e9quentiel et des options de buse chaude.<\/td>\n<\/tr>\n<tr>\n<td>Quels contr\u00f4les de qualit\u00e9 sont effectu\u00e9s ?<\/td>\n<td>Les tests d'\u00e9tanch\u00e9it\u00e9, les v\u00e9rifications de continuit\u00e9 \u00e9lectrique et les inspections dimensionnelles sont standard pour garantir la performance.<\/td>\n<\/tr>\n<tr>\n<td>Y a-t-il un support mondial pour vos syst\u00e8mes de canaux chauds ?<\/td>\n<td>Oui, en partenariat avec notre syst\u00e8me de canaux chauds, vous b\u00e9n\u00e9ficiez d'un support mondial et de solutions cl\u00e9s en main.<\/td>\n<\/tr>\n<tr>\n<td>Comment puis-je demander un devis ou une consultation technique ?<\/td>\n<td>Soumettez la conception de votre moule via notre portail en ligne ou contactez-nous directement pour une consultation personnalis\u00e9e et une tarification.<\/td>\n<\/tr>\n<\/tbody>\n<\/table>\n<p>Pour toute autre demande concernant des composants OEM de canaux chauds ou des sp\u00e9cifications difficiles \u00e0 trouver, contactez-nous. Nous sommes l\u00e0 pour vous aider \u00e0 optimiser votre outillage d'injection plastique avec les meilleures solutions de syst\u00e8mes de demi-chaud.<\/p>\n<h2>Demandez une consultation technique : Soumettez la conception de votre moule pour un devis<\/h2>\n<p>Vous souhaitez optimiser votre projet d'injection avec un syst\u00e8me de canaux chauds personnalis\u00e9 ? Nous sommes l\u00e0 pour vous aider. Soumettez votre conception de moule d\u00e8s aujourd'hui et recevez des conseils d'experts adapt\u00e9s \u00e0 vos besoins.<\/p>\n<h3>Comment commencer :<\/h3>\n<ul>\n<li><strong>Envoyez-nous votre plan de moule<\/strong> (Fichiers CAD pr\u00e9f\u00e9r\u00e9s)<\/li>\n<li><strong>Pr\u00e9cisez votre mat\u00e9riau et le nombre de cavit\u00e9s<\/strong><\/li>\n<li><strong>Partagez vos objectifs de production et toute exigence particuli\u00e8re<\/strong><\/li>\n<\/ul>\n<h3>Ce que vous obtenez :<\/h3>\n<table>\n<thead>\n<tr>\n<th>Service<\/th>\n<th>D\u00e9tails<\/th>\n<\/tr>\n<\/thead>\n<tbody>\n<tr>\n<td>Revue Technique<\/td>\n<td>Int\u00e9gration de l'analyse Moldflow et \u00e9tude de faisabilit\u00e9 du syst\u00e8me<\/td>\n<\/tr>\n<tr>\n<td>Proposition Personnalis\u00e9e<\/td>\n<td>Conception de syst\u00e8me de canaux chauds sur mesure avec technologie de valve ou options de porte ouverte<\/td>\n<\/tr>\n<tr>\n<td>Devis<\/td>\n<td>Tarification transparente bas\u00e9e sur les sp\u00e9cifications de votre projet et le d\u00e9lai de livraison<\/td>\n<\/tr>\n<\/tbody>\n<\/table>\n<h3>Pourquoi travailler avec nous ?<\/h3>\n<ul>\n<li>Fabricant direct de syst\u00e8mes de canaux chauds en France<\/li>\n<li>Expertise en syst\u00e8mes de canaux chauds multi-cavit\u00e9s et solutions de r\u00e9gulation thermique<\/li>\n<li>Support complet incluant l'optimisation du flux de r\u00e9sine et la configuration de l'unit\u00e9 de contr\u00f4le de temp\u00e9rature<\/li>\n<\/ul>\n<p>Pr\u00eat \u00e0 am\u00e9liorer votre syst\u00e8me de livraison de fusion et \u00e0 augmenter l'efficacit\u00e9 du moulage ? <strong>Envoyez votre conception de moule d\u00e8s maintenant<\/strong> pour une consultation et un devis rapides, sans obligation. La prochaine solution d'outillage d'injection plastique haute performance est \u00e0 un clic !<\/p>\n<div id=\"references\" class=\"min-w-0 scroll-mt-8 overflow-hidden\">\n<div class=\"flex flex-col gap-2 text-sm leading-relaxed\"><\/div>\n<\/div>","protected":false},"excerpt":{"rendered":"<p>Fournisseurs fiables de syst\u00e8mes de canaux chauds offrant des solutions d'injection sur mesure avec des collecteurs de pr\u00e9cision et une r\u00e9gulation thermique avanc\u00e9e.<\/p>","protected":false},"featured_media":302,"template":"","meta":{"site-sidebar-layout":"default","site-content-layout":"","ast-site-content-layout":"default","site-content-style":"default","site-sidebar-style":"default","ast-global-header-display":"","ast-banner-title-visibility":"","ast-main-header-display":"","ast-hfb-above-header-display":"","ast-hfb-below-header-display":"","ast-hfb-mobile-header-display":"","site-post-title":"","ast-breadcrumbs-content":"","ast-featured-img":"","footer-sml-layout":"","ast-disable-related-posts":"","theme-transparent-header-meta":"default","adv-header-id-meta":"","stick-header-meta":"","header-above-stick-meta":"","header-main-stick-meta":"","header-below-stick-meta":"","astra-migrate-meta-layouts":"set","ast-page-background-enabled":"default","ast-page-background-meta":{"desktop":{"background-color":"var(--ast-global-color-5)","background-image":"","background-repeat":"repeat","background-position":"center center","background-size":"auto","background-attachment":"scroll","background-type":"","background-media":"","overlay-type":"","overlay-color":"","overlay-opacity":"","overlay-gradient":""},"tablet":{"background-color":"","background-image":"","background-repeat":"repeat","background-position":"center center","background-size":"auto","background-attachment":"scroll","background-type":"","background-media":"","overlay-type":"","overlay-color":"","overlay-opacity":"","overlay-gradient":""},"mobile":{"background-color":"","background-image":"","background-repeat":"repeat","background-position":"center center","background-size":"auto","background-attachment":"scroll","background-type":"","background-media":"","overlay-type":"","overlay-color":"","overlay-opacity":"","overlay-gradient":""}},"ast-content-background-meta":{"desktop":{"background-color":"var(--ast-global-color-4)","background-image":"","background-repeat":"repeat","background-position":"center center","background-size":"auto","background-attachment":"scroll","background-type":"","background-media":"","overlay-type":"","overlay-color":"","overlay-opacity":"","overlay-gradient":""},"tablet":{"background-color":"var(--ast-global-color-4)","background-image":"","background-repeat":"repeat","background-position":"center center","background-size":"auto","background-attachment":"scroll","background-type":"","background-media":"","overlay-type":"","overlay-color":"","overlay-opacity":"","overlay-gradient":""},"mobile":{"background-color":"var(--ast-global-color-4)","background-image":"","background-repeat":"repeat","background-position":"center center","background-size":"auto","background-attachment":"scroll","background-type":"","background-media":"","overlay-type":"","overlay-color":"","overlay-opacity":"","overlay-gradient":""}}},"product_brand":[],"product_cat":[28],"product_tag":[53,48,54],"class_list":{"0":"post-306","1":"product","2":"type-product","3":"status-publish","4":"has-post-thumbnail","6":"product_cat-hot-runner-system","7":"product_tag-custom-hot-runner","8":"product_tag-hot-runner-injection-mold","9":"product_tag-hot-runner-system","10":"desktop-align-left","11":"tablet-align-left","12":"mobile-align-left","14":"first","15":"instock","16":"featured","17":"shipping-taxable","18":"product-type-simple"},"_links":{"self":[{"href":"https:\/\/hotrunneroem.com\/fr\/wp-json\/wp\/v2\/product\/306","targetHints":{"allow":["GET"]}}],"collection":[{"href":"https:\/\/hotrunneroem.com\/fr\/wp-json\/wp\/v2\/product"}],"about":[{"href":"https:\/\/hotrunneroem.com\/fr\/wp-json\/wp\/v2\/types\/product"}],"wp:featuredmedia":[{"embeddable":true,"href":"https:\/\/hotrunneroem.com\/fr\/wp-json\/wp\/v2\/media\/302"}],"wp:attachment":[{"href":"https:\/\/hotrunneroem.com\/fr\/wp-json\/wp\/v2\/media?parent=306"}],"wp:term":[{"taxonomy":"product_brand","embeddable":true,"href":"https:\/\/hotrunneroem.com\/fr\/wp-json\/wp\/v2\/product_brand?post=306"},{"taxonomy":"product_cat","embeddable":true,"href":"https:\/\/hotrunneroem.com\/fr\/wp-json\/wp\/v2\/product_cat?post=306"},{"taxonomy":"product_tag","embeddable":true,"href":"https:\/\/hotrunneroem.com\/fr\/wp-json\/wp\/v2\/product_tag?post=306"}],"curies":[{"name":"wp","href":"https:\/\/api.w.org\/{rel}","templated":true}]}}