{"id":322,"date":"2026-01-29T17:12:59","date_gmt":"2026-01-29T09:12:59","guid":{"rendered":"https:\/\/hotrunneroem.com\/?post_type=product&#038;p=322"},"modified":"2026-01-31T14:23:34","modified_gmt":"2026-01-31T06:23:34","slug":"hot-runner-coil-heater","status":"publish","type":"product","link":"https:\/\/hotrunneroem.com\/fr\/hot-runner-coil-heater\/","title":{"rendered":"Chauffages \u00e0 bobines \u00e0 injection haute performance avec thermocouples personnalis\u00e9s"},"content":{"rendered":"<h2>Pr\u00e9sentation du produit<\/h2>\n<p>Nos r\u00e9chauffeurs \u00e0 serpentin pour canaux chauds se caract\u00e9risent par des capacit\u00e9s thermiques \u00e0 haute densit\u00e9 de puissance, con\u00e7ues pour les applications industrielles exigeantes. Con\u00e7us pour fournir une chaleur rapide et constante, ces r\u00e9chauffeurs \u00e0 serpentin assurent un contr\u00f4le stable de la temp\u00e9rature \u00e0 travers les buses, les collecteurs et les douilles des canaux chauds. Fabriqu\u00e9s avec pr\u00e9cision par un fournisseur leader de syst\u00e8mes de canaux chauds et de r\u00e9chauffeurs \u00e0 serpentin en Chine, nos produits mettent l'accent sur la durabilit\u00e9 et la performance dans les environnements de moulage par injection.<\/p>\n<p><img fetchpriority=\"high\" decoding=\"async\" class=\"alignnone size-full wp-image-318\" src=\"https:\/\/hotrunneroem.com\/wp-content\/uploads\/2026\/01\/hot-runner-heater-supplier.jpg\" alt=\"\" width=\"750\" height=\"750\" srcset=\"https:\/\/hotrunneroem.com\/wp-content\/uploads\/2026\/01\/hot-runner-heater-supplier.jpg 750w, https:\/\/hotrunneroem.com\/wp-content\/uploads\/2026\/01\/hot-runner-heater-supplier-12x12.jpg 12w, https:\/\/hotrunneroem.com\/wp-content\/uploads\/2026\/01\/hot-runner-heater-supplier-300x300.jpg 300w, https:\/\/hotrunneroem.com\/wp-content\/uploads\/2026\/01\/hot-runner-heater-supplier-600x600.jpg 600w, https:\/\/hotrunneroem.com\/wp-content\/uploads\/2026\/01\/hot-runner-heater-supplier-100x100.jpg 100w\" sizes=\"(max-width: 750px) 100vw, 750px\" \/><\/p>\n<p>Les fonctions cl\u00e9s incluent :<\/p>\n<ul>\n<li>Distribution uniforme de la chaleur pour un fonctionnement optimal du moule<\/li>\n<li>R\u00e9ponse thermique am\u00e9lior\u00e9e pour un traitement du plastique \u00e0 haute efficacit\u00e9<\/li>\n<li>Fiabilit\u00e9 pour une utilisation continue dans les composants complexes des syst\u00e8mes de canaux chauds<\/li>\n<\/ul>\n<p>En tant que fabricant de syst\u00e8mes de canaux chauds de confiance, nous fournissons des r\u00e9chauffeurs \u00e0 serpentin adapt\u00e9s pour maintenir des profils de temp\u00e9rature constants, essentiels pour la qualit\u00e9 et le temps de cycle dans les processus de moulage et d'extrusion.<\/p>\n<h2>Construction technique et sp\u00e9cifications des mat\u00e9riaux du r\u00e9chauffeur \u00e0 serpentin pour canaux chauds<\/h2>\n<p>Nos r\u00e9chauffeurs \u00e0 serpentin pour canaux chauds sont fabriqu\u00e9s avec des mat\u00e9riaux s\u00e9lectionn\u00e9s pour leur durabilit\u00e9 et leurs performances optimales dans des conditions difficiles.<\/p>\n<p>Les mat\u00e9riaux \u00e0 base de cuivre ont une r\u00e9ponse thermique rapide et excellente, mais assurent \u00e9galement que la chaleur se d\u00e9place uniform\u00e9ment \u00e0 travers le serpentin, \u00e9vitant les points chauds. Pendant ce temps, le fil Nickel-Chrome \u00e0 l'int\u00e9rieur supporte les temp\u00e9ratures \u00e9lev\u00e9es sans se d\u00e9grader rapidement, supportant des performances \u00e0 haute densit\u00e9 de puissance.<\/p>\n<p>Pour la surveillance de la temp\u00e9rature, nous proposons des thermocouples int\u00e9gr\u00e9s \u2013 de type J ou K \u2013 pour fournir des donn\u00e9es en temps r\u00e9el \u00e0 vos syst\u00e8mes de contr\u00f4le, aidant \u00e0 maintenir des temp\u00e9ratures uniformes des buses et des collecteurs. Cette int\u00e9gration est essentielle pour un flux de plastique fondu constant dans vos moules d'injection.<\/p>\n<p>Ensemble, ces mat\u00e9riaux garantissent que chaque r\u00e9chauffeur \u00e0 serpentin pour canaux chauds offre endurance, s\u00e9curit\u00e9 et une distribution de chaleur sup\u00e9rieure, adapt\u00e9s aux applications telles que les r\u00e9chauffeurs de buse de canaux chauds et les serpentins de chauffage de collecteur.<\/p>\n<p>Pour une gestion avanc\u00e9e de la temp\u00e9rature dans votre syst\u00e8me, d\u00e9couvrez notre gamme de produits fiables <a href=\"https:\/\/hotrunneroem.com\/fr\/hot-runner-temperature-controllers\/\">Contr\u00f4leurs de temp\u00e9rature pour syst\u00e8mes de distribution chaude<\/a>.<\/p>\n<h2>Profils de section transversale standard<\/h2>\n<p>Notre r\u00e9chauffeur \u00e0 serpentin pour canaux chauds est disponible en plusieurs formes de section transversale pour s'adapter \u00e0 diverses conceptions de moules et besoins de performance :<\/p>\n<ul>\n<li><strong>Profil rond<\/strong> (par exemple, 3,0 mm, 3,3 mm)<br \/>\nLe choix classique pour la plupart des r\u00e9chauffeurs de buse de canaux chauds, offrant une bonne flexibilit\u00e9 et un ajustement standard de l'industrie.<\/li>\n<li><strong>Profil carr\u00e9<\/strong> (par exemple, 3,0 mm x 3,0 mm)<br \/>\nAugmente la surface de contact, ce qui am\u00e9liore l'efficacit\u00e9 du transfert de chaleur \u2014 id\u00e9al pour les serpentins de chauffage de collecteur n\u00e9cessitant une distribution uniforme de la temp\u00e9rature.<\/li>\n<li><strong>Profil Rectangulaire \/ Plat<\/strong> (par exemple, 2,2 mm x 4,2 mm)<br \/>\nSon profil bas le rend parfait pour les applications avec un espace restreint comme les chauffages de buse ferm\u00e9s ou les composants compacts de syst\u00e8me de canaux chauds.<\/li>\n<\/ul>\n<table>\n<thead>\n<tr>\n<th>Type de profil<\/th>\n<th>Taille Exemple<\/th>\n<th>Avantage cl\u00e9<\/th>\n<th>Cas d'utilisation typiques<\/th>\n<\/tr>\n<\/thead>\n<tbody>\n<tr>\n<td>Rond<\/td>\n<td>3,0 mm, 3,3 mm<\/td>\n<td>Ajustement standard et conception flexible<\/td>\n<td>Buses de canaux chauds, \u00e9l\u00e9ment chauffant de moulage par injection<\/td>\n<\/tr>\n<tr>\n<td>Carr\u00e9<\/td>\n<td>3,0 mm x 3,0 mm<\/td>\n<td>Contact de surface maximal<\/td>\n<td>Serpentins de chauffage de collecteur, r\u00e9chauffeur \u00e0 serpentin en laiton press\u00e9<\/td>\n<\/tr>\n<tr>\n<td>Rectangulaire\/Plat<\/td>\n<td>2,2 mm x 4,2 mm<\/td>\n<td>Profil bas, gain de place<\/td>\n<td>Chauffages de buse ferm\u00e9s, r\u00e9chauffeur \u00e0 serpentin plat<\/td>\n<\/tr>\n<\/tbody>\n<\/table>\n<p>Choisir le bon profil de r\u00e9chauffeur \u00e0 serpentin peut grandement influencer l'efficacit\u00e9 et la dur\u00e9e de vie de votre syst\u00e8me de chauffage de moule. Pour des configurations de moule d\u00e9taill\u00e9es, vous pouvez explorer des solutions avanc\u00e9es sur notre <a href=\"https:\/\/hotrunneroem.com\/fr\/hot-runner-mold\/\">page des syst\u00e8mes de moules \u00e0 canaux chauds<\/a>.<\/p>\n<h2>Param\u00e8tres de Performance des R\u00e9chauffeurs \u00e0 Serpentin pour Canaux Chauds<\/h2>\n<p><img decoding=\"async\" src=\"https:\/\/hotrunneroem.com\/wp-content\/uploads\/2026\/01\/hot-runner-heater-supplier-16.jpg\" alt=\"Sp\u00e9cifications de r\u00e9sistance \u00e0 bobine de canal chaud haute temp\u00e9rature\" \/><\/p>\n<p>Notre r\u00e9chauffeur \u00e0 serpentin pour canaux chauds excelle \u00e0 fournir des performances fiables dans des conditions exigeantes. Voici un aper\u00e7u rapide de ses sp\u00e9cifications de fonctionnement cl\u00e9s, adapt\u00e9es aux besoins mondiaux de traitement du plastique :<\/p>\n<table>\n<thead>\n<tr>\n<th>Param\u00e8tre<\/th>\n<th>Sp\u00e9cification<\/th>\n<th>Notes<\/th>\n<\/tr>\n<\/thead>\n<tbody>\n<tr>\n<td>Temp\u00e9rature de fonctionnement<\/td>\n<td>Jusqu'\u00e0 650\u00b0C (1200\u00b0F) en continu<\/td>\n<td>Id\u00e9al pour le chauffage \u00e0 haute densit\u00e9 de puissance<\/td>\n<\/tr>\n<tr>\n<td>Plage de tension<\/td>\n<td>12V \u00e0 480V<\/td>\n<td>Commun\u00e9ment disponible en 230V ou 120V<\/td>\n<\/tr>\n<tr>\n<td>Tol\u00e9rance de puissance<\/td>\n<td>+5% \/ -10%<\/td>\n<td>Assure une \u00e9mission de chaleur constante<\/td>\n<\/tr>\n<tr>\n<td>Longueur de la section froide<\/td>\n<td>Zones non chauff\u00e9es personnalisables<\/td>\n<td>Prot\u00e8ge les fils conducteurs contre les dommages thermiques<\/td>\n<\/tr>\n<\/tbody>\n<\/table>\n<p>Cette capacit\u00e9 de calibration de pr\u00e9cision \u00e0 haute temp\u00e9rature garantit une r\u00e9partition uniforme de la chaleur essentielle pour les buses, collecteurs et bagues dans les composants du syst\u00e8me de coureur chaud. La personnalisation des longueurs de la section froide prolonge \u00e9galement la dur\u00e9e de vie des fils en isolant les connexions du stress thermique.<\/p>\n<p>Pour une compr\u00e9hension approfondie de l'optimisation du chauffage des buses, consultez nos informations d\u00e9taill\u00e9es sur <a href=\"https:\/\/hotrunneroem.com\/fr\/nozzle-tips\/\">chauffages de buses de coureur chaud<\/a>.<\/p>\n<h2>Options de fils conducteurs et de terminaison pour le chauffage de bobine de coureur chaud<\/h2>\n<p><img decoding=\"async\" src=\"https:\/\/hotrunneroem.com\/wp-content\/uploads\/2026\/01\/hot-runner-heater-supplier-22.jpg\" alt=\"Options de fils de raccordement pour r\u00e9chauffeur \u00e0 serpentin de buse chaude\" \/><\/p>\n<p>Lorsqu'il s'agit de <strong>chauffage \u00e0 bobine pour circuit chaud<\/strong> Les connexions, la protection des fils conducteurs est essentielle pour garantir la durabilit\u00e9 et la s\u00e9curit\u00e9 dans des environnements de traitement difficiles. Voici les principales options que nous proposons pour la protection des connexions :<\/p>\n<table>\n<thead>\n<tr>\n<th>Type de protection<\/th>\n<th>Fonctionnalit\u00e9s<\/th>\n<th>Avantages<\/th>\n<\/tr>\n<\/thead>\n<tbody>\n<tr>\n<td>Tuyau en m\u00e9tal tress\u00e9 en acier inoxydable<\/td>\n<td>R\u00e9sistance \u00e9lev\u00e9e \u00e0 l'abrasion et r\u00e9sistance m\u00e9canique<\/td>\n<td>Id\u00e9al pour une utilisation industrielle robuste<\/td>\n<\/tr>\n<tr>\n<td>Manchon en fibre de verre<\/td>\n<td>L\u00e9ger et flexible<\/td>\n<td>Installation facile dans les espaces restreints<\/td>\n<\/tr>\n<tr>\n<td>Fibre de verre impr\u00e9gn\u00e9e de silicone<\/td>\n<td>R\u00e9sistance \u00e0 la chaleur am\u00e9lior\u00e9e<\/td>\n<td>R\u00e9siste aux pics de temp\u00e9rature \u00e9lev\u00e9s<\/td>\n<\/tr>\n<\/tbody>\n<\/table>\n<p>Pour les styles de sortie de fil conducteur, nous proposons plusieurs configurations pour s'adapter \u00e0 l'espace de votre syst\u00e8me et \u00e0 vos besoins d'installation :<\/p>\n<ul>\n<li><strong>Sortie tangentielle<\/strong>: Con\u00e7u pour \u00e9conomiser de l'espace en dirigeant les fils le long du corps du r\u00e9chauffeur.<\/li>\n<li><strong>Sortie radiale<\/strong>: Option standard avec les fils sortant perpendiculairement au r\u00e9chauffeur, adapt\u00e9e \u00e0 la plupart des configurations.<\/li>\n<li><strong>Sortie axiale<\/strong>: Les fils sortent le long de l'axe de longueur du r\u00e9chauffeur, parfait pour des agencements \u00e9pur\u00e9s.<\/li>\n<\/ul>\n<p>Ces options offrent des connexions \u00e9lectriques fiables et prot\u00e8gent le c\u00e2blage contre les dommages physiques et le stress thermique, assurant l'alimentation s\u00e9curis\u00e9e de vos buses et collecteurs de canaux chauds. Pour des solutions sur mesure correspondant \u00e0 la conception de votre moule, notre \u00e9quipe travaille en \u00e9troite collaboration pour sp\u00e9cifier la protection de fil conducteur et le style de sortie appropri\u00e9s.<\/p>\n<p>D\u00e9couvrez-en plus sur nos <a href=\"https:\/\/hotrunneroem.com\/fr\/hot-runner-nozzle\/\">r\u00e9sistance de la buse \u00e0 canal chaud<\/a> et <a href=\"https:\/\/hotrunneroem.com\/fr\/hot-runner-manifold\/\">serpentins chauffants pour collecteurs<\/a> options pour compl\u00e9ter votre syst\u00e8me de chauffage.<\/p>\n<p><img decoding=\"async\" class=\"alignnone size-full wp-image-323\" src=\"https:\/\/hotrunneroem.com\/wp-content\/uploads\/2026\/01\/hot-runner-manifold-coil-heater-supplier.jpg\" alt=\"\" width=\"750\" height=\"750\" srcset=\"https:\/\/hotrunneroem.com\/wp-content\/uploads\/2026\/01\/hot-runner-manifold-coil-heater-supplier.jpg 750w, https:\/\/hotrunneroem.com\/wp-content\/uploads\/2026\/01\/hot-runner-manifold-coil-heater-supplier-12x12.jpg 12w, https:\/\/hotrunneroem.com\/wp-content\/uploads\/2026\/01\/hot-runner-manifold-coil-heater-supplier-300x300.jpg 300w, https:\/\/hotrunneroem.com\/wp-content\/uploads\/2026\/01\/hot-runner-manifold-coil-heater-supplier-600x600.jpg 600w, https:\/\/hotrunneroem.com\/wp-content\/uploads\/2026\/01\/hot-runner-manifold-coil-heater-supplier-100x100.jpg 100w\" sizes=\"(max-width: 750px) 100vw, 750px\" \/><\/p>\n<h2>Applications dans le traitement des plastiques<\/h2>\n<p>Notre r\u00e9chauffeur \u00e0 serpentin pour canaux chauds est con\u00e7u pour r\u00e9pondre aux divers besoins de traitement des plastiques, assurant un chauffage fiable et constant dans diverses applications :<\/p>\n<ul>\n<li><strong>Buses et douilles de canaux chauds<\/strong>: Essentiels pour maintenir des temp\u00e9ratures stables en moulage par injection, nos r\u00e9chauffeurs \u00e0 serpentin assurent une distribution uniforme de la chaleur pour pr\u00e9venir la solidification du plastique, am\u00e9liorant le flux et r\u00e9duisant les d\u00e9chets.<\/li>\n<li><strong>Extrusion de tubes<\/strong>: En formage de tube, un contr\u00f4le thermique pr\u00e9cis gr\u00e2ce \u00e0 nos r\u00e9sistances en bobine assure une \u00e9paisseur de paroi constante et une finition de surface de qualit\u00e9, essentielles pour la production de tuyaux et de tubes de qualit\u00e9.<\/li>\n<li><strong>Formage de Tuyaux<\/strong>: Les r\u00e9sistances aident \u00e0 maintenir le bon profil de temp\u00e9rature le long des collecteurs, garantissant un flux fluide du mat\u00e9riau et \u00e9vitant les points froids qui causent des d\u00e9fauts.<\/li>\n<li><strong>Collecteurs de Distribution \u00e0 Canaux Chauds<\/strong>: Nos r\u00e9sistances en bobine offrent un profil de chaleur uniforme, crucial pour la performance du collecteur, en maintenant le plastique fondu \u00e0 une viscosit\u00e9 optimale sur plusieurs cavit\u00e9s.<\/li>\n<li><strong>Moules pour Pr\u00e9formes PET<\/strong>: En fournissant un chauffage stable \u00e0 haute densit\u00e9 de watt, ces r\u00e9sistances supportent des cycles rapides et un contr\u00f4le de temp\u00e9rature uniforme, essentiels pour une production fiable de pr\u00e9formes PET.<\/li>\n<\/ul>\n<p>Si vous recherchez des composants fiables pour syst\u00e8mes de canaux chauds ou des r\u00e9sistances en bobine sp\u00e9cialis\u00e9es adapt\u00e9es \u00e0 vos lignes de transformation plastique, explorez notre gamme compl\u00e8te de solutions de chauffage con\u00e7ues avec des mat\u00e9riaux de haute qualit\u00e9 et une fabrication avanc\u00e9e sur <a href=\"https:\/\/hotrunneroem.com\/fr\/\">Syst\u00e8me de canaux chauds et r\u00e9sistances en bobine en France<\/a>.<\/p>\n<h2>Personnalisation &amp; Besoins de Commande pour R\u00e9sistances en Bobine pour Canaux Chauds<\/h2>\n<p>Nous comprenons que chaque application n\u00e9cessite une solution sur mesure. C\u2019est pourquoi nous proposons :<\/p>\n<ul>\n<li>\n<h3>Options de Flexion<\/h3>\n<p>Bobines droites pour les clients qui pr\u00e9f\u00e8rent se plier elles-m\u00eames<br \/>\nBobines pr\u00e9-pli\u00e9es fa\u00e7onn\u00e9es pr\u00e9cis\u00e9ment selon vos dessins<\/p>\n<p>Donn\u00e9es cl\u00e9s requises pour des devis pr\u00e9cis<\/p>\n<p>| Param\u00e8tre | Description |<br \/>\n|&#8212;&#8212;&#8212;&#8212;&#8212;&#8212;&#8212;&#8212;|&#8212;&#8212;&#8212;&#8212;&#8212;&#8212;&#8212;&#8212;&#8212;&#8212;&#8212;&#8212;|<br \/>\n| Diam\u00e8tre int\u00e9rieur (DI) | Taille exacte du diam\u00e8tre de la bobine n\u00e9cessaire |<br \/>\n| Longueur | Longueur chauff\u00e9e vs. longueur totale de la bobine |<br \/>\n| Puissance &amp; Tension | Sp\u00e9cifications de puissance et de tension |<br \/>\n| Taille de la section transversale | Type de profil et dimensions |<br \/>\n| D\u00e9tails du fil de conduite | Longueur et style de terminaison |<\/li>\n<\/ul>\n<p>En tant que fournisseur de confiance <strong>Fabricant et fournisseur de syst\u00e8mes de canaux chauds et de r\u00e9sistances \u00e0 bobine en France<\/strong>,<\/p>\n<h2>Assurance qualit\u00e9 et tests pour r\u00e9sistances \u00e0 bobine de canal chaud<\/h2>\n<p><img decoding=\"async\" src=\"https:\/\/hotrunneroem.com\/wp-content\/uploads\/2026\/01\/Hot_Runner_Coil_Heater_Testing_Equipment_5apYUqBc0.webp\" alt=\"\u00c9quipement de test pour r\u00e9chauffeur \u00e0 serpentin de buse chaude\" \/><\/p>\n<p>Nous veillons \u00e0 ce que chaque r\u00e9sistance \u00e0 bobine de canal chaud en France subisse des contr\u00f4les de qualit\u00e9 stricts pour r\u00e9pondre \u00e0 vos besoins de fiabilit\u00e9. Voici ce qui est inclus dans notre processus de test :<\/p>\n<ul>\n<li><strong>Test de r\u00e9sistance d'isolation :<\/strong> Chaque r\u00e9sistance \u00e0 bobine est test\u00e9e pour une r\u00e9sistance d'isolation sup\u00e9rieure \u00e0 5 M\u03a9 \u00e0 500 VDC. Cela garantit une excellente s\u00e9curit\u00e9 \u00e9lectrique et des performances dans le temps.<\/li>\n<li><strong>Test de haute tension (Hi-Pot) :<\/strong> Nous appliquons des tests de stress \u00e0 haute tension pour d\u00e9tecter d'\u00e9ventuelles faiblesses dans l'isolation avant que votre r\u00e9sistance n'atteigne la production, assurant une durabilit\u00e9 dans des conditions rigoureuses.<\/li>\n<li><strong>V\u00e9rifications des tol\u00e9rances dimensionnelles :<\/strong> Des mesures pr\u00e9cises confirment que votre r\u00e9sistance \u00e0 bobine s'adapte parfaitement \u00e0 vos buses de canal chaud, collecteurs et composants de moule, \u00e9vitant ainsi les probl\u00e8mes d'installation.<\/li>\n<\/ul>\n<p>Faites confiance \u00e0 nos r\u00e9sistances \u00e0 bobine et \u00e0 nos composants de syst\u00e8me de canal chaud pour offrir des performances constantes, soutenues par des normes de test rigoureuses. Cette attention \u00e0 la qualit\u00e9 prot\u00e8ge vos op\u00e9rations de moulage par injection et de transformation des plastiques.<\/p>\n<h2>Demandez un devis pour des solutions de r\u00e9sistances \u00e0 bobine de canal chaud<\/h2>\n<p>Besoin d'une solution de chauffage pr\u00e9cise pour votre projet ? Contactez-nous directement chez syst\u00e8me de canal chaud et r\u00e9sistance \u00e0 bobine en France. Notre \u00e9quipe d'ing\u00e9nierie est pr\u00eate \u00e0 vous aider avec un support technique et \u00e0 adapter votre commande \u00e0 vos besoins exacts. Que vous recherchiez des r\u00e9sistances \u00e0 bobine de canal chaud sur mesure ou des tarifs en gros, nous proposons des tarifs comp\u00e9titifs et des conditions flexibles.<\/p>\n<p><strong>Contactez-nous d\u00e8s maintenant :<\/strong><\/p>\n<ul>\n<li>Conseils rapides et experts sur les sp\u00e9cifications de votre r\u00e9sistance \u00e0 bobine<\/li>\n<li>Remises pour commandes en gros de r\u00e9sistances de buses de canal chaud et de bobines de chauffage de collecteurs<\/li>\n<li>Options OEM et ODM disponibles pour des applications uniques<\/li>\n<\/ul>\n<p>N'attendez pas\u2014contactez d\u00e8s aujourd'hui syst\u00e8me de canal chaud et r\u00e9sistance \u00e0 bobine en France pour des \u00e9l\u00e9ments de chauffage fiables et haute performance con\u00e7us pour vos besoins de transformation des plastiques.<\/p>\n<div id=\"references\" class=\"min-w-0 scroll-mt-8 overflow-hidden\">\n<div class=\"flex flex-col gap-2 text-sm leading-relaxed\"><\/div>\n<\/div>","protected":false},"excerpt":{"rendered":"<p>Chauffages \u00e0 bobines pour circuits chauds de pr\u00e9cision avec profils personnalisables et thermocouples int\u00e9gr\u00e9s pour des solutions de chauffage fiables en injection industrielle.<\/p>","protected":false},"featured_media":318,"template":"","meta":{"site-sidebar-layout":"default","site-content-layout":"","ast-site-content-layout":"default","site-content-style":"default","site-sidebar-style":"default","ast-global-header-display":"","ast-banner-title-visibility":"","ast-main-header-display":"","ast-hfb-above-header-display":"","ast-hfb-below-header-display":"","ast-hfb-mobile-header-display":"","site-post-title":"","ast-breadcrumbs-content":"","ast-featured-img":"","footer-sml-layout":"","ast-disable-related-posts":"","theme-transparent-header-meta":"default","adv-header-id-meta":"","stick-header-meta":"","header-above-stick-meta":"","header-main-stick-meta":"","header-below-stick-meta":"","astra-migrate-meta-layouts":"set","ast-page-background-enabled":"default","ast-page-background-meta":{"desktop":{"background-color":"var(--ast-global-color-5)","background-image":"","background-repeat":"repeat","background-position":"center center","background-size":"auto","background-attachment":"scroll","background-type":"","background-media":"","overlay-type":"","overlay-color":"","overlay-opacity":"","overlay-gradient":""},"tablet":{"background-color":"","background-image":"","background-repeat":"repeat","background-position":"center center","background-size":"auto","background-attachment":"scroll","background-type":"","background-media":"","overlay-type":"","overlay-color":"","overlay-opacity":"","overlay-gradient":""},"mobile":{"background-color":"","background-image":"","background-repeat":"repeat","background-position":"center center","background-size":"auto","background-attachment":"scroll","background-type":"","background-media":"","overlay-type":"","overlay-color":"","overlay-opacity":"","overlay-gradient":""}},"ast-content-background-meta":{"desktop":{"background-color":"var(--ast-global-color-4)","background-image":"","background-repeat":"repeat","background-position":"center center","background-size":"auto","background-attachment":"scroll","background-type":"","background-media":"","overlay-type":"","overlay-color":"","overlay-opacity":"","overlay-gradient":""},"tablet":{"background-color":"var(--ast-global-color-4)","background-image":"","background-repeat":"repeat","background-position":"center center","background-size":"auto","background-attachment":"scroll","background-type":"","background-media":"","overlay-type":"","overlay-color":"","overlay-opacity":"","overlay-gradient":""},"mobile":{"background-color":"var(--ast-global-color-4)","background-image":"","background-repeat":"repeat","background-position":"center center","background-size":"auto","background-attachment":"scroll","background-type":"","background-media":"","overlay-type":"","overlay-color":"","overlay-opacity":"","overlay-gradient":""}}},"product_brand":[],"product_cat":[36],"product_tag":[56,50],"class_list":{"0":"post-322","1":"product","2":"type-product","3":"status-publish","4":"has-post-thumbnail","6":"product_cat-hot-runner-parts","7":"product_tag-hot-runner-heater","8":"product_tag-hot-runner-parts","9":"desktop-align-left","10":"tablet-align-left","11":"mobile-align-left","13":"first","14":"instock","15":"featured","16":"shipping-taxable","17":"product-type-simple"},"_links":{"self":[{"href":"https:\/\/hotrunneroem.com\/fr\/wp-json\/wp\/v2\/product\/322","targetHints":{"allow":["GET"]}}],"collection":[{"href":"https:\/\/hotrunneroem.com\/fr\/wp-json\/wp\/v2\/product"}],"about":[{"href":"https:\/\/hotrunneroem.com\/fr\/wp-json\/wp\/v2\/types\/product"}],"wp:featuredmedia":[{"embeddable":true,"href":"https:\/\/hotrunneroem.com\/fr\/wp-json\/wp\/v2\/media\/318"}],"wp:attachment":[{"href":"https:\/\/hotrunneroem.com\/fr\/wp-json\/wp\/v2\/media?parent=322"}],"wp:term":[{"taxonomy":"product_brand","embeddable":true,"href":"https:\/\/hotrunneroem.com\/fr\/wp-json\/wp\/v2\/product_brand?post=322"},{"taxonomy":"product_cat","embeddable":true,"href":"https:\/\/hotrunneroem.com\/fr\/wp-json\/wp\/v2\/product_cat?post=322"},{"taxonomy":"product_tag","embeddable":true,"href":"https:\/\/hotrunneroem.com\/fr\/wp-json\/wp\/v2\/product_tag?post=322"}],"curies":[{"name":"wp","href":"https:\/\/api.w.org\/{rel}","templated":true}]}}