{"id":332,"date":"2026-01-29T18:33:30","date_gmt":"2026-01-29T10:33:30","guid":{"rendered":"https:\/\/hotrunneroem.com\/?post_type=product&#038;p=332"},"modified":"2026-01-31T14:23:41","modified_gmt":"2026-01-31T06:23:41","slug":"hot-runner-temperature-sensor","status":"publish","type":"product","link":"https:\/\/hotrunneroem.com\/fr\/hot-runner-temperature-sensor\/","title":{"rendered":"Capteurs de temp\u00e9rature \u00e0 course chaude de haute pr\u00e9cision type J et K"},"content":{"rendered":"<h2>Surveillance thermique critique pour la stabilit\u00e9 du moule : r\u00f4le dans la boucle de contr\u00f4le PID et impact sur la qualit\u00e9 des pi\u00e8ces<\/h2>\n<p>Une surveillance thermique pr\u00e9cise dans les syst\u00e8mes de canaux chauds est essentielle pour maintenir la stabilit\u00e9 du moule et garantir une qualit\u00e9 constante des pi\u00e8ces. La <strong>capteur de temp\u00e9rature de coureur chaud<\/strong>, g\u00e9n\u00e9ralement une <strong>sonde thermocouple de type J<\/strong> or <strong>capteur thermique de type K<\/strong>, joue un r\u00f4le cl\u00e9 dans la transmission de donn\u00e9es de temp\u00e9rature pr\u00e9cises \u00e0 <strong>le capteur d'entr\u00e9e du contr\u00f4leur PID<\/strong>. Cette entr\u00e9e est cruciale pour que la boucle de contr\u00f4le PID module efficacement les \u00e9l\u00e9ments de chauffage, stabilisant ainsi les temp\u00e9ratures \u00e0 travers le moule.<\/p>\n<p>Les impacts cl\u00e9s incluent :<\/p>\n<ul>\n<li><strong>Flux de fusion constant :<\/strong> Un retour thermique fiable emp\u00eache les fluctuations de temp\u00e9rature qui causent la d\u00e9gradation du mat\u00e9riau ou le remplissage incomplet.<\/li>\n<li><strong>Pr\u00e9cision dimensionnelle :<\/strong> Des temp\u00e9ratures de moule stables r\u00e9duisent la d\u00e9formation et le retrait, am\u00e9liorant le contr\u00f4le dimensionnel.<\/li>\n<li><strong>Optimisation du temps de cycle :<\/strong> \u00c9viter la surchauffe ou la sous-chauffe permet des cycles plus rapides et plus pr\u00e9visibles sans compromettre l'int\u00e9grit\u00e9 des pi\u00e8ces.<\/li>\n<li><strong>Dur\u00e9e de vie prolong\u00e9e des composants :<\/strong> R\u00e9duire le stress thermique sur les composants du collecteur et de la buse augmente la durabilit\u00e9 de l'\u00e9quipement.<\/li>\n<\/ul>\n<p>Utilisation d'un <strong>capteur \u00e0 c\u00e2ble isol\u00e9 min\u00e9ral (MIC)<\/strong> avec un <strong>jonction mise \u00e0 la terre<\/strong> assure une r\u00e9ponse rapide et une immunit\u00e9 au bruit, am\u00e9liorant la pr\u00e9cision du contr\u00f4le. Dans l'ensemble, l'int\u00e9gration de capteurs thermiques robustes dans la boucle de contr\u00f4le PID est essentielle pour \u00e9viter les d\u00e9fauts et maintenir des pi\u00e8ces moul\u00e9es par injection de haute qualit\u00e9.<\/p>\n<h2>Sp\u00e9cifications techniques et normes d'\u00e9talonnage : thermocouples de type J vs K et types de jonction<\/h2>\n<p><img decoding=\"async\" src=\"https:\/\/hotrunneroem.com\/wp-content\/uploads\/2026\/01\/hot-runner-temperature-sensor-supplier-2.jpg\" alt=\"Comparaison entre thermocouples de type J et de type K\" \/><\/p>\n<p>Lors du choix d'un capteur de temp\u00e9rature pour canal chaud, il est crucial de comprendre les diff\u00e9rences entre <strong>sondes thermocouples de type J<\/strong> et <strong>capteurs thermiques de type K<\/strong> pour une surveillance thermique pr\u00e9cise du moule.<\/p>\n<table>\n<thead>\n<tr>\n<th>Caract\u00e9ristique<\/th>\n<th>Thermocouple de type J (Fe-CuNi)<\/th>\n<th>Thermocouple de type K (Chromel-Alumel)<\/th>\n<\/tr>\n<\/thead>\n<tbody>\n<tr>\n<td>Plage de temp\u00e9rature<\/td>\n<td>-40\u00b0C \u00e0 +750\u00b0C<\/td>\n<td>-200\u00b0C \u00e0 +1250\u00b0C<\/td>\n<\/tr>\n<tr>\n<td>Sensibilit\u00e9<\/td>\n<td>Environ 50 \u00b5V\/\u00b0C<\/td>\n<td>Environ 41 \u00b5V\/\u00b0C<\/td>\n<\/tr>\n<tr>\n<td>Co\u00fbt<\/td>\n<td>Co\u00fbt g\u00e9n\u00e9ralement inf\u00e9rieur<\/td>\n<td>Co\u00fbt mod\u00e9r\u00e9<\/td>\n<\/tr>\n<tr>\n<td>Applications<\/td>\n<td>Convient pour le moulage par injection \u00e0 basse et moyenne temp\u00e9rature<\/td>\n<td>Largement utilis\u00e9 pour les environnements \u00e0 haute temp\u00e9rature<\/td>\n<\/tr>\n<tr>\n<td>Stabilit\u00e9<\/td>\n<td>Mod\u00e9r\u00e9e<\/td>\n<td>\u00c9lev\u00e9e, surtout sur de longues p\u00e9riodes<\/td>\n<\/tr>\n<\/tbody>\n<\/table>\n<h3>Types de jonctions<\/h3>\n<ul>\n<li><strong>Jonction \u00e0 la terre<\/strong>: La pointe de d\u00e9tection du thermocouple est physiquement connect\u00e9e \u00e0 la gaine de protection, permettant une r\u00e9ponse plus rapide mais susceptible aux bruits \u00e9lectriques.<\/li>\n<li><strong>Jonction non mise \u00e0 la terre<\/strong>: Isol\u00e9e de la gaine, r\u00e9ponse plus lente mais meilleure pour les environnements industriels bruyants.<\/li>\n<li><strong>Jonction expos\u00e9e<\/strong>: Directement expos\u00e9e \u00e0 la substance mesur\u00e9e pour une r\u00e9ponse la plus rapide mais moins durable.<\/li>\n<\/ul>\n<h3>Consid\u00e9rations de calibration<\/h3>\n<p>La calibration est essentielle pour maintenir des lectures de temp\u00e9rature fiables dans les syst\u00e8mes de coureurs chauds. Les thermocouples de type J et K sont g\u00e9n\u00e9ralement calibr\u00e9s selon les normes de thermom\u00e8tres \u00e0 r\u00e9sistance industrielles pour garantir la pr\u00e9cision. Des v\u00e9rifications r\u00e9guli\u00e8res de calibration aident \u00e0 maintenir le contr\u00f4le du processus et \u00e0 faciliter la maintenance pr\u00e9dictive.<\/p>\n<p>Pour plus de d\u00e9tails sur la gestion de l'entr\u00e9e du capteur pour le contr\u00f4le de la temp\u00e9rature, explorez notre <a href=\"https:\/\/hotrunneroem.com\/fr\/hot-runner-temperature-controllers\/\">Contr\u00f4leurs de temp\u00e9rature pour syst\u00e8mes de distribution chaude<\/a> aper\u00e7u d\u00e9taill\u00e9.<\/p>\n<p>Choisir le bon type de thermocouple et le style de jonction optimisera votre configuration de surveillance thermique du moule, impactant directement la qualit\u00e9 des pi\u00e8ces et l'efficacit\u00e9 du processus.<\/p>\n<h2>Caract\u00e9ristiques avanc\u00e9es de construction des capteurs de temp\u00e9rature pour les syst\u00e8mes de coureurs chauds<\/h2>\n<p>Les capteurs de temp\u00e9rature pour coureurs chauds sont con\u00e7us pour r\u00e9sister \u00e0 l'environnement exigeant de la injection. Les principales caract\u00e9ristiques de construction incluent :<\/p>\n<table>\n<thead>\n<tr>\n<th>Caract\u00e9ristique<\/th>\n<th>Description<\/th>\n<th>Avantage<\/th>\n<\/tr>\n<\/thead>\n<tbody>\n<tr>\n<td><strong>C\u00e2ble isol\u00e9 min\u00e9ral (MIC)<\/strong><\/td>\n<td>Une gaine en acier inoxydable robuste autour d'une isolation en oxyde de magn\u00e9sium fortement compact\u00e9e<\/td>\n<td>Haute durabilit\u00e9, excellente r\u00e9sistance \u00e0 la chaleur et stabilit\u00e9 \u00e9lectrique<\/td>\n<\/tr>\n<tr>\n<td><strong>Adaptateurs de transition<\/strong><\/td>\n<td>Connecteurs permettant des changements sans couture du capteur au fil de liaison ou au contr\u00f4leur<\/td>\n<td>Pr\u00e9viennent les dommages, assurent une transmission fiable des donn\u00e9es<\/td>\n<\/tr>\n<tr>\n<td><strong>Options de protection du fil de liaison<\/strong><\/td>\n<td>Fils de conduite tress\u00e9s en acier inoxydable, manchons flexibles ou protections \u00e0 ressort<\/td>\n<td>Prot\u00e8ge contre l'abrasion et la flexion, prolonge la dur\u00e9e de vie du capteur<\/td>\n<\/tr>\n<\/tbody>\n<\/table>\n<p>Les capteurs isol\u00e9s au min\u00e9ral sont pr\u00e9f\u00e9r\u00e9s car ils r\u00e9sistent \u00e0 la corrosion chimique et \u00e0 l'usure m\u00e9canique tout en offrant une r\u00e9ponse thermique rapide. Les adaptateurs de transition \u00e9vitent les points faibles o\u00f9 le capteur rencontre le c\u00e2blage, r\u00e9duisant ainsi le risque de d\u00e9faillance. L'utilisation de caract\u00e9ristiques telles que des fils de conduite tress\u00e9s en acier inoxydable ou des thermocouples \u00e0 ressort ajoute une robustesse suppl\u00e9mentaire l\u00e0 o\u00f9 la flexion ou la traction se produit.<\/p>\n<p>Choisir la bonne combinaison de ces \u00e9l\u00e9ments de construction garantit que vos sondes de collecteur chaud et vos transducteurs de temp\u00e9rature de buse offrent des lectures pr\u00e9cises avec une long\u00e9vit\u00e9, essentielle pour une surveillance thermique stable du moule.<\/p>\n<p>Pour des solutions de c\u00e2blage de capteurs fiables, explorez notre gamme de <a href=\"https:\/\/hotrunneroem.com\/fr\/hot-runner-controller-cables\/\">c\u00e2bles de contr\u00f4leur de canal chaud<\/a> con\u00e7ue pour correspondre \u00e0 ces fonctionnalit\u00e9s avanc\u00e9es des capteurs.<\/p>\n<h2>Styles de montage et options de configuration pour capteurs de temp\u00e9rature de syst\u00e8me de distribution chaud<\/h2>\n<p><img decoding=\"async\" src=\"https:\/\/hotrunneroem.com\/wp-content\/uploads\/2026\/01\/Hot_Runner_Temperature_Sensor_Mounting_Styles_ZDfN.webp\" alt=\"Styles de montage des capteurs de temp\u00e9rature pour coureurs chauds\" \/><\/p>\n<p>Choisir le bon style de montage et la bonne configuration est crucial pour une surveillance thermique pr\u00e9cise <strong>du moule<\/strong> dans les syst\u00e8mes de distribution chaud. Voici un aper\u00e7u rapide des options les plus courantes, chacune con\u00e7ue pour s'adapter \u00e0 des configurations sp\u00e9cifiques de moules et aux exigences des capteurs :<\/p>\n<table>\n<thead>\n<tr>\n<th>Style de montage<\/th>\n<th>Description<\/th>\n<th>Utilisations courantes<\/th>\n<\/tr>\n<\/thead>\n<tbody>\n<tr>\n<td><strong>Style bayonet<\/strong><\/td>\n<td>Conception \u00e0 verrouillage rapide, installation et retrait faciles<\/td>\n<td>Maintenance rapide, pointes de buse<\/td>\n<\/tr>\n<tr>\n<td><strong>Raccord de compression<\/strong><\/td>\n<td>Joint \u00e9tanche avec insertion \u00e0 profondeur r\u00e9glable<\/td>\n<td>Sondes de collecteur chaud<\/td>\n<\/tr>\n<tr>\n<td><strong>Capteurs en anneau<\/strong><\/td>\n<td>Capteur enveloppant, id\u00e9al pour surfaces cylindriques ou plates<\/td>\n<td>Surveillance des valves et des portes<\/td>\n<\/tr>\n<tr>\n<td><strong>Tailles de sondes personnalis\u00e9es<\/strong><\/td>\n<td>Longueurs et diam\u00e8tres sur mesure pour des conceptions de moules uniques<\/td>\n<td>Moules de moulage par injection sp\u00e9cialis\u00e9s<\/td>\n<\/tr>\n<\/tbody>\n<\/table>\n<p>Les thermocouples \u00e0 montage bayonet sont populaires pour leur fixation s\u00e9curis\u00e9e et leur conception conviviale, id\u00e9aux lorsque vous avez besoin d\u2019un remplacement rapide du capteur sans interruption. Les raccords de compression permettent d\u2019ajuster la profondeur du capteur, ce qui est crucial pour un retour pr\u00e9cis de la temp\u00e9rature sur les collecteurs chauds o\u00f9 la position correcte de la sonde influence la pr\u00e9cision.<\/p>\n<p>Les capteurs en anneau offrent une flexibilit\u00e9 pour la surveillance des vannes ou dans les endroits o\u00f9 une insertion directe de la sonde n\u2019est pas pratique. Pour les moules complexes, des sondes personnalis\u00e9es avec c\u00e2ble isol\u00e9 min\u00e9ral (MIC) et fil de conduite tress\u00e9 en acier inoxydable garantissent durabilit\u00e9 et ajustement parfait, minimisant le risque de dommage.<\/p>\n<p>Chaque choix de montage soutient le r\u00f4le de la <strong>le capteur d'entr\u00e9e du contr\u00f4leur PID<\/strong>, en veillant \u00e0 ce que votre processus de moulage par injection soit fluide et que les pi\u00e8ces sortent avec une qualit\u00e9 constante. Pour en savoir plus sur la fa\u00e7on dont le placement des capteurs influence la performance de votre syst\u00e8me, consultez nos analyses d\u00e9taill\u00e9es sur <a href=\"https:\/\/hotrunneroem.com\/fr\/hot-runner-control\/\">strat\u00e9gies de contr\u00f4le des canaux chauds<\/a>.<\/p>\n<h2>Applications dans les syst\u00e8mes de canaux chauds : Retour thermique pr\u00e9cis<\/h2>\n<p><img decoding=\"async\" src=\"https:\/\/hotrunneroem.com\/wp-content\/uploads\/2026\/01\/hot-runner-temperature-sensor-supplier-1.jpg\" alt=\"Surveillance des capteurs de temp\u00e9rature pour coureurs chauds\" \/><\/p>\n<p>Les capteurs de temp\u00e9rature des canaux chauds jouent un r\u00f4le essentiel dans le maintien de l\u2019efficacit\u00e9 et de la qualit\u00e9 des processus de moulage par injection. Une application cl\u00e9 est <strong>le contr\u00f4le du collecteur<\/strong>, o\u00f9 les sondes du collecteur chaud surveillent en continu la temp\u00e9rature pour assurer un \u00e9coulement constant du plastique fondu. Des lectures thermiques pr\u00e9cises permettent au capteur d\u2019entr\u00e9e du contr\u00f4leur PID d\u2019effectuer des ajustements en temps r\u00e9el et d\u2019\u00e9viter des probl\u00e8mes tels que la d\u00e9gradation du mat\u00e9riau ou les remplissages incomplets.<\/p>\n<p>Ensuite, la surveillance de la pointe de la buse est cruciale pour garantir la temp\u00e9rature exacte au point o\u00f9 le plastique entre dans la cavit\u00e9 du moule. L\u2019utilisation d\u2019un <strong>transducteur de temp\u00e9rature de buse<\/strong> permet d\u2019\u00e9viter les d\u00e9fauts de qualit\u00e9 et de r\u00e9duire le cycle en maintenant des conditions de fusion optimales juste \u00e0 la pointe de la buse.<\/p>\n<p>De plus, les syst\u00e8mes de vannes \u00e0 porte d\u00e9pendent fortement du retour thermique fourni par des capteurs sp\u00e9cialis\u00e9s. Ces capteurs fournissent des donn\u00e9es de temp\u00e9rature pr\u00e9cises pour r\u00e9guler le fonctionnement de la vanne, ce qui est essentiel pour \u00e9viter le gel de la porte ou une usure pr\u00e9matur\u00e9e.<\/p>\n<p>Nous fournissons des capteurs de haute qualit\u00e9 con\u00e7us pour le contr\u00f4le de la temp\u00e9rature du collecteur et de la buse, con\u00e7us pour s\u2019int\u00e9grer parfaitement aux principaux syst\u00e8mes de canaux chauds. Pour des options d\u00e9taill\u00e9es sur les configurations de sondes de collecteur et les solutions personnalis\u00e9es, consultez nos <a href=\"https:\/\/hotrunneroem.com\/fr\/hot-runner-manifold\/\">offres de capteurs de temp\u00e9rature pour collecteur chaud<\/a> et <a href=\"https:\/\/hotrunneroem.com\/fr\/hot-runner-nozzle\/\">composants de buse \u00e0 canal chaud<\/a>.<\/p>\n<h2>Pourquoi choisir un syst\u00e8me de canaux chauds en France ?<\/h2>\n<p>Choisir un fabricant et fournisseur de syst\u00e8mes de canaux chauds en France offre des avantages clairs qui soutiennent efficacement vos besoins de production. Avec une fabrication directe, vous \u00e9liminez les interm\u00e9diaires inutiles, garantissant des prix comp\u00e9titifs et un meilleur contr\u00f4le de la qualit\u00e9 du produit. Les fabricants fran\u00e7ais combinent souvent des techniques de production avanc\u00e9es avec des processus stricts d\u2019assurance qualit\u00e9, ce qui signifie que votre capteur de temp\u00e9rature du collecteur chaud ou votre transducteur de temp\u00e9rature de buse r\u00e9pond aux normes internationales de mani\u00e8re fiable.<\/p>\n<p>Un autre avantage cl\u00e9 est le remplacement rapide et le service apr\u00e8s-vente r\u00e9actif. Lorsqu'une sonde de collecteur chaud ou un thermocouple pour moulage par injection n\u00e9cessite un remplacement urgent, se sourcing directement de Chine garantit des d\u00e9lais d'ex\u00e9cution plus rapides \u2014 minimisant ainsi les temps d'arr\u00eat de vos lignes de moulage. De plus, les options de personnalisation telles que la protection par fil de plomb tress\u00e9 en acier inoxydable ou les thermocouples \u00e0 montage bayonette sp\u00e9cifiques sont plus faciles \u00e0 organiser avec des fournisseurs qui poss\u00e8dent toute la cha\u00eene de production.<\/p>\n<p>Pour les entreprises recherchant des thermom\u00e8tres de r\u00e9sistance industriels ou des capteurs d'entr\u00e9e pour contr\u00f4leurs PID adapt\u00e9s \u00e0 leurs applications de collecteur chaud, collaborer avec un fournisseur r\u00e9put\u00e9 en Chine allie qualit\u00e9 et rentabilit\u00e9. Pour explorer des options d\u00e9taill\u00e9es de pi\u00e8ces et de syst\u00e8mes, consultez notre gamme \u00e9tendue de <a href=\"https:\/\/hotrunneroem.com\/fr\/hot-runner-parts\/\">composants de canal chaud<\/a> qui tirent parti des avantages de la fabrication locale.<\/p>\n<h2>Questions Fr\u00e9quemment Pos\u00e9es sur les Capteurs de Temp\u00e9rature de Collecteur Chaud<\/h2>\n<p>Ici, nous r\u00e9pondons aux questions techniques courantes concernant <strong>capteurs de temp\u00e9rature pour canaux chauds<\/strong> comme l'\u00e9talonnage, le temps de r\u00e9ponse et la compatibilit\u00e9 avec les principales marques de l'industrie.<\/p>\n<table>\n<thead>\n<tr>\n<th>Question<\/th>\n<th>R\u00e9ponse<\/th>\n<\/tr>\n<\/thead>\n<tbody>\n<tr>\n<td><strong>Quel standard d'\u00e9talonnage devrais-je choisir ?<\/strong><\/td>\n<td>La plupart optent pour des thermocouples de type J ou K calibr\u00e9s selon les normes ASTM E230 ou IEC 60584 pour une pr\u00e9cision dans l'utilisation de thermocouples de moulage par injection.<\/td>\n<\/tr>\n<tr>\n<td><strong>Quelle est la rapidit\u00e9 de r\u00e9ponse de ces capteurs ?<\/strong><\/td>\n<td>Le temps de r\u00e9ponse typique d'un capteur varie de 0,5 \u00e0 2 secondes, selon le type de jonction (la jonction mise \u00e0 la terre offre une r\u00e9ponse plus rapide).<\/td>\n<\/tr>\n<tr>\n<td><strong>Ces capteurs sont-ils compatibles avec les principaux syst\u00e8mes de collecteur chaud ?<\/strong><\/td>\n<td>Oui, des capteurs comme les thermocouples \u00e0 montage bayonette et les types isol\u00e9s min\u00e9raux s'adaptent bien \u00e0 la plupart des syst\u00e8mes de collecteur chaud de premier plan, y compris la surveillance du fonctionnement des vannes \u00e0 guillotine.<\/td>\n<\/tr>\n<tr>\n<td><strong>Quel type de jonction de capteur est pr\u00e9f\u00e9r\u00e9 ?<\/strong><\/td>\n<td>Les capteurs \u00e0 jonction mise \u00e0 la terre sont populaires pour un retour thermique rapide dans les capteurs d'entr\u00e9e de contr\u00f4leur PID, mais ceux non mis \u00e0 la terre offrent une isolation \u00e9lectrique.<\/td>\n<\/tr>\n<tr>\n<td><strong>Puis-je utiliser des thermocouples \u00e0 ressort dans mon installation ?<\/strong><\/td>\n<td>Absolument, surtout en pr\u00e9sence de vibrations ou de mouvements ; la conception \u00e0 ressort maintient le contact pour une surveillance thermique pr\u00e9cise du moule.<\/td>\n<\/tr>\n<\/tbody>\n<\/table>\n<p>Pour des sp\u00e9cifications d\u00e9taill\u00e9es ou des demandes concernant les options d'\u00e9talonnage et l'int\u00e9gration des capteurs, nous vous invitons \u00e0 demander une consultation technique. Notre \u00e9quipe veille \u00e0 ce que votre transducteur de temp\u00e9rature de buse ou votre sonde de collecteur chaud s'adapte parfaitement aux besoins de votre syst\u00e8me.<\/p>\n<p>D\u00e9couvrez notre page de produits personnalis\u00e9s pour des solutions sur mesure et un support rapide \u00e0 <a href=\"https:\/\/hotrunneroem.com\/fr\/shop\/\">fournisseur de syst\u00e8mes de collecteur chaud en Chine<\/a>.<\/p>\n<h2>Demandez une Consultation Technique pour le Capteur de Temp\u00e9rature de Collecteur Chaud<\/h2>\n<p>Besoin d'aide pour choisir le bon <strong>capteur de temp\u00e9rature de coureur chaud<\/strong>? Que ce soit une <strong>sonde thermocouple de type J<\/strong>, <strong>capteur thermique de type K<\/strong>, ou une solution sur mesure, nous sommes l\u00e0 pour vous accompagner.<\/p>\n<h3>Ce que nous proposons :<\/h3>\n<ul>\n<li>Sp\u00e9cifications d\u00e9taill\u00e9es adapt\u00e9es \u00e0 votre configuration d'injection<\/li>\n<li>Tarification bas\u00e9e sur vos quantit\u00e9s souhait\u00e9es et la personnalisation<\/li>\n<li>Conseils sur les types de capteurs : <strong>capteur \u00e0 c\u00e2ble isol\u00e9 min\u00e9ral (MIC)<\/strong>, <strong>transducteur de temp\u00e9rature de buse<\/strong>, ou <strong>sonde de collecteur de canal chaud<\/strong><\/li>\n<li>Informations sur les styles de montage compatibles comme <strong>thermocouple \u00e0 montage bayonet<\/strong> or <strong>raccords de compression<\/strong><\/li>\n<\/ul>\n<h3>Pourquoi nous contacter ?<\/h3>\n<ul>\n<li>R\u00e9ponse rapide de la part d'ing\u00e9nieurs exp\u00e9riment\u00e9s<\/li>\n<li>Acc\u00e8s \u00e0 des capteurs de qualit\u00e9 v\u00e9rifi\u00e9e provenant de la fabrication directe en Chine<\/li>\n<li>Conseils pour une int\u00e9gration optimale avec vos <strong>le capteur d'entr\u00e9e du contr\u00f4leur PID<\/strong> configurations<\/li>\n<li>Solutions pour un remplacement et une maintenance rapides<\/li>\n<\/ul>\n<p>Vous avez des questions sur l'\u00e9talonnage, les types de capteurs ou la compatibilit\u00e9 ? Envoyez simplement un message ou appelez-nous.<\/p>\n<p>Nous sommes votre partenaire de r\u00e9f\u00e9rence pour une <strong>du moule<\/strong> gestion fiable de la temp\u00e9rature des syst\u00e8mes \u00e0 canaux chauds.<\/p>\n<div id=\"references\" class=\"min-w-0 scroll-mt-8 overflow-hidden\">\n<div class=\"flex flex-col gap-2 text-sm leading-relaxed\"><\/div>\n<\/div>","protected":false},"excerpt":{"rendered":"<p>Capteurs de temp\u00e9rature \u00e0 coureur chaud de haute pr\u00e9cision J-Type et K-Type avec gaines en acier inoxydable durable pour le contr\u00f4le de l'injection plastique.<\/p>","protected":false},"featured_media":328,"template":"","meta":{"site-sidebar-layout":"default","site-content-layout":"","ast-site-content-layout":"default","site-content-style":"default","site-sidebar-style":"default","ast-global-header-display":"","ast-banner-title-visibility":"","ast-main-header-display":"","ast-hfb-above-header-display":"","ast-hfb-below-header-display":"","ast-hfb-mobile-header-display":"","site-post-title":"","ast-breadcrumbs-content":"","ast-featured-img":"","footer-sml-layout":"","ast-disable-related-posts":"","theme-transparent-header-meta":"default","adv-header-id-meta":"","stick-header-meta":"","header-above-stick-meta":"","header-main-stick-meta":"","header-below-stick-meta":"","astra-migrate-meta-layouts":"set","ast-page-background-enabled":"default","ast-page-background-meta":{"desktop":{"background-color":"var(--ast-global-color-5)","background-image":"","background-repeat":"repeat","background-position":"center center","background-size":"auto","background-attachment":"scroll","background-type":"","background-media":"","overlay-type":"","overlay-color":"","overlay-opacity":"","overlay-gradient":""},"tablet":{"background-color":"","background-image":"","background-repeat":"repeat","background-position":"center center","background-size":"auto","background-attachment":"scroll","background-type":"","background-media":"","overlay-type":"","overlay-color":"","overlay-opacity":"","overlay-gradient":""},"mobile":{"background-color":"","background-image":"","background-repeat":"repeat","background-position":"center center","background-size":"auto","background-attachment":"scroll","background-type":"","background-media":"","overlay-type":"","overlay-color":"","overlay-opacity":"","overlay-gradient":""}},"ast-content-background-meta":{"desktop":{"background-color":"var(--ast-global-color-4)","background-image":"","background-repeat":"repeat","background-position":"center center","background-size":"auto","background-attachment":"scroll","background-type":"","background-media":"","overlay-type":"","overlay-color":"","overlay-opacity":"","overlay-gradient":""},"tablet":{"background-color":"var(--ast-global-color-4)","background-image":"","background-repeat":"repeat","background-position":"center center","background-size":"auto","background-attachment":"scroll","background-type":"","background-media":"","overlay-type":"","overlay-color":"","overlay-opacity":"","overlay-gradient":""},"mobile":{"background-color":"var(--ast-global-color-4)","background-image":"","background-repeat":"repeat","background-position":"center center","background-size":"auto","background-attachment":"scroll","background-type":"","background-media":"","overlay-type":"","overlay-color":"","overlay-opacity":"","overlay-gradient":""}}},"product_brand":[],"product_cat":[36],"product_tag":[55,56,50,57],"class_list":{"0":"post-332","1":"product","2":"type-product","3":"status-publish","4":"has-post-thumbnail","6":"product_cat-hot-runner-parts","7":"product_tag-controller-cables","8":"product_tag-hot-runner-heater","9":"product_tag-hot-runner-parts","10":"product_tag-temperature-sensor","11":"desktop-align-left","12":"tablet-align-left","13":"mobile-align-left","15":"first","16":"instock","17":"featured","18":"shipping-taxable","19":"product-type-simple"},"_links":{"self":[{"href":"https:\/\/hotrunneroem.com\/fr\/wp-json\/wp\/v2\/product\/332","targetHints":{"allow":["GET"]}}],"collection":[{"href":"https:\/\/hotrunneroem.com\/fr\/wp-json\/wp\/v2\/product"}],"about":[{"href":"https:\/\/hotrunneroem.com\/fr\/wp-json\/wp\/v2\/types\/product"}],"wp:featuredmedia":[{"embeddable":true,"href":"https:\/\/hotrunneroem.com\/fr\/wp-json\/wp\/v2\/media\/328"}],"wp:attachment":[{"href":"https:\/\/hotrunneroem.com\/fr\/wp-json\/wp\/v2\/media?parent=332"}],"wp:term":[{"taxonomy":"product_brand","embeddable":true,"href":"https:\/\/hotrunneroem.com\/fr\/wp-json\/wp\/v2\/product_brand?post=332"},{"taxonomy":"product_cat","embeddable":true,"href":"https:\/\/hotrunneroem.com\/fr\/wp-json\/wp\/v2\/product_cat?post=332"},{"taxonomy":"product_tag","embeddable":true,"href":"https:\/\/hotrunneroem.com\/fr\/wp-json\/wp\/v2\/product_tag?post=332"}],"curies":[{"name":"wp","href":"https:\/\/api.w.org\/{rel}","templated":true}]}}