{"id":356,"date":"2026-01-31T14:34:14","date_gmt":"2026-01-31T06:34:14","guid":{"rendered":"https:\/\/hotrunneroem.com\/?post_type=product&#038;p=356"},"modified":"2026-01-31T14:48:39","modified_gmt":"2026-01-31T06:48:39","slug":"hot-runner-system-nozzle-design","status":"publish","type":"product","link":"https:\/\/hotrunneroem.com\/fr\/hot-runner-system-nozzle-design\/","title":{"rendered":"Conception de la buse du syst\u00e8me de canal chaud de pr\u00e9cision pour une injection de haute performance"},"content":{"rendered":"<h2>Distribution de fusion pr\u00e9cise pour une injection de haute performance<\/h2>\n<p>Dans l'injection avanc\u00e9e, une distribution de fusion coh\u00e9rente influence directement la qualit\u00e9 des pi\u00e8ces et l'efficacit\u00e9 du cycle. Le d\u00e9fi principal r\u00e9side dans le maintien <strong>de la stabilit\u00e9 thermique<\/strong> et la pr\u00e9servation <strong>de l'int\u00e9grit\u00e9 de la fusion<\/strong> tout au long de la conception de la buse du syst\u00e8me de canaux chauds. Les variations de temp\u00e9rature ou un flux perturb\u00e9 peuvent provoquer une solidification pr\u00e9matur\u00e9e, entra\u00eenant des d\u00e9fauts tels que des sous-remplissages, des filaments ou des vestiges de porte incoh\u00e9rents.<\/p>\n<p>Notre approche se concentre sur <strong>une g\u00e9om\u00e9trie de flux interne optimis\u00e9e<\/strong> con\u00e7ue pour r\u00e9duire la contrainte de cisaillement sur la fusion du polym\u00e8re. En ajustant finement les canaux de flux et les passages de la buse, nous minimisons la turbulence et les chutes de pression, pr\u00e9servant l'homog\u00e9n\u00e9it\u00e9 de la fusion du collecteur \u00e0 la cavit\u00e9. Cette strat\u00e9gie de conception r\u00e9duit la d\u00e9gradation de la r\u00e9sine et favorise une viscosit\u00e9 stable, ce qui est crucial pour les thermoplastiques exigeants et les syst\u00e8mes \u00e0 gouttes chaudes multi-cavit\u00e9s.<\/p>\n<p>Les principaux avantages incluent :<\/p>\n<ul>\n<li><strong>Une distribution de temp\u00e9rature uniforme<\/strong> pr\u00e9venant les points chauds et les bouchons froids<\/li>\n<li><strong>Des taux de cisaillement plus faibles<\/strong> pour r\u00e9duire la d\u00e9gradation mol\u00e9culaire<\/li>\n<li><strong>Une pression de fusion coh\u00e9rente<\/strong> pour des poids de tir pr\u00e9cis et des cycles plus rapides<\/li>\n<\/ul>\n<p>En int\u00e9grant ces fonctionnalit\u00e9s, notre syst\u00e8me de canaux chauds garantit une distribution de fusion fiable qui r\u00e9pond aux normes \u00e9lev\u00e9es de la production moderne, optimisant \u00e0 la fois la qualit\u00e9 des pi\u00e8ces et le d\u00e9bit op\u00e9rationnel.<\/p>\n<h2>Anatomie de notre architecture de buse<\/h2>\n<p>Dans notre <strong>conception de buses pour syst\u00e8mes \u00e0 canal chaud<\/strong>, chaque composant est con\u00e7u pour une distribution de fusion pr\u00e9cise et une coh\u00e9rence thermique. Au c\u0153ur de cela se trouve notre syst\u00e8me avanc\u00e9 <strong>gestion du profil thermique<\/strong>, qui utilise \u00e0 la fois des r\u00e9sistances en bobine et des \u00e9l\u00e9ments chauffants int\u00e9gr\u00e9s. Ces m\u00e9thodes de chauffage maintiennent des temp\u00e9ratures stables tout au long de la longueur de la buse, \u00e9vitant les zones froides et assurant un flux de fusion uniforme. Un tel contr\u00f4le est essentiel pour l'injection de haute performance, o\u00f9 les fluctuations de temp\u00e9rature peuvent entra\u00eener des d\u00e9fauts ou des retards de cycle.<\/p>\n<p>Le <strong>conception du canal d'\u00e9coulement<\/strong> est un autre facteur cl\u00e9. Nous fabriquons des conduits polis avec des surfaces internes lisses qui \u00e9liminent les zones mortes o\u00f9 la r\u00e9sine fondue pourrait stagner ou se d\u00e9grader. Cette conception minimise le stress de cisaillement et favorise une int\u00e9grit\u00e9 de la fusion coh\u00e9rente du collecteur jusqu'\u00e0 la porte. Des canaux d'\u00e9coulement lisses contribuent \u00e9galement \u00e0 des changements de couleur plus rapides et r\u00e9duisent la contamination entre les cycles.<\/p>\n<p>Enfin, nos pointes de buse int\u00e8grent une technologie innovante <strong>de pointe conductrice<\/strong> associ\u00e9e \u00e0 des capots isolants. Les pointes conductrices assurent un transfert de chaleur rapide directement \u00e0 la porte, maintenant la fluidit\u00e9 de la fusion, tandis que les capots isolants aident \u00e0 isoler la chaleur pour \u00e9viter les gouttes ou les filaments lors de conditions de cycle difficiles. Cette configuration \u00e9quilibr\u00e9e des pointes optimise le contr\u00f4le de la vestige de la porte et am\u00e9liore la performance globale du syst\u00e8me de canaux chauds.<\/p>\n<p>Pour plus de d\u00e9tails sur les composants de chauffage et les options de pointe, consultez notre <a href=\"https:\/\/hotrunneroem.com\/fr\/hot-runner-coil-heater\/\">technologie de r\u00e9sistances en bobine<\/a> et nos <a href=\"https:\/\/hotrunneroem.com\/fr\/nozzle-tips\/\">conceptions innovantes de pointes de buse<\/a>.<\/p>\n<h2>Cat\u00e9gorisation par m\u00e9thode de gating<\/h2>\n<p><img decoding=\"async\" src=\"https:\/\/hotrunneroem.com\/wp-content\/uploads\/2026\/01\/Hot-Runner-System-Nozzle-Design.jpg\" alt=\"Types de conception de buses de syst\u00e8me de canaux chauds\" \/><\/p>\n<p>Lorsqu'il s'agit de <strong>conception de buses pour syst\u00e8mes \u00e0 canal chaud<\/strong>, le choix de la bonne m\u00e9thode de gating est crucial pour optimiser la performance et le co\u00fbt.<\/p>\n<h3>Conception de buse \u00e0 valve \u00e0 porte : actionnement pneumatique, hydraulique et servo<\/h3>\n<p>Les buses \u00e0 valve \u00e0 porte offrent un contr\u00f4le pr\u00e9cis du flux de fusion, particuli\u00e8rement utile dans les moules \u00e0 cavit\u00e9s multiples ou pour des pi\u00e8ces d\u00e9licates. Les m\u00e9thodes d'actionnement varient :<\/p>\n<table>\n<thead>\n<tr>\n<th>Type d'actionnement<\/th>\n<th>Principaux avantages<\/th>\n<th>Applications<\/th>\n<\/tr>\n<\/thead>\n<tbody>\n<tr>\n<td>Pneumatique<\/td>\n<td>R\u00e9ponse rapide, configuration simple<\/td>\n<td>Pi\u00e8ces moul\u00e9es g\u00e9n\u00e9rales, volume moyen<\/td>\n<\/tr>\n<tr>\n<td>Hydraulique<\/td>\n<td>Force \u00e9lev\u00e9e, fonctionnement fluide<\/td>\n<td>Grandes moules n\u00e9cessitant une action forte<\/td>\n<\/tr>\n<tr>\n<td>Servo<\/td>\n<td>Contr\u00f4le pr\u00e9cis et programmable<\/td>\n<td>Moules haut de gamme, s\u00e9quences de gating complexes<\/td>\n<\/tr>\n<\/tbody>\n<\/table>\n<p>Les conceptions de vannes \u00e0 porte r\u00e9duisent les gouttes de moulage par injection et am\u00e9liorent le contr\u00f4le de la vestige de porte, ce qui les rend id\u00e9ales pour les plastiques techniques avec des exigences de qualit\u00e9 strictes.<\/p>\n<h3>Conception de buse \u00e0 porte thermique (ouverte) : pointes torpille et d\u00e9viatrices<\/h3>\n<p>Les buses \u00e0 porte thermique fonctionnent sans action m\u00e9canique par broche, simplifiant la conception et r\u00e9duisant le co\u00fbt. Les styles courants incluent :<\/p>\n<ul>\n<li><strong>Pointes torpille<\/strong>: Flux rationalis\u00e9 mais options de gating limit\u00e9es. Elles sont \u00e9conomiques pour les plastiques de commodit\u00e9 et les pi\u00e8ces simples.<\/li>\n<li><strong>Pointes d\u00e9viatrices<\/strong>: Contr\u00f4lent la direction du flux dans la buse, aidant \u00e0 \u00e9quilibrer le remplissage dans les syst\u00e8mes \u00e0 gouttes multiples.<\/li>\n<\/ul>\n<p>Ces conceptions conviennent mieux aux applications o\u00f9 le temps de cycle et les \u00e9conomies de co\u00fbts sont prioritaires par rapport \u00e0 un contr\u00f4le pr\u00e9cis du gating.<\/p>\n<p>En choisissant la m\u00e9thode de gating appropri\u00e9e, vous optimisez le syst\u00e8me de livraison de la fusion pour votre r\u00e9sine et vos cavit\u00e9s, garantissant fiabilit\u00e9 et efficacit\u00e9.<\/p>\n<p>Pour une gestion avanc\u00e9e de la temp\u00e9rature dans les deux types, l'int\u00e9gration de <a href=\"https:\/\/hotrunneroem.com\/fr\/hot-runner-temperature-controllers\/\">zones de contr\u00f4le de temp\u00e9rature PID<\/a> peut affiner la stabilit\u00e9 thermique et prolonger la dur\u00e9e de vie de la buse.<\/p>\n<h2>Compatibilit\u00e9 des mat\u00e9riaux et m\u00e9tallurgie dans la conception de la buse du syst\u00e8me \u00e0 canaux chauds<\/h2>\n<p><img decoding=\"async\" src=\"https:\/\/hotrunneroem.com\/wp-content\/uploads\/2026\/01\/Hot-Runner-Nozzle.jpg\" alt=\"Compatibilit\u00e9 entre acier et r\u00e9sine des buses de syst\u00e8me de canaux chauds\" \/><\/p>\n<p>Choisir les bons mat\u00e9riaux est crucial pour la conception de la buse du syst\u00e8me \u00e0 canaux chauds, en particulier lorsqu'il s'agit de diff\u00e9rents types de r\u00e9sines et d'environnements \u00e0 usure \u00e9lev\u00e9e. Nous s\u00e9lectionnons soigneusement des aciers comme le H13 pour sa t\u00e9nacit\u00e9 et sa r\u00e9sistance \u00e0 la fatigue thermique, l'acier inox 420 pour sa r\u00e9sistance \u00e0 la corrosion, et des alliages TZM lorsque une r\u00e9sistance extr\u00eame \u00e0 l'usure et une conductivit\u00e9 thermique sont n\u00e9cessaires. Ces mat\u00e9riaux contribuent \u00e0 maintenir la durabilit\u00e9 et des performances constantes lors de cycles d'injection r\u00e9p\u00e9t\u00e9s.<\/p>\n<p>Nos conceptions de buses sont adapt\u00e9es \u00e0 des cat\u00e9gories de r\u00e9sines sp\u00e9cifiques : les plastiques techniques exigent une gestion thermique pr\u00e9cise et une r\u00e9sistance \u00e0 l'abrasion, tandis que les plastiques de consommation n\u00e9cessitent des trajectoires d'\u00e9coulement optimis\u00e9es pour des taux de cisaillement plus faibles et moins de chutes lors de l'injection. Cette approche sp\u00e9cifique \u00e0 la r\u00e9sine garantit une livraison correcte du m\u00e9lange fondu sans d\u00e9grader la qualit\u00e9 du mat\u00e9riau, \u00e9vitant des probl\u00e8mes courants comme le stringing ou les remplissages incoh\u00e9rents.<\/p>\n<p>Pour y parvenir, nos choix de m\u00e9tallurgie s'alignent parfaitement avec la g\u00e9om\u00e9trie du canal d'\u00e9coulement et les profils thermiques requis par chaque type de plastique. Pour une plong\u00e9e plus approfondie dans les consid\u00e9rations sp\u00e9cifiques \u00e0 la r\u00e9sine et l'int\u00e9gration de la m\u00e9tallurgie, consultez notre ressource d\u00e9taill\u00e9e <a href=\"https:\/\/hotrunneroem.com\/fr\/hot-runner-injection-mold\/\">moule d'injection \u00e0 canaux chauds<\/a> de moulage.<\/p>\n<p>En associant le mat\u00e9riau et la conception au type de plastique, nous r\u00e9duisons la fr\u00e9quence d'entretien et prolongeons la dur\u00e9e de vie de la buse, ce qui b\u00e9n\u00e9ficie directement \u00e0 l'efficacit\u00e9 et \u00e0 la rentabilit\u00e9 de votre production.<\/p>\n<h2>R\u00e9solution des d\u00e9fauts courants de moulage via la conception<\/h2>\n<p>En ce qui concerne la conception de la buse du syst\u00e8me \u00e0 canaux chauds, la lutte contre les d\u00e9fauts de moulage typiques commence par une ing\u00e9nierie intelligente. Un probl\u00e8me fr\u00e9quent est le stringing et le gouttage, o\u00f9 la r\u00e9sine fondue fuit lors des pauses. Nous y rem\u00e9dions en affinant l'assise de la pointe combin\u00e9e \u00e0 des techniques d'isolation thermique, emp\u00eachant toute fuite de fusion ind\u00e9sirable sans compromettre le temps de cycle.<\/p>\n<p>L'efficacit\u00e9 du changement de couleur est un autre domaine critique. En optimisant le rin\u00e7age du canal d'\u00e9coulement, nous r\u00e9duisons les blocages de r\u00e9sine et la contamination, ce qui diminue les taux de rebuts et acc\u00e9l\u00e8re les transitions entre couleurs ou mat\u00e9riaux. Cela contribue \u00e9galement \u00e0 maintenir une qualit\u00e9 de produit constante avec un temps d'arr\u00eat minimal.<\/p>\n<p>Le contr\u00f4le des vestiges est essentiel pour produire des pi\u00e8ces propres et sans d\u00e9fauts. Nos conceptions de buses se concentrent sur la minimisation des marques de t\u00e9moin de porte gr\u00e2ce \u00e0 des g\u00e9om\u00e9tries d'ouverture de porte pr\u00e9cises et des profils thermiques contr\u00f4l\u00e9s, garantissant que les r\u00e9sidus de porte soient presque invisibles apr\u00e8s le moulage.<\/p>\n<p>Pour les clients souhaitant approfondir l'\u00e9quilibre entre gestion thermique et g\u00e9om\u00e9trie du canal d'\u00e9coulement, nos solutions sont soutenues par une analyse thermique Moldflow pour optimiser chaque voie de la buse et du canal d'\u00e9coulement. D\u00e9couvrez <a href=\"https:\/\/hotrunneroem.com\/fr\/hot-runner-manifold\/\">nos conceptions de manifold de syst\u00e8me \u00e0 canaux chauds<\/a> pour des insights d\u00e9taill\u00e9s sur les syst\u00e8mes avanc\u00e9s de livraison de fusion.<\/p>\n<h2>Capacit\u00e9s de personnalisation chez China Hot Runner System<\/h2>\n<p>Nous comprenons que chaque projet de moulage par injection est unique. C\u2019est pourquoi notre syst\u00e8me \u00e0 canaux chauds en France propose des solutions sur mesure, int\u00e9grant une analyse avanc\u00e9e Moldflow. Cela nous permet de simuler avec pr\u00e9cision le temps de remplissage et les taux de cisaillement de la r\u00e9sine, garantissant un remplissage coh\u00e9rent de vos pi\u00e8ces avec un stress minimal sur la fusion, r\u00e9duisant ainsi les d\u00e9fauts.<\/p>\n<p>La personnalisation s'\u00e9tend \u00e0 des longueurs de buse variables et \u00e0 des ajustements de pas, correspondant parfaitement \u00e0 vos hauteurs de pile et \u00e0 l'espacement des cavit\u00e9s dans les moules multi-cavit\u00e9s. Cette flexibilit\u00e9 garantit un ajustement optimal et une livraison de fusion efficace dans des configurations de moules complexes.<\/p>\n<p>L'entretien est simplifi\u00e9 gr\u00e2ce \u00e0 notre approche d'ing\u00e9nierie privil\u00e9giant le remplacement facile de la pointe directement dans le moule. Cette fonctionnalit\u00e9 r\u00e9duit consid\u00e9rablement les temps d'arr\u00eat lors des cycles de production, prot\u00e8ge contre l'usure typique et facilite le maintien du syst\u00e8me \u00e0 canaux chauds en parfait \u00e9tat de fonctionnement.<\/p>\n<p>En combinant ces options sur mesure avec des mat\u00e9riaux robustes et une conception de flux efficace, notre syst\u00e8me \u00e0 canaux chauds en France se distingue par ses performances et sa facilit\u00e9 d'utilisation, r\u00e9pondant aux exigences mondiales de moulage.<\/p>\n<p>Pour plus de d\u00e9tails sur les options de composants, consultez notre <a href=\"https:\/\/hotrunneroem.com\/fr\/hot-runner-parts\/\">pi\u00e8ces de buses chaudes<\/a> collection et d\u00e9couvrez comment am\u00e9liorer votre configuration existante.<\/p>\n<h2>Sp\u00e9cifications Techniques &amp; Param\u00e8tres de Fonctionnement<\/h2>\n<p>Lors de la conception d'une buse de syst\u00e8me \u00e0 canal chaud, la pr\u00e9cision dans les sp\u00e9cifications techniques est essentielle pour des performances constantes. Nos buses maintiennent <strong>une pr\u00e9cision de contr\u00f4le de la temp\u00e9rature dans \u00b11\u00b0C<\/strong>, garantissant que le flux de fusion reste stable et que les d\u00e9fauts sont minimis\u00e9s. Ce contr\u00f4le thermique pr\u00e9cis est crucial pour g\u00e9rer diff\u00e9rents types de r\u00e9sines et \u00e9viter des probl\u00e8mes tels que le gouttage ou le filage lors de l'injection.<\/p>\n<table>\n<thead>\n<tr>\n<th>Param\u00e8tre<\/th>\n<th>Sp\u00e9cification<\/th>\n<\/tr>\n<\/thead>\n<tbody>\n<tr>\n<td>Pr\u00e9cision du Contr\u00f4le de la Temp\u00e9rature<\/td>\n<td>\u00b11\u00b0C<\/td>\n<\/tr>\n<tr>\n<td>Pression d'Injection Maximale<\/td>\n<td>Jusqu'\u00e0 250 MPa<\/td>\n<\/tr>\n<tr>\n<td>Normes de Tension<\/td>\n<td>110V \/ 220V \/ 380V<\/td>\n<\/tr>\n<\/tbody>\n<\/table>\n<p>Nos buses supportent des pressions d'injection jusqu'\u00e0 250 MPa, permettant des cycles de moulage robustes sur des syst\u00e8mes \u00e0 plusieurs cavit\u00e9s et des assemblages de collecteurs complexes. La compatibilit\u00e9 de tension couvre les normes industrielles courantes\u2014110V, 220V, et 380V\u2014rendant l'int\u00e9gration dans votre syst\u00e8me de moiti\u00e9 chaud simple et fiable.<\/p>\n<p>Ces param\u00e8tres techniques combin\u00e9s am\u00e9liorent l'efficacit\u00e9 et la durabilit\u00e9 du syst\u00e8me de livraison de la fusion, essentiels pour r\u00e9duire le temps de cycle et assurer la long\u00e9vit\u00e9. Pour une gestion pr\u00e9cise de la temp\u00e9rature, nos syst\u00e8mes int\u00e8grent des zones de contr\u00f4le de temp\u00e9rature avanc\u00e9es PID, une caract\u00e9ristique critique pour minimiser les fluctuations thermiques.<\/p>\n<p>Pour plus de d\u00e9tails ou pour discuter de sp\u00e9cifications personnalis\u00e9es adapt\u00e9es \u00e0 vos besoins de production, envisagez de soumettre des donn\u00e9es CAO pour une revue par un expert sur notre <a href=\"https:\/\/hotrunneroem.com\/fr\/thank-you\/\">page de consultation en ing\u00e9nierie<\/a>.<\/p>\n<h2>Demander une Consultation en Ing\u00e9nierie<\/h2>\n<p>Pour obtenir les meilleurs r\u00e9sultats avec la conception de votre buse de syst\u00e8me \u00e0 canal chaud, nous vous invitons \u00e0 soumettre vos donn\u00e9es CAO pour une revue gratuite. Notre \u00e9quipe d'ing\u00e9nierie du syst\u00e8me \u00e0 canal chaud en France analysera vos conceptions en profondeur, en se concentrant sur l'optimisation des performances du syst\u00e8me de livraison de la fusion, la g\u00e9om\u00e9trie du canal d'\u00e9coulement et la gestion thermique. Cela garantit des solutions personnalis\u00e9es adapt\u00e9es \u00e0 vos besoins sp\u00e9cifiques de moulage, am\u00e9liorant l'efficacit\u00e9 et r\u00e9duisant les d\u00e9fauts.<\/p>\n<p>Notre engagement va au-del\u00e0 de la conception\u2014nous privil\u00e9gions la durabilit\u00e9 et la r\u00e9duction du temps de cycle dans chaque projet. En int\u00e9grant une analyse thermique du flux de moule et en appliquant des zones de contr\u00f4le de temp\u00e9rature pr\u00e9cises, nous vous aidons \u00e0 obtenir une qualit\u00e9 constante et des cycles de production plus rapides. Collaborer avec nous signifie acc\u00e9der \u00e0 des conseils d'experts pour ajuster finement les actionneurs de valve, les astuces de gestion thermique, et d'autres composants cl\u00e9s pour le succ\u00e8s de votre moule.<\/p>\n<p>D\u00e9couvrez comment notre expertise en syst\u00e8mes \u00e0 canal chaud sur mesure peut am\u00e9liorer votre processus de moulage par injection en nous contactant pour votre consultation d'ing\u00e9nierie personnalis\u00e9e. Pour plus de d\u00e9tails sur nos offres et innovations, visitez notre <a href=\"https:\/\/hotrunneroem.com\/fr\/\">solutions de syst\u00e8mes de canaux chauds personnalis\u00e9s<\/a> page.<\/p>\n<div id=\"references\" class=\"min-w-0 scroll-mt-8 overflow-hidden\">\n<div class=\"flex flex-col gap-2 text-sm leading-relaxed\"><\/div>\n<\/div>","protected":false},"excerpt":{"rendered":"<p>La conception de la buse du syst\u00e8me de distribution thermique de pr\u00e9cision garantit un flux de fusion optimal, une stabilit\u00e9 thermique et une personnalisation pour l'injection de haute performance.<\/p>","protected":false},"featured_media":353,"template":"","meta":{"site-sidebar-layout":"default","site-content-layout":"","ast-site-content-layout":"default","site-content-style":"default","site-sidebar-style":"default","ast-global-header-display":"","ast-banner-title-visibility":"","ast-main-header-display":"","ast-hfb-above-header-display":"","ast-hfb-below-header-display":"","ast-hfb-mobile-header-display":"","site-post-title":"","ast-breadcrumbs-content":"","ast-featured-img":"","footer-sml-layout":"","ast-disable-related-posts":"","theme-transparent-header-meta":"default","adv-header-id-meta":"","stick-header-meta":"","header-above-stick-meta":"","header-main-stick-meta":"","header-below-stick-meta":"","astra-migrate-meta-layouts":"set","ast-page-background-enabled":"default","ast-page-background-meta":{"desktop":{"background-color":"var(--ast-global-color-5)","background-image":"","background-repeat":"repeat","background-position":"center center","background-size":"auto","background-attachment":"scroll","background-type":"","background-media":"","overlay-type":"","overlay-color":"","overlay-opacity":"","overlay-gradient":""},"tablet":{"background-color":"","background-image":"","background-repeat":"repeat","background-position":"center center","background-size":"auto","background-attachment":"scroll","background-type":"","background-media":"","overlay-type":"","overlay-color":"","overlay-opacity":"","overlay-gradient":""},"mobile":{"background-color":"","background-image":"","background-repeat":"repeat","background-position":"center center","background-size":"auto","background-attachment":"scroll","background-type":"","background-media":"","overlay-type":"","overlay-color":"","overlay-opacity":"","overlay-gradient":""}},"ast-content-background-meta":{"desktop":{"background-color":"var(--ast-global-color-4)","background-image":"","background-repeat":"repeat","background-position":"center center","background-size":"auto","background-attachment":"scroll","background-type":"","background-media":"","overlay-type":"","overlay-color":"","overlay-opacity":"","overlay-gradient":""},"tablet":{"background-color":"var(--ast-global-color-4)","background-image":"","background-repeat":"repeat","background-position":"center center","background-size":"auto","background-attachment":"scroll","background-type":"","background-media":"","overlay-type":"","overlay-color":"","overlay-opacity":"","overlay-gradient":""},"mobile":{"background-color":"var(--ast-global-color-4)","background-image":"","background-repeat":"repeat","background-position":"center center","background-size":"auto","background-attachment":"scroll","background-type":"","background-media":"","overlay-type":"","overlay-color":"","overlay-opacity":"","overlay-gradient":""}}},"product_brand":[],"product_cat":[28],"product_tag":[53,60,49],"class_list":{"0":"post-356","1":"product","2":"type-product","3":"status-publish","4":"has-post-thumbnail","6":"product_cat-hot-runner-system","7":"product_tag-custom-hot-runner","8":"product_tag-nozzle-design","9":"product_tag-nozzle-tips","10":"desktop-align-left","11":"tablet-align-left","12":"mobile-align-left","14":"first","15":"instock","16":"featured","17":"shipping-taxable","18":"product-type-simple"},"_links":{"self":[{"href":"https:\/\/hotrunneroem.com\/fr\/wp-json\/wp\/v2\/product\/356","targetHints":{"allow":["GET"]}}],"collection":[{"href":"https:\/\/hotrunneroem.com\/fr\/wp-json\/wp\/v2\/product"}],"about":[{"href":"https:\/\/hotrunneroem.com\/fr\/wp-json\/wp\/v2\/types\/product"}],"wp:featuredmedia":[{"embeddable":true,"href":"https:\/\/hotrunneroem.com\/fr\/wp-json\/wp\/v2\/media\/353"}],"wp:attachment":[{"href":"https:\/\/hotrunneroem.com\/fr\/wp-json\/wp\/v2\/media?parent=356"}],"wp:term":[{"taxonomy":"product_brand","embeddable":true,"href":"https:\/\/hotrunneroem.com\/fr\/wp-json\/wp\/v2\/product_brand?post=356"},{"taxonomy":"product_cat","embeddable":true,"href":"https:\/\/hotrunneroem.com\/fr\/wp-json\/wp\/v2\/product_cat?post=356"},{"taxonomy":"product_tag","embeddable":true,"href":"https:\/\/hotrunneroem.com\/fr\/wp-json\/wp\/v2\/product_tag?post=356"}],"curies":[{"name":"wp","href":"https:\/\/api.w.org\/{rel}","templated":true}]}}