{"id":381,"date":"2026-02-02T15:24:42","date_gmt":"2026-02-02T07:24:42","guid":{"rendered":"https:\/\/hotrunneroem.com\/?post_type=product&#038;p=381"},"modified":"2026-02-02T16:33:37","modified_gmt":"2026-02-02T08:33:37","slug":"pc-plastic-hot-runner-system","status":"publish","type":"product","link":"https:\/\/hotrunneroem.com\/fr\/pc-plastic-hot-runner-system\/","title":{"rendered":"Syst\u00e8me de canal chaud en plastique pour la fabrication pr\u00e9cise de polycarbonate"},"content":{"rendered":"<h2>Aper\u00e7u du produit : Pr\u00e9cision pour le polycarbonate<\/h2>\n<p>&nbsp;<\/p>\n<p><img fetchpriority=\"high\" decoding=\"async\" class=\"alignnone size-full wp-image-379\" src=\"https:\/\/hotrunneroem.com\/wp-content\/uploads\/2026\/02\/PC-Plastic-hot-runner-system-2.jpg\" alt=\"\" width=\"800\" height=\"800\" srcset=\"https:\/\/hotrunneroem.com\/wp-content\/uploads\/2026\/02\/PC-Plastic-hot-runner-system-2.jpg 800w, https:\/\/hotrunneroem.com\/wp-content\/uploads\/2026\/02\/PC-Plastic-hot-runner-system-2-12x12.jpg 12w, https:\/\/hotrunneroem.com\/wp-content\/uploads\/2026\/02\/PC-Plastic-hot-runner-system-2-300x300.jpg 300w, https:\/\/hotrunneroem.com\/wp-content\/uploads\/2026\/02\/PC-Plastic-hot-runner-system-2-600x600.jpg 600w, https:\/\/hotrunneroem.com\/wp-content\/uploads\/2026\/02\/PC-Plastic-hot-runner-system-2-100x100.jpg 100w\" sizes=\"(max-width: 800px) 100vw, 800px\" \/>Le fabricant de syst\u00e8mes de canaux chauds en France propose une solution sp\u00e9cialis\u00e9e de canal chaud con\u00e7ue exclusivement pour le moulage par injection de polycarbonate (PC). Cette gamme r\u00e9pond aux exigences exigeantes des applications en PC, garantissant une clart\u00e9 optique sup\u00e9rieure et une r\u00e9sistance structurelle essentielle pour des pi\u00e8ces haute performance.<\/p>\n<p>La viscosit\u00e9 intrins\u00e8que \u00e9lev\u00e9e du polycarbonate et sa fen\u00eatre de traitement \u00e9troite et sensible pr\u00e9sentent des d\u00e9fis importants. Un contr\u00f4le pr\u00e9cis de la temp\u00e9rature et une gestion du flux sont essentiels pour \u00e9viter les d\u00e9fauts typiques tels que les points noirs, le jaunissement et la d\u00e9formation induite par le stress.<\/p>\n<p>Notre syst\u00e8me de manifold chauff\u00e9 assure une distribution thermique uniforme dans tous les cavit\u00e9s. Cette stabilit\u00e9 minimise le stress de cisaillement et la d\u00e9gradation du mat\u00e9riau, favorisant des motifs de remplissage coh\u00e9rents et une qualit\u00e9 de surface impeccable. Ces solutions con\u00e7ues font de notre syst\u00e8me de canal chaud en plastique PC un choix id\u00e9al pour les canaux de moule de qualit\u00e9 optique o\u00f9 la clart\u00e9 et l'int\u00e9grit\u00e9 ne peuvent \u00eatre compromises.<\/p>\n<h2>Points de conception critiques pour les moules \u00e0 canaux chauds en polycarbonate<\/h2>\n<p>Concevoir un syst\u00e8me de canal chaud en plastique PC n\u00e9cessite une ing\u00e9nierie intelligente pour g\u00e9rer les caract\u00e9ristiques uniques du polycarbonate. Voici les principaux domaines sur lesquels nous nous concentrons :<\/p>\n<ul>\n<li><strong>Gestion de la rh\u00e9ologie :<\/strong> Nos canaux de manifold sont parfaitement dimensionn\u00e9s pour r\u00e9duire les chutes de pression et diminuer le temps de r\u00e9sidence \u00e0 l'int\u00e9rieur du canal. Cela aide \u00e0 \u00e9viter la d\u00e9gradation du PC, ce qui est crucial puisque la haute viscosit\u00e9 du polycarbonate exige un flux fluide et r\u00e9gulier pour pr\u00e9server l'int\u00e9grit\u00e9 du mat\u00e9riau.<\/li>\n<li><strong>\u00c9limination des points morts :<\/strong> Nous rationalisons les trajectoires de flux pour \u00e9liminer toute zone de stagnation o\u00f9 le PC pourrait stagner et br\u00fbler. Un mat\u00e9riau bloqu\u00e9 cause des points noirs et un jaunissement, donc l'uniformit\u00e9 du flux est indispensable pour des pi\u00e8ces claires et sans d\u00e9fauts.<\/li>\n<li><strong>Isolation thermique :<\/strong> \u00c0 des temp\u00e9ratures de traitement de 280\u00b0C \u00e0 320\u00b0C, il est vital de maintenir un contr\u00f4le thermique strict. Notre technologie avanc\u00e9e d'isolation maintient le canal chaud isol\u00e9 des plaques de moule plus froides, \u00e9vitant ainsi les pertes de chaleur et assurant une temp\u00e9rature de fusion constante tout au long du cycle d'injection.<\/li>\n<\/ul>\n<p>Ces \u00e9l\u00e9ments de conception r\u00e9duisent ensemble les risques de dommages dus au stress de cisaillement et \u00e0 la d\u00e9gradation thermique, permettant une performance fiable du canal chaud \u00e0 haute viscosit\u00e9 sp\u00e9cifique au moulage du polycarbonate.<\/p>\n<p>Pour une plong\u00e9e plus approfondie dans le contr\u00f4le pr\u00e9cis de la temp\u00e9rature dans les moules \u00e0 canaux chauds, consultez notre <a href=\"https:\/\/hotrunneroem.com\/fr\/hot-runner-temperature-controllers\/\">Contr\u00f4leurs de temp\u00e9rature pour syst\u00e8mes de distribution chaude<\/a> de moulage.<\/p>\n<h2>Composants du syst\u00e8me &amp; Technologie<\/h2>\n<p>Notre syst\u00e8me de canal chaud en plastique PC comprend des buses sp\u00e9cialis\u00e9es adapt\u00e9es au moulage optimal du polycarbonate. Les buses \u00e0 flux libre ou \u00e0 porte ouverte sont con\u00e7ues pour \u00e9liminer les gouttes et les filaments, garantissant des tirs propres \u00e0 chaque fois. Pour les pi\u00e8ces esth\u00e9tiques o\u00f9 la qualit\u00e9 de surface est critique, nos syst\u00e8mes de porte \u00e0 valve offrent un processus de moulage sans stress avec z\u00e9ro marque de vestige, parfaits pour des composants transparents ou de qualit\u00e9 optique.<\/p>\n<p>La technologie de chauffage est essentielle pour maintenir des conditions de traitement stables. Nous \u00e9quipons nos syst\u00e8mes de r\u00e9sistances \u00e0 haute densit\u00e9 qui int\u00e8grent des thermocouples int\u00e9gr\u00e9s, permettant des ajustements rapides et pr\u00e9cis de la temp\u00e9rature pour maintenir le profil thermique coh\u00e9rent tout au long du cycle. Cela aide \u00e0 respecter la fen\u00eatre de traitement \u00e9troite des mat\u00e9riaux PC.<\/p>\n<p>Le manifold est fabriqu\u00e9 en acier inoxydable r\u00e9sistant \u00e0 la corrosion et \u00e0 haute duret\u00e9, sp\u00e9cialement choisi pour r\u00e9sister \u00e0 la nature abrasive des grades de polycarbonate renforc\u00e9s de verre. Cette construction r\u00e9sistante \u00e0 l'usure garantit une dur\u00e9e de vie prolong\u00e9e de l'outil et une performance fiable dans les syst\u00e8mes de moules \u00e0 plusieurs cavit\u00e9s en PC.<\/p>\n<p>Pour des insights d\u00e9taill\u00e9s sur la conception des buses et l'int\u00e9gration des thermocouples, explorez nos explications sur <a href=\"https:\/\/hotrunneroem.com\/fr\/hot-runner-system-nozzle-design\/\">conception de buses pour syst\u00e8mes \u00e0 canal chaud<\/a> et <a href=\"https:\/\/hotrunneroem.com\/fr\/nozzle-thermocouple-wiring\/\">c\u00e2blage de thermocouples de buses<\/a>. Ces technologies se combinent pour offrir un syst\u00e8me de manifold chauff\u00e9 qui supporte le moulage par injection pr\u00e9cis du polycarbonate avec un minimum de d\u00e9fauts.<\/p>\n<h2>Avantages de performance du syst\u00e8me de canal chaud en plastique PC<\/h2>\n<p><img decoding=\"async\" src=\"https:\/\/hotrunneroem.com\/wp-content\/uploads\/2026\/02\/PC-Plastic-hot-runner-system-1.jpg\" alt=\"Avantages de performance du syst\u00e8me de coureur chaud en plastique PC\" \/><\/p>\n<p>Notre syst\u00e8me de canal chaud en plastique pour PC se distingue par sa capacit\u00e9 \u00e0 fournir <strong>une clart\u00e9 optique exceptionnelle<\/strong>, essentielle pour des applications telles que les lentilles d\u2019\u00e9clairage et les couvercles d\u2019affichage o\u00f9 une transparence impeccable est non n\u00e9gociable. La conception minimise les marques de flux et les contraintes internes, pr\u00e9servant la luminosit\u00e9 et la clart\u00e9 naturelles des pi\u00e8ces en polycarbonate.<\/p>\n<p>L\u2019optimisation du temps de cycle est un autre avantage majeur. Gr\u00e2ce \u00e0 une gestion thermique avanc\u00e9e et \u00e0 une r\u00e9cup\u00e9ration thermique rapide, notre syst\u00e8me supporte des cycles de moulage plus rapides sans compromettre la qualit\u00e9 des pi\u00e8ces ni provoquer de d\u00e9fauts. Cela signifie un d\u00e9bit plus \u00e9lev\u00e9 et des co\u00fbts de production r\u00e9duits.<\/p>\n<p>Nous nous concentrons \u00e9galement sur la r\u00e9duction des d\u00e9chets. Notre syst\u00e8me de canal chaud r\u00e9duit les noyaux froids et les d\u00e9chets de d\u00e9marrage, gr\u00e2ce \u00e0 un contr\u00f4le pr\u00e9cis de la temp\u00e9rature et \u00e0 un \u00e9quilibre efficace du flux entre les cavit\u00e9s. Cela permet non seulement d\u2019\u00e9conomiser du mat\u00e9riau, mais aussi d\u2019am\u00e9liorer la stabilit\u00e9 et la r\u00e9p\u00e9tabilit\u00e9 globales du processus.<\/p>\n<p>D\u00e9couvrez ces gains de performance int\u00e9gr\u00e9s dans notre <strong>syst\u00e8me de moulage par injection de polycarbonate<\/strong>, con\u00e7u pour des canaux de moule de qualit\u00e9 optique exigeante et des mat\u00e9riaux PC \u00e0 haute viscosit\u00e9.<\/p>\n<p>Pour des d\u00e9tails approfondis sur la gestion de la temp\u00e9rature, explorez notre <a href=\"https:\/\/hotrunneroem.com\/fr\/hot-runner-thermocouple\/\">technologie de thermocouple pour canal chaud<\/a> qui joue un r\u00f4le cl\u00e9 dans le maintien de conditions thermiques constantes pour des r\u00e9sultats optiques pr\u00e9cis.<\/p>\n<h2>Applications industrielles pour le syst\u00e8me de canal chaud en plastique PC<\/h2>\n<p>Notre syst\u00e8me de canal chaud en plastique PC s\u2019adapte parfaitement \u00e0 divers secteurs o\u00f9 la clart\u00e9 optique et la durabilit\u00e9 sont essentielles. Dans la fabrication automobile, il est id\u00e9al pour les lentilles de phares, les garnitures int\u00e9rieures et les piliers structurels, offrant une qualit\u00e9 constante pour des pi\u00e8ces critiques de s\u00e9curit\u00e9 et de design. Pour l\u2019\u00e9lectronique, le syst\u00e8me supporte des bo\u00eetiers transparents, des conduits lumineux LED et des connecteurs n\u00e9cessitant un moulage pr\u00e9cis sans contrainte ni d\u00e9fauts. Dans le domaine m\u00e9dical, notre syst\u00e8me de canal chaud permet la production de composants transparents st\u00e9rilisables et d\u2019enveloppes, garantissant une performance fiable et une biocompatibilit\u00e9.<\/p>\n<p>Cette polyvalence provient de la conception sur mesure de notre syst\u00e8me pour des mat\u00e9riaux \u00e0 haute viscosit\u00e9 comme le polycarbonate, supportant des applications exigeantes n\u00e9cessitant des canaux de moule de qualit\u00e9 optique parfaite et un contr\u00f4le pr\u00e9cis du flux. Pour une analyse avanc\u00e9e de la conception de moules et des performances li\u00e9es aux mat\u00e9riaux PC, vous pouvez explorer nos <a href=\"https:\/\/hotrunneroem.com\/fr\/mold-flow-analysis\/\">services d\u2019analyse de flux de moule<\/a> pour optimiser les sch\u00e9mas de remplissage et r\u00e9duire le stress de cisaillement lors de la production.<\/p>\n<h2>Solutions sur mesure et support continu<\/h2>\n<p>Nous proposons des services d\u2019analyse de flux sp\u00e9cialis\u00e9s utilisant la technologie Moldflow pour cartographier le chauffage par cisaillement et le comportement de remplissage avant toute d\u00e9coupe d\u2019acier. Cette vision pr\u00e9alable aide \u00e0 optimiser votre syst\u00e8me de moulage par injection de polycarbonate, r\u00e9duisant les risques et assurant un traitement fluide des mat\u00e9riaux PC \u00e0 haute viscosit\u00e9.<\/p>\n<p>Nos conceptions de canaux chauds mettent l\u2019accent sur la facilit\u00e9 d\u2019installation et de maintenance. Des fonctionnalit\u00e9s telles que des chauffages \u00e0 acc\u00e8s rapide et des proc\u00e9dures de nettoyage simples sont int\u00e9gr\u00e9es, ce qui est particuli\u00e8rement important lors de travaux avec des applications PC sensibles \u00e0 la couleur. Le remplacement efficace des chauffages minimise les temps d\u2019arr\u00eat lors des changements de couleur, maintenant votre production agile.<\/p>\n<p>Pour en savoir plus sur nos syst\u00e8mes de canaux chauds avanc\u00e9s adapt\u00e9s aux applications exigeantes en PC, explorez nos offres d\u00e9taill\u00e9es sur notre <a href=\"https:\/\/hotrunneroem.com\/fr\/shop\/\">page boutique<\/a>. D\u00e9couvrez \u00e9galement comment nous soutenons le cycle de vie complet de vos syst\u00e8mes personnalis\u00e9s en visitant notre <a href=\"https:\/\/hotrunneroem.com\/fr\/thank-you\/\">page de remerciement<\/a>.<\/p>\n<h2>Sp\u00e9cifications techniques pour le syst\u00e8me de canal chaud en plastique PC<\/h2>\n<table>\n<thead>\n<tr>\n<th>Sp\u00e9cification<\/th>\n<th>D\u00e9tails<\/th>\n<\/tr>\n<\/thead>\n<tbody>\n<tr>\n<td>Tension<\/td>\n<td>220V \/ 240V<\/td>\n<\/tr>\n<tr>\n<td>Temp\u00e9rature maximale<\/td>\n<td>Jusqu'\u00e0 350\u00b0C<\/td>\n<\/tr>\n<tr>\n<td>Types de buses<\/td>\n<td>G\u00e2che thermique, G\u00e2che \u00e0 valve<\/td>\n<\/tr>\n<tr>\n<td>Duret\u00e9 de l'acier<\/td>\n<td>Standard : HRC 50-54<br \/>\nRenforc\u00e9 : HRC 58-62<\/td>\n<\/tr>\n<tr>\n<td>Compatibilit\u00e9 des mat\u00e9riaux<\/td>\n<td>Polycarbonate (PC), PC rempli de verre<\/td>\n<\/tr>\n<tr>\n<td>Technologie de chauffage<\/td>\n<td>Densit\u00e9 de watt \u00e9lev\u00e9e avec thermocouples int\u00e9gr\u00e9s<\/td>\n<\/tr>\n<tr>\n<td>Type de collecteur<\/td>\n<td>Acier inoxydable r\u00e9sistant \u00e0 la corrosion<\/td>\n<\/tr>\n<\/tbody>\n<\/table>\n<p>Notre syst\u00e8me de canal chaud en plastique PC supporte le traitement \u00e0 haute temp\u00e9rature du PC jusqu'\u00e0 350\u00b0C, garantissant une excellente stabilit\u00e9 thermique essentielle pour les canaux de moule de qualit\u00e9 optique. Le choix entre les buses \u00e0 g\u00e2che thermique et \u00e0 g\u00e2che \u00e0 valve offre une flexibilit\u00e9 dans la gestion de la haute viscosit\u00e9 et de la sensibilit\u00e9 du PC.<\/p>\n<p>Les collecteurs en acier inoxydable existent en deux grades de duret\u00e9, standard et renforc\u00e9, pour une r\u00e9sistance \u00e0 l'usure, notamment avec des mat\u00e9riaux PC remplis de verre. Cela prolonge la dur\u00e9e de vie de l'outil et maintient des performances constantes en injection.<\/p>\n<p>Pour en savoir plus sur notre technologie avanc\u00e9e de manifold et nos options de buses, consultez nos <a href=\"https:\/\/hotrunneroem.com\/fr\/hot-runner-manifold\/\">conceptions de collecteurs pour canaux chauds<\/a> et <a href=\"https:\/\/hotrunneroem.com\/fr\/hot-runner-nozzle\/\">buses d'injection \u00e0 coureur chaud sp\u00e9cialis\u00e9es<\/a>.<\/p>\n<h2>Demandez une consultation technique pour votre syst\u00e8me de coureur chaud en plastique PC<\/h2>\n<p>Pr\u00eat \u00e0 optimiser votre processus de moulage par injection de polycarbonate ? Soumettez vos fichiers CAO ou d\u00e9tails de projet \u00e0 notre \u00e9quipe d'ing\u00e9nierie du syst\u00e8me de coureur chaud en France. Nous sommes sp\u00e9cialis\u00e9s dans les configurations personnalis\u00e9es de coureurs chauds en PC adapt\u00e9es \u00e0 vos besoins pr\u00e9cis.<\/p>\n<p><strong>Comment proc\u00e9der :<\/strong><\/p>\n<table>\n<thead>\n<tr>\n<th>\u00c9tape<\/th>\n<th>Action<\/th>\n<\/tr>\n<\/thead>\n<tbody>\n<tr>\n<td>1. Pr\u00e9parer les donn\u00e9es CAO<\/td>\n<td>Inclure des conceptions et sp\u00e9cifications d\u00e9taill\u00e9es du moule<\/td>\n<\/tr>\n<tr>\n<td>2. D\u00e9finir les besoins du projet<\/td>\n<td>Fournir les grades de mat\u00e9riaux, le nombre de cavit\u00e9s et les objectifs<\/td>\n<\/tr>\n<tr>\n<td>3. Contacter l'ing\u00e9nierie<\/td>\n<td>Contactez directement pour discuter des solutions techniques<\/td>\n<\/tr>\n<\/tbody>\n<\/table>\n<p>Nos experts analyseront vos exigences et recommanderont un syst\u00e8me de coureur chaud haute performance con\u00e7u pour g\u00e9rer efficacement la haute viscosit\u00e9 et les exigences thermiques du PC.<\/p>\n<p>Pour une int\u00e9gration transparente et un support de maintenance, explorez nos <a href=\"https:\/\/hotrunneroem.com\/fr\/hot-runner-parts\/\">pi\u00e8ces de buses chaudes<\/a> et nos m\u00e9thodes avanc\u00e9es de <a href=\"https:\/\/hotrunneroem.com\/fr\/pid-hot-runner-controller-box\/\">bo\u00eetes de contr\u00f4le PID pour coureurs chauds<\/a> con\u00e7ues pour am\u00e9liorer la stabilit\u00e9 du syst\u00e8me et la productivit\u00e9.<\/p>\n<p>Contactez-nous d\u00e8s aujourd'hui et profitez de l'expertise de notre \u00e9quipe pour r\u00e9aliser un moulage parfait avec votre \u00e9quipement de traitement du polycarbonate.<\/p>\n<div id=\"references\" class=\"min-w-0 scroll-mt-8 overflow-hidden\">\n<div class=\"flex flex-col gap-2 text-sm leading-relaxed\"><\/div>\n<\/div>","protected":false},"excerpt":{"rendered":"<p>Syst\u00e8me de canal chaud en plastique PC de haute pr\u00e9cision con\u00e7u pour un contr\u00f4le de temp\u00e9rature coh\u00e9rent et un flux optimis\u00e9 dans le moulage exigeant du polycarbonate.<\/p>","protected":false},"featured_media":379,"template":"","meta":{"site-sidebar-layout":"default","site-content-layout":"","ast-site-content-layout":"default","site-content-style":"default","site-sidebar-style":"default","ast-global-header-display":"","ast-banner-title-visibility":"","ast-main-header-display":"","ast-hfb-above-header-display":"","ast-hfb-below-header-display":"","ast-hfb-mobile-header-display":"","site-post-title":"","ast-breadcrumbs-content":"","ast-featured-img":"","footer-sml-layout":"","ast-disable-related-posts":"","theme-transparent-header-meta":"default","adv-header-id-meta":"","stick-header-meta":"","header-above-stick-meta":"","header-main-stick-meta":"","header-below-stick-meta":"","astra-migrate-meta-layouts":"set","ast-page-background-enabled":"default","ast-page-background-meta":{"desktop":{"background-color":"var(--ast-global-color-5)","background-image":"","background-repeat":"repeat","background-position":"center center","background-size":"auto","background-attachment":"scroll","background-type":"","background-media":"","overlay-type":"","overlay-color":"","overlay-opacity":"","overlay-gradient":""},"tablet":{"background-color":"","background-image":"","background-repeat":"repeat","background-position":"center center","background-size":"auto","background-attachment":"scroll","background-type":"","background-media":"","overlay-type":"","overlay-color":"","overlay-opacity":"","overlay-gradient":""},"mobile":{"background-color":"","background-image":"","background-repeat":"repeat","background-position":"center center","background-size":"auto","background-attachment":"scroll","background-type":"","background-media":"","overlay-type":"","overlay-color":"","overlay-opacity":"","overlay-gradient":""}},"ast-content-background-meta":{"desktop":{"background-color":"var(--ast-global-color-4)","background-image":"","background-repeat":"repeat","background-position":"center center","background-size":"auto","background-attachment":"scroll","background-type":"","background-media":"","overlay-type":"","overlay-color":"","overlay-opacity":"","overlay-gradient":""},"tablet":{"background-color":"var(--ast-global-color-4)","background-image":"","background-repeat":"repeat","background-position":"center center","background-size":"auto","background-attachment":"scroll","background-type":"","background-media":"","overlay-type":"","overlay-color":"","overlay-opacity":"","overlay-gradient":""},"mobile":{"background-color":"var(--ast-global-color-4)","background-image":"","background-repeat":"repeat","background-position":"center center","background-size":"auto","background-attachment":"scroll","background-type":"","background-media":"","overlay-type":"","overlay-color":"","overlay-opacity":"","overlay-gradient":""}}},"product_brand":[],"product_cat":[35],"product_tag":[48,52,62],"class_list":{"0":"post-381","1":"product","2":"type-product","3":"status-publish","4":"has-post-thumbnail","6":"product_cat-hot-runner-design","7":"product_tag-hot-runner-injection-mold","8":"product_tag-mold-flow-analysis","9":"product_tag-pc-plastic","10":"desktop-align-left","11":"tablet-align-left","12":"mobile-align-left","14":"first","15":"instock","16":"featured","17":"shipping-taxable","18":"product-type-simple"},"_links":{"self":[{"href":"https:\/\/hotrunneroem.com\/fr\/wp-json\/wp\/v2\/product\/381","targetHints":{"allow":["GET"]}}],"collection":[{"href":"https:\/\/hotrunneroem.com\/fr\/wp-json\/wp\/v2\/product"}],"about":[{"href":"https:\/\/hotrunneroem.com\/fr\/wp-json\/wp\/v2\/types\/product"}],"wp:featuredmedia":[{"embeddable":true,"href":"https:\/\/hotrunneroem.com\/fr\/wp-json\/wp\/v2\/media\/379"}],"wp:attachment":[{"href":"https:\/\/hotrunneroem.com\/fr\/wp-json\/wp\/v2\/media?parent=381"}],"wp:term":[{"taxonomy":"product_brand","embeddable":true,"href":"https:\/\/hotrunneroem.com\/fr\/wp-json\/wp\/v2\/product_brand?post=381"},{"taxonomy":"product_cat","embeddable":true,"href":"https:\/\/hotrunneroem.com\/fr\/wp-json\/wp\/v2\/product_cat?post=381"},{"taxonomy":"product_tag","embeddable":true,"href":"https:\/\/hotrunneroem.com\/fr\/wp-json\/wp\/v2\/product_tag?post=381"}],"curies":[{"name":"wp","href":"https:\/\/api.w.org\/{rel}","templated":true}]}}