{"id":390,"date":"2026-02-02T15:31:21","date_gmt":"2026-02-02T07:31:21","guid":{"rendered":"https:\/\/hotrunneroem.com\/?post_type=product&#038;p=390"},"modified":"2026-02-02T16:37:11","modified_gmt":"2026-02-02T08:37:11","slug":"needle-valve-hot-runner-solenoid-valve","status":"publish","type":"product","link":"https:\/\/hotrunneroem.com\/fr\/needle-valve-hot-runner-solenoid-valve\/","title":{"rendered":"Soupape \u00e0 aiguille pour syst\u00e8me de chauffage \u00e0 commande \u00e9lectrique, r\u00e9ponse rapide et durabilit\u00e9"},"content":{"rendered":"<h2>Vanne \u00e0 aiguille pour syst\u00e8me de coureur chaud, \u00e9lectrovanne : Action de pr\u00e9cision pour les portes de vanne<\/h2>\n<p><img fetchpriority=\"high\" decoding=\"async\" class=\"alignnone size-full wp-image-391\" src=\"https:\/\/hotrunneroem.com\/wp-content\/uploads\/2026\/02\/Integrated-multi-zone-needle-valve-hot-runner-solenoid-valve-4.jpg\" alt=\"\" width=\"800\" height=\"800\" srcset=\"https:\/\/hotrunneroem.com\/wp-content\/uploads\/2026\/02\/Integrated-multi-zone-needle-valve-hot-runner-solenoid-valve-4.jpg 800w, https:\/\/hotrunneroem.com\/wp-content\/uploads\/2026\/02\/Integrated-multi-zone-needle-valve-hot-runner-solenoid-valve-4-12x12.jpg 12w, https:\/\/hotrunneroem.com\/wp-content\/uploads\/2026\/02\/Integrated-multi-zone-needle-valve-hot-runner-solenoid-valve-4-300x300.jpg 300w, https:\/\/hotrunneroem.com\/wp-content\/uploads\/2026\/02\/Integrated-multi-zone-needle-valve-hot-runner-solenoid-valve-4-600x600.jpg 600w, https:\/\/hotrunneroem.com\/wp-content\/uploads\/2026\/02\/Integrated-multi-zone-needle-valve-hot-runner-solenoid-valve-4-100x100.jpg 100w\" sizes=\"(max-width: 800px) 100vw, 800px\" \/><\/p>\n<p>L\u2019\u00e9lectrovanne \u00e0 aiguille pour syst\u00e8me de coureur chaud fonctionne comme le centre de contr\u00f4le\u2014essentiellement le syst\u00e8me nerveux\u2014au sein des syst\u00e8mes de coureur chaud \u00e0 porte de vanne. Son r\u00f4le principal est de traduire les signaux de commande \u00e9lectriques de la machine d'injection dans un mouvement pneumatique ou hydraulique pr\u00e9cis qui actionne la broche de la vanne, ouvrant ou fermant la porte avec une synchronisation exacte.<\/p>\n<p>Cette \u00e9lectrovanne excelle dans la gestion du flux aussi bien dans les configurations \u00e0 une seule buse que dans les syst\u00e8mes complexes de portes de vannes s\u00e9quentielles multi-drops. En assurant une action pr\u00e9cise et en temps voulu de l\u2019aiguille, elle permet d\u2019optimiser les cycles d\u2019injection, r\u00e9duisant les d\u00e9fauts tels que les vestiges de porte et les marques d\u2019h\u00e9sitation. Son design facilite une int\u00e9gration transparente dans diverses configurations de coureurs chauds, ce qui la rend indispensable pour les contr\u00f4leurs de porte de vanne avanc\u00e9s utilis\u00e9s dans l\u2019a\u00e9rospatiale, l\u2019automobile et la fabrication m\u00e9dicale.<\/p>\n<h2>Comment l\u2019\u00e9lectrovanne \u00e0 bobine entra\u00eene le mouvement de l\u2019aiguille<\/h2>\n<p>Au c\u0153ur du fonctionnement de l\u2019\u00e9lectrovanne \u00e0 aiguille pour syst\u00e8me de coureur chaud se trouve sa capacit\u00e9 \u00e0 r\u00e9pondre avec pr\u00e9cision aux signaux \u00e9lectriques, g\u00e9n\u00e9ralement 24V DC ou 220V AC, envoy\u00e9s par le temporisateur de la s\u00e9quence d'injection. Ce signal commande \u00e0 l\u2019\u00e9lectrovanne de basculer le flux d\u2019air ou d\u2019huile hydraulique, contr\u00f4lant la position de l\u2019aiguille \u00e0 l\u2019int\u00e9rieur du syst\u00e8me de contr\u00f4le du cylindre du coureur chaud.<\/p>\n<h3>Traitement du signal et actionnement<\/h3>\n<p>Lorsque l\u2019\u00e9lectrovanne re\u00e7oit l\u2019impulsion \u00e9lectrique, elle d\u00e9clenche un \u00e9lectrovanne \u00e0 tiroir interne pour changer de position. Cette action dirige le fluide sous pression\u2014air pneumatique ou huile hydraulique\u2014vers le <strong>port d\u2019ouverture<\/strong>, ce qui r\u00e9tracte la broche de la vanne, ouvrant la porte. Inversement, lorsque le signal s\u2019arr\u00eate ou change, le tiroir redirige le fluide vers le <strong>port de fermeture<\/strong>, poussant l\u2019aiguille vers l\u2019avant pour sceller la porte du moule m\u00e9caniquement, ce qui est crucial pour un remplissage pr\u00e9cis du moule.<\/p>\n<p><img decoding=\"async\" class=\"alignnone size-full wp-image-389\" src=\"https:\/\/hotrunneroem.com\/wp-content\/uploads\/2026\/02\/Integrated-multi-zone-needle-valve-hot-runner-solenoid-valve-6.jpg\" alt=\"\" width=\"800\" height=\"800\" srcset=\"https:\/\/hotrunneroem.com\/wp-content\/uploads\/2026\/02\/Integrated-multi-zone-needle-valve-hot-runner-solenoid-valve-6.jpg 800w, https:\/\/hotrunneroem.com\/wp-content\/uploads\/2026\/02\/Integrated-multi-zone-needle-valve-hot-runner-solenoid-valve-6-12x12.jpg 12w, https:\/\/hotrunneroem.com\/wp-content\/uploads\/2026\/02\/Integrated-multi-zone-needle-valve-hot-runner-solenoid-valve-6-300x300.jpg 300w, https:\/\/hotrunneroem.com\/wp-content\/uploads\/2026\/02\/Integrated-multi-zone-needle-valve-hot-runner-solenoid-valve-6-600x600.jpg 600w, https:\/\/hotrunneroem.com\/wp-content\/uploads\/2026\/02\/Integrated-multi-zone-needle-valve-hot-runner-solenoid-valve-6-100x100.jpg 100w\" sizes=\"(max-width: 800px) 100vw, 800px\" \/><\/p>\n<h3>Conception de la vanne \u00e0 tiroir pour la pr\u00e9cision<\/h3>\n<p>Typiquement, le tiroir interne comporte une configuration de <strong>vanne directionnelle 5\/2 ou 5\/3 voies<\/strong> sp\u00e9cifiquement con\u00e7ue pour l\u2019injection plastique. Cette conception garantit l\u2019absence de fuite de fluide, assurant un changement rapide et fiable entre les positions ouverte et ferm\u00e9e. La commutation instantan\u00e9e \u00e9vite les retards dans l\u2019actionnement de la porte de vanne, ce qui est essentiel dans les syst\u00e8mes de portes de vannes s\u00e9quentielles pour maintenir le temps de cycle et la qualit\u00e9 des pi\u00e8ces.<\/p>\n<p>Cette architecture de tiroir soutient la performance coh\u00e9rente et r\u00e9p\u00e9table requise aussi bien dans les configurations \u00e0 une seule buse que dans les syst\u00e8mes complexes multi-drops o\u00f9 des composants de fermeture d\u2019aiguille pr\u00e9cis sont vitaux.<\/p>\n<p>Pour ceux qui souhaitent approfondir leurs connaissances sur la m\u00e9canique des portes de vannes et le contr\u00f4le critique du timing dans les syst\u00e8mes de coureurs chauds, nous recommandons d\u2019explorer les ressources associ\u00e9es sur <a href=\"https:\/\/hotrunneroem.com\/fr\/hot-runner-gate-types\/\">types de porte \u00e0 syst\u00e8me chaud<\/a> pour comprendre les diff\u00e9rentes m\u00e9thodes de contr\u00f4le dans les processus de remplissage de moules.<\/p>\n<h2>Sp\u00e9cifications techniques et indicateurs de performance pour l\u2019\u00e9lectrovanne \u00e0 aiguille pour syst\u00e8me de coureur chaud<\/h2>\n<p>En ce qui concerne les \u00e9lectrovannes dans les syst\u00e8mes de portes de vannes de coureur chaud, des sp\u00e9cifications de performance pr\u00e9cises sont essentielles. Voici une ventilation claire de ce qui importe le plus :<\/p>\n<table>\n<thead>\n<tr>\n<th>Caract\u00e9ristique<\/th>\n<th>D\u00e9tail<\/th>\n<th>Pertinence<\/th>\n<\/tr>\n<\/thead>\n<tbody>\n<tr>\n<td><strong>Temps de r\u00e9ponse<\/strong><\/td>\n<td>Moins de 20 millisecondes pour le commutateur<\/td>\n<td>Cl\u00e9 pour un contr\u00f4le pr\u00e9cis de la ligne de soudure et l'\u00e9vitement des d\u00e9fauts<\/td>\n<\/tr>\n<tr>\n<td><strong>R\u00e9sistance \u00e0 haute temp\u00e9rature<\/strong><\/td>\n<td>Bobines et joints fabriqu\u00e9s avec des mat\u00e9riaux Viton et PTFE<\/td>\n<td>Essentiel pour r\u00e9sister \u00e0 la chaleur extr\u00eame du collecteur de moule<\/td>\n<\/tr>\n<tr>\n<td><strong>D\u00e9bit (Facteur Cv)<\/strong><\/td>\n<td>Con\u00e7u pour fournir un volume d'air ou d'huile suffisant pour des broches de valve lourdes<\/td>\n<td>Assure un fonctionnement fluide dans les grands moules automobiles<\/td>\n<\/tr>\n<tr>\n<td><strong>Pression de fonctionnement<\/strong><\/td>\n<td>Pneumatique : 6-10 bar<br \/>\nHydraulique : jusqu'\u00e0 100 bar<\/td>\n<td>Prend en charge des actionneurs de soupape pneumatiques ou hydrauliques polyvalents<\/td>\n<\/tr>\n<\/tbody>\n<\/table>\n<h3>R\u00e9ponse rapide et pr\u00e9cise<\/h3>\n<p>La vanne \u00e0 aiguille pour le syst\u00e8me de chauffage par injection doit commuter en quelques millisecondes (g\u00e9n\u00e9ralement moins de 20 ms) pour contr\u00f4ler rapidement l'aiguille et maintenir la ligne de soudure propre et pr\u00e9cise. Cette rapidit\u00e9 est essentielle dans les syst\u00e8mes de vannes s\u00e9quentielles o\u00f9 le timing est crucial.<\/p>\n<h3>Construction r\u00e9sistante \u00e0 la chaleur<\/h3>\n<p>\u00c9tant donn\u00e9 que les bobines de sol\u00e9no\u00efde sont install\u00e9es pr\u00e8s du collecteur de moule, elles sont fabriqu\u00e9es avec des mat\u00e9riaux r\u00e9sistants \u00e0 haute temp\u00e9rature comme Viton et PTFE. Cela garantit une fonction fiable \u00e0 long terme m\u00eame sous la chaleur radiante intense \u00e9mise par les assemblages de moules \u00e0 injection chaude. Vous pouvez trouver des informations connexes sur <a href=\"https:\/\/hotrunneroem.com\/fr\/hot-runner-mold\/\">contr\u00f4le de la temp\u00e9rature du moule \u00e0 injection chaude<\/a>.<\/p>\n<h3>Capacit\u00e9 de d\u00e9bit pour applications industrielles lourdes<\/h3>\n<p>Les grands moules, en particulier dans la fabrication automobile, n\u00e9cessitent un flux d'air ou d'huile hydraulique important pour faire fonctionner efficacement les broches de soupape plus lourdes. Nos valves offrent des d\u00e9bits Cv suffisants pour g\u00e9rer ces exigences, en maintenant un mouvement fluide et continu sans retard.<\/p>\n<h3>Plage de pression pour diff\u00e9rents syst\u00e8mes<\/h3>\n<ul>\n<li><strong>Vannes pneumatiques :<\/strong> Fonctionnent en toute s\u00e9curit\u00e9 et efficacement entre 6 et 10 bar, parfaits pour la plupart des commandes de soupape \u00e0 air standard.<\/li>\n<li><strong>Vannes hydrauliques :<\/strong> Con\u00e7ues pour supporter des pressions plus \u00e9lev\u00e9es, jusqu'\u00e0 100 bar, pour des applications n\u00e9cessitant une force m\u00e9canique plus forte ou une r\u00e9ponse plus rapide.<\/li>\n<\/ul>\n<p>En r\u00e9sum\u00e9, ces sp\u00e9cifications garantissent que nos vannes sol\u00e9no\u00efdes fonctionnent de mani\u00e8re fiable et pr\u00e9cise dans divers syst\u00e8mes de canaux chauds et configurations de moulage par injection. Pour une commande et un contr\u00f4le pr\u00e9cis, consultez nos <a href=\"https:\/\/hotrunneroem.com\/fr\/hot-runner-control\/\">modules de contr\u00f4le hot runner<\/a> con\u00e7ues sp\u00e9cifiquement pour un mouvement efficace de la broche de la vanne.<\/p>\n<h2>Avantages de nos modules de vannes sol\u00e9no\u00efdes pour canaux chauds \u00e0 aiguille<\/h2>\n<p>Nos modules de contr\u00f4le par sol\u00e9no\u00efde sont adapt\u00e9s pour r\u00e9pondre aux exigences exigeantes de <strong>contr\u00f4leur de porte de vanne<\/strong> syst\u00e8mes dans le moulage par injection. Voici ce qui les distingue :<\/p>\n<table>\n<thead>\n<tr>\n<th>Caract\u00e9ristique<\/th>\n<th>Avantages<\/th>\n<\/tr>\n<\/thead>\n<tbody>\n<tr>\n<td><strong>Pr\u00e9cision de synchronisation<\/strong><\/td>\n<td>Un mouvement pr\u00e9cis de l'aiguille \u00e9limine les vestiges de porte et les marques d'h\u00e9sitation, garantissant des pi\u00e8ces plus propres et une meilleure qualit\u00e9 esth\u00e9tique.<\/td>\n<\/tr>\n<tr>\n<td><strong>Montage compact sur collecteur<\/strong><\/td>\n<td>Con\u00e7u pour s'int\u00e9grer dans des plaques de moule \u00e9troites ou des bo\u00eetiers de contr\u00f4le externes, \u00e9conomisant de l'espace sans compromettre la performance. Id\u00e9al pour les moules \u00e0 haute cavit\u00e9.<\/td>\n<\/tr>\n<tr>\n<td><strong>Durabilit\u00e9 de la bobine<\/strong><\/td>\n<td>Les bobines de sol\u00e9no\u00efde robustes et haute temp\u00e9rature r\u00e9sistent \u00e0 la surchauffe et \u00e0 la br\u00fblure lors de cycles continus, m\u00eame sous la chaleur radiante des collecteurs de moule.<\/td>\n<\/tr>\n<tr>\n<td><strong>Fonctionnalit\u00e9 de d\u00e9rogation manuelle<\/strong><\/td>\n<td>Permet aux techniciens d'actionner manuellement la broche de la vanne pour faciliter la mise en place, la mise en service et la maintenance du moule, r\u00e9duisant ainsi les temps d'arr\u00eat.<\/td>\n<\/tr>\n<\/tbody>\n<\/table>\n<p>Cette combinaison de fonctionnalit\u00e9s garantit un fonctionnement fluide \u00e0 la fois pour les buses \u00e0 une seule buse et pour les syst\u00e8mes multi-gouttes <strong>les syst\u00e8mes de commande de soupapes s\u00e9quentielles<\/strong>. Pour une int\u00e9gration optimale avec votre processus de moulage, il est essentiel d'associer la vanne au bon contr\u00f4leur de temporisation d'injection et aux solutions de gestion de la temp\u00e9rature. Vous pouvez explorer des options compatibles telles que nos <a href=\"https:\/\/hotrunneroem.com\/fr\/hot-runner-temperature-controllers\/\">Contr\u00f4leurs de temp\u00e9rature pour syst\u00e8mes de distribution chaude<\/a> pour am\u00e9liorer la stabilit\u00e9 et la pr\u00e9cision globales du syst\u00e8me.<\/p>\n<p>En se concentrant sur un contr\u00f4le synchronis\u00e9 fiable et une construction robuste, nos modules de sol\u00e9no\u00efdes apportent une valeur durable aux composants de buses \u00e0 aiguille \u00e0 coupure dans les industries automobile, m\u00e9dicale et de l'emballage.<\/p>\n<h2>Sc\u00e9narios d'application dans le moulage par injection<\/h2>\n<p>La vanne \u00e0 aiguille et la vanne \u00e0 sol\u00e9no\u00efde pour le syst\u00e8me de chauffage de la buse jouent un r\u00f4le crucial dans diverses configurations de moulage par injection en contr\u00f4lant pr\u00e9cis\u00e9ment le mouvement de la broche de la vanne pour une performance optimale du moule.<\/p>\n<ul>\n<li><strong>Gating s\u00e9quentiel (moulage en cascade) :<\/strong> Ce syst\u00e8me g\u00e8re l'ordre et le timing des ouvertures de la vanne pour contr\u00f4ler le flux de plastique dans de grandes pi\u00e8ces automobiles telles que les pare-chocs et les panneaux de porte. L'utilisation de vannes \u00e0 sol\u00e9no\u00efde garantit des transitions fluides, r\u00e9duisant les lignes de n\u0153ud et am\u00e9liorant la qualit\u00e9 de surface.<\/li>\n<li><strong>Moules \u00e0 haute cavit\u00e9 :<\/strong> Dans des industries telles que la fabrication de dispositifs m\u00e9dicaux ou l'emballage, les moules contiennent souvent 32 cavit\u00e9s ou plus. Nos modules de vannes \u00e0 sol\u00e9no\u00efde garantissent une action synchronis\u00e9e de toutes les broches de vanne, \u00e9vitant les remplissages in\u00e9gaux ou les d\u00e9fauts de pi\u00e8ces, ce qui est essentiel pour une qualit\u00e9 constante des pi\u00e8ces dans les configurations \u00e0 haute cavit\u00e9.<\/li>\n<li><strong>Moulage \u00e0 parois minces :<\/strong> Pour les applications \u00e0 cycle rapide produisant des composants \u00e0 parois minces, une action rapide et fiable de la vanne est indispensable. Le temps de r\u00e9ponse en millisecondes de la vanne \u00e0 sol\u00e9no\u00efde supporte ces cycles exigeants, maintenant un poids constant et une stabilit\u00e9 dimensionnelle des pi\u00e8ces.<\/li>\n<\/ul>\n<p>Nos vannes \u00e0 sol\u00e9no\u00efde s'int\u00e8grent parfaitement avec des <strong>les syst\u00e8mes de commande de soupapes s\u00e9quentielles<\/strong> et <strong>temporisateurs de s\u00e9quence de moulage par injection avanc\u00e9s<\/strong>, ce qui en fait un choix fiable pour le contr\u00f4le complexe des moules. Pour un support complet et plus de composants de vannes de porte, consultez notre page d\u00e9taill\u00e9e sur <a href=\"https:\/\/hotrunneroem.com\/fr\/hot-runner-parts\/\">pi\u00e8ces de buses chaudes<\/a>.<\/p>\n<h2>Protocoles d'installation et de d\u00e9pannage pour la vanne \u00e0 sol\u00e9no\u00efde de la buse \u00e0 aiguille<\/h2>\n<p><img decoding=\"async\" src=\"https:\/\/hotrunneroem.com\/wp-content\/uploads\/2026\/02\/Integrated-multi-zone-needle-valve-hot-runner-solenoid-valve-6.jpg\" alt=\"D\u00e9pannage de l&#039;installation du sol\u00e9no\u00efde de vanne \u00e0 aiguille\" \/><\/p>\n<h3>Normes de c\u00e2blage<\/h3>\n<ul>\n<li>Utilisez <strong>Interfaces de connecteur DIN<\/strong> pour assurer une installation rapide et s\u00e9curis\u00e9e compatible avec la plupart des syst\u00e8mes de temporisation de s\u00e9quence de moulage par injection.<\/li>\n<li>Faites attention \u00e0 <strong>Protection contre la polarit\u00e9<\/strong> pour \u00e9viter les dommages \u00e0 la bobine\u2014un c\u00e2blage incorrect provoque une d\u00e9faillance instantan\u00e9e.<\/li>\n<li>V\u00e9rifiez toujours que le type de tension (24V DC vs 220V AC) correspond aux sp\u00e9cifications de votre vanne.<\/li>\n<\/ul>\n<h3>Exigences en mati\u00e8re de qualit\u00e9 de l'air<\/h3>\n<ul>\n<li><strong>L'air filtr\u00e9 est indispensable<\/strong>: emp\u00eache la poussi\u00e8re ou les particules de provoquer le blocage de la vanne \u00e0 soupape.<\/li>\n<li>Pour les portes de vannes pneumatiques, d\u00e9cidez en fonction de la conception du syst\u00e8me :\n<ul>\n<li><strong>Air lubrifi\u00e9<\/strong> peut am\u00e9liorer le mouvement de la bobine mais comporte un risque de contamination si non entretenu.<\/li>\n<li><strong>Air non lubrifi\u00e9<\/strong> d\u00e9pend des mat\u00e9riaux de la vanne comme les joints en PTFE pour r\u00e9duire l'usure et la friction.<\/li>\n<\/ul>\n<\/li>\n<li>Assurez-vous que la pression d'air reste dans les plages recommand\u00e9es (6-10 bar pneumatique, ou plus \u00e9lev\u00e9 pour les variantes hydrauliques).<\/li>\n<\/ul>\n<h3>Diagnostic des pannes courantes<\/h3>\n<table>\n<thead>\n<tr>\n<th>Probl\u00e8me<\/th>\n<th>Cause<\/th>\n<th>Solution<\/th>\n<\/tr>\n<\/thead>\n<tbody>\n<tr>\n<td>D\u00e9faillance de la bobine<\/td>\n<td>Surchauffe, c\u00e2blage incorrect<\/td>\n<td>V\u00e9rifiez la tension, remplacez la bobine<\/td>\n<\/tr>\n<tr>\n<td>Blocage de la tige<\/td>\n<td>Air sale, d\u00e9bris, lubrification insuffisante<\/td>\n<td>Nettoyer les filtres \u00e0 air, purger les pi\u00e8ces de la vanne<\/td>\n<\/tr>\n<tr>\n<td>Fuite d'air<\/td>\n<td>Joints endommag\u00e9s, raccords desserr\u00e9s<\/td>\n<td>Inspecter les joints, serrer les connexions<\/td>\n<\/tr>\n<tr>\n<td>Lenteur de l'aiguille<\/td>\n<td>Pression d'air insuffisante<\/td>\n<td>Ajuster la pression ou v\u00e9rifier le compresseur<\/td>\n<\/tr>\n<\/tbody>\n<\/table>\n<p>Un entretien r\u00e9gulier suivant ces protocoles am\u00e9liore la long\u00e9vit\u00e9 et la pr\u00e9cision de votre contr\u00f4le de vanne \u00e0 sol\u00e9no\u00efde pour les portes de vannes \u00e0 coureur chaud. Pour des v\u00e9rifications ou entretiens d\u00e9taill\u00e9s de la vanne d'air du collecteur de moule, consultez notre guide complet sur <a href=\"https:\/\/hotrunneroem.com\/fr\/hot-runner-manifold\/\">entretien du collecteur \u00e0 coureur chaud<\/a>.<\/p>\n<h2>Demande de devis (RFQ) pour la vanne \u00e0 aiguille, vanne \u00e0 sol\u00e9no\u00efde pour coureur chaud<\/h2>\n<p>Lorsque vous \u00eates pr\u00eat \u00e0 approvisionner votre prochaine vanne \u00e0 aiguille pour coureur chaud, nous proposons des <strong>options de personnalisation flexibles<\/strong> pour r\u00e9pondre \u00e0 vos besoins sp\u00e9cifiques en moulage par injection. Voici ce que vous pouvez personnaliser :<\/p>\n<table>\n<thead>\n<tr>\n<th>Aspect de personnalisation<\/th>\n<th>D\u00e9tails<\/th>\n<\/tr>\n<\/thead>\n<tbody>\n<tr>\n<td><strong>Choix de tension<\/strong><\/td>\n<td>24V DC ou 220V AC selon les sp\u00e9cifications de la machine<\/td>\n<\/tr>\n<tr>\n<td><strong>Taille du port<\/strong><\/td>\n<td>Adapt\u00e9 aux syst\u00e8mes pneumatiques ou hydrauliques<\/td>\n<\/tr>\n<tr>\n<td><strong>Regroupement du collecteur<\/strong><\/td>\n<td>Prend en charge les configurations compactes ou \u00e0 cavit\u00e9s multiples<\/td>\n<\/tr>\n<\/tbody>\n<\/table>\n<p>Nous sommes un partenaire de confiance <strong>Syst\u00e8me de canaux chauds en France<\/strong> fabricant et fournisseur, offrant une assistance technique directe pour une int\u00e9gration sans faille <strong>int\u00e9gration de la vanne \u00e0 porte<\/strong>Cela signifie que vous b\u00e9n\u00e9ficiez d'un support technique d\u00e8s la conception jusqu'\u00e0 l'installation.<\/p>\n<p>Vous recherchez une solution fiable et haute performance ? Contactez-nous pour un devis personnalis\u00e9 et un support garantissant que vos unit\u00e9s d'actionnement de broches de soupape et vos contr\u00f4les de cylindre de rampe chaude sont parfaitement adapt\u00e9s.<\/p>\n<p>D\u00e9couvrez nos options avanc\u00e9es dans <a href=\"https:\/\/hotrunneroem.com\/fr\/hot-runner-system\/\">syst\u00e8me de canal chaud<\/a> et <a href=\"https:\/\/hotrunneroem.com\/fr\/hot-runner-nozzle\/\">composants de buse \u00e0 canal chaud<\/a> pour compl\u00e9ter votre configuration de moulage par injection.<\/p>\n<div id=\"references\" class=\"min-w-0 scroll-mt-8 overflow-hidden\">\n<div class=\"flex flex-col gap-2 text-sm leading-relaxed\"><\/div>\n<\/div>","protected":false},"excerpt":{"rendered":"<p>Vanne \u00e0 aiguille pour syst\u00e8me de chauffage par injection avec \u00e9lectrovanne \u00e0 r\u00e9ponse rapide, r\u00e9sistance \u00e0 haute temp\u00e9rature, id\u00e9ale pour un contr\u00f4le pr\u00e9cis de l'injection.<\/p>","protected":false},"featured_media":392,"template":"","meta":{"site-sidebar-layout":"default","site-content-layout":"","ast-site-content-layout":"default","site-content-style":"default","site-sidebar-style":"default","ast-global-header-display":"","ast-banner-title-visibility":"","ast-main-header-display":"","ast-hfb-above-header-display":"","ast-hfb-below-header-display":"","ast-hfb-mobile-header-display":"","site-post-title":"","ast-breadcrumbs-content":"","ast-featured-img":"","footer-sml-layout":"","ast-disable-related-posts":"","theme-transparent-header-meta":"default","adv-header-id-meta":"","stick-header-meta":"","header-above-stick-meta":"","header-main-stick-meta":"","header-below-stick-meta":"","astra-migrate-meta-layouts":"set","ast-page-background-enabled":"default","ast-page-background-meta":{"desktop":{"background-color":"var(--ast-global-color-5)","background-image":"","background-repeat":"repeat","background-position":"center center","background-size":"auto","background-attachment":"scroll","background-type":"","background-media":"","overlay-type":"","overlay-color":"","overlay-opacity":"","overlay-gradient":""},"tablet":{"background-color":"","background-image":"","background-repeat":"repeat","background-position":"center center","background-size":"auto","background-attachment":"scroll","background-type":"","background-media":"","overlay-type":"","overlay-color":"","overlay-opacity":"","overlay-gradient":""},"mobile":{"background-color":"","background-image":"","background-repeat":"repeat","background-position":"center center","background-size":"auto","background-attachment":"scroll","background-type":"","background-media":"","overlay-type":"","overlay-color":"","overlay-opacity":"","overlay-gradient":""}},"ast-content-background-meta":{"desktop":{"background-color":"var(--ast-global-color-4)","background-image":"","background-repeat":"repeat","background-position":"center center","background-size":"auto","background-attachment":"scroll","background-type":"","background-media":"","overlay-type":"","overlay-color":"","overlay-opacity":"","overlay-gradient":""},"tablet":{"background-color":"var(--ast-global-color-4)","background-image":"","background-repeat":"repeat","background-position":"center center","background-size":"auto","background-attachment":"scroll","background-type":"","background-media":"","overlay-type":"","overlay-color":"","overlay-opacity":"","overlay-gradient":""},"mobile":{"background-color":"var(--ast-global-color-4)","background-image":"","background-repeat":"repeat","background-position":"center center","background-size":"auto","background-attachment":"scroll","background-type":"","background-media":"","overlay-type":"","overlay-color":"","overlay-opacity":"","overlay-gradient":""}}},"product_brand":[],"product_cat":[36],"product_tag":[53,56,64,57],"class_list":{"0":"post-390","1":"product","2":"type-product","3":"status-publish","4":"has-post-thumbnail","6":"product_cat-hot-runner-parts","7":"product_tag-custom-hot-runner","8":"product_tag-hot-runner-heater","9":"product_tag-hot-runner-solenoid","10":"product_tag-temperature-sensor","11":"desktop-align-left","12":"tablet-align-left","13":"mobile-align-left","15":"first","16":"instock","17":"featured","18":"shipping-taxable","19":"product-type-simple"},"_links":{"self":[{"href":"https:\/\/hotrunneroem.com\/fr\/wp-json\/wp\/v2\/product\/390","targetHints":{"allow":["GET"]}}],"collection":[{"href":"https:\/\/hotrunneroem.com\/fr\/wp-json\/wp\/v2\/product"}],"about":[{"href":"https:\/\/hotrunneroem.com\/fr\/wp-json\/wp\/v2\/types\/product"}],"wp:featuredmedia":[{"embeddable":true,"href":"https:\/\/hotrunneroem.com\/fr\/wp-json\/wp\/v2\/media\/392"}],"wp:attachment":[{"href":"https:\/\/hotrunneroem.com\/fr\/wp-json\/wp\/v2\/media?parent=390"}],"wp:term":[{"taxonomy":"product_brand","embeddable":true,"href":"https:\/\/hotrunneroem.com\/fr\/wp-json\/wp\/v2\/product_brand?post=390"},{"taxonomy":"product_cat","embeddable":true,"href":"https:\/\/hotrunneroem.com\/fr\/wp-json\/wp\/v2\/product_cat?post=390"},{"taxonomy":"product_tag","embeddable":true,"href":"https:\/\/hotrunneroem.com\/fr\/wp-json\/wp\/v2\/product_tag?post=390"}],"curies":[{"name":"wp","href":"https:\/\/api.w.org\/{rel}","templated":true}]}}