{"id":396,"date":"2026-02-02T16:44:08","date_gmt":"2026-02-02T08:44:08","guid":{"rendered":"https:\/\/hotrunneroem.com\/?post_type=product&#038;p=396"},"modified":"2026-02-02T16:53:31","modified_gmt":"2026-02-02T08:53:31","slug":"injection-mold-hot-runner","status":"publish","type":"product","link":"https:\/\/hotrunneroem.com\/fr\/injection-mold-hot-runner\/","title":{"rendered":"Moule d'injection \u00e0 haute pr\u00e9cision PP avec syst\u00e8me de canaux chauds avanc\u00e9"},"content":{"rendered":"<h2>Aper\u00e7u du produit : Outils de pr\u00e9cision pour le Polypropyl\u00e8ne (PP)<\/h2>\n<p>Nous fournissons des moules d'injection sur mesure con\u00e7us sp\u00e9cifiquement pour les r\u00e9sines de Polypropyl\u00e8ne (PP), int\u00e9gr\u00e9s avec des syst\u00e8mes de canaux chauds avanc\u00e9s. Notre moule d'injection PP avec syst\u00e8me de canaux chauds est con\u00e7u pour optimiser l'efficacit\u00e9 de la production et la qualit\u00e9 du produit dans la fabrication \u00e0 volume \u00e9lev\u00e9.<\/p>\n<h3>Avantages principaux de la technologie de canaux chauds<\/h3>\n<ul>\n<li><strong>\u00c9limine les d\u00e9chets de coulee<\/strong>, r\u00e9duisant la perte de mat\u00e9riau et le recyclage.<\/li>\n<li><strong>Raccourcit les cycles<\/strong> en maintenant la temp\u00e9rature de fusion et en am\u00e9liorant l'\u00e9coulement.<\/li>\n<li>Assure <strong>une livraison de fusion coh\u00e9rente<\/strong> pour une qualit\u00e9 uniforme des pi\u00e8ces.<\/li>\n<li>Prend en charge <strong>production \u00e0 haute cavit\u00e9, \u00e0 haut volume<\/strong> adaptant aux conceptions complexes de moules.<\/li>\n<\/ul>\n<h3>Champ d'application<\/h3>\n<ul>\n<li>Compatible avec plusieurs types de r\u00e9sines PP, y compris <strong>les grades Homopolym\u00e8re et Copolym\u00e8re<\/strong>.<\/li>\n<li>S'adapte \u00e0 des complexit\u00e9s de pi\u00e8ces vari\u00e9es, des conceptions simples aux g\u00e9om\u00e9tries complexes.<\/li>\n<li>Id\u00e9al pour les industries n\u00e9cessitant une performance pr\u00e9cise et r\u00e9p\u00e9table en injection avec des mat\u00e9riaux PP.<\/li>\n<\/ul>\n<p>Notre int\u00e9gration de canaux chauds garantit des \u00e9conomies de mat\u00e9riau et une stabilit\u00e9 du processus, en faisant une solution fiable pour les exigences en outils d'injection de polypropyl\u00e8ne de pr\u00e9cision.<\/p>\n<h2>Sp\u00e9cifications techniques et param\u00e8tres pour le moule d'injection PP avec syst\u00e8me de canaux chauds<\/h2>\n<p>Nous personnalisons les moules d'injection PP avec syst\u00e8mes de canaux chauds en utilisant des normes et mat\u00e9riaux \u00e9prouv\u00e9s pour assurer durabilit\u00e9 et pr\u00e9cision. Voici ce que comprend g\u00e9n\u00e9ralement notre outillage :<\/p>\n<table>\n<thead>\n<tr>\n<th>Aspect<\/th>\n<th>D\u00e9tails<\/th>\n<\/tr>\n<\/thead>\n<tbody>\n<tr>\n<td><strong>Norme de base de moule<\/strong><\/td>\n<td>LKM, HASCO, DME, ou bases enti\u00e8rement personnalis\u00e9es en fonction des exigences du projet<\/td>\n<\/tr>\n<tr>\n<td><strong>Acier de noyau et de cavit\u00e9<\/strong><\/td>\n<td>P20, 718H, H13, S136 s\u00e9lectionn\u00e9s en fonction des besoins en duret\u00e9 et r\u00e9sistance \u00e0 l'usure<\/td>\n<\/tr>\n<tr>\n<td><strong>Configuration du syst\u00e8me de canaux chauds<\/strong><\/td>\n<td>Options incluant porte ouverte, porte \u00e0 valve, syst\u00e8mes de porte thermique avec flux de collecteur \u00e9quilibr\u00e9 et r\u00e9sistances \u00e0 haute densit\u00e9 avec thermocouples int\u00e9gr\u00e9s pour un contr\u00f4le pr\u00e9cis de la temp\u00e9rature<\/td>\n<\/tr>\n<tr>\n<td><strong>Nombre de cavit\u00e9s<\/strong><\/td>\n<td>De moules \u00e0 cavit\u00e9 unique jusqu'aux moules \u00e0 haute cavitation (32, 48, 64 cavit\u00e9s)<\/td>\n<\/tr>\n<tr>\n<td><strong>Syst\u00e8me d'\u00e9jection<\/strong><\/td>\n<td>Plaques de d\u00e9collement, broches d'\u00e9jection et conceptions \u00e0 jet d'air adapt\u00e9es aux pi\u00e8ces en polypropyl\u00e8ne<\/td>\n<\/tr>\n<tr>\n<td><strong>Objectifs de temps de cycle<\/strong><\/td>\n<td>Temps de cycle optimis\u00e9s gr\u00e2ce \u00e0 des chemins de refroidissement rapides et une \u00e9jection fluide pour l'efficacit\u00e9<\/td>\n<\/tr>\n<\/tbody>\n<\/table>\n<p>En incorporant des syst\u00e8mes de canaux chauds \u00e0 porte \u00e0 valve et une conception soign\u00e9e du syst\u00e8me de collecteur, nous assurons un flux de mati\u00e8re fondu et une qualit\u00e9 coh\u00e9rente dans toutes les cavit\u00e9s. Nos moules s'adaptent sans effort \u00e0 diff\u00e9rentes qualit\u00e9s de polypropyl\u00e8ne et \u00e0 la complexit\u00e9 des pi\u00e8ces pour r\u00e9pondre aux besoins de fabrication \u00e0 volume \u00e9lev\u00e9 avec un minimum de d\u00e9chets.<\/p>\n<p>Pour des informations d\u00e9taill\u00e9es sur les types de portes de canaux chauds adapt\u00e9s au traitement du polypropyl\u00e8ne, consultez notre <a href=\"https:\/\/hotrunneroem.com\/fr\/hot-runner-gate-types\/\">aper\u00e7u complet des types de portes de canaux chauds<\/a>.<\/p>\n<h2>Conception du syst\u00e8me de canaux chauds pour les caract\u00e9ristiques du PP<\/h2>\n<p><img decoding=\"async\" src=\"https:\/\/hotrunneroem.com\/wp-content\/uploads\/2026\/02\/PP_Injection_Mold_Hot_Runner_Temperature_Control_u.webp\" alt=\"Contr\u00f4le de la temp\u00e9rature de la hot runner pour moules en PP\" \/><\/p>\n<p>Lors de la conception d'une <strong>Moule d'injection de PP avec syst\u00e8me de canaux chauds<\/strong>, un contr\u00f4le pr\u00e9cis de la temp\u00e9rature est crucial. La nature semi-cristalline du polypropyl\u00e8ne signifie qu'il n\u00e9cessite des plages de temp\u00e9rature strictes pour \u00e9viter des probl\u00e8mes tels que la d\u00e9gradation du mat\u00e9riau ou la formation de fils lors du moulage. Nos syst\u00e8mes de canaux chauds utilisent des r\u00e9sistances \u00e0 haute densit\u00e9 et des thermocouples bien plac\u00e9s pour maintenir ces temp\u00e9ratures exactes de mani\u00e8re coh\u00e9rente \u00e0 travers le collecteur et les buses.<\/p>\n<p>Pour correspondre au <strong>indice de fluidit\u00e9 du melt<\/strong> de diff\u00e9rentes qualit\u00e9s de PP\u2014qu'il s'agisse d'un homopolym\u00e8re ou d'un copolym\u00e8re\u2014nos conceptions de collecteurs optimisent la rh\u00e9ologie du flux. Cela garantit une r\u00e9partition uniforme de la fusion, r\u00e9duit les pertes de pression et pr\u00e9vient les d\u00e9fauts. Pour la conception des portes, la technologie des portes \u00e0 vanne joue un r\u00f4le essentiel. Elle minimise les marques de porte sur les pi\u00e8ces finies et emp\u00eache le d\u00e9versement, ce qui est particuli\u00e8rement important pour des finitions de surface de haute qualit\u00e9.<\/p>\n<p>Un changement de couleur efficace est un autre facteur essentiel dans notre ing\u00e9nierie des canaux chauds. Nos canaux de flux sont con\u00e7us pour \u00e9liminer les zones mortes o\u00f9 le mat\u00e9riau pourrait stagner, permettant des transitions rapides et propres entre les couleurs. Cela r\u00e9duit le temps d'arr\u00eat et les rebuts lors des changements de couleur en production.<\/p>\n<p>Pour en savoir plus sur le maintien d\u2019un contr\u00f4le pr\u00e9cis de la temp\u00e9rature dans les syst\u00e8mes de canaux chauds, consid\u00e9rez comment nos <a href=\"https:\/\/hotrunneroem.com\/fr\/hot-runner-temperature-controllers\/\">Contr\u00f4leurs de temp\u00e9rature pour syst\u00e8mes de distribution chaude<\/a> assurent une r\u00e9gulation thermique fiable et pr\u00e9cise tout au long du moule, id\u00e9ale pour g\u00e9rer les propri\u00e9t\u00e9s sensibles du PP.<\/p>\n<h2>Avantages de notre int\u00e9gration de canaux chauds pour les moules d'injection de PP<\/h2>\n<p><img decoding=\"async\" src=\"https:\/\/hotrunneroem.com\/wp-content\/uploads\/2026\/02\/PP_Injection_Mold_Hot_Runner_Benefits_mdtQ6Rh0A.webp\" alt=\"Avantages de la hot runner pour moules en PP\" \/><\/p>\n<p>Notre moule d'injection de PP avec syst\u00e8me de canal chaud offre des avantages visibles qui impactent directement l'efficacit\u00e9 de la production et la qualit\u00e9 des pi\u00e8ces.<\/p>\n<ul>\n<li><strong>Efficacit\u00e9 des mat\u00e9riaux<\/strong>: En \u00e9liminant les canaux froids et les buses, notre syst\u00e8me supprime le gaspillage normalement recycl\u00e9 en regranul\u00e9s. Cela signifie des co\u00fbts de mati\u00e8re premi\u00e8re plus faibles, en particulier dans la fabrication de masse de pi\u00e8ces en polypropyl\u00e8ne.<\/li>\n<li><strong>R\u00e9duction de la perte de pression<\/strong>: La conception du syst\u00e8me de collecteur bien \u00e9quilibr\u00e9 r\u00e9duit les pressions d'injection, ce qui diminue l'usure des moules et des machines d'injection, prolongeant la dur\u00e9e de vie de l\u2019\u00e9quipement.<\/li>\n<li><strong>Am\u00e9lioration de la qualit\u00e9 des pi\u00e8ces<\/strong>: Un flux de fusion constant et un contr\u00f4le pr\u00e9cis de la pression de moulage aident \u00e0 obtenir des finitions de surface sup\u00e9rieures sans marques d\u2019enfoncement ni d\u00e9formation\u2014des d\u00e9fis courants dans l\u2019outillage d\u2019injection de polypropylene.<\/li>\n<li><strong>Consommation d'\u00e9nergie r\u00e9duite<\/strong>: En int\u00e9grant des composants d\u2019isolation thermique, tels que des pads en titane, l\u2019ensemble de la buse \u00e0 pointe chaude est isol\u00e9 thermiquement. Cela r\u00e9duit la perte de chaleur vers les plaques du moule et diminue la consommation d\u2019\u00e9nergie pendant la production.<\/li>\n<\/ul>\n<p>Chacun de ces facteurs contribue \u00e0 une solution de moulage sans bavure adapt\u00e9e pour des s\u00e9ries fiables et \u00e0 haut volume avec des grades de PP comme l\u2019homopolym\u00e8re et le copolym\u00e8re. Pour une immersion plus approfondie dans la gestion efficace de la temp\u00e9rature qui soutient ces avantages, consultez notre <a href=\"https:\/\/hotrunneroem.com\/fr\/hot-runner-control\/\">syst\u00e8mes de contr\u00f4le de canaux chauds<\/a>.<\/p>\n<h2>Processus de fabrication &amp; Contr\u00f4le qualit\u00e9 pour moule d'injection de PP avec syst\u00e8me de canal chaud<\/h2>\n<p>Notre approche de fabrication commence par une analyse d\u00e9taill\u00e9e DFM (Conception pour la Fabricabilit\u00e9) et Moldflow. Cette \u00e9tape nous permet de simuler les sch\u00e9mas de flux de fusion, de d\u00e9tecter les pi\u00e8ges \u00e0 air potentiels et d\u2019identifier les lignes de soudure avant le d\u00e9but de la fabrication. Elle garantit que le syst\u00e8me de canal chaud et la conception du moule fonctionnent parfaitement pour votre outillage d'injection de polypropylene, \u00e9vitant ainsi des r\u00e9visions co\u00fbteuses.<\/p>\n<p>Ensuite, nous r\u00e9alisons des travaux de pr\u00e9cision en usinage CNC et EDM pour fabriquer les plaques de moule et les inserts de noyau. Ces m\u00e9thodes garantissent des tol\u00e9rances strictes essentielles pour des performances de moulage PP coh\u00e9rentes et la long\u00e9vit\u00e9 de l\u2019acier de l\u2019outil (P20, H13 ou alliages personnalis\u00e9s).<\/p>\n<p>L\u2019assemblage du syst\u00e8me de canal chaud est effectu\u00e9 par des techniciens qualifi\u00e9s qui installent et c\u00e2blent avec expertise l\u2019ensemble de la buse \u00e0 pointe chaude, int\u00e8grent la technologie de porte thermique et configurent l\u2019unit\u00e9 de contr\u00f4le de temp\u00e9rature (TCU). Une installation correcte est essentielle pour obtenir un contr\u00f4le thermique stable et une livraison efficace de la fusion pour votre moule PP multi-cavit\u00e9s.<\/p>\n<p>Enfin, la phase d\u2019essai T1 soumet l\u2019ensemble du moule et du syst\u00e8me de canal chaud \u00e0 des conditions de production r\u00e9elles. Nous validons la pr\u00e9cision dimensionnelle du moule, les objectifs de temps de cycle et la qualit\u00e9 de l\u2019injection, en veillant \u00e0 ce que votre syst\u00e8me personnalis\u00e9 de demi-moule chaud fonctionne sans probl\u00e8me avec des solutions de moulage sans bavure.<\/p>\n<p>Pour une performance continue, notre contr\u00f4le qualit\u00e9 inclut la surveillance du fonctionnement du chauffage et de l'int\u00e9grit\u00e9 du c\u00e2blage\u2014en utilisant des composants tels que des r\u00e9sistances de haute qualit\u00e9 <a href=\"https:\/\/hotrunneroem.com\/fr\/hot-runner-coil-heater\/\">chauffages de bobines pour canaux chauds<\/a> et des contr\u00f4leurs fiables. Cela garantit que le syst\u00e8me de canal chaud maintient un flux de fusion optimal et une uniformit\u00e9 de temp\u00e9rature tout au long de la production.<\/p>\n<h2>Applications industrielles du moule d'injection de PP avec syst\u00e8me de canal chaud<\/h2>\n<p>Nos moules d'injection de PP avec syst\u00e8me de canal chaud sont con\u00e7us pour r\u00e9pondre aux exigences de diverses industries n\u00e9cessitant pr\u00e9cision, rapidit\u00e9 et qualit\u00e9 constante.<\/p>\n<ul>\n<li><strong>Emballage<\/strong>: Parfait pour les contenants \u00e0 parois fines, bouchons et fermetures n\u00e9cessitant des finitions de surface impeccables et des solutions de moulage sans bavure. La pr\u00e9cision du canal chaud aide \u00e0 produire efficacement des composants d'emballage l\u00e9gers et durables.<\/li>\n<li><strong>Automobile<\/strong>: Id\u00e9al pour les garnitures int\u00e9rieures, pare-chocs et pi\u00e8ces sous le capot o\u00f9 une fabrication plastique \u00e0 volume \u00e9lev\u00e9 avec un d\u00e9formation minimale et une forte int\u00e9grit\u00e9 structurelle est essentielle. L'utilisation de syst\u00e8mes de canal chaud \u00e0 soupape garantit un flux de fusion uniforme et r\u00e9duit la chute de pression lors de l'injection.<\/li>\n<li><strong>M\u00e9dical<\/strong>: Les barils de seringues et consommables de laboratoire fabriqu\u00e9s avec notre syst\u00e8me de demi-canal personnalis\u00e9 b\u00e9n\u00e9ficient d'une temp\u00e9rature contr\u00f4l\u00e9e et d'un environnement de moulage sans contamination. Cela garantit des pi\u00e8ces de haute puret\u00e9 r\u00e9pondant \u00e0 des normes m\u00e9dicales strictes.<\/li>\n<li><strong>Biens de consommation<\/strong>: Des contenants m\u00e9nagers aux composants d'appareils \u00e9lectrom\u00e9nagers, nos conceptions de moules \u00e0 PP \u00e0 cavit\u00e9s multiples augmentent le volume de production sans sacrifier la qualit\u00e9 ou la coh\u00e9rence des pi\u00e8ces. La technologie de porte thermique assure des changements de couleur fluides et des cycles minimaux.<\/li>\n<\/ul>\n<p>Ces applications illustrent la polyvalence et l'efficacit\u00e9 des outillages d'injection de polypropyl\u00e8ne optimis\u00e9s avec des ensembles de buses \u00e0 pointe chaude et des syst\u00e8mes de collecteur soigneusement con\u00e7us. Pour des insights d\u00e9taill\u00e9s sur le processus, notre expertise s'\u00e9tend \u00e0 la simulation de flux de moule et au c\u00e2blage de thermocouples de buses, ce qui am\u00e9liore encore la performance du moulage et la qualit\u00e9 des pi\u00e8ces. En savoir plus sur nos services avanc\u00e9s <a href=\"https:\/\/hotrunneroem.com\/fr\/mold-flow-analysis\/\">analyse de flux de moule<\/a> et <a href=\"https:\/\/hotrunneroem.com\/fr\/nozzle-thermocouple-wiring\/\">c\u00e2blage de thermocouples de buses<\/a> de services.<\/p>\n<h2>Service et support pour moule d'injection de PP avec syst\u00e8me de canal chaud<\/h2>\n<p>Nous savons que chaque moule d'injection de PP avec syst\u00e8me de canal chaud a ses propres exigences uniques. C\u2019est pourquoi nous proposons des options de personnalisation ax\u00e9es sur l\u2019adaptation des syst\u00e8mes de collecteur pour s\u2019ajuster parfaitement \u00e0 votre empreinte de moule sp\u00e9cifique. Cela garantit une int\u00e9gration fluide et une performance efficace.<\/p>\n<p>L\u2019entretien est simple gr\u00e2ce \u00e0 notre approche de conception qui facilite l\u2019acc\u00e8s aux r\u00e9sistances et aux thermocouples. Un remplacement ou une maintenance rapide signifie moins d\u2019arr\u00eats, permettant \u00e0 votre ligne de production de fonctionner sans interruption.<\/p>\n<p>De plus, nous maintenons un bon stock de pi\u00e8ces d\u00e9tach\u00e9es standardis\u00e9es afin que les r\u00e9parations puissent \u00eatre effectu\u00e9es rapidement et sans tracas. Cette disponibilit\u00e9 est cruciale pour minimiser les d\u00e9lais dans les environnements de fabrication de plastique \u00e0 volume \u00e9lev\u00e9.<\/p>\n<p>Pour plus de d\u00e9tails sur les composants et configurations de buses chaudes que nous supportons, consultez nos <a href=\"https:\/\/hotrunneroem.com\/fr\/hot-runner-system\/\">syst\u00e8me de canal chaud<\/a> offres et le <a href=\"https:\/\/hotrunneroem.com\/fr\/hot-runner-nozzle\/\">ensemble de buses chaudes<\/a> pour des solutions personnalis\u00e9es adapt\u00e9es aux outils en PP.<\/p>\n<div id=\"references\" class=\"min-w-0 scroll-mt-8 overflow-hidden\">\n<div class=\"flex flex-col gap-2 text-sm leading-relaxed\"><\/div>\n<\/div>","protected":false},"excerpt":{"rendered":"<p>Moule d'injection en PP haute performance avec syst\u00e8me de canal chaud avanc\u00e9 garantissant des cycles plus rapides, des \u00e9conomies de mati\u00e8re et un moulage de pr\u00e9cision.<\/p>","protected":false},"featured_media":393,"template":"","meta":{"site-sidebar-layout":"default","site-content-layout":"","ast-site-content-layout":"default","site-content-style":"default","site-sidebar-style":"default","ast-global-header-display":"","ast-banner-title-visibility":"","ast-main-header-display":"","ast-hfb-above-header-display":"","ast-hfb-below-header-display":"","ast-hfb-mobile-header-display":"","site-post-title":"","ast-breadcrumbs-content":"","ast-featured-img":"","footer-sml-layout":"","ast-disable-related-posts":"","theme-transparent-header-meta":"default","adv-header-id-meta":"","stick-header-meta":"","header-above-stick-meta":"","header-main-stick-meta":"","header-below-stick-meta":"","astra-migrate-meta-layouts":"set","ast-page-background-enabled":"default","ast-page-background-meta":{"desktop":{"background-color":"var(--ast-global-color-5)","background-image":"","background-repeat":"repeat","background-position":"center center","background-size":"auto","background-attachment":"scroll","background-type":"","background-media":"","overlay-type":"","overlay-color":"","overlay-opacity":"","overlay-gradient":""},"tablet":{"background-color":"","background-image":"","background-repeat":"repeat","background-position":"center center","background-size":"auto","background-attachment":"scroll","background-type":"","background-media":"","overlay-type":"","overlay-color":"","overlay-opacity":"","overlay-gradient":""},"mobile":{"background-color":"","background-image":"","background-repeat":"repeat","background-position":"center center","background-size":"auto","background-attachment":"scroll","background-type":"","background-media":"","overlay-type":"","overlay-color":"","overlay-opacity":"","overlay-gradient":""}},"ast-content-background-meta":{"desktop":{"background-color":"var(--ast-global-color-4)","background-image":"","background-repeat":"repeat","background-position":"center center","background-size":"auto","background-attachment":"scroll","background-type":"","background-media":"","overlay-type":"","overlay-color":"","overlay-opacity":"","overlay-gradient":""},"tablet":{"background-color":"var(--ast-global-color-4)","background-image":"","background-repeat":"repeat","background-position":"center center","background-size":"auto","background-attachment":"scroll","background-type":"","background-media":"","overlay-type":"","overlay-color":"","overlay-opacity":"","overlay-gradient":""},"mobile":{"background-color":"var(--ast-global-color-4)","background-image":"","background-repeat":"repeat","background-position":"center center","background-size":"auto","background-attachment":"scroll","background-type":"","background-media":"","overlay-type":"","overlay-color":"","overlay-opacity":"","overlay-gradient":""}}},"product_brand":[],"product_cat":[35],"product_tag":[63,53,48,62],"class_list":{"0":"post-396","1":"product","2":"type-product","3":"status-publish","4":"has-post-thumbnail","6":"product_cat-hot-runner-design","7":"product_tag-abs-plastic-mold","8":"product_tag-custom-hot-runner","9":"product_tag-hot-runner-injection-mold","10":"product_tag-pc-plastic","11":"desktop-align-left","12":"tablet-align-left","13":"mobile-align-left","15":"first","16":"instock","17":"featured","18":"shipping-taxable","19":"product-type-simple"},"_links":{"self":[{"href":"https:\/\/hotrunneroem.com\/fr\/wp-json\/wp\/v2\/product\/396","targetHints":{"allow":["GET"]}}],"collection":[{"href":"https:\/\/hotrunneroem.com\/fr\/wp-json\/wp\/v2\/product"}],"about":[{"href":"https:\/\/hotrunneroem.com\/fr\/wp-json\/wp\/v2\/types\/product"}],"wp:featuredmedia":[{"embeddable":true,"href":"https:\/\/hotrunneroem.com\/fr\/wp-json\/wp\/v2\/media\/393"}],"wp:attachment":[{"href":"https:\/\/hotrunneroem.com\/fr\/wp-json\/wp\/v2\/media?parent=396"}],"wp:term":[{"taxonomy":"product_brand","embeddable":true,"href":"https:\/\/hotrunneroem.com\/fr\/wp-json\/wp\/v2\/product_brand?post=396"},{"taxonomy":"product_cat","embeddable":true,"href":"https:\/\/hotrunneroem.com\/fr\/wp-json\/wp\/v2\/product_cat?post=396"},{"taxonomy":"product_tag","embeddable":true,"href":"https:\/\/hotrunneroem.com\/fr\/wp-json\/wp\/v2\/product_tag?post=396"}],"curies":[{"name":"wp","href":"https:\/\/api.w.org\/{rel}","templated":true}]}}