{"id":460,"date":"2026-02-05T14:50:42","date_gmt":"2026-02-05T06:50:42","guid":{"rendered":"https:\/\/hotrunneroem.com\/?post_type=product&#038;p=460"},"modified":"2026-02-06T15:51:21","modified_gmt":"2026-02-06T07:51:21","slug":"hot-runner-system-temperature-controller-cost","status":"publish","type":"product","link":"https:\/\/hotrunneroem.com\/fr\/hot-runner-system-temperature-controller-cost\/","title":{"rendered":"Co\u00fbt et principales sp\u00e9cifications du contr\u00f4leur de temp\u00e9rature du syst\u00e8me de coureur chaud"},"content":{"rendered":"<h2>Co\u00fbt du contr\u00f4leur de temp\u00e9rature du syst\u00e8me de canal chaud<\/h2>\n<h2>Comprendre l'investissement : Qu'est-ce qui influence le prix des contr\u00f4leurs de r\u00e9gulateurs de coureur chaud ?<\/h2>\n<p>Lors de l'\u00e9valuation du <strong>co\u00fbt des contr\u00f4leurs de temp\u00e9rature du syst\u00e8me de coureur chaud<\/strong>, l'une des principales m\u00e9triques utilis\u00e9es dans l'industrie est le <strong>prix par zone<\/strong>. Chaque zone repr\u00e9sente un circuit de contr\u00f4le de temp\u00e9rature ind\u00e9pendant g\u00e9rant une cavit\u00e9 ou un chauffage sp\u00e9cifique dans le moule d'injection. Cette norme de tarification simplifie les comparaisons et la budg\u00e9tisation pour les moules multi-cavit\u00e9s, car le co\u00fbt total du contr\u00f4leur \u00e9volue avec le nombre de zones.<\/p>\n<h3>Prix par zone : carte modulaire vs \u00e9cran tactile int\u00e9gr\u00e9<\/h3>\n<ul>\n<li><strong>Syst\u00e8mes \u00e0 carte modulaire :<\/strong> Ces contr\u00f4leurs sont g\u00e9n\u00e9ralement livr\u00e9s sous forme de modules ou cartes de contr\u00f4le individuels qui peuvent \u00eatre ajout\u00e9s ou remplac\u00e9s s\u00e9par\u00e9ment dans un rack ou une armoire. Les syst\u00e8mes modulaires offrent une flexibilit\u00e9 pour augmenter ou r\u00e9parer pr\u00e9cis\u00e9ment le nombre de zones n\u00e9cessaires. Le co\u00fbt unitaire par zone tend \u00e0 \u00eatre inf\u00e9rieur, en particulier pour un nombre \u00e9lev\u00e9 de cavit\u00e9s, ce qui les rend id\u00e9aux pour les contr\u00f4leurs de chauffage industriels g\u00e9rant des bo\u00eetes de contr\u00f4le de temp\u00e9rature multi-zones complexes.<\/li>\n<li><strong>Contr\u00f4leurs \u00e0 \u00e9cran tactile int\u00e9gr\u00e9 :<\/strong> Ils combinent les zones en un contr\u00f4leur compact et autonome avec une interface utilisateur int\u00e9gr\u00e9e. Bien qu'ils offrent une facilit\u00e9 d'utilisation et une configuration plus rapide, leur prix par zone est g\u00e9n\u00e9ralement plus \u00e9lev\u00e9 en raison du mat\u00e9riel et du logiciel suppl\u00e9mentaires. Ils sont souvent pr\u00e9f\u00e9r\u00e9s pour des moules plus petits ou lorsque l'interaction et la surveillance par l'op\u00e9rateur sont essentielles.<\/li>\n<\/ul>\n<h3>Facteurs influen\u00e7ant les variations de prix<\/h3>\n<ul>\n<li><strong>Quantit\u00e9 de zones :<\/strong> Plus il y a de zones, plus le co\u00fbt global est \u00e9lev\u00e9. Les syst\u00e8mes modulaires en volume r\u00e9duisent le co\u00fbt par zone.<\/li>\n<li><strong>Intensit\u00e9 et puissance :<\/strong> Les contr\u00f4leurs avec une capacit\u00e9 d'intensit\u00e9 plus \u00e9lev\u00e9e (par exemple, cartes de contr\u00f4le de temp\u00e9rature de 15 amp\u00e8res) g\u00e8rent des chauffages plus robustes mais co\u00fbtent plus cher.<\/li>\n<li><strong>Technologie de contr\u00f4le :<\/strong> Les contr\u00f4leurs PID pour coureur chaud avec des algorithmes avanc\u00e9s offrent une stabilit\u00e9 pr\u00e9cise de la temp\u00e9rature mais sont plus co\u00fbteux compar\u00e9s aux unit\u00e9s de base bas\u00e9es sur un thermostat.<\/li>\n<li><strong>Types de connecteurs et fonctionnalit\u00e9s de s\u00e9curit\u00e9 :<\/strong> Les contr\u00f4leurs de chauffage industriel avec connecteurs de verrouillage s\u00e9curis\u00e9s et certifications de s\u00e9curit\u00e9 auront un co\u00fbt plus \u00e9lev\u00e9 mais am\u00e9lioreront la fiabilit\u00e9 et r\u00e9duiront les temps d'arr\u00eat.<\/li>\n<\/ul>\n<p>Comprendre ces distinctions permet aux moulistes et aux ing\u00e9nieurs d'aligner leur budget avec leurs besoins techniques, \u00e9vitant ainsi les d\u00e9penses excessives tout en assurant un contr\u00f4le optimal du processus. Des d\u00e9compositions transparentes des <strong>thermostat de canal chaud<\/strong> et des fonctionnalit\u00e9s du module de contr\u00f4le am\u00e9liorent le retour sur investissement gr\u00e2ce \u00e0 une dur\u00e9e de vie accrue du chauffage et \u00e0 une r\u00e9duction des rebuts.<\/p>\n<h2>Sp\u00e9cifications techniques influen\u00e7ant le co\u00fbt<\/h2>\n<p>Lorsqu'on consid\u00e8re le co\u00fbt des contr\u00f4leurs de temp\u00e9rature du syst\u00e8me de canal chaud, plusieurs facteurs techniques entrent en jeu. Comprendre ces \u00e9l\u00e9ments peut vous aider \u00e0 choisir le bon <strong>r\u00e9gulateur de chaleur pour injection<\/strong> sans d\u00e9penser excessivement.<\/p>\n<table>\n<thead>\n<tr>\n<th>Sp\u00e9cification<\/th>\n<th>Impact sur le co\u00fbt<\/th>\n<th>D\u00e9tails<\/th>\n<\/tr>\n<\/thead>\n<tbody>\n<tr>\n<td><strong>Capacit\u00e9 en amp\u00e9rage<\/strong><\/td>\n<td>Amp\u00e9rage plus \u00e9lev\u00e9 = prix plus \u00e9lev\u00e9<\/td>\n<td>Les contr\u00f4leurs avec des cartes de contr\u00f4le de temp\u00e9rature de 15 amp\u00e8res ou plus g\u00e8rent des charges plus importantes mais co\u00fbtent plus cher.<\/td>\n<\/tr>\n<tr>\n<td><strong>Pr\u00e9cision de contr\u00f4le<\/strong><\/td>\n<td>Un contr\u00f4le plus pr\u00e9cis augmente le prix<\/td>\n<td>Les contr\u00f4leurs de canal chaud PID offrent une r\u00e9gulation de temp\u00e9rature plus stricte, essentielle pour des moules de qualit\u00e9.<\/td>\n<\/tr>\n<tr>\n<td><strong>Types de connecteurs<\/strong><\/td>\n<td>Les syst\u00e8mes durables \u00e0 connexion rapide augmentent le co\u00fbt<\/td>\n<td>Les contr\u00f4leurs de chauffage industriel avec connecteurs fiables r\u00e9duisent les temps d'arr\u00eat mais ont un prix premium.<\/td>\n<\/tr>\n<tr>\n<td><strong>Fonctionnalit\u00e9s de s\u00e9curit\u00e9<\/strong><\/td>\n<td>Les protections suppl\u00e9mentaires augmentent les co\u00fbts<\/td>\n<td>Des fonctionnalit\u00e9s comme les contr\u00f4leurs de temp\u00e9rature de d\u00e9marrage doux et la protection contre la surcharge garantissent la s\u00e9curit\u00e9 du moule et de l'op\u00e9rateur.<\/td>\n<\/tr>\n<\/tbody>\n<\/table>\n<p>Chacun de ces facteurs influence non seulement le co\u00fbt initial <strong>prix unitaire du contr\u00f4leur de temp\u00e9rature du moule<\/strong> mais aussi fiabilit\u00e9 et co\u00fbts de maintenance. Investir dans le bon \u00e9quilibre r\u00e9duit les risques de d\u00e9fauts et d'arr\u00eats.<\/p>\n<p>Pour plus de d\u00e9tails sur les diff\u00e9rentes configurations de c\u00e2blage des connecteurs, consultez notre guide sur <a href=\"https:\/\/hotrunneroem.com\/fr\/nozzle-thermocouple-wiring\/\">c\u00e2blage de thermocouples de buses<\/a>, ce qui influence \u00e9galement la compatibilit\u00e9 et le co\u00fbt.<\/p>\n<h2>S\u00e9rie \u00ab Syst\u00e8me de canaux chauds en Chine \u00bb : Contr\u00f4leurs haute performance \u00e0 des tarifs fabricants<\/h2>\n<p><img fetchpriority=\"high\" decoding=\"async\" class=\"alignnone size-full wp-image-451\" src=\"https:\/\/hotrunneroem.com\/wp-content\/uploads\/2026\/02\/China_Hot_Runner_Plastic_Injection_Systems.jpg\" alt=\"\" width=\"800\" height=\"800\" srcset=\"https:\/\/hotrunneroem.com\/wp-content\/uploads\/2026\/02\/China_Hot_Runner_Plastic_Injection_Systems.jpg 800w, https:\/\/hotrunneroem.com\/wp-content\/uploads\/2026\/02\/China_Hot_Runner_Plastic_Injection_Systems-12x12.jpg 12w, https:\/\/hotrunneroem.com\/wp-content\/uploads\/2026\/02\/China_Hot_Runner_Plastic_Injection_Systems-300x300.jpg 300w, https:\/\/hotrunneroem.com\/wp-content\/uploads\/2026\/02\/China_Hot_Runner_Plastic_Injection_Systems-600x600.jpg 600w, https:\/\/hotrunneroem.com\/wp-content\/uploads\/2026\/02\/China_Hot_Runner_Plastic_Injection_Systems-100x100.jpg 100w\" sizes=\"(max-width: 800px) 100vw, 800px\" \/><\/p>\n<p>Lorsqu'il s'agit de rechercher des contr\u00f4leurs de temp\u00e9rature fiables et \u00e9conomiques, la s\u00e9rie \u00ab Syst\u00e8me de canaux chauds en Chine \u00bb offre un excellent rapport qualit\u00e9-prix directement du fabricant. Que vous ayez besoin d'une unit\u00e9 \u00e0 zone unique ou d'un coffret multi-zones allant de 2 \u00e0 128 zones, ces contr\u00f4leurs sont con\u00e7us pour assurer une r\u00e9gulation pr\u00e9cise de la temp\u00e9rature pour divers syst\u00e8mes de chauffage de moulage par injection.<\/p>\n<p>Leur compatibilit\u00e9 avec une large gamme de modules de contr\u00f4le de canaux chauds et de contr\u00f4leurs de chauffage industriel les rend polyvalents pour diff\u00e9rents types de moules et processus. Vous pouvez trouver des options telles que des contr\u00f4leurs PID pour canaux chauds et des contr\u00f4leurs \u00e0 thermocouple de type J dans cette s\u00e9rie, garantissant une pr\u00e9cision et une stabilit\u00e9 de contr\u00f4le lors de la production.<\/p>\n<p>Avec une fourniture directe d'un fabricant et fournisseur de syst\u00e8mes de canaux chauds en Chine, ces unit\u00e9s sont propos\u00e9es \u00e0 des prix tr\u00e8s comp\u00e9titifs pour les contr\u00f4leurs de temp\u00e9rature de moule, sans compromis sur les fonctionnalit\u00e9s techniques. Id\u00e9al pour les entreprises souhaitant investir dans des syst\u00e8mes de contr\u00f4le de temp\u00e9rature haute performance tout en g\u00e9rant efficacement leur budget. Pour plus de d\u00e9tails sur les options multi-zones et les sp\u00e9cifications techniques, vous pouvez \u00e9galement consulter des ressources d\u00e9di\u00e9es sur <a href=\"https:\/\/hotrunneroem.com\/fr\/pid-hot-runner-controller-box\/\">bo\u00eetes de contr\u00f4le PID pour coureurs chauds<\/a> et <a href=\"https:\/\/hotrunneroem.com\/fr\/hot-runner-temperature-controllers\/\">bo\u00eetes de contr\u00f4le de temp\u00e9rature multi-zones<\/a>.<\/p>\n<h2>Les co\u00fbts cach\u00e9s des contr\u00f4leurs de faible qualit\u00e9<\/h2>\n<p>Opter pour des contr\u00f4leurs de temp\u00e9rature de canaux chauds moins chers et de faible qualit\u00e9 peut sembler une victoire budg\u00e9taire au d\u00e9part, mais les co\u00fbts cach\u00e9s peuvent rapidement s'accumuler. Une pr\u00e9cision de contr\u00f4le m\u00e9diocre entra\u00eene souvent des temp\u00e9ratures de moule incoh\u00e9rentes, ce qui augmente directement votre taux de rebuts \u2014 c'est-\u00e0-dire plus de d\u00e9chets et des co\u00fbts mat\u00e9riels plus \u00e9lev\u00e9s. Cela peut s\u00e9rieusement r\u00e9duire vos marges, surtout dans les configurations de bo\u00eetes de contr\u00f4le de temp\u00e9rature multi-zones o\u00f9 la pr\u00e9cision est essentielle.<\/p>\n<p>Les contr\u00f4leurs de faible qualit\u00e9 ont \u00e9galement tendance \u00e0 r\u00e9duire la dur\u00e9e de vie des \u00e9l\u00e9ments chauffants. Si le r\u00e9gulateur de chaleur du moulage par injection n'est pas stable, il provoque des fluctuations de temp\u00e9rature fr\u00e9quentes, mettant \u00e0 rude \u00e9preuve les bobines chauffantes et les thermocouples. Le remplacement fr\u00e9quent de ces pi\u00e8ces co\u00fbte non seulement plus cher, mais perturbe aussi les calendriers de production.<\/p>\n<p>L'\u00e9conomie li\u00e9e aux arr\u00eats de production est un autre facteur important. Des unit\u00e9s de thermostat de canal chaud peu fiables peuvent entra\u00eener des arr\u00eats impr\u00e9vus, ce qui entra\u00eene des heures de production perdues et des retards dans la livraison des commandes. En tenant compte des r\u00e9parations, des heures suppl\u00e9mentaires et des retards logistiques, ces pertes \u00ab cach\u00e9es \u00bb d\u00e9passent souvent largement toute \u00e9conomie initiale.<\/p>\n<p>Pour les fabricants cherchant \u00e0 optimiser leur efficacit\u00e9 et \u00e0 r\u00e9duire leurs d\u00e9penses \u00e0 long terme, investir dans des contr\u00f4leurs de qualit\u00e9 tels que des syst\u00e8mes de contr\u00f4le de temp\u00e9rature intelligents ou des contr\u00f4leurs PID pour canaux chauds est essentiel. Ces r\u00e9ductions du taux de rebuts, la dur\u00e9e de vie prolong\u00e9e des \u00e9l\u00e9ments chauffants et la minimisation des arr\u00eats de production constituent une justification financi\u00e8re claire pour \u00e9viter les mod\u00e8les bas de gamme.<\/p>\n<p>Pour en savoir plus sur les contr\u00f4leurs fiables, consultez notre ressource compl\u00e8te <a href=\"https:\/\/hotrunneroem.com\/fr\/hot-runner-control\/\">de contr\u00f4le de runner chaud<\/a> con\u00e7ue pour la durabilit\u00e9 et la performance.<\/p>\n<h2>Param\u00e8tres techniques (Fiche technique)<\/h2>\n<p><img decoding=\"async\" class=\"alignnone size-full wp-image-437\" src=\"https:\/\/hotrunneroem.com\/wp-content\/uploads\/2026\/02\/Hot-Runner-Mold-Controller.jpg\" alt=\"\" width=\"750\" height=\"750\" srcset=\"https:\/\/hotrunneroem.com\/wp-content\/uploads\/2026\/02\/Hot-Runner-Mold-Controller.jpg 750w, https:\/\/hotrunneroem.com\/wp-content\/uploads\/2026\/02\/Hot-Runner-Mold-Controller-12x12.jpg 12w, https:\/\/hotrunneroem.com\/wp-content\/uploads\/2026\/02\/Hot-Runner-Mold-Controller-300x300.jpg 300w, https:\/\/hotrunneroem.com\/wp-content\/uploads\/2026\/02\/Hot-Runner-Mold-Controller-600x600.jpg 600w, https:\/\/hotrunneroem.com\/wp-content\/uploads\/2026\/02\/Hot-Runner-Mold-Controller-100x100.jpg 100w\" sizes=\"(max-width: 750px) 100vw, 750px\" \/><\/p>\n<p>Lors de l'\u00e9valuation du co\u00fbt des contr\u00f4leurs de temp\u00e9rature du syst\u00e8me de canaux chauds, il est essentiel de comprendre les principaux param\u00e8tres techniques. Voici un aper\u00e7u rapide de la fiche technique mettant en \u00e9vidence les sp\u00e9cifications cruciales qui influencent le prix et la performance.<\/p>\n<table>\n<thead>\n<tr>\n<th>Param\u00e8tre<\/th>\n<th>Description<\/th>\n<th>Gamme ou types courants<\/th>\n<\/tr>\n<\/thead>\n<tbody>\n<tr>\n<td><strong>Zones prises en charge<\/strong><\/td>\n<td>Nombre de zones de contr\u00f4le de temp\u00e9rature par unit\u00e9<\/td>\n<td>1 \u00e0 128 zones (bo\u00eetier de contr\u00f4le de temp\u00e9rature multi-zone)<\/td>\n<\/tr>\n<tr>\n<td><strong>Capacit\u00e9 en amp\u00e9rage<\/strong><\/td>\n<td>Courant maximum support\u00e9, important pour la taille du chauffage<\/td>\n<td>5A, 10A, 15A (par exemple, carte de contr\u00f4le de temp\u00e9rature de 15 amp\u00e8res)<\/td>\n<\/tr>\n<tr>\n<td><strong>M\u00e9thode de contr\u00f4le<\/strong><\/td>\n<td>Type de technologie de r\u00e9gulation<\/td>\n<td>Contr\u00f4leur de r\u00e9gulation de coureur chaud PID (pour une r\u00e9gulation pr\u00e9cise de la temp\u00e9rature)<\/td>\n<\/tr>\n<tr>\n<td><strong>Plage de temp\u00e9rature<\/strong><\/td>\n<td>Limites de temp\u00e9rature de fonctionnement<\/td>\n<td>Jusqu'\u00e0 400\u00b0C ou plus (varie selon le type de chauffage)<\/td>\n<\/tr>\n<tr>\n<td><strong>Entr\u00e9es de thermocouple<\/strong><\/td>\n<td>Types de capteurs compatibles<\/td>\n<td>Type J, Type K couramment utilis\u00e9 (contr\u00f4leur de thermocouple de type J)<\/td>\n<\/tr>\n<tr>\n<td><strong>Pr\u00e9cision de contr\u00f4le<\/strong><\/td>\n<td>Stabilit\u00e9 et pr\u00e9cision de la temp\u00e9rature<\/td>\n<td>\u00b10,5\u00b0C \u00e0 \u00b11\u00b0C en moyenne<\/td>\n<\/tr>\n<tr>\n<td><strong>Temps de r\u00e9ponse<\/strong><\/td>\n<td>Vitesse de r\u00e9action du contr\u00f4leur face aux changements<\/td>\n<td>Secondes \u00e0 minutes selon le syst\u00e8me<\/td>\n<\/tr>\n<tr>\n<td><strong>Fonctionnalit\u00e9s de s\u00e9curit\u00e9<\/strong><\/td>\n<td>Protection contre la surchauffe, d\u00e9marrage en douceur<\/td>\n<td>Le contr\u00f4leur de temp\u00e9rature \u00e0 d\u00e9marrage en douceur r\u00e9duit le stress du chauffage<\/td>\n<\/tr>\n<tr>\n<td><strong>Interface utilisateur<\/strong><\/td>\n<td>Format d'affichage et de r\u00e9glages<\/td>\n<td>Carte modulaire ou \u00e9cran tactile int\u00e9gr\u00e9<\/td>\n<\/tr>\n<tr>\n<td><strong>Communication<\/strong><\/td>\n<td>Connectivit\u00e9 (optionnelle)<\/td>\n<td>Entr\u00e9e\/Sortie analogique\/digitale, RS485, Ethernet<\/td>\n<\/tr>\n<\/tbody>\n<\/table>\n<p>Choisir un contr\u00f4leur qui correspond aux exigences de votre r\u00e9gulateur de temp\u00e9rature pour l'injection plastique garantit un chauffage efficace et prolonge la dur\u00e9e de vie du chauffage. Pour un aper\u00e7u plus pr\u00e9cis des composants sp\u00e9cialis\u00e9s comme les \u00e9l\u00e9ments chauffants, consultez notre <a href=\"https:\/\/hotrunneroem.com\/fr\/hot-runner-coil-heater\/\">options de r\u00e9sistances de bobine pour canaux chauds<\/a>.<\/p>\n<p>Cette capture d'\u00e9cran vous aide \u00e0 comparer diff\u00e9rents contr\u00f4leurs de thermostat pour syst\u00e8mes de canaux chauds et \u00e0 choisir le meilleur compromis entre co\u00fbt et capacit\u00e9.<\/p>\n<h2>Pourquoi acheter directement aupr\u00e8s d'un syst\u00e8me de canaux chauds en France ?<\/h2>\n<p><img decoding=\"async\" src=\"https:\/\/hotrunneroem.com\/wp-content\/uploads\/2026\/02\/Hot_Runner_System_Cost_and_Support_Benefits_eQEjDK.webp\" alt=\"Co\u00fbt du syst\u00e8me de coureur chaud et avantages du support\" \/><\/p>\n<p>Opter pour l'achat direct de vos contr\u00f4leurs de temp\u00e9rature pour syst\u00e8mes de canaux chauds aupr\u00e8s d'un fabricant fran\u00e7ais offre des avantages \u00e9vidents. Tout d'abord, les prix directs d'usine signifient que vous b\u00e9n\u00e9ficiez de la meilleure offre sans marges interm\u00e9diaires, rendant les bo\u00eetiers de contr\u00f4le de temp\u00e9rature multi-zones avanc\u00e9s et les contr\u00f4leurs PID pour syst\u00e8mes de canaux chauds plus abordables. Cela est particuli\u00e8rement important pour les entreprises g\u00e9rant leurs co\u00fbts dans des configurations de r\u00e9gulateurs de temp\u00e9rature pour injection \u00e0 grande \u00e9chelle.<\/p>\n<p>Les options de personnalisation sont une autre raison forte d'acheter en direct. Que vous ayez besoin de modules de contr\u00f4le interchangeables, de contr\u00f4leurs de vannes s\u00e9quentielles ou de contr\u00f4leurs de thermocouples de type J sp\u00e9cialis\u00e9s, les fabricants peuvent adapter les sp\u00e9cifications pour r\u00e9pondre aux exigences de votre unit\u00e9 de contr\u00f4le de temp\u00e9rature de moule. Des solutions sur mesure vous aident \u00e0 optimiser la performance et \u00e0 r\u00e9duire les temps d'arr\u00eat.<\/p>\n<p>De plus, acheter aupr\u00e8s d'un fournisseur direct fiable garantit un support apr\u00e8s-vente solide. L'acc\u00e8s \u00e0 une assistance technique, aux services de garantie et \u00e0 une maintenance rapide permet de maintenir votre contr\u00f4leur de chauffage industriel et votre armoire principale de syst\u00e8me de canaux chauds en bon \u00e9tat sur le long terme. Ce support r\u00e9duit les co\u00fbts cach\u00e9s li\u00e9s \u00e0 une d\u00e9faillance de l'\u00e9quipement ou \u00e0 une gestion inefficace de la temp\u00e9rature.<\/p>\n<p>Pour les clients souhaitant en savoir plus sur les syst\u00e8mes de chauffage pour moules d'injection haute performance disponibles directement aupr\u00e8s des fabricants, vous pouvez explorer notre <a href=\"https:\/\/hotrunneroem.com\/fr\/hot-runner-system\/\">Syst\u00e8me de canaux chauds en France<\/a> offre compl\u00e8te con\u00e7ue pour la qualit\u00e9 et la valeur.<\/p>\n<h2>Demandez votre devis personnalis\u00e9<\/h2>\n<p>Trouver le contr\u00f4leur de temp\u00e9rature pour syst\u00e8me de canaux chauds adapt\u00e9 \u00e0 vos besoins pr\u00e9cis est essentiel pour optimiser votre processus d'injection. Que vous ayez besoin d'un <strong>unit\u00e9 \u00e0 zone unique<\/strong>, un <strong>armoire multi-zones<\/strong> avec jusqu'\u00e0 128 zones, ou d'un <strong>contr\u00f4leur de porte de vanne s\u00e9quentielle<\/strong>, nous proposons des solutions sur mesure pour correspondre \u00e0 la taille de votre projet et \u00e0 votre budget.<\/p>\n<p>Contactez simplement avec vos exigences syst\u00e8me, y compris le nombre de zones, la capacit\u00e9 en amp\u00e8res, et toute caract\u00e9ristique sp\u00e9cifique comme <strong>contr\u00f4le de temp\u00e9rature \u00e0 d\u00e9marrage progressif<\/strong> or <strong>contr\u00f4leurs de thermocouples de type J<\/strong>. Nous proposons des prix comp\u00e9titifs sur <strong>contr\u00f4leurs de chauffages industriels<\/strong> et <strong>Contr\u00f4leurs de syst\u00e8mes de chauffage pour circuits de coureurs chauds<\/strong> gr\u00e2ce \u00e0 notre configuration de fabrication directe en Chine, garantissant des tarifs directs d'usine sans interm\u00e9diaire.<\/p>\n<p>Obtenez une devis clair et transparent qui couvre tous les co\u00fbts, depuis la mise en service initiale jusqu'au service \u00e0 long terme. Cela inclut des options pour <strong>modules de contr\u00f4le interchangeables<\/strong> qui facilitent les futures mises \u00e0 niveau, ainsi que des garanties de compatibilit\u00e9 totale pour votre <strong>armoire principale de circuit de coureur chaud<\/strong>.<\/p>\n<p>Pr\u00eat \u00e0 r\u00e9duire le co\u00fbt de votre syst\u00e8me de chauffage de moule d'injection tout en am\u00e9liorant la pr\u00e9cision du processus ? Contactez-nous d\u00e8s aujourd'hui pour demander votre devis personnalis\u00e9 \u2014 et commencez \u00e0 am\u00e9liorer votre production avec un syst\u00e8me de coureur chaud fiable et pr\u00e9cis\u00e9ment contr\u00f4l\u00e9.<\/p>\n<p>D\u00e9couvrez comment notre personnalisation peut s'adapter \u00e0 des conceptions de moules uniques et \u00e0 des profils de temp\u00e9rature en visitant notre <a href=\"https:\/\/hotrunneroem.com\/fr\/hot-runner-injection-mold\/\">solutions d'injection par canal chaud<\/a>.<\/p>\n<div id=\"references\" class=\"min-w-0 scroll-mt-8 overflow-hidden\">\n<div class=\"flex flex-col gap-2 text-sm leading-relaxed\"><\/div>\n<\/div>","protected":false},"excerpt":{"rendered":"<p>Explorez le co\u00fbt comp\u00e9titif des contr\u00f4leurs de temp\u00e9rature du syst\u00e8me de canal chaud avec contr\u00f4le PID multi-zone, d\u00e9marrage progressif et modules interchangeables pour une gestion pr\u00e9cise du moule<\/p>","protected":false},"featured_media":439,"template":"","meta":{"site-sidebar-layout":"default","site-content-layout":"","ast-site-content-layout":"default","site-content-style":"default","site-sidebar-style":"default","ast-global-header-display":"","ast-banner-title-visibility":"","ast-main-header-display":"","ast-hfb-above-header-display":"","ast-hfb-below-header-display":"","ast-hfb-mobile-header-display":"","site-post-title":"","ast-breadcrumbs-content":"","ast-featured-img":"","footer-sml-layout":"","ast-disable-related-posts":"","theme-transparent-header-meta":"default","adv-header-id-meta":"","stick-header-meta":"","header-above-stick-meta":"","header-main-stick-meta":"","header-below-stick-meta":"","astra-migrate-meta-layouts":"set","ast-page-background-enabled":"default","ast-page-background-meta":{"desktop":{"background-color":"var(--ast-global-color-5)","background-image":"","background-repeat":"repeat","background-position":"center center","background-size":"auto","background-attachment":"scroll","background-type":"","background-media":"","overlay-type":"","overlay-color":"","overlay-opacity":"","overlay-gradient":""},"tablet":{"background-color":"","background-image":"","background-repeat":"repeat","background-position":"center center","background-size":"auto","background-attachment":"scroll","background-type":"","background-media":"","overlay-type":"","overlay-color":"","overlay-opacity":"","overlay-gradient":""},"mobile":{"background-color":"","background-image":"","background-repeat":"repeat","background-position":"center center","background-size":"auto","background-attachment":"scroll","background-type":"","background-media":"","overlay-type":"","overlay-color":"","overlay-opacity":"","overlay-gradient":""}},"ast-content-background-meta":{"desktop":{"background-color":"var(--ast-global-color-4)","background-image":"","background-repeat":"repeat","background-position":"center center","background-size":"auto","background-attachment":"scroll","background-type":"","background-media":"","overlay-type":"","overlay-color":"","overlay-opacity":"","overlay-gradient":""},"tablet":{"background-color":"var(--ast-global-color-4)","background-image":"","background-repeat":"repeat","background-position":"center center","background-size":"auto","background-attachment":"scroll","background-type":"","background-media":"","overlay-type":"","overlay-color":"","overlay-opacity":"","overlay-gradient":""},"mobile":{"background-color":"var(--ast-global-color-4)","background-image":"","background-repeat":"repeat","background-position":"center center","background-size":"auto","background-attachment":"scroll","background-type":"","background-media":"","overlay-type":"","overlay-color":"","overlay-opacity":"","overlay-gradient":""}}},"product_brand":[],"product_cat":[34],"product_tag":[56,50,52,49],"class_list":{"0":"post-460","1":"product","2":"type-product","3":"status-publish","4":"has-post-thumbnail","6":"product_cat-hot-runner-controller","7":"product_tag-hot-runner-heater","8":"product_tag-hot-runner-parts","9":"product_tag-mold-flow-analysis","10":"product_tag-nozzle-tips","11":"desktop-align-left","12":"tablet-align-left","13":"mobile-align-left","15":"first","16":"instock","17":"featured","18":"shipping-taxable","19":"product-type-simple"},"_links":{"self":[{"href":"https:\/\/hotrunneroem.com\/fr\/wp-json\/wp\/v2\/product\/460","targetHints":{"allow":["GET"]}}],"collection":[{"href":"https:\/\/hotrunneroem.com\/fr\/wp-json\/wp\/v2\/product"}],"about":[{"href":"https:\/\/hotrunneroem.com\/fr\/wp-json\/wp\/v2\/types\/product"}],"wp:featuredmedia":[{"embeddable":true,"href":"https:\/\/hotrunneroem.com\/fr\/wp-json\/wp\/v2\/media\/439"}],"wp:attachment":[{"href":"https:\/\/hotrunneroem.com\/fr\/wp-json\/wp\/v2\/media?parent=460"}],"wp:term":[{"taxonomy":"product_brand","embeddable":true,"href":"https:\/\/hotrunneroem.com\/fr\/wp-json\/wp\/v2\/product_brand?post=460"},{"taxonomy":"product_cat","embeddable":true,"href":"https:\/\/hotrunneroem.com\/fr\/wp-json\/wp\/v2\/product_cat?post=460"},{"taxonomy":"product_tag","embeddable":true,"href":"https:\/\/hotrunneroem.com\/fr\/wp-json\/wp\/v2\/product_tag?post=460"}],"curies":[{"name":"wp","href":"https:\/\/api.w.org\/{rel}","templated":true}]}}