{"id":270,"date":"2026-01-24T15:23:30","date_gmt":"2026-01-24T07:23:30","guid":{"rendered":"https:\/\/hotrunneroem.com\/?post_type=product&#038;p=270"},"modified":"2026-01-24T16:06:07","modified_gmt":"2026-01-24T08:06:07","slug":"hot-runner-injection-mold","status":"publish","type":"product","link":"https:\/\/hotrunneroem.com\/pt\/hot-runner-injection-mold\/","title":{"rendered":"Sistemas de Moldes de Inje\u00e7\u00e3o com Sistema de Injetores de Alta Performance e Solu\u00e7\u00f5es Personalizadas"},"content":{"rendered":"<h2>Vis\u00e3o Geral do Produto: Solu\u00e7\u00f5es de Canais Quentes de Precis\u00e3o para Moldagem de Pl\u00e1stico<\/h2>\n<p>Na China hot runner system, especializamo-nos em fornecer <strong>moldes de inje\u00e7\u00e3o de canal quente avan\u00e7ados<\/strong> solu\u00e7\u00f5es projetadas para precis\u00e3o e efici\u00eancia na moldagem de pl\u00e1stico. Os nossos sistemas priorizam <strong>estabilidade t\u00e9rmica<\/strong> e exato <strong>controlo do fluxo de fus\u00e3o<\/strong>, garantindo a entrega consistente de pl\u00e1stico durante todo o processo de moldagem. Este foco minimiza as flutua\u00e7\u00f5es de temperatura e garante o enchimento uniforme da cavidade, o que \u00e9 fundamental para uma produ\u00e7\u00e3o repet\u00edvel e de alta qualidade.<\/p>\n<p>A transi\u00e7\u00e3o dos moldes de canal frio tradicionais para o nosso <strong>sistema de manifold quente<\/strong> significa eliminar res\u00edduos e canais, reduzindo significativamente o desperd\u00edcio de material e diminuindo os custos de produ\u00e7\u00e3o. Esta <strong>moldagem sem canais<\/strong> abordagem melhora a utiliza\u00e7\u00e3o de resina e encurta os tempos de ciclo, proporcionando benef\u00edcios econ\u00f3micos e operacionais.<\/p>\n<p>Como fabricante dedicado com sede na China, mantemos capacidades internas completas\u2014desde o design e sele\u00e7\u00e3o de metalurgia at\u00e9 \u00e0 maquinagem e montagem. Esta integra\u00e7\u00e3o vertical permite-nos impor um controlo de qualidade rigoroso em cada etapa, garantindo que os nossos sistemas de canais quentes atendem aos exigentes padr\u00f5es do mercado de Portugal e de outros pa\u00edses. O nosso compromisso com a fabrica\u00e7\u00e3o de precis\u00e3o suporta <strong>ferramentas de inje\u00e7\u00e3o de termopl\u00e1sticos<\/strong> fi\u00e1veis e de alto desempenho, adaptadas \u00e0s suas necessidades espec\u00edficas de produ\u00e7\u00e3o.<\/p>\n<h2>Especifica\u00e7\u00f5es T\u00e9cnicas e Configura\u00e7\u00e3o de Material<\/h2>\n<p>O nosso sistema de moldes de inje\u00e7\u00e3o com corredor quente \u00e9 constru\u00eddo com materiais e componentes de precis\u00e3o para garantir durabilidade, efici\u00eancia e desempenho consistente.<\/p>\n<h3>Metalurgia do Manifold<\/h3>\n<ul>\n<li><strong>Grades de A\u00e7o:<\/strong> Utilizamos a\u00e7os premium como <strong>H13<\/strong> e <strong>A\u00e7o inoxid\u00e1vel 420<\/strong>.<\/li>\n<li><strong>Vantagens:<\/strong> Estas grades oferecem excelente resist\u00eancia \u00e0 corros\u00e3o e condutividade t\u00e9rmica superior, essenciais para manter temperaturas de fus\u00e3o est\u00e1veis e longa vida \u00fatil.<\/li>\n<\/ul>\n<h3>Elementos de Aquecimento<\/h3>\n<ul>\n<li><strong>Tipos:<\/strong> Integrado <strong>bobinas de aquecimento<\/strong> e <strong>aquecedores tubulares<\/strong> s\u00e3o embutidos para uma distribui\u00e7\u00e3o de calor uniforme.<\/li>\n<li><strong>Controlo de Temperatura:<\/strong> Strategicamente colocados <strong>Termopares<\/strong> fornecem monitoriza\u00e7\u00e3o em tempo real, garantindo uma uniformidade de temperatura precisa em todo o manifold.<\/li>\n<\/ul>\n<h3>Design do Canal de Fluxo<\/h3>\n<ul>\n<li><strong>Caminhos de Fluxo Balanceados:<\/strong> O nosso sistema apresenta <strong>canais rheologicamente equilibrados<\/strong> que garantem uma queda de press\u00e3o igual em cada cavidade.<\/li>\n<li><strong>Resultado:<\/strong> Este design garante um fluxo de fus\u00e3o consistente, reduzindo defeitos e melhorando a qualidade da pe\u00e7a.<\/li>\n<\/ul>\n<h3>Especifica\u00e7\u00f5es El\u00e9tricas<\/h3>\n<table>\n<thead>\n<tr>\n<th>Recurso<\/th>\n<th>Detalhes<\/th>\n<\/tr>\n<\/thead>\n<tbody>\n<tr>\n<td>Compatibilidade de Tens\u00e3o<\/td>\n<td>Suporta tens\u00f5es padr\u00e3o (110V\/220V)<\/td>\n<\/tr>\n<tr>\n<td>Conectores<\/td>\n<td>Conectores dur\u00e1veis de grau industrial<\/td>\n<\/tr>\n<tr>\n<td>Controle de Zona<\/td>\n<td>Integra\u00e7\u00e3o de controle de temperatura multi-zona para uma gest\u00e3o t\u00e9rmica precisa<\/td>\n<\/tr>\n<\/tbody>\n<\/table>\n<p>Ao combinar materiais de alta qualidade com engenharia inteligente, o nosso sistema de manifold quente oferece uma entrega de fus\u00e3o confi\u00e1vel e eficiente para uma ampla gama de necessidades de moldagem por inje\u00e7\u00e3o de termopl\u00e1sticos. Para mais informa\u00e7\u00f5es sobre manuten\u00e7\u00e3o da estabilidade de temperatura, consulte o nosso detalhado <a href=\"https:\/\/hotrunneroem.com\/pt\/hot-runner-temperature-controllers\/\">controladores de temperatura de hot runner<\/a>.<\/p>\n<h2>Tecnologia de Bico &amp; Solu\u00e7\u00f5es de Gating<\/h2>\n<p>O nosso sistema de moldagem por inje\u00e7\u00e3o com sistema de corredor quente oferece uma variedade de op\u00e7\u00f5es de bicos e gating projetadas para atender diferentes necessidades de produ\u00e7\u00e3o e tipos de resina.<\/p>\n<ul>\n<li><strong>Sistemas de Gating Aberto<\/strong>: Perfeito para resinas commodities e mudan\u00e7as frequentes de cor, estes bicos apresentam designs de ponta que minimizam vest\u00edgios, ajudando a obter acabamentos limpos nas pe\u00e7as sem necessidade de acabamento adicional.<\/li>\n<li><strong>Sistemas de Gating por V\u00e1lvula<\/strong>: Para pe\u00e7as cosm\u00e9ticas de alta qualidade, os nossos bicos de v\u00e1lvula usam atua\u00e7\u00e3o pneum\u00e1tica ou hidr\u00e1ulica de pinos para fornecer marcas de gate precisas e limpas. Isso garante uma est\u00e9tica de primeira linha e reduz o tempo de p\u00f3s-processamento.<\/li>\n<li><strong>Bicos Multi-Ponta<\/strong>: Ideais para pe\u00e7as pequenas e moldes de alta cavidade, como tampas e fechos, estes bicos melhoram a efici\u00eancia do ciclo e a entrega uniforme de fus\u00e3o em todas as cavidades.<\/li>\n<li><strong>Pontas Substitu\u00edveis<\/strong>: Projetada para manuten\u00e7\u00e3o f\u00e1cil, a nossa tecnologia de ponta substitu\u00edvel permite trocar pontas desgastadas ou danificadas sem remover o molde da m\u00e1quina, minimizando o tempo de paragem e mantendo a produ\u00e7\u00e3o fluida.<\/li>\n<\/ul>\n<p>Estas solu\u00e7\u00f5es avan\u00e7adas de gateing integram-se perfeitamente com o nosso sistema de colectores quentes, garantindo um fluxo de fus\u00e3o consistente e tecnologia de gate t\u00e9rmico para um desempenho de moldagem \u00f3timo. Para mais detalhes, consulte as nossas <a href=\"https:\/\/hotrunneroem.com\/pt\/hot-runner-nozzle\/\">op\u00e7\u00f5es de bicos de canal quente<\/a> e <a href=\"https:\/\/hotrunneroem.com\/pt\/hot-runner-manifold\/\">designs de colectores quentes<\/a>.<\/p>\n<h2>Vantagens Operacionais da Nossa Tecnologia de Moldes de Inje\u00e7\u00e3o com Colector Quente<\/h2>\n<p>O nosso sistema de molde de inje\u00e7\u00e3o com colector quente foi concebido para aumentar a efici\u00eancia da sua produ\u00e7\u00e3o e a qualidade do produto de v\u00e1rias formas-chave:<\/p>\n<ul>\n<li><strong>Otimiza\u00e7\u00e3o do Tempo de Ciclo<\/strong>: Ao manter a fus\u00e3o numa condi\u00e7\u00e3o pronta para inje\u00e7\u00e3o, o nosso sistema de colector quente acelera as fases de arrefecimento e eje\u00e7\u00e3o, reduzindo os tempos de ciclo globais. Ciclos mais r\u00e1pidos significam maior produ\u00e7\u00e3o sem sacrificar a qualidade.<\/li>\n<li><strong>Efici\u00eancia de Resina<\/strong>: Eliminar res\u00edduos de canal frio atrav\u00e9s de moldagem sem canais reduz significativamente o desperd\u00edcio de material. Isto n\u00e3o s\u00f3 diminui os custos de mat\u00e9ria-prima, como tamb\u00e9m minimiza o trabalho de p\u00f3s-processamento, tornando a sua opera\u00e7\u00e3o mais eficiente e ecol\u00f3gica.<\/li>\n<li><strong>Redu\u00e7\u00e3o da Press\u00e3o de Inje\u00e7\u00e3o<\/strong>: Com uma entrega de fus\u00e3o precisa e canais de fluxo equilibrados, o sistema reduz a press\u00e3o de inje\u00e7\u00e3o necess\u00e1ria. Isto diminui o esfor\u00e7o na sua m\u00e1quina de moldar e no pol\u00edmero, ajudando a alcan\u00e7ar toler\u00e2ncias mais apertadas e melhor acabamento superficial.<\/li>\n<li><strong>Estabilidade do Processo<\/strong>: O controlo de temperatura consistente atrav\u00e9s de bobinas de aquecimento do molde integradas e caminhos de fluxo bem projetados garante o enchimento uniforme da cavidade. Isto resulta em peso consistente de tiro para tiro e menos defeitos, proporcionando produ\u00e7\u00f5es fi\u00e1veis a cada ciclo.<\/li>\n<\/ul>\n<p>Para aqueles interessados em estudos de caso detalhados sobre como estes benef\u00edcios operacionais se traduzem em poupan\u00e7as reais e melhorias de qualidade, a nossa <a href=\"https:\/\/hotrunneroem.com\/pt\/hot-runner-cases\/\">casos de canais quentes<\/a> oferece insights valiosos.<\/p>\n<h2>Personaliza\u00e7\u00e3o &amp; Fluxo de Trabalho de Engenharia<\/h2>\n<p><img decoding=\"async\" src=\"https:\/\/hotrunneroem.com\/wp-content\/uploads\/2026\/01\/Hot-Runner-Moldflow-Custom-Manifold-Design.jpg\" alt=\"Design Personalizado de Manifold para Moldes de Canal Quente no Moldflow\" \/><\/p>\n<p>Utilizamos an\u00e1lise Moldflow para antecipar problemas antes do in\u00edcio da produ\u00e7\u00e3o. Esta ferramenta de simula\u00e7\u00e3o ajuda-nos a prever tempos de enchimento, identificar linhas de solda e encontrar armadilhas de ar precocemente\u2014economizando tempo e custos de repara\u00e7\u00e3o futuros.<\/p>\n<p>O nosso sistema de colector quente n\u00e3o \u00e9 de tamanho \u00fanico. Oferecemos formas personalizadas de colectores, como configura\u00e7\u00f5es em H, X e Y, para corresponder perfeitamente ao layout da sua base de molde. Esta abordagem sob medida garante uma entrega de fus\u00e3o suave e enchimento equilibrado da cavidade em cada ciclo.<\/p>\n<p>Tamb\u00e9m personalizamos o nosso molde de inje\u00e7\u00e3o com sistema de canal quente para trabalhar com uma vasta gama de resinas. Quer esteja a utilizar materiais abrasivos refor\u00e7ados com vidro, PVC corrosivo ou pol\u00edmeros de alta temperatura como PEEK e Ultem, projetamos o sistema para atender \u00e0s suas necessidades espec\u00edficas. Isto significa maior durabilidade da ferramenta e qualidade consistente das pe\u00e7as, independentemente do que estiver a moldar.<\/p>\n<h2>Aplica\u00e7\u00f5es industriais para moldes de inje\u00e7\u00e3o com sistema de canal quente<\/h2>\n<p>Os nossos sistemas de moldes de inje\u00e7\u00e3o com sistema de canal quente s\u00e3o constru\u00eddos para atender \u00e0s exig\u00eancias de v\u00e1rias ind\u00fastrias em todo o pa\u00eds, oferecendo efici\u00eancia e precis\u00e3o onde mais importa.<\/p>\n<p><strong>Componentes Autom\u00f3veis<\/strong><\/p>\n<ul>\n<li>Perfeito para grandes pe\u00e7as de acabamento interior e componentes sob o cap\u00f4<\/li>\n<li>Suporta sistema de v\u00e1lvula de gating sequencial para moldes com m\u00faltiplas cavidades complexas<\/li>\n<li>Garante sistema de entrega de fus\u00e3o consistente para acabamentos de alta qualidade<\/li>\n<\/ul>\n<p><strong>Dispositivos M\u00e9dicos<\/strong><\/p>\n<ul>\n<li>Projetado para ambientes de sala limpa com padr\u00f5es rigorosos de higiene<\/li>\n<li>Ideal para moldes de m\u00faltiplas cavidades que produzem consum\u00edveis m\u00e9dicos de alta precis\u00e3o<\/li>\n<li>Utiliza tecnologia de gate t\u00e9rmico para manter temperaturas est\u00e1veis e reduzir defeitos<\/li>\n<\/ul>\n<p><strong>Embalagens e Tampas<\/strong><\/p>\n<ul>\n<li>Otimizados para produ\u00e7\u00e3o de alta velocidade de recipientes de paredes finas e tampas de garrafa<\/li>\n<li>Bicos de v\u00e1lvula de gating proporcionam marcas de gate limpas e invis\u00edveis, melhorando a est\u00e9tica do produto<\/li>\n<li>Moldagem sem corredor reduz o desperd\u00edcio de material, baixando custos<\/li>\n<\/ul>\n<p><strong>Eletr\u00f3nica de consumo<\/strong><\/p>\n<ul>\n<li>Suporta a fabrica\u00e7\u00e3o de carca\u00e7as de alta est\u00e9tica com marcas de gate invis\u00edveis<\/li>\n<li>Bicos de m\u00faltiplas pontas permitem moldagem eficiente de pe\u00e7as pequenas e detalhadas<\/li>\n<li>Mant\u00e9m a estabilidade do processo para enchimento consistente de cavidades e repetibilidade de tiro a tiro<\/li>\n<\/ul>\n<p>Ao adaptar o nosso sistema de manifold quente e ferramentas de inje\u00e7\u00e3o de termopl\u00e1sticos para estes setores, ajudamos os fabricantes a Portugal a aumentar a produtividade enquanto controlam os custos.<\/p>\n<h2>Garantia de Qualidade e Suporte P\u00f3s-Venda<\/h2>\n<p>Garantir um desempenho consistente \u00e9 fundamental com os nossos sistemas de moldes de inje\u00e7\u00e3o com corredor quente. Aqui est\u00e1 como apoiamos isso:<\/p>\n<p><strong>Testes de Balanceamento T\u00e9rmico<\/strong><\/p>\n<ul>\n<li>Verifique a uniformidade de temperatura em todo o sistema de colector quente<\/li>\n<li>Prevenir pontos quentes ou zonas frias que possam afetar o fluxo de fus\u00e3o e a qualidade das pe\u00e7as<\/li>\n<\/ul>\n<p><strong>Testes de Fugas<\/strong><\/p>\n<ul>\n<li>Realize verifica\u00e7\u00f5es de veda\u00e7\u00e3o de alta press\u00e3o antes do envio<\/li>\n<li>Garantir opera\u00e7\u00e3o \u00e0 prova de fugas sob condi\u00e7\u00f5es exigentes de inje\u00e7\u00e3o<\/li>\n<\/ul>\n<p><strong>Disponibilidade Global de Pe\u00e7as de Reposi\u00e7\u00e3o<\/strong><\/p>\n<ul>\n<li>Stock pronto de componentes cr\u00edticos como bobinas de aquecimento de moldes de inje\u00e7\u00e3o, termopares e agulhas de v\u00e1lvula<\/li>\n<li>Entrega r\u00e1pida para minimizar o tempo de inatividade em qualquer lugar do pa\u00eds ou al\u00e9m<\/li>\n<\/ul>\n<p><strong>Assist\u00eancia na Instala\u00e7\u00e3o<\/strong><\/p>\n<ul>\n<li>Suporte t\u00e9cnico especializado para uma integra\u00e7\u00e3o suave do seu sistema de corredor quente nas m\u00e1quinas de moldagem existentes<\/li>\n<li>Orienta\u00e7\u00e3o na configura\u00e7\u00e3o da caixa de controlo de temperatura e liga\u00e7\u00f5es el\u00e9tricas<\/li>\n<\/ul>\n<table>\n<thead>\n<tr>\n<th>Verifica\u00e7\u00e3o de Qualidade<\/th>\n<th>Prop\u00f3sito<\/th>\n<th>Benef\u00edcio<\/th>\n<\/tr>\n<\/thead>\n<tbody>\n<tr>\n<td>Teste de Balanceamento T\u00e9rmico<\/td>\n<td>Garantir distribui\u00e7\u00e3o uniforme de calor<\/td>\n<td>Fluxo de fus\u00e3o est\u00e1vel, pe\u00e7as consistentes<\/td>\n<\/tr>\n<tr>\n<td>Teste de Fugas<\/td>\n<td>Confirmar integridade do selo<\/td>\n<td>Prevenir danos por mofo e perda de material<\/td>\n<\/tr>\n<tr>\n<td>Fornecimento de Pe\u00e7as de Reposi\u00e7\u00e3o<\/td>\n<td>Fornecer substitui\u00e7\u00f5es cr\u00edticas<\/td>\n<td>Reduzir o tempo de inatividade da m\u00e1quina<\/td>\n<\/tr>\n<tr>\n<td>Apoio na instala\u00e7\u00e3o<\/td>\n<td>Ajudar na configura\u00e7\u00e3o do sistema<\/td>\n<td>Comissionamento mais r\u00e1pido e sem problemas<\/td>\n<\/tr>\n<\/tbody>\n<\/table>\n<p>O nosso compromisso com a qualidade e o suporte significa que o seu investimento em tecnologia avan\u00e7ada de canais quentes oferece resultados fi\u00e1veis a longo prazo. Para mais informa\u00e7\u00f5es sobre as capacidades do nosso sistema, consulte as nossas solu\u00e7\u00f5es detalhadas <a href=\"https:\/\/hotrunneroem.com\/pt\/\">solu\u00e7\u00f5es de sistemas de manifolds quentes<\/a>.<\/p>\n<h2>Requisi\u00e7\u00e3o de Cota\u00e7\u00e3o (RFQ) Requisitos para Moldes de Inje\u00e7\u00e3o com Canal Quente<\/h2>\n<p>Para obter uma cota\u00e7\u00e3o precisa de <strong>sistema de canais quentes<\/strong>, por favor, prepare os seguintes detalhes:<\/p>\n<table>\n<thead>\n<tr>\n<th>Dados Necess\u00e1rios<\/th>\n<th>Descri\u00e7\u00e3o<\/th>\n<\/tr>\n<\/thead>\n<tbody>\n<tr>\n<td><strong>Design 3D da Pe\u00e7a<\/strong><\/td>\n<td>Ficheiros CAD mostrando a geometria exata da sua pe\u00e7a<\/td>\n<\/tr>\n<tr>\n<td><strong>Tipo de Resina<\/strong><\/td>\n<td>Especifique o material pl\u00e1stico (por exemplo, ABS, PEEK)<\/td>\n<\/tr>\n<tr>\n<td><strong>Especifica\u00e7\u00f5es da M\u00e1quina<\/strong><\/td>\n<td>Detalhes da m\u00e1quina de moldagem por inje\u00e7\u00e3o (for\u00e7a, marca)<\/td>\n<\/tr>\n<tr>\n<td><strong>Contagem de Cavidades<\/strong><\/td>\n<td>N\u00famero de cavidades que o seu molde requer<\/td>\n<\/tr>\n<\/tbody>\n<\/table>\n<h3>Como Contactar-nos<\/h3>\n<ul>\n<li>Forne\u00e7a um <strong>linha direta<\/strong> ao seu gestor de engenharia ou projeto.<\/li>\n<li>Entre em contacto com <strong>a equipa de engenharia do sistema de canal quente<\/strong> para feedback r\u00e1pido e solu\u00e7\u00f5es personalizadas.<\/li>\n<\/ul>\n<p>Esta informa\u00e7\u00e3o ajuda-nos a personalizar o <strong>sistema de manifold quente<\/strong> e as solu\u00e7\u00f5es de canaliza\u00e7\u00e3o perfeitamente para o seu projeto, garantindo uma integra\u00e7\u00e3o suave e alto desempenho.<\/p>","protected":false},"excerpt":{"rendered":"<p>Moldes de inje\u00e7\u00e3o de injetores de alta precis\u00e3o com colectores personalizados, tecnologia avan\u00e7ada de bicos e tempos de ciclo otimizados para moldagem eficiente de pl\u00e1stico.<\/p>","protected":false},"featured_media":272,"template":"","meta":{"site-sidebar-layout":"default","site-content-layout":"","ast-site-content-layout":"default","site-content-style":"default","site-sidebar-style":"default","ast-global-header-display":"","ast-banner-title-visibility":"","ast-main-header-display":"","ast-hfb-above-header-display":"","ast-hfb-below-header-display":"","ast-hfb-mobile-header-display":"","site-post-title":"","ast-breadcrumbs-content":"","ast-featured-img":"","footer-sml-layout":"","ast-disable-related-posts":"","theme-transparent-header-meta":"default","adv-header-id-meta":"","stick-header-meta":"","header-above-stick-meta":"","header-main-stick-meta":"","header-below-stick-meta":"","astra-migrate-meta-layouts":"set","ast-page-background-enabled":"default","ast-page-background-meta":{"desktop":{"background-color":"var(--ast-global-color-5)","background-image":"","background-repeat":"repeat","background-position":"center center","background-size":"auto","background-attachment":"scroll","background-type":"","background-media":"","overlay-type":"","overlay-color":"","overlay-opacity":"","overlay-gradient":""},"tablet":{"background-color":"","background-image":"","background-repeat":"repeat","background-position":"center center","background-size":"auto","background-attachment":"scroll","background-type":"","background-media":"","overlay-type":"","overlay-color":"","overlay-opacity":"","overlay-gradient":""},"mobile":{"background-color":"","background-image":"","background-repeat":"repeat","background-position":"center center","background-size":"auto","background-attachment":"scroll","background-type":"","background-media":"","overlay-type":"","overlay-color":"","overlay-opacity":"","overlay-gradient":""}},"ast-content-background-meta":{"desktop":{"background-color":"var(--ast-global-color-4)","background-image":"","background-repeat":"repeat","background-position":"center center","background-size":"auto","background-attachment":"scroll","background-type":"","background-media":"","overlay-type":"","overlay-color":"","overlay-opacity":"","overlay-gradient":""},"tablet":{"background-color":"var(--ast-global-color-4)","background-image":"","background-repeat":"repeat","background-position":"center center","background-size":"auto","background-attachment":"scroll","background-type":"","background-media":"","overlay-type":"","overlay-color":"","overlay-opacity":"","overlay-gradient":""},"mobile":{"background-color":"var(--ast-global-color-4)","background-image":"","background-repeat":"repeat","background-position":"center center","background-size":"auto","background-attachment":"scroll","background-type":"","background-media":"","overlay-type":"","overlay-color":"","overlay-opacity":"","overlay-gradient":""}}},"product_brand":[],"product_cat":[35],"product_tag":[48],"class_list":{"0":"post-270","1":"product","2":"type-product","3":"status-publish","4":"has-post-thumbnail","6":"product_cat-hot-runner-design","7":"product_tag-hot-runner-injection-mold","8":"desktop-align-left","9":"tablet-align-left","10":"mobile-align-left","12":"first","13":"instock","14":"featured","15":"shipping-taxable","16":"product-type-simple"},"_links":{"self":[{"href":"https:\/\/hotrunneroem.com\/pt\/wp-json\/wp\/v2\/product\/270","targetHints":{"allow":["GET"]}}],"collection":[{"href":"https:\/\/hotrunneroem.com\/pt\/wp-json\/wp\/v2\/product"}],"about":[{"href":"https:\/\/hotrunneroem.com\/pt\/wp-json\/wp\/v2\/types\/product"}],"wp:featuredmedia":[{"embeddable":true,"href":"https:\/\/hotrunneroem.com\/pt\/wp-json\/wp\/v2\/media\/272"}],"wp:attachment":[{"href":"https:\/\/hotrunneroem.com\/pt\/wp-json\/wp\/v2\/media?parent=270"}],"wp:term":[{"taxonomy":"product_brand","embeddable":true,"href":"https:\/\/hotrunneroem.com\/pt\/wp-json\/wp\/v2\/product_brand?post=270"},{"taxonomy":"product_cat","embeddable":true,"href":"https:\/\/hotrunneroem.com\/pt\/wp-json\/wp\/v2\/product_cat?post=270"},{"taxonomy":"product_tag","embeddable":true,"href":"https:\/\/hotrunneroem.com\/pt\/wp-json\/wp\/v2\/product_tag?post=270"}],"curies":[{"name":"wp","href":"https:\/\/api.w.org\/{rel}","templated":true}]}}