{"id":286,"date":"2026-01-26T18:06:23","date_gmt":"2026-01-26T10:06:23","guid":{"rendered":"https:\/\/hotrunneroem.com\/?post_type=product&#038;p=286"},"modified":"2026-01-28T12:21:31","modified_gmt":"2026-01-28T04:21:31","slug":"hot-runner-parts","status":"publish","type":"product","link":"https:\/\/hotrunneroem.com\/pt\/hot-runner-parts\/","title":{"rendered":"Fabricante de Pe\u00e7as de Alta Precis\u00e3o para Sistemas de Inje\u00e7\u00e3o de Alta Performance"},"content":{"rendered":"<h2>Componentes Integrados de Injetores de Alta Performance para Desempenho \u00d3ptimo<\/h2>\n<p>O sistema de injetores quente oferece uma gama completa de pe\u00e7as de engenharia de precis\u00e3o, projetadas para melhorar a efici\u00eancia e fiabilidade do moldagem por inje\u00e7\u00e3o.<\/p>\n<figure id=\"attachment_283\" aria-describedby=\"caption-attachment-283\" style=\"width: 800px\" class=\"wp-caption alignnone\"><img fetchpriority=\"high\" decoding=\"async\" class=\"size-full wp-image-283\" src=\"https:\/\/hotrunneroem.com\/wp-content\/uploads\/2026\/01\/hot_runner_parts.jpg\" alt=\"\" width=\"800\" height=\"800\" srcset=\"https:\/\/hotrunneroem.com\/wp-content\/uploads\/2026\/01\/hot_runner_parts.jpg 800w, https:\/\/hotrunneroem.com\/wp-content\/uploads\/2026\/01\/hot_runner_parts-12x12.jpg 12w, https:\/\/hotrunneroem.com\/wp-content\/uploads\/2026\/01\/hot_runner_parts-300x300.jpg 300w, https:\/\/hotrunneroem.com\/wp-content\/uploads\/2026\/01\/hot_runner_parts-600x600.jpg 600w, https:\/\/hotrunneroem.com\/wp-content\/uploads\/2026\/01\/hot_runner_parts-100x100.jpg 100w\" sizes=\"(max-width: 800px) 100vw, 800px\" \/><figcaption id=\"caption-attachment-283\" class=\"wp-caption-text\">\u00f8;<\/figcaption><\/figure>\n<h3>Bicos e Pontas Avan\u00e7ados<\/h3>\n<ul>\n<li><strong>Porta Aberta vs. Porta de V\u00e1lvula<\/strong>: Opte por bicos de porta aberta para simplicidade ou porta de v\u00e1lvula para controlo preciso do fluxo e m\u00ednima gotejagem.<\/li>\n<li><strong>Sele\u00e7\u00e3o de Material<\/strong>: Pe\u00e7as de injetores quentes especialmente formuladas usam a\u00e7os endurecidos, ideais para resinas abrasivas como nylon refor\u00e7ado com vidro, prolongando a vida \u00fatil das pe\u00e7as.<\/li>\n<li><strong>Pontas Substitu\u00edveis<\/strong>: Designs modulares de pontas simplificam a manuten\u00e7\u00e3o, minimizando o tempo de paragem e reduzindo custos operacionais.<\/li>\n<\/ul>\n<h3>Manifolds e Placas de Precis\u00e3o<\/h3>\n<ul>\n<li><strong>Equil\u00edbrio do Canal de Fluxo<\/strong>: Engenharia personalizada do canal de fluxo garante uma distribui\u00e7\u00e3o uniforme do fundido para uma qualidade consistente das pe\u00e7as.<\/li>\n<li><strong>Configura\u00e7\u00f5es<\/strong>: Dispon\u00edvel em layouts padr\u00e3o em forma de H, X, e layouts personalizados adaptados \u00e0s cavidades espec\u00edficas do molde.<\/li>\n<li><strong>Graus de A\u00e7o<\/strong>: A\u00e7os de ferramenta de alta qualidade mant\u00eam a estabilidade dimensional e resist\u00eancia t\u00e9rmica, essenciais para o desempenho duradouro do sistema de injetores quente.<\/li>\n<\/ul>\n<h3>Elementos de Aquecimento e Termopares<\/h3>\n<ul>\n<li><strong>Tipos de Aquecedores<\/strong>: Aquecedores industriais de bobina, aquecedores tubulares dur\u00e1veis e op\u00e7\u00f5es de aquecimento flex\u00edveis adaptam-se a v\u00e1rios desenhos de moldes.<\/li>\n<li><strong>Sensores de Termopar<\/strong>: Termopares do tipo J e K fornecem monitoriza\u00e7\u00e3o de temperatura precisa, fundamental para o controlo do processo.<\/li>\n<li><strong>Resist\u00eancia ao Calor<\/strong>: Os componentes suportam ambientes rigorosos de altas temperaturas, garantindo desempenho t\u00e9rmico consistente.<\/li>\n<\/ul>\n<h3>Cilindros e Atuadores de V\u00e1lvula de Port\u00e3o<\/h3>\n<ul>\n<li><strong>Modos de Opera\u00e7\u00e3o<\/strong>: Atuadores pneum\u00e1ticos e hidr\u00e1ulicos suportam uma atua\u00e7\u00e3o precisa da v\u00e1lvula de port\u00e3o adaptada \u00e0 velocidade e for\u00e7a necess\u00e1rias \u00e0 aplica\u00e7\u00e3o.<\/li>\n<li><strong>Durabilidade do Vedante<\/strong>: Solu\u00e7\u00f5es de veda\u00e7\u00e3o otimizadas garantem opera\u00e7\u00e3o sem fugas e tempos de resposta r\u00e1pidos sob ciclos repetitivos.<\/li>\n<\/ul>\n<p>Este ecossistema abrangente do sistema de runner quente da China integra materiais de ponta, engenharia de precis\u00e3o e atua\u00e7\u00e3o robusta para oferecer solu\u00e7\u00f5es de moldagem por inje\u00e7\u00e3o de alta efici\u00eancia em todo o mundo.<\/p>\n<h2>Fabrica\u00e7\u00e3o Personalizada de Pe\u00e7as de Runner Quente<\/h2>\n<p><img decoding=\"async\" src=\"https:\/\/hotrunneroem.com\/wp-content\/uploads\/2026\/01\/custom-hot-runner-parts-engineering.jpg\" alt=\"engenharia de pe\u00e7as personalizadas de sistema de aquecimento\" \/><\/p>\n<p>Quando se trata de pe\u00e7as personalizadas de runner quente, mantemos uma abordagem flex\u00edvel e focada no cliente. Seja com arquivos CAD existentes ou apenas uma ideia, podemos fazer engenharia reversa ou projetar pe\u00e7as exatamente de acordo com as suas especifica\u00e7\u00f5es. Essa abordagem de engenharia sob medida garante que as pe\u00e7as encaixem perfeitamente na sua configura\u00e7\u00e3o de molde e atendam \u00e0s suas demandas de produ\u00e7\u00e3o.<\/p>\n<p>Tamb\u00e9m oferecemos personaliza\u00e7\u00e3o de materiais para aumentar a durabilidade. Revestimentos como Nitreto de Tit\u00e2nio (TiN) e Carbono Similar ao Diamante (DLC) est\u00e3o dispon\u00edveis para melhorar a resist\u00eancia ao desgaste, especialmente ao trabalhar com resinas abrasivas como nylon preenchido com vidro. Isso prolonga a vida \u00fatil de componentes cr\u00edticos do runner quente, como bicos e pontas.<\/p>\n<p>Flexibilidade dimensional \u00e9 outra caracter\u00edstica importante. Podemos ajustar comprimentos de bicos, dist\u00e2ncias de passo e outros par\u00e2metros para atender a cavidades \u00fanicas ou layouts complexos de moldes. Essa adaptabilidade ajuda a otimizar o fluxo e melhorar a qualidade das pe\u00e7as, garantindo que o sistema de manifold de inje\u00e7\u00e3o funcione de forma confi\u00e1vel a cada ciclo.<\/p>\n<h2>Considera\u00e7\u00f5es de custo na aquisi\u00e7\u00e3o de pe\u00e7as de runner quente<\/h2>\n<p><img decoding=\"async\" src=\"https:\/\/hotrunneroem.com\/wp-content\/uploads\/2026\/01\/hot-runner-parts-sourcing-cost-analysis.jpg\" alt=\"an\u00e1lise de custos de sourcing de pe\u00e7as de sistema de aquecimento\" \/><\/p>\n<p>Ao adquirir pe\u00e7as de runner quente, optar pela fabrica\u00e7\u00e3o direta atrav\u00e9s de um fabricante de sistema de runner quente na China frequentemente oferece vantagens de custo significativas em compara\u00e7\u00e3o com a compra de distribuidores locais. Eliminando intermedi\u00e1rios, voc\u00ea tem acesso a pre\u00e7os competitivos sem comprometer a qualidade, especialmente ao lidar com componentes cr\u00edticos como sistemas de manifold de inje\u00e7\u00e3o e pontas de bico aquecido.<\/p>\n<p>Um fator-chave na gest\u00e3o de despesas \u00e9 compreender o custo ao longo do ciclo de vida. Investir em a\u00e7o de alta qualidade e elementos de aquecimento confi\u00e1veis desde o in\u00edcio significa menos substitui\u00e7\u00f5es e menos tempo de inatividade ao longo do tempo, o que reduz o seu custo total de propriedade (TCO). Componentes confi\u00e1veis, como sensores de termopar (tipo J\/K) e resist\u00eancias industriais de bobina, garantem desempenho consistente, reduzindo o risco de falhas inesperadas que levam a paragens dispendiosas na produ\u00e7\u00e3o.<\/p>\n<p>Planejar o invent\u00e1rio com uma estrat\u00e9gia eficaz de pe\u00e7as sobressalentes tamb\u00e9m economiza dinheiro. Manter pe\u00e7as essenciais do runner quente, como buchas de v\u00e1lvula de port\u00e3o, pontas substitu\u00edveis e elementos de aquecimento prontos, pode evitar longas interrup\u00e7\u00f5es na produ\u00e7\u00e3o causadas por falhas s\u00fabitas de pe\u00e7as. Um estoque equilibrado minimiza atrasos e mant\u00e9m as opera\u00e7\u00f5es funcionando sem problemas.<\/p>\n<p>Para suporte aprofundado na sele\u00e7\u00e3o dos componentes certos e configura\u00e7\u00f5es econ\u00f4micas, explorar solu\u00e7\u00f5es de precis\u00e3o como <a href=\"https:\/\/hotrunneroem.com\/pt\/hot-runner-manifold\/\">manifolds de runner quente personalizados<\/a> pode ajudar a otimizar seu investimento e o desempenho do molde.<\/p>\n<h2>Garantia de Qualidade &amp; Padr\u00f5es de Produ\u00e7\u00e3o para Pe\u00e7as de Runner Quente<\/h2>\n<p>Garantir a m\u00e1xima qualidade come\u00e7a com a verifica\u00e7\u00e3o da mat\u00e9ria-prima. N\u00f3s adquirimos apenas a\u00e7os ferramenta certificados e materiais de isolamento de alta qualidade para garantir durabilidade e estabilidade t\u00e9rmica em todas as pe\u00e7as do sistema de inje\u00e7\u00e3o.<\/p>\n<p>O controlo rigoroso de toler\u00e2ncias \u00e9 imprescind\u00edvel \u2014 precis\u00e3o ao n\u00edvel de micron evita fugas e garante um fluxo de fus\u00e3o consistente, fundamental para sistemas de colectores de moldagem por inje\u00e7\u00e3o. A nossa fabrica\u00e7\u00e3o segue de perto estes padr\u00f5es para manter o desempenho fi\u00e1vel e repet\u00edvel.<\/p>\n<p>Antes do envio, cada componente passa por protocolos de teste robustos incluindo:<\/p>\n<ul>\n<li>Verifica\u00e7\u00f5es de continuidade el\u00e9trica para confirmar a funcionalidade do aquecedor e do termopar<\/li>\n<li>Testes de press\u00e3o para validar a integridade do colector e da bocal sob condi\u00e7\u00f5es de funcionamento<\/li>\n<li>Avalia\u00e7\u00f5es de equil\u00edbrio t\u00e9rmico para garantir uma distribui\u00e7\u00e3o uniforme de calor nas pontas de bocal aquecidas e nos componentes do canal de fus\u00e3o<\/li>\n<\/ul>\n<p>Estes passos salvaguardam a qualidade e a longevidade das pe\u00e7as do sistema de inje\u00e7\u00e3o que recebe, minimizando o tempo de inatividade e apoiando opera\u00e7\u00f5es de moldagem suaves. Para acess\u00f3rios de moldagem de precis\u00e3o concebidos com estes padr\u00f5es, visite a nossa sele\u00e7\u00e3o de <a href=\"https:\/\/hotrunneroem.com\/pt\/nozzle-tips\/\">pontas de bico<\/a> pe\u00e7as de substitui\u00e7\u00e3o fabricadas para necessidades industriais exigentes.<\/p>\n<h2>Por que fazer parceria com o Sistema de Inje\u00e7\u00e3o de Portugal?<\/h2>\n<p>Optar por um fabricante e fornecedor de sistemas de inje\u00e7\u00e3o de Portugal traz vantagens s\u00f3lidas para as suas necessidades de moldagem por inje\u00e7\u00e3o. Aqui est\u00e1 o porqu\u00ea:<\/p>\n<table>\n<thead>\n<tr>\n<th>Benef\u00edcio<\/th>\n<th>Detalhes<\/th>\n<\/tr>\n<\/thead>\n<tbody>\n<tr>\n<td><strong>Log\u00edstica Global<\/strong><\/td>\n<td>Envios r\u00e1pidos e fi\u00e1veis garantem que receba pe\u00e7as de substitui\u00e7\u00e3o urgentes sem longos atrasos.<\/td>\n<\/tr>\n<tr>\n<td><strong>Suporte T\u00e9cnico<\/strong><\/td>\n<td>Assist\u00eancia especializada em engenharia durante a instala\u00e7\u00e3o e resolu\u00e7\u00e3o de problemas mant\u00e9m a sua linha a funcionar sem problemas.<\/td>\n<\/tr>\n<tr>\n<td><strong>Servi\u00e7o P\u00f3s-Venda<\/strong><\/td>\n<td>Termos de garantia claros e pol\u00edticas de substitui\u00e7\u00e3o simples reduzem o tempo de inatividade e complica\u00e7\u00f5es.<\/td>\n<\/tr>\n<\/tbody>\n<\/table>\n<p>Fazer parceria com um fornecedor experiente de pe\u00e7as de inje\u00e7\u00e3o de Portugal significa acesso a componentes de substitui\u00e7\u00e3o OEM de alta qualidade, apoiados por suporte consistente. Quer precise de aquecedores de bobina industriais, buchas de v\u00e1lvula ou acess\u00f3rios de colector de precis\u00e3o, log\u00edstica eficiente e equipas t\u00e9cnicas responsivas fazem toda a diferen\u00e7a.<\/p>\n<p>Para mais informa\u00e7\u00f5es sobre as nossas ofertas abrangentes e suporte, explore a nossa gama de <a href=\"https:\/\/hotrunneroem.com\/pt\/\">pe\u00e7as personalizadas de passagem quente<\/a> concebidos para desempenho duradouro e facilidade de manuten\u00e7\u00e3o.<\/p>\n<h2>Solicite um Or\u00e7amento para Pe\u00e7as de Inje\u00e7\u00e3o de Sistema de Inje\u00e7\u00e3o Padr\u00e3o ou Personalizadas<\/h2>\n<p>Precisa de adquirir pe\u00e7as de sistema de inje\u00e7\u00e3o de forma r\u00e1pida e precisa? N\u00f3s tornamos isso simples. Quer esteja \u00e0 procura de sistemas de colectores de moldagem por inje\u00e7\u00e3o padr\u00e3o ou componentes personalizados de sistema de inje\u00e7\u00e3o adaptados \u00e0s suas especifica\u00e7\u00f5es, envie-nos os seus desenhos t\u00e9cnicos ou n\u00fameros de pe\u00e7a atrav\u00e9s do nosso formul\u00e1rio de cota\u00e7\u00e3o simplificado.<\/p>\n<p><strong>Como Come\u00e7ar:<\/strong><\/p>\n<ul>\n<li>Envie os seus ficheiros CAD ou requisitos detalhados atrav\u00e9s do nosso formul\u00e1rio online.<\/li>\n<li>Especifique detalhes-chave como tipo de bocal, prefer\u00eancias de material ou op\u00e7\u00f5es de v\u00e1lvula de port\u00e3o.<\/li>\n<li>A nossa equipa de vendas de engenharia ir\u00e1 rever a sua submiss\u00e3o e fornecer uma cota\u00e7\u00e3o r\u00e1pida e competitiva.<\/li>\n<\/ul>\n<p>Tem perguntas ou quer discutir o seu projeto? Ligue para a nossa linha direta para falar com um especialista em pe\u00e7as de sistema de aquecimento que compreende as suas necessidades\u2014desde manifolds de precis\u00e3o at\u00e9 pontas de bocal aquecido e cilindros de v\u00e1lvula de port\u00e3o.<\/p>\n<p>Obtenha os componentes exatos do sistema de aquecimento que necessita com suporte confiante desde o projeto at\u00e9 \u00e0 entrega. Solicite a sua cota\u00e7\u00e3o hoje e mantenha a sua produ\u00e7\u00e3o a funcionar sem problemas.<\/p>\n<div id=\"references\" class=\"min-w-0 scroll-mt-8 overflow-hidden\">\n<div class=\"flex flex-col gap-2 text-sm leading-relaxed\"><\/div>\n<\/div>","protected":false},"excerpt":{"rendered":"<p>Fonte pe\u00e7as de injetores de alta precis\u00e3o do sistema de inje\u00e7\u00e3o com bicos, colectores e resist\u00eancias de qualidade OEM para efici\u00eancia na moldagem por inje\u00e7\u00e3o.<\/p>","protected":false},"featured_media":283,"template":"","meta":{"site-sidebar-layout":"default","site-content-layout":"","ast-site-content-layout":"default","site-content-style":"default","site-sidebar-style":"default","ast-global-header-display":"","ast-banner-title-visibility":"","ast-main-header-display":"","ast-hfb-above-header-display":"","ast-hfb-below-header-display":"","ast-hfb-mobile-header-display":"","site-post-title":"","ast-breadcrumbs-content":"","ast-featured-img":"","footer-sml-layout":"","ast-disable-related-posts":"","theme-transparent-header-meta":"default","adv-header-id-meta":"","stick-header-meta":"","header-above-stick-meta":"","header-main-stick-meta":"","header-below-stick-meta":"","astra-migrate-meta-layouts":"set","ast-page-background-enabled":"default","ast-page-background-meta":{"desktop":{"background-color":"var(--ast-global-color-5)","background-image":"","background-repeat":"repeat","background-position":"center center","background-size":"auto","background-attachment":"scroll","background-type":"","background-media":"","overlay-type":"","overlay-color":"","overlay-opacity":"","overlay-gradient":""},"tablet":{"background-color":"","background-image":"","background-repeat":"repeat","background-position":"center center","background-size":"auto","background-attachment":"scroll","background-type":"","background-media":"","overlay-type":"","overlay-color":"","overlay-opacity":"","overlay-gradient":""},"mobile":{"background-color":"","background-image":"","background-repeat":"repeat","background-position":"center center","background-size":"auto","background-attachment":"scroll","background-type":"","background-media":"","overlay-type":"","overlay-color":"","overlay-opacity":"","overlay-gradient":""}},"ast-content-background-meta":{"desktop":{"background-color":"var(--ast-global-color-4)","background-image":"","background-repeat":"repeat","background-position":"center center","background-size":"auto","background-attachment":"scroll","background-type":"","background-media":"","overlay-type":"","overlay-color":"","overlay-opacity":"","overlay-gradient":""},"tablet":{"background-color":"var(--ast-global-color-4)","background-image":"","background-repeat":"repeat","background-position":"center center","background-size":"auto","background-attachment":"scroll","background-type":"","background-media":"","overlay-type":"","overlay-color":"","overlay-opacity":"","overlay-gradient":""},"mobile":{"background-color":"var(--ast-global-color-4)","background-image":"","background-repeat":"repeat","background-position":"center center","background-size":"auto","background-attachment":"scroll","background-type":"","background-media":"","overlay-type":"","overlay-color":"","overlay-opacity":"","overlay-gradient":""}}},"product_brand":[],"product_cat":[36],"product_tag":[50,49],"class_list":{"0":"post-286","1":"product","2":"type-product","3":"status-publish","4":"has-post-thumbnail","6":"product_cat-hot-runner-parts","7":"product_tag-hot-runner-parts","8":"product_tag-nozzle-tips","9":"desktop-align-left","10":"tablet-align-left","11":"mobile-align-left","13":"first","14":"instock","15":"featured","16":"shipping-taxable","17":"product-type-simple"},"_links":{"self":[{"href":"https:\/\/hotrunneroem.com\/pt\/wp-json\/wp\/v2\/product\/286","targetHints":{"allow":["GET"]}}],"collection":[{"href":"https:\/\/hotrunneroem.com\/pt\/wp-json\/wp\/v2\/product"}],"about":[{"href":"https:\/\/hotrunneroem.com\/pt\/wp-json\/wp\/v2\/types\/product"}],"wp:featuredmedia":[{"embeddable":true,"href":"https:\/\/hotrunneroem.com\/pt\/wp-json\/wp\/v2\/media\/283"}],"wp:attachment":[{"href":"https:\/\/hotrunneroem.com\/pt\/wp-json\/wp\/v2\/media?parent=286"}],"wp:term":[{"taxonomy":"product_brand","embeddable":true,"href":"https:\/\/hotrunneroem.com\/pt\/wp-json\/wp\/v2\/product_brand?post=286"},{"taxonomy":"product_cat","embeddable":true,"href":"https:\/\/hotrunneroem.com\/pt\/wp-json\/wp\/v2\/product_cat?post=286"},{"taxonomy":"product_tag","embeddable":true,"href":"https:\/\/hotrunneroem.com\/pt\/wp-json\/wp\/v2\/product_tag?post=286"}],"curies":[{"name":"wp","href":"https:\/\/api.w.org\/{rel}","templated":true}]}}