{"id":306,"date":"2026-01-28T16:16:32","date_gmt":"2026-01-28T08:16:32","guid":{"rendered":"https:\/\/hotrunneroem.com\/?post_type=product&#038;p=306"},"modified":"2026-01-29T16:06:52","modified_gmt":"2026-01-29T08:06:52","slug":"hot-runner-system-providers","status":"publish","type":"product","link":"https:\/\/hotrunneroem.com\/pt\/hot-runner-system-providers\/","title":{"rendered":"Principais Fornecedores de Sistemas de Corrida de Alta Temperatura Solu\u00e7\u00f5es de Manifold Personalizadas"},"content":{"rendered":"<h2>Vis\u00e3o Estrat\u00e9gica: Incorporar Efici\u00eancia de Engenharia em Cada Molde<\/h2>\n<p>A moldagem por inje\u00e7\u00e3o hoje exige precis\u00e3o e velocidade sem sacrificar a qualidade. O nosso sistema de canais quentes fabrica\u00e7\u00e3o em Portugal foca-se em <strong>efici\u00eancia de engenharia<\/strong> diretamente em cada molde. Ao integrar sistemas avan\u00e7ados de <strong>sistemas de entrega de fus\u00e3o<\/strong> e <strong>solu\u00e7\u00f5es de controlo t\u00e9rmico<\/strong>, permitimos ciclos mais curtos e redu\u00e7\u00e3o de desperd\u00edcio de material, enfrentando de frente os obst\u00e1culos comuns na produ\u00e7\u00e3o.<\/p>\n<p><img fetchpriority=\"high\" decoding=\"async\" class=\"alignnone size-full wp-image-302\" src=\"https:\/\/hotrunneroem.com\/wp-content\/uploads\/2026\/01\/hot_runner_system_providers.jpg\" alt=\"\" width=\"800\" height=\"800\" srcset=\"https:\/\/hotrunneroem.com\/wp-content\/uploads\/2026\/01\/hot_runner_system_providers.jpg 800w, https:\/\/hotrunneroem.com\/wp-content\/uploads\/2026\/01\/hot_runner_system_providers-12x12.jpg 12w, https:\/\/hotrunneroem.com\/wp-content\/uploads\/2026\/01\/hot_runner_system_providers-300x300.jpg 300w, https:\/\/hotrunneroem.com\/wp-content\/uploads\/2026\/01\/hot_runner_system_providers-600x600.jpg 600w, https:\/\/hotrunneroem.com\/wp-content\/uploads\/2026\/01\/hot_runner_system_providers-100x100.jpg 100w\" sizes=\"(max-width: 800px) 100vw, 800px\" \/><\/p>\n<p>Especializamo-nos em componentes personalizados de <strong>canais quentes OEM<\/strong> destinados a otimizar <strong>o fluxo de resina<\/strong> e manter o equil\u00edbrio reol\u00f3gico durante todo o processo. O nosso valor principal reside em fornecer solu\u00e7\u00f5es fi\u00e1veis e de alto desempenho que melhoram a opera\u00e7\u00e3o geral de moldagem \u2014 desde o design inicial at\u00e9 \u00e0 produ\u00e7\u00e3o final.<\/p>\n<p>Ao incorporar inova\u00e7\u00f5es como <strong>tecnologia de v\u00e1lvula de port\u00e3o<\/strong> e <strong>mancal de inje\u00e7\u00e3o por moldagem<\/strong> de precis\u00e3o, os nossos sistemas garantem uma distribui\u00e7\u00e3o uniforme de temperatura e enchimento consistente das cavidades. Isto reduz defeitos como deforma\u00e7\u00f5es, marcas de encolhimento e linhas de fluxo, melhorando diretamente a qualidade das pe\u00e7as e a produtividade.<\/p>\n<p>A nossa abordagem estrat\u00e9gica combina expertise em design com rigor t\u00e9cnico. Engenheiramos cada elemento \u2014 desde o mancal at\u00e9 ao bico \u2014 para melhorar a gest\u00e3o t\u00e9rmica e garantir uma integra\u00e7\u00e3o perfeita com moldes e m\u00e1quinas existentes.<\/p>\n<p><strong>Principais benef\u00edcios de um olhar:<\/strong><\/p>\n<ul>\n<li>Maior efici\u00eancia de ciclo com metades quentes termicamente equilibradas<\/li>\n<li>Designs robustos e adapt\u00e1veis para configura\u00e7\u00f5es de canais m\u00faltiplos<\/li>\n<li>Controlo de fluxo preciso que reduz o desperd\u00edcio de pl\u00e1sticos e defeitos nas pe\u00e7as<\/li>\n<li>Integra\u00e7\u00e3o simplificada com <strong>unidades de controlo de temperatura (TCU)<\/strong> para uma gest\u00e3o t\u00e9rmica \u00f3tima<\/li>\n<\/ul>\n<p>Este n\u00facleo de estrutura apoia fabricantes em todo o mundo na obten\u00e7\u00e3o de moldagem de alto desempenho e custo-efetiva, posicionando os nossos sistemas de hot runner personalizados como um facilitador cr\u00edtico na ferramentaria moderna de inje\u00e7\u00e3o de pl\u00e1stico.<\/p>\n<h2>Configura\u00e7\u00f5es do Sistema e Arquitetura T\u00e9cnica<\/h2>\n<p>Ao escolher um sistema de hot runner, compreender as configura\u00e7\u00f5es principais \u00e9 fundamental para uma entrega de fus\u00e3o \u00f3tima e qualidade da pe\u00e7a. Dois tipos principais de sistemas dominam o mercado: <strong>Sistemas de Gating Aberto<\/strong> e <strong>Sistemas de Gating por V\u00e1lvula<\/strong>, que incluem ambas <strong>Pneum\u00e1tico<\/strong> e <strong>Hidr\u00e1ulico<\/strong> op\u00e7\u00f5es.<\/p>\n<table>\n<thead>\n<tr>\n<th>Tipo de Sistema<\/th>\n<th>Recurso Principal<\/th>\n<th>Caso de Uso T\u00edpico<\/th>\n<th>Vantagens<\/th>\n<\/tr>\n<\/thead>\n<tbody>\n<tr>\n<td>Sistemas de Gating Aberto<\/td>\n<td>Abertura de bico fixa<\/td>\n<td>Pe\u00e7as simples, menor custo<\/td>\n<td>Manuten\u00e7\u00e3o f\u00e1cil, ciclo r\u00e1pido<\/td>\n<\/tr>\n<tr>\n<td>Sistemas de Gating por V\u00e1lvula<\/td>\n<td>Abertura de bico controlada<\/td>\n<td>Pe\u00e7as complexas, controlo rigoroso do port\u00e3o<\/td>\n<td>Redu\u00e7\u00e3o de stringing, melhor veda\u00e7\u00e3o<\/td>\n<\/tr>\n<tr>\n<td>V\u00e1lvula de port\u00e3o pneum\u00e1tica<\/td>\n<td>Controlo de bico acionado por ar<\/td>\n<td>Velocidade m\u00e9dia, opera\u00e7\u00e3o limpa<\/td>\n<td>Precis\u00e3o no temporizador, menor desgaste<\/td>\n<\/tr>\n<tr>\n<td>V\u00e1lvula de hidr\u00e1ulica com port\u00e3o<\/td>\n<td>Controle de bocal atuado por fluido<\/td>\n<td>Aplica\u00e7\u00f5es de alta velocidade e peso pesado<\/td>\n<td>Alta for\u00e7a, durabilidade<\/td>\n<\/tr>\n<\/tbody>\n<\/table>\n<p>Os nossos sistemas usam tecnologia avan\u00e7ada <strong>de colector<\/strong> projetada para superior <strong>equil\u00edbrio reol\u00f3gico<\/strong> e <strong>equil\u00edbrio t\u00e9rmico<\/strong> para garantir fluxo uniforme de resina e temperatura. Este equil\u00edbrio \u00e9 fundamental em configura\u00e7\u00f5es de canais m\u00faltiplos de aquecimento para evitar varia\u00e7\u00f5es no tempo de enchimento e na qualidade da pe\u00e7a.<\/p>\n<p>Aspectos-chave do nosso design de colector incluem:<\/p>\n<ul>\n<li><strong>Equil\u00edbrio Reol\u00f3gico<\/strong>: Otimizamos a geometria do canal para minimizar quedas de press\u00e3o e degrada\u00e7\u00e3o do fus\u00edvel.<\/li>\n<li><strong>Equil\u00edbrio T\u00e9rmico<\/strong>: Posicionamento uniforme de aquecedores e isolamento evitam pontos quentes ou resfriamento em \u00e1reas cr\u00edticas.<\/li>\n<li>A integra\u00e7\u00e3o com a <strong>Unidade de Controle de Temperatura (UCT)<\/strong> melhora a estabilidade em todo o sistema de metade quente.<\/li>\n<\/ul>\n<p>Para obter mais insights sobre tecnologia de bicos e controlo de temperatura, pode explorar os nossos recursos sobre <a href=\"https:\/\/hotrunneroem.com\/pt\/nozzle-tips\/\">pontas de bico<\/a> e <a href=\"https:\/\/hotrunneroem.com\/pt\/hot-runner-temperature-controllers\/\">controladores de temperatura de hot runner<\/a>.<\/p>\n<p>Esta base t\u00e9cnica proporciona uma entrega consistente de fus\u00e3o e reduz defeitos, essencial para ferramentas de injec\u00e7\u00e3o de pl\u00e1stico eficientes.<\/p>\n<h2>Processo de Engenharia e Design Personalizado para Precis\u00e3o<\/h2>\n<p><img decoding=\"async\" src=\"https:\/\/hotrunneroem.com\/wp-content\/uploads\/2026\/01\/Hot-Runner-System-Design-Optimization-1.jpg\" alt=\"Otimiza\u00e7\u00e3o do Design do Sistema de Canal Quente\" \/><\/p>\n<p>Ao criar um sistema de corredor quente personalizado, a fase de design \u00e9 onde a efici\u00eancia e o desempenho ganham forma. Utilizamos ferramentas avan\u00e7adas de An\u00e1lise de Fluxo de Moldes para simular o fluxo de resina e a distribui\u00e7\u00e3o de temperatura, garantindo que cada colector de moldagem por inje\u00e7\u00e3o ofere\u00e7a um equil\u00edbrio rheol\u00f3gico \u00f3timo e uma entrega de fus\u00e3o est\u00e1vel. Isto reduz defeitos e melhora os tempos de ciclo.<\/p>\n<p>A compatibilidade de materiais \u00e9 outro pilar fundamental. Cada componente\u2014desde pe\u00e7as de tecnologia de v\u00e1lvula at\u00e9 bicos\u2014\u00e9 escolhido para resistir aos tipos de resina, temperaturas e press\u00f5es espec\u00edficos do seu projeto. Isto previne desgaste prematuro e garante longevidade.<\/p>\n<p>Mecanismos de compensa\u00e7\u00e3o de expans\u00e3o s\u00e3o cuidadosamente integrados para permitir solu\u00e7\u00f5es de gating t\u00e9rmico que mantenham a precis\u00e3o dimensional apesar das flutua\u00e7\u00f5es de temperatura dentro do sistema de metade quente. Esta engenharia cuidadosa garante que o seu sistema se adapte \u00e0s condi\u00e7\u00f5es reais de moldagem sem comprometer a qualidade.<\/p>\n<p>Para mais informa\u00e7\u00f5es sobre otimiza\u00e7\u00e3o de fluxo e design de colectores, consulte as nossas an\u00e1lises detalhadas sobre <a href=\"https:\/\/hotrunneroem.com\/pt\/hot-runner-manifold\/\">engenharia de colectores de corredor quente<\/a>.<\/p>\n<h2>Normas de Fabrico e Produ\u00e7\u00e3o: Precis\u00e3o e Confiabilidade em Cada Componente<\/h2>\n<p>O nosso processo de fabrico de sistemas de corredor quente baseia-se numa usinagem CNC meticulosa, garantindo que cada pe\u00e7a encaixa perfeitamente no molde. Esta produ\u00e7\u00e3o de alta precis\u00e3o garante um desempenho consistente, reduzindo tempos de paragem e necessidades de manuten\u00e7\u00e3o.<\/p>\n<p>A escolha de materiais \u00e9 outro fator cr\u00edtico. Selecionamos cuidadosamente metalurgia avan\u00e7ada para resistir \u00e0s altas temperaturas e press\u00f5es t\u00edpicas na injec\u00e7\u00e3o. A nossa sele\u00e7\u00e3o de materiais equilibra durabilidade e condutividade t\u00e9rmica, otimizando a vida \u00fatil de componentes como o bico de alimenta\u00e7\u00e3o quente e os bicos.<\/p>\n<p>A integra\u00e7\u00e3o de aquecedores e termopares em todo o sistema permite um controlo de temperatura preciso, vital para manter a estabilidade do fluxo de resina e uma entrega de fus\u00e3o consistente. A interface da nossa unidade de controlo de temperatura (UCT) suporta monitoriza\u00e7\u00e3o em tempo real, garantindo que cada c\u00e2mara opere na configura\u00e7\u00e3o t\u00e9rmica ideal para evitar defeitos.<\/p>\n<p>Esta combina\u00e7\u00e3o rigorosa de usinagem de precis\u00e3o, sele\u00e7\u00e3o inteligente de materiais e solu\u00e7\u00f5es de gating t\u00e9rmico integradas constitui a espinha dorsal de metades de moldes de corredor quente confi\u00e1veis com m\u00faltiplas cavidades. Ao focar nestes padr\u00f5es de produ\u00e7\u00e3o, ajudamos a alcan\u00e7ar um fluxo de resina otimizado e ferramentas de injec\u00e7\u00e3o robustas que resistem ao uso industrial exigente.<\/p>\n<p>Explore a nossa gama de <a href=\"https:\/\/hotrunneroem.com\/pt\/hot-runner-nozzle\/\">componentes do bico do runner quente<\/a> e <a href=\"https:\/\/hotrunneroem.com\/pt\/hot-runner-parts\/\">pe\u00e7as personalizadas de passagem quente<\/a> desenvolvida com estes padr\u00f5es de fabrico em mente.<\/p>\n<h2>Controlo de Qualidade e Testes de Desempenho para Sistemas de Corredor Quente<\/h2>\n<p><img decoding=\"async\" src=\"https:\/\/hotrunneroem.com\/wp-content\/uploads\/2026\/01\/hot-runner-system-217.jpg\" alt=\"Teste de Qualidade e Desempenho do Sistema de Canal Quente\" \/><\/p>\n<p>Garantir a fiabilidade de cada sistema de corredor quente come\u00e7a com um controlo de qualidade rigoroso e testes de desempenho. Focamos em pontos cr\u00edticos como testes de fugas para confirmar a integridade do sistema de entrega de fus\u00e3o, prevenindo qualquer infiltra\u00e7\u00e3o de resina que possa afetar a qualidade da moldagem.<\/p>\n<p>Verifica\u00e7\u00f5es de continuidade el\u00e9ctrica s\u00e3o essenciais para assegurar os circuitos de aquecedores e termopares dentro do sistema de metade quente, garantindo um controlo de temperatura consistente sem interrup\u00e7\u00f5es. A inspe\u00e7\u00e3o dimensional completa o nosso processo, assegurando que todos os componentes\u2014desde os colectores de moldagem por inje\u00e7\u00e3o at\u00e9 \u00e0s pontas dos bicos\u2014cumpram especifica\u00e7\u00f5es precisas para um encaixe e funcionamento perfeitos.<\/p>\n<p>Estas inspe\u00e7\u00f5es minuciosas, combinadas com protocolos avan\u00e7ados de teste, ajudam a otimizar o fluxo de resina e as solu\u00e7\u00f5es de gating t\u00e9rmico, para que os nossos clientes obtenham sistemas de tecnologia de v\u00e1lvula confi\u00e1veis e de alto desempenho, personalizados para as suas necessidades espec\u00edficas de moldagem. Para mais informa\u00e7\u00f5es sobre a precis\u00e3o dos nossos componentes, visite a nossa an\u00e1lise detalhada <a href=\"https:\/\/hotrunneroem.com\/pt\/shop\/\">canais quentes OEM<\/a> p\u00e1gina.<\/p>\n<h2>Aplica\u00e7\u00f5es Industriais: Sistemas de Corredor Quente Personalizados para Setores-Chave<\/h2>\n<p>Os nossos fornecedores de sistemas de canais quentes especializam-se em fornecer solu\u00e7\u00f5es personalizadas que atendem \u00e0s exig\u00eancias espec\u00edficas de v\u00e1rias ind\u00fastrias. Veja como a nossa tecnologia de manifolds e v\u00e1lvulas de port\u00e3o contribuem em diversos setores:<\/p>\n<h3>Autom\u00f3vel<\/h3>\n<ul>\n<li><strong>Precis\u00e3o e durabilidade<\/strong> s\u00e3o essenciais nos componentes autom\u00f3veis. Os nossos sistemas de canais quentes multicavidade garantem uma otimiza\u00e7\u00e3o consistente do fluxo de resina para pe\u00e7as complexas, melhorando os tempos de ciclo e reduzindo desperd\u00edcios.<\/li>\n<li>Solu\u00e7\u00f5es de gating t\u00e9rmico e gating sequencial oferecem melhor controlo sobre as temperaturas de moldagem, essenciais para produzir pe\u00e7as de alta resist\u00eancia e leveza.<\/li>\n<\/ul>\n<h3>M\u00e9dico<\/h3>\n<ul>\n<li>O setor m\u00e9dico exige limpeza e precis\u00e3o. Os nossos sistemas de entrega de fus\u00e3o e sistema de meia quente com equil\u00edbrio reol\u00f3gico avan\u00e7ado suportam toler\u00e2ncias apertadas e compatibilidade de materiais com pl\u00e1sticos de grau m\u00e9dico.<\/li>\n<li>A integra\u00e7\u00e3o com an\u00e1lise de fluxo de moldes garante trajet\u00f3rias de fluxo \u00f3timas, minimizando defeitos em componentes intricados de dispositivos m\u00e9dicos.<\/li>\n<\/ul>\n<h3>Embalagem<\/h3>\n<ul>\n<li>Velocidade e flexibilidade s\u00e3o essenciais na embalagem. A nossa tecnologia de v\u00e1lvula de port\u00e3o com op\u00e7\u00f5es pneum\u00e1ticas e hidr\u00e1ulicas permite ciclos r\u00e1pidos e unidades de controlo de temperatura (UTCs) fi\u00e1veis, aumentando a efici\u00eancia da produ\u00e7\u00e3o.<\/li>\n<li>Aquecimento de bucha de bico e ponta de bico de bico quente otimizam os tempos de ciclo para diversos materiais de embalagem, desde recipientes r\u00edgidos at\u00e9 filmes flex\u00edveis.<\/li>\n<\/ul>\n<p>Cada setor beneficia da nossa profunda experi\u00eancia em engenharia, padr\u00f5es de fabrica\u00e7\u00e3o precisos e pr\u00e1ticas de controlo de qualidade, garantindo que os nossos componentes de canais quentes OEM ofere\u00e7am desempenho superior na sua linha de produ\u00e7\u00e3o.<\/p>\n<h2>Por que fazer parceria com o Sistema de Inje\u00e7\u00e3o de Portugal?<\/h2>\n<p>Escolher um fabricante e fornecedor de sistemas de canais quentes na China d\u00e1-lhe acesso direto a componentes de canais quentes OEM de alta qualidade, sem intermedi\u00e1rios, garantindo pre\u00e7os competitivos e tempos de entrega mais r\u00e1pidos. Trabalhando diretamente connosco, beneficia de uma vasta experi\u00eancia em design e fabrica\u00e7\u00e3o de sistemas de canais quentes personalizados, adaptados \u00e0s suas necessidades de produ\u00e7\u00e3o.<\/p>\n<p>A nossa rede de suporte global garante que nunca ficar\u00e1 sozinho. Quer seja aconselhamento t\u00e9cnico sobre configura\u00e7\u00f5es de manifolds de moldagem por inje\u00e7\u00e3o ou resolu\u00e7\u00e3o de problemas com tecnologia de v\u00e1lvula de port\u00e3o, a nossa equipa fornece assist\u00eancia atempada onde quer que opere. Al\u00e9m disso, oferecemos solu\u00e7\u00f5es turnkey completas \u2014 cobrindo tudo, desde a integra\u00e7\u00e3o de an\u00e1lise de fluxo de moldes at\u00e9 \u00e0 montagem final e testes \u2014 entregando um sistema de entrega de fus\u00e3o pronto a usar que simplifica o seu processo de moldagem por inje\u00e7\u00e3o de pl\u00e1stico.<\/p>\n<p>Parceria connosco significa um equil\u00edbrio reol\u00f3gico mais inteligente, solu\u00e7\u00f5es de gating t\u00e9rmico de ponta e canais quentes multicavidade escal\u00e1veis, projetados para otimizar o fluxo de resina e o controlo de temperatura. Descubra como os nossos especialistas em sistemas de canais quentes na China podem impulsionar a sua efici\u00eancia de moldagem e a qualidade do produto atrav\u00e9s de engenharia de precis\u00e3o e suporte dedicado. Para mais detalhes, explore a nossa gama completa de <a href=\"https:\/\/hotrunneroem.com\/pt\/\">sistemas personalizados de hot runner<\/a> destinada aos mercados globais.<\/p>\n<h2>Perguntas Frequentes: T\u00e9cnicas &amp; Comerciais<\/h2>\n<p><img decoding=\"async\" src=\"https:\/\/hotrunneroem.com\/wp-content\/uploads\/2026\/01\/hot-runner-system-providers.jpg\" alt=\"Guia de FAQ sobre fornecedores de sistemas de canal quente\" \/><\/p>\n<table>\n<thead>\n<tr>\n<th>Pergunta<\/th>\n<th>Resposta<\/th>\n<\/tr>\n<\/thead>\n<tbody>\n<tr>\n<td>Que tipos de sistemas de canais quentes oferecem?<\/td>\n<td>Fornecemos Sistemas de Port\u00e3o Aberto e Sistemas de Port\u00e3o de V\u00e1lvula (pneum\u00e1ticos e hidr\u00e1ulicos) adaptados \u00e0s suas necessidades.<\/td>\n<\/tr>\n<tr>\n<td>Como garantem o equil\u00edbrio reol\u00f3gico e t\u00e9rmico?<\/td>\n<td>Os nossos colectores de fluxo s\u00e3o concebidos para uma circula\u00e7\u00e3o \u00f3tima de resina e controlo de temperatura, garantindo uma distribui\u00e7\u00e3o uniforme do fundido.<\/td>\n<\/tr>\n<tr>\n<td>Consegue personalizar sistemas de corredor quente?<\/td>\n<td>Sim, incorporamos An\u00e1lise Moldflow para adaptar os projetos, garantindo a otimiza\u00e7\u00e3o do fluxo de resina e compatibilidade de materiais.<\/td>\n<\/tr>\n<tr>\n<td>Que materiais s\u00e3o utilizados na fabrica\u00e7\u00e3o?<\/td>\n<td>Utilizamos metalurgia de alta qualidade com usinagem CNC precisa, incluindo ligas resistentes ao desgaste para durabilidade.<\/td>\n<\/tr>\n<tr>\n<td>Como \u00e9 controlada a temperatura?<\/td>\n<td>Os nossos sistemas incluem aquecimento integrado na ponta da bocal e unidades avan\u00e7adas de controlo de temperatura (TCU) para uma regula\u00e7\u00e3o t\u00e9rmica precisa.<\/td>\n<\/tr>\n<tr>\n<td>Supporta configura\u00e7\u00f5es de corredor quente com m\u00faltiplas cavidades?<\/td>\n<td>Com certeza, os nossos projetos suportam moldes de m\u00faltiplas cavidades com gating sequencial e op\u00e7\u00f5es de bucha de bico quente.<\/td>\n<\/tr>\n<tr>\n<td>Que verifica\u00e7\u00f5es de qualidade s\u00e3o realizadas?<\/td>\n<td>Testes de fugas, verifica\u00e7\u00f5es de continuidade el\u00e9trica e inspe\u00e7\u00f5es dimensionais s\u00e3o padr\u00e3o para garantir o desempenho.<\/td>\n<\/tr>\n<tr>\n<td>Existe suporte global para os seus sistemas de corredor quente?<\/td>\n<td>Sim, ao fazer parceria com o nosso sistema de corredor quente, tem suporte global e solu\u00e7\u00f5es chave na m\u00e3o.<\/td>\n<\/tr>\n<tr>\n<td>Como posso solicitar um or\u00e7amento ou uma consulta t\u00e9cnica?<\/td>\n<td>Envie o seu projeto de molde atrav\u00e9s do nosso portal online ou contacte-nos diretamente para uma consulta personalizada e or\u00e7amenta\u00e7\u00e3o.<\/td>\n<\/tr>\n<\/tbody>\n<\/table>\n<p>Para quaisquer outras d\u00favidas sobre componentes OEM de corredor quente ou especifica\u00e7\u00f5es dif\u00edceis de encontrar, entre em contacto. Estamos aqui para ajudar a otimizar as suas ferramentas de inje\u00e7\u00e3o de pl\u00e1stico com as melhores solu\u00e7\u00f5es de sistema de meia quente.<\/p>\n<h2>Solicite uma Consulta T\u00e9cnica: Envie o seu projeto de molde para cota\u00e7\u00e3o<\/h2>\n<p>Quer otimizar o seu projeto de moldagem por inje\u00e7\u00e3o com um sistema de corredor quente personalizado? Estamos aqui para ajudar. Envie hoje o seu projeto de molde e receba aconselhamento especializado adaptado \u00e0s suas necessidades.<\/p>\n<h3>Como Come\u00e7ar:<\/h3>\n<ul>\n<li><strong>Envie-nos o layout do seu molde<\/strong> (Ficheiros CAD preferidos)<\/li>\n<li><strong>Especifique o seu material e o n\u00famero de cavidades<\/strong><\/li>\n<li><strong>Partilhe os seus objetivos de produ\u00e7\u00e3o e quaisquer requisitos especiais<\/strong><\/li>\n<\/ul>\n<h3>O que recebe:<\/h3>\n<table>\n<thead>\n<tr>\n<th>Servi\u00e7o<\/th>\n<th>Detalhes<\/th>\n<\/tr>\n<\/thead>\n<tbody>\n<tr>\n<td>Revis\u00e3o T\u00e9cnica<\/td>\n<td>Integra\u00e7\u00e3o da an\u00e1lise Moldflow e estudo de viabilidade do sistema<\/td>\n<\/tr>\n<tr>\n<td>Proposta Personalizada<\/td>\n<td>Design de sistema de canal quente sob medida com tecnologia de v\u00e1lvula ou op\u00e7\u00f5es de porta aberta<\/td>\n<\/tr>\n<tr>\n<td>Or\u00e7amento<\/td>\n<td>Pre\u00e7os transparentes com base nas especifica\u00e7\u00f5es do seu projeto e prazo de entrega<\/td>\n<\/tr>\n<\/tbody>\n<\/table>\n<h3>Por que trabalhar connosco?<\/h3>\n<ul>\n<li>Fabricante direto de sistemas de canal quente em Portugal<\/li>\n<li>Especializa\u00e7\u00e3o em sistemas de canal quente multi-cavidade e solu\u00e7\u00f5es de gating t\u00e9rmico<\/li>\n<li>Suporte completo incluindo otimiza\u00e7\u00e3o do fluxo de resina e configura\u00e7\u00e3o da unidade de controlo de temperatura<\/li>\n<\/ul>\n<p>Pronto para melhorar o seu sistema de entrega de fus\u00e3o e aumentar a efici\u00eancia do moldagem? <strong>Envie agora o seu projeto de molde<\/strong> para uma consulta r\u00e1pida, sem compromisso, e or\u00e7amento. A sua pr\u00f3xima solu\u00e7\u00e3o de tooling de inje\u00e7\u00e3o de pl\u00e1stico de alto desempenho est\u00e1 a apenas um clique de dist\u00e2ncia!<\/p>\n<div id=\"references\" class=\"min-w-0 scroll-mt-8 overflow-hidden\">\n<div class=\"flex flex-col gap-2 text-sm leading-relaxed\"><\/div>\n<\/div>","protected":false},"excerpt":{"rendered":"<p>Fornecedores confi\u00e1veis de sistemas de aquecimento por corredor quente que oferecem solu\u00e7\u00f5es de moldagem por inje\u00e7\u00e3o personalizadas com colectores de precis\u00e3o e comuta\u00e7\u00e3o t\u00e9rmica avan\u00e7ada.<\/p>","protected":false},"featured_media":302,"template":"","meta":{"site-sidebar-layout":"default","site-content-layout":"","ast-site-content-layout":"default","site-content-style":"default","site-sidebar-style":"default","ast-global-header-display":"","ast-banner-title-visibility":"","ast-main-header-display":"","ast-hfb-above-header-display":"","ast-hfb-below-header-display":"","ast-hfb-mobile-header-display":"","site-post-title":"","ast-breadcrumbs-content":"","ast-featured-img":"","footer-sml-layout":"","ast-disable-related-posts":"","theme-transparent-header-meta":"default","adv-header-id-meta":"","stick-header-meta":"","header-above-stick-meta":"","header-main-stick-meta":"","header-below-stick-meta":"","astra-migrate-meta-layouts":"set","ast-page-background-enabled":"default","ast-page-background-meta":{"desktop":{"background-color":"var(--ast-global-color-5)","background-image":"","background-repeat":"repeat","background-position":"center center","background-size":"auto","background-attachment":"scroll","background-type":"","background-media":"","overlay-type":"","overlay-color":"","overlay-opacity":"","overlay-gradient":""},"tablet":{"background-color":"","background-image":"","background-repeat":"repeat","background-position":"center center","background-size":"auto","background-attachment":"scroll","background-type":"","background-media":"","overlay-type":"","overlay-color":"","overlay-opacity":"","overlay-gradient":""},"mobile":{"background-color":"","background-image":"","background-repeat":"repeat","background-position":"center center","background-size":"auto","background-attachment":"scroll","background-type":"","background-media":"","overlay-type":"","overlay-color":"","overlay-opacity":"","overlay-gradient":""}},"ast-content-background-meta":{"desktop":{"background-color":"var(--ast-global-color-4)","background-image":"","background-repeat":"repeat","background-position":"center center","background-size":"auto","background-attachment":"scroll","background-type":"","background-media":"","overlay-type":"","overlay-color":"","overlay-opacity":"","overlay-gradient":""},"tablet":{"background-color":"var(--ast-global-color-4)","background-image":"","background-repeat":"repeat","background-position":"center center","background-size":"auto","background-attachment":"scroll","background-type":"","background-media":"","overlay-type":"","overlay-color":"","overlay-opacity":"","overlay-gradient":""},"mobile":{"background-color":"var(--ast-global-color-4)","background-image":"","background-repeat":"repeat","background-position":"center center","background-size":"auto","background-attachment":"scroll","background-type":"","background-media":"","overlay-type":"","overlay-color":"","overlay-opacity":"","overlay-gradient":""}}},"product_brand":[],"product_cat":[28],"product_tag":[53,48,54],"class_list":{"0":"post-306","1":"product","2":"type-product","3":"status-publish","4":"has-post-thumbnail","6":"product_cat-hot-runner-system","7":"product_tag-custom-hot-runner","8":"product_tag-hot-runner-injection-mold","9":"product_tag-hot-runner-system","10":"desktop-align-left","11":"tablet-align-left","12":"mobile-align-left","14":"first","15":"instock","16":"featured","17":"shipping-taxable","18":"product-type-simple"},"_links":{"self":[{"href":"https:\/\/hotrunneroem.com\/pt\/wp-json\/wp\/v2\/product\/306","targetHints":{"allow":["GET"]}}],"collection":[{"href":"https:\/\/hotrunneroem.com\/pt\/wp-json\/wp\/v2\/product"}],"about":[{"href":"https:\/\/hotrunneroem.com\/pt\/wp-json\/wp\/v2\/types\/product"}],"wp:featuredmedia":[{"embeddable":true,"href":"https:\/\/hotrunneroem.com\/pt\/wp-json\/wp\/v2\/media\/302"}],"wp:attachment":[{"href":"https:\/\/hotrunneroem.com\/pt\/wp-json\/wp\/v2\/media?parent=306"}],"wp:term":[{"taxonomy":"product_brand","embeddable":true,"href":"https:\/\/hotrunneroem.com\/pt\/wp-json\/wp\/v2\/product_brand?post=306"},{"taxonomy":"product_cat","embeddable":true,"href":"https:\/\/hotrunneroem.com\/pt\/wp-json\/wp\/v2\/product_cat?post=306"},{"taxonomy":"product_tag","embeddable":true,"href":"https:\/\/hotrunneroem.com\/pt\/wp-json\/wp\/v2\/product_tag?post=306"}],"curies":[{"name":"wp","href":"https:\/\/api.w.org\/{rel}","templated":true}]}}