{"id":356,"date":"2026-01-31T14:34:14","date_gmt":"2026-01-31T06:34:14","guid":{"rendered":"https:\/\/hotrunneroem.com\/?post_type=product&#038;p=356"},"modified":"2026-01-31T14:48:39","modified_gmt":"2026-01-31T06:48:39","slug":"hot-runner-system-nozzle-design","status":"publish","type":"product","link":"https:\/\/hotrunneroem.com\/pt\/hot-runner-system-nozzle-design\/","title":{"rendered":"Design de Bico do Sistema de Alimenta\u00e7\u00e3o de Alta Precis\u00e3o para Moldagem de Alto Desempenho"},"content":{"rendered":"<h2>Entrega de fus\u00e3o de precis\u00e3o para moldagem por inje\u00e7\u00e3o de alto desempenho<\/h2>\n<p>Na moldagem por inje\u00e7\u00e3o avan\u00e7ada, a entrega consistente de fus\u00e3o influencia diretamente a qualidade da pe\u00e7a e a efici\u00eancia do ciclo. O desafio principal reside em manter <strong>estabilidade t\u00e9rmica<\/strong> e preservar <strong>a integridade da fus\u00e3o<\/strong> ao longo do design da bocal do sistema de corredor quente. Varia\u00e7\u00f5es de temperatura ou fluxo interrompido podem causar solidifica\u00e7\u00e3o prematura, levando a defeitos como insuficientes preenchimentos, stringing ou vest\u00edgios de porta inconsistentes.<\/p>\n<p>A nossa abordagem foca em <strong>geometria de fluxo interno otimizada<\/strong> engenheirada para reduzir o esfor\u00e7o de cisalhamento na fus\u00e3o do pol\u00edmero. Ao ajustar finamente os canais de fluxo e passagens do bocal, minimizamos turbul\u00eancia e quedas de press\u00e3o, preservando a homogeneidade da fus\u00e3o desde o colector at\u00e9 \u00e0 cavidade. Esta estrat\u00e9gia de design reduz a degrada\u00e7\u00e3o do material e apoia uma viscosidade est\u00e1vel, o que \u00e9 cr\u00edtico para termopl\u00e1sticos exigentes e gotas quentes de m\u00faltiplas cavidades.<\/p>\n<p>Os principais benef\u00edcios incluem:<\/p>\n<ul>\n<li><strong>Distribui\u00e7\u00e3o de temperatura uniforme<\/strong> evitando pontos quentes e bolus frios<\/li>\n<li><strong>Taxas de cisalhamento mais baixas<\/strong> para reduzir a degrada\u00e7\u00e3o molecular<\/li>\n<li><strong>Press\u00e3o de fus\u00e3o consistente<\/strong> para pesos de tiro precisos e ciclos mais r\u00e1pidos<\/li>\n<\/ul>\n<p>Ao integrar estas caracter\u00edsticas, o nosso sistema de corredor quente garante uma entrega de fus\u00e3o fi\u00e1vel que atende aos altos padr\u00f5es da produ\u00e7\u00e3o moderna, otimizando tanto a qualidade da pe\u00e7a quanto o rendimento operacional.<\/p>\n<h2>Anatomia da Nossa Arquitectura de Bocal<\/h2>\n<p>No nosso <strong>design de bico de sistema de passagem quente<\/strong>, cada componente \u00e9 projetado para uma entrega de fus\u00e3o de precis\u00e3o e consist\u00eancia t\u00e9rmica. No centro disso est\u00e1 a nossa avan\u00e7ada <strong>gest\u00e3o do perfil t\u00e9rmico<\/strong>, que utiliza tanto resist\u00eancias de bobina quanto elementos de aquecimento embutidos. Estes m\u00e9todos de aquecimento mant\u00eam temperaturas est\u00e1veis ao longo de todo o comprimento do bocal, evitando pontos frios e garantindo um fluxo de fus\u00e3o uniforme. Este controlo \u00e9 fundamental para moldagem por inje\u00e7\u00e3o de alto desempenho, onde flutua\u00e7\u00f5es de temperatura podem levar a defeitos ou atrasos no ciclo.<\/p>\n<p>O <strong>design de canais de fluxo<\/strong> \u00e9 outro fator-chave. Criamos corredores polidos com superf\u00edcies internas suaves que eliminam pontos mortos onde a resina fundida pode estagnar ou degradar-se. Este design minimiza o esfor\u00e7o de cisalhamento e apoia a integridade do fundido de forma consistente desde o colector at\u00e9 ao port\u00e3o. Os canais de fluxo suaves tamb\u00e9m contribuem para mudan\u00e7as de cor mais r\u00e1pidas e reduzem a contamina\u00e7\u00e3o entre ciclos.<\/p>\n<p>Por fim, as nossas pontas de bico incorporam tecnologia inovadora <strong>de ponta condutora<\/strong> combinada com tampas isolantes. As pontas condutoras garantem uma transfer\u00eancia r\u00e1pida de calor diretamente no port\u00e3o, mantendo a fluidez do fundido, enquanto as tampas isolantes ajudam a isolar o calor para evitar gotejamento ou problemas de stringing durante condi\u00e7\u00f5es dif\u00edceis de ciclo. Esta configura\u00e7\u00e3o equilibrada da ponta otimiza o controlo do vest\u00edgio do port\u00e3o e melhora o desempenho geral do sistema de corredor quente.<\/p>\n<p>Para mais detalhes sobre os componentes de aquecimento e op\u00e7\u00f5es de pontas, consulte a nossa <a href=\"https:\/\/hotrunneroem.com\/pt\/hot-runner-coil-heater\/\">tecnologia de aquecimento por bobina<\/a> e as inovadoras <a href=\"https:\/\/hotrunneroem.com\/pt\/nozzle-tips\/\">designs de ponta de bico<\/a>.<\/p>\n<h2>Categoriza\u00e7\u00e3o por M\u00e9todo de Gating<\/h2>\n<p><img decoding=\"async\" src=\"https:\/\/hotrunneroem.com\/wp-content\/uploads\/2026\/01\/Hot-Runner-System-Nozzle-Design.jpg\" alt=\"Tipos de design de bico de sistema de corredor quente\" \/><\/p>\n<p>Quando se trata de <strong>design de bico de sistema de passagem quente<\/strong>, escolher o m\u00e9todo de gating adequado \u00e9 crucial para otimizar desempenho e custo.<\/p>\n<h3>Design de Bico de Port\u00e3o de V\u00e1lvula: Acionamento Pneum\u00e1tico, Hidr\u00e1ulico e Servo<\/h3>\n<p>Os bicos de port\u00e3o de v\u00e1lvula oferecem controlo preciso sobre o fluxo de fundido, especialmente \u00fatil em moldes de m\u00faltiplas cavidades ou pe\u00e7as delicadas. Os m\u00e9todos de acionamento variam:<\/p>\n<table>\n<thead>\n<tr>\n<th>Tipo de acionamento<\/th>\n<th>Vantagens principais<\/th>\n<th>Aplica\u00e7\u00f5es<\/th>\n<\/tr>\n<\/thead>\n<tbody>\n<tr>\n<td>Pneum\u00e1tico<\/td>\n<td>Resposta r\u00e1pida, configura\u00e7\u00e3o simples<\/td>\n<td>Pe\u00e7as moldadas gerais, volume m\u00e9dio<\/td>\n<\/tr>\n<tr>\n<td>Hidr\u00e1ulico<\/td>\n<td>Alta for\u00e7a, opera\u00e7\u00e3o suave<\/td>\n<td>Moldes grandes que necessitam de atua\u00e7\u00e3o forte<\/td>\n<\/tr>\n<tr>\n<td>Servo<\/td>\n<td>Controlo preciso e program\u00e1vel<\/td>\n<td>Moldes de alta gama, sequ\u00eancias de canaliza\u00e7\u00e3o complexas<\/td>\n<\/tr>\n<\/tbody>\n<\/table>\n<p>Design de v\u00e1lvula de port\u00e3o que reduz gotas na moldagem por inje\u00e7\u00e3o e melhora o controlo do vest\u00edgio do port\u00e3o, tornando-os ideais para pl\u00e1sticos de engenharia com exig\u00eancias de qualidade rigorosas.<\/p>\n<h3>Design de bico de port\u00e3o t\u00e9rmico (Aberto): Pontas de torpedo e de desvio<\/h3>\n<p>Os bicos de port\u00e3o t\u00e9rmico operam sem atua\u00e7\u00e3o mec\u00e2nica de pino, simplificando o design e reduzindo custos. Os estilos comuns incluem:<\/p>\n<ul>\n<li><strong>Pontas de torpedo<\/strong>: Fluxo otimizado, mas op\u00e7\u00f5es de canaliza\u00e7\u00e3o limitadas. S\u00e3o econ\u00f3micos para pl\u00e1sticos de commodities e pe\u00e7as simples.<\/li>\n<li><strong>Pontas de desvio<\/strong>: Proporcionam controlo da dire\u00e7\u00e3o do fluxo dentro do bico, ajudando a equilibrar o enchimento em sistemas de m\u00faltiplos gotas.<\/li>\n<\/ul>\n<p>Estes designs s\u00e3o mais adequados para aplica\u00e7\u00f5es onde o tempo de ciclo e a poupan\u00e7a de custos s\u00e3o prioridades em rela\u00e7\u00e3o ao controlo de canaliza\u00e7\u00e3o preciso.<\/p>\n<p>Ao selecionar o m\u00e9todo de canaliza\u00e7\u00e3o adequado, otimiza o sistema de entrega do fus\u00edvel para as suas necessidades de resina e cavidade, garantindo fiabilidade e efici\u00eancia.<\/p>\n<p>Para uma gest\u00e3o avan\u00e7ada de temperatura em ambos os tipos, a integra\u00e7\u00e3o de <a href=\"https:\/\/hotrunneroem.com\/pt\/hot-runner-temperature-controllers\/\">zonas de controlo de temperatura PID<\/a> pode ajustar finamente a estabilidade t\u00e9rmica e prolongar a vida \u00fatil do bico.<\/p>\n<h2>Compatibilidade de Materiais e Metalurgia no Design de Bicos de Sistema de Canaliza\u00e7\u00e3o Quente<\/h2>\n<p><img decoding=\"async\" src=\"https:\/\/hotrunneroem.com\/wp-content\/uploads\/2026\/01\/Hot-Runner-Nozzle.jpg\" alt=\"Compatibilidade de a\u00e7o e resina do bico de sistema de corredor quente\" \/><\/p>\n<p>A escolha dos materiais certos \u00e9 crucial para o design do bico do sistema de canaliza\u00e7\u00e3o quente, especialmente ao lidar com diferentes tipos de resinas e ambientes de desgaste elevado. Selecionamos cuidadosamente a\u00e7os como H13 pela sua resist\u00eancia e resist\u00eancia \u00e0 fadiga t\u00e9rmica, a\u00e7o inoxid\u00e1vel 420 pela resist\u00eancia \u00e0 corros\u00e3o, e ligas TZM quando \u00e9 necess\u00e1ria resist\u00eancia extrema ao desgaste e condutividade t\u00e9rmica. Estes materiais ajudam a manter a durabilidade e o desempenho consistente sob ciclos de inje\u00e7\u00e3o repetidos.<\/p>\n<p>Os nossos designs de bicos s\u00e3o adaptados a categorias espec\u00edficas de resinas: pl\u00e1sticos de engenharia exigem gest\u00e3o t\u00e9rmica precisa e resist\u00eancia ao desgaste, enquanto pl\u00e1sticos de commodities requerem caminhos de fluxo otimizados para taxas de cisalhamento mais baixas e menos gotas de moldagem por inje\u00e7\u00e3o. Esta abordagem espec\u00edfica para cada resina garante uma entrega adequada do fus\u00edvel sem degradar a qualidade do material, evitando problemas comuns como stringing ou enchimentos inconsistentes.<\/p>\n<p>Para alcan\u00e7ar isto, as nossas escolhas de metalurgia alinham-se perfeitamente com a geometria do canal de fluxo e os perfis t\u00e9rmicos necess\u00e1rios para cada tipo de pl\u00e1stico. Para uma an\u00e1lise mais aprofundada sobre considera\u00e7\u00f5es espec\u00edficas de resina e integra\u00e7\u00e3o de metalurgia, consulte o nosso detalhado <a href=\"https:\/\/hotrunneroem.com\/pt\/hot-runner-injection-mold\/\">molde de inje\u00e7\u00e3o de canal quente<\/a> recurso.<\/p>\n<p>Ao combinar material e design com o tipo de pl\u00e1stico, reduzimos a frequ\u00eancia de manuten\u00e7\u00e3o e prolongamos a vida \u00fatil do bico, beneficiando diretamente a efici\u00eancia e a rela\u00e7\u00e3o custo-benef\u00edcio da sua produ\u00e7\u00e3o.<\/p>\n<h2>Resolu\u00e7\u00e3o de Defeitos Comuns de Moldagem via Design<\/h2>\n<p>Quando se trata de design de bicos de sistema de canal quente, enfrentar defeitos t\u00edpicos de moldagem come\u00e7a com uma engenharia inteligente. Um problema frequente \u00e9 o stringing e o gotejamento, onde a resina fundida vaza durante as pausas. Abordamos isso ao refinar o encaixe da ponta combinado com t\u00e9cnicas de isolamento t\u00e9rmico, prevenindo vazamentos indesejados de fus\u00e3o sem comprometer o tempo de ciclo.<\/p>\n<p>A efici\u00eancia na troca de cores \u00e9 outra \u00e1rea cr\u00edtica. Ao otimizar a limpeza do canal de fluxo, reduzimos bloqueios de resina e contamina\u00e7\u00f5es, o que diminui as taxas de desperd\u00edcio e acelera as transi\u00e7\u00f5es entre cores ou materiais. Isso tamb\u00e9m ajuda a manter a qualidade consistente do produto com tempo de inatividade m\u00ednimo.<\/p>\n<p>O controle de vest\u00edgios \u00e9 essencial para entregar pe\u00e7as limpas e sem defeitos. Nossos designs de bicos focam em minimizar marcas de testemunho de porta por meio de geometrias de abertura de porta precisas e perfis t\u00e9rmicos controlados, garantindo que os res\u00edduos da porta sejam quase invis\u00edveis ap\u00f3s a moldagem.<\/p>\n<p>Para clientes que desejam aprofundar-se no equil\u00edbrio entre gest\u00e3o t\u00e9rmica e geometria do canal de fluxo, nossas solu\u00e7\u00f5es s\u00e3o apoiadas por an\u00e1lise t\u00e9rmica Moldflow para otimizar cada caminho de bico e corredor. Explore <a href=\"https:\/\/hotrunneroem.com\/pt\/hot-runner-manifold\/\">nossos designs de manifold de sistema de canal quente<\/a> para insights detalhados sobre sistemas avan\u00e7ados de entrega de fus\u00e3o.<\/p>\n<h2>Capacidades de Personaliza\u00e7\u00e3o na China Hot Runner System<\/h2>\n<p>Entendemos que cada projeto de moldagem por inje\u00e7\u00e3o \u00e9 \u00fanico. Por isso, nosso sistema de canal quente oferece solu\u00e7\u00f5es personalizadas, come\u00e7ando com a integra\u00e7\u00e3o de an\u00e1lise avan\u00e7ada Moldflow. Isso nos permite simular com precis\u00e3o o tempo de enchimento e as taxas de cisalhamento da resina, garantindo que suas pe\u00e7as encham de forma consistente e com m\u00ednimo estresse na fus\u00e3o, reduzindo defeitos.<\/p>\n<p>A personaliza\u00e7\u00e3o estende-se a comprimentos vari\u00e1veis de bico e ajustes de passo, combinando perfeitamente com as alturas de empilhamento e espa\u00e7amento de cavidades em moldes multicavidades. Essa flexibilidade garante um encaixe \u00f3timo e uma entrega de fus\u00e3o eficiente em configura\u00e7\u00f5es complexas de moldes.<\/p>\n<p>A manuten\u00e7\u00e3o \u00e9 simplificada com nossa abordagem de engenharia que prioriza a substitui\u00e7\u00e3o f\u00e1cil da ponta diretamente no molde. Essa funcionalidade reduz significativamente o tempo de inatividade durante os ciclos de produ\u00e7\u00e3o, protege contra o desgaste t\u00edpico e torna a manuten\u00e7\u00e3o do sistema de canal quente f\u00e1cil, eficiente e sem complica\u00e7\u00f5es.<\/p>\n<p>Ao combinar essas op\u00e7\u00f5es personalizadas com materiais robustos e design de fluxo, nosso sistema de canal quente de Portugal destaca-se pelo desempenho e facilidade de opera\u00e7\u00e3o, atendendo \u00e0s exig\u00eancias globais de moldagem.<\/p>\n<p>Para detalhes sobre op\u00e7\u00f5es de componentes, consulte nossa <a href=\"https:\/\/hotrunneroem.com\/pt\/hot-runner-parts\/\">pe\u00e7as de injetores<\/a> cole\u00e7\u00e3o e como voc\u00ea pode melhorar sua configura\u00e7\u00e3o existente.<\/p>\n<h2>Especifica\u00e7\u00f5es T\u00e9cnicas &amp; Par\u00e2metros de Opera\u00e7\u00e3o<\/h2>\n<p>Ao projetar um bico de sistema de canal quente, a precis\u00e3o nas especifica\u00e7\u00f5es t\u00e9cnicas \u00e9 fundamental para um desempenho consistente. Nossos bicos mant\u00eam <strong>precis\u00e3o no controle de temperatura dentro de \u00b11\u00b0C<\/strong>, garantindo que o fluxo de fus\u00e3o permane\u00e7a est\u00e1vel e os defeitos sejam minimizados. Este controle t\u00e9rmico rigoroso \u00e9 crucial para lidar com diferentes tipos de resina e prevenir problemas como gotejamento ou stringing durante a moldagem por inje\u00e7\u00e3o.<\/p>\n<table>\n<thead>\n<tr>\n<th>Par\u00e2metro<\/th>\n<th>Especifica\u00e7\u00e3o<\/th>\n<\/tr>\n<\/thead>\n<tbody>\n<tr>\n<td>Precis\u00e3o no Controle de Temperatura<\/td>\n<td>\u00b11\u00b0C<\/td>\n<\/tr>\n<tr>\n<td>Press\u00e3o m\u00e1xima de inje\u00e7\u00e3o<\/td>\n<td>At\u00e9 250 MPa<\/td>\n<\/tr>\n<tr>\n<td>Padr\u00f5es de voltagem<\/td>\n<td>110V \/ 220V \/ 380V<\/td>\n<\/tr>\n<\/tbody>\n<\/table>\n<p>Nossas bicos suportam press\u00f5es de inje\u00e7\u00e3o at\u00e9 250 MPa, apoiando ciclos de moldagem robustos em sistemas de m\u00faltiplos cavidades e conjuntos complexos de colectores. A compatibilidade de voltagem abrange padr\u00f5es industriais comuns\u2014110V, 220V e 380V\u2014garantindo uma integra\u00e7\u00e3o simples e fi\u00e1vel no seu sistema de metade quente existente.<\/p>\n<p>Estes par\u00e2metros t\u00e9cnicos combinados aumentam a efici\u00eancia e a durabilidade do sistema de entrega de fus\u00e3o, essenciais para manter a redu\u00e7\u00e3o do tempo de ciclo e a resist\u00eancia. Para uma gest\u00e3o de temperatura precisa, os nossos sistemas integram zonas avan\u00e7adas de controlo de temperatura PID, uma caracter\u00edstica cr\u00edtica que minimiza flutua\u00e7\u00f5es t\u00e9rmicas.<\/p>\n<p>Para mais detalhes ou para discutir especifica\u00e7\u00f5es personalizadas adaptadas \u00e0s suas necessidades de produ\u00e7\u00e3o, considere submeter dados CAD para uma revis\u00e3o especializada na nossa <a href=\"https:\/\/hotrunneroem.com\/pt\/thank-you\/\">p\u00e1gina de consulta de engenharia<\/a>.<\/p>\n<h2>Solicitar uma Consulta de Engenharia<\/h2>\n<p>Para obter os melhores resultados do seu sistema de bico de sistema de corredor quente, convidamo-lo a submeter os seus dados CAD para uma revis\u00e3o gratuita. A nossa equipa de engenharia do sistema de corredor quente ir\u00e1 analisar cuidadosamente os seus projetos, focando na otimiza\u00e7\u00e3o do desempenho do sistema de entrega de fus\u00e3o, na geometria do canal de fluxo e na gest\u00e3o t\u00e9rmica. Isto garante solu\u00e7\u00f5es personalizadas que se ajustam \u00e0s suas necessidades espec\u00edficas de moldagem, melhorando a efici\u00eancia e reduzindo defeitos.<\/p>\n<p>O nosso compromisso vai al\u00e9m do design\u2014priorizamos a durabilidade e a redu\u00e7\u00e3o do tempo de ciclo em cada projeto. Ao integrar an\u00e1lise t\u00e9rmica do fluxo do molde e aplicar zonas de controlo de temperatura precisas, ajudamos a alcan\u00e7ar uma qualidade consistente e ciclos de produ\u00e7\u00e3o mais r\u00e1pidos. Parceria connosco significa acesso a aconselhamento especializado que pode ajustar atuadores de v\u00e1lvula de port\u00e3o, dicas de controlo t\u00e9rmico e outros componentes-chave para o sucesso do seu molde.<\/p>\n<p>Explore como a nossa experi\u00eancia em sistemas de corredor quente personalizados pode elevar o seu processo de moldagem por inje\u00e7\u00e3o entrando em contacto connosco para a sua consulta de engenharia personalizada. Para mais detalhes sobre as nossas ofertas e inova\u00e7\u00f5es, visite as nossas <a href=\"https:\/\/hotrunneroem.com\/pt\/\">solu\u00e7\u00f5es personalizadas de sistemas de corredor quente<\/a> p\u00e1gina.<\/p>\n<div id=\"references\" class=\"min-w-0 scroll-mt-8 overflow-hidden\">\n<div class=\"flex flex-col gap-2 text-sm leading-relaxed\"><\/div>\n<\/div>","protected":false},"excerpt":{"rendered":"<p>O design de bico do sistema de aquecimento de passagem quente de engenharia de precis\u00e3o garante um fluxo de fus\u00e3o ideal, estabilidade t\u00e9rmica e personaliza\u00e7\u00e3o para moldagem por inje\u00e7\u00e3o de alto desempenho.<\/p>","protected":false},"featured_media":353,"template":"","meta":{"site-sidebar-layout":"default","site-content-layout":"","ast-site-content-layout":"default","site-content-style":"default","site-sidebar-style":"default","ast-global-header-display":"","ast-banner-title-visibility":"","ast-main-header-display":"","ast-hfb-above-header-display":"","ast-hfb-below-header-display":"","ast-hfb-mobile-header-display":"","site-post-title":"","ast-breadcrumbs-content":"","ast-featured-img":"","footer-sml-layout":"","ast-disable-related-posts":"","theme-transparent-header-meta":"default","adv-header-id-meta":"","stick-header-meta":"","header-above-stick-meta":"","header-main-stick-meta":"","header-below-stick-meta":"","astra-migrate-meta-layouts":"set","ast-page-background-enabled":"default","ast-page-background-meta":{"desktop":{"background-color":"var(--ast-global-color-5)","background-image":"","background-repeat":"repeat","background-position":"center center","background-size":"auto","background-attachment":"scroll","background-type":"","background-media":"","overlay-type":"","overlay-color":"","overlay-opacity":"","overlay-gradient":""},"tablet":{"background-color":"","background-image":"","background-repeat":"repeat","background-position":"center center","background-size":"auto","background-attachment":"scroll","background-type":"","background-media":"","overlay-type":"","overlay-color":"","overlay-opacity":"","overlay-gradient":""},"mobile":{"background-color":"","background-image":"","background-repeat":"repeat","background-position":"center center","background-size":"auto","background-attachment":"scroll","background-type":"","background-media":"","overlay-type":"","overlay-color":"","overlay-opacity":"","overlay-gradient":""}},"ast-content-background-meta":{"desktop":{"background-color":"var(--ast-global-color-4)","background-image":"","background-repeat":"repeat","background-position":"center center","background-size":"auto","background-attachment":"scroll","background-type":"","background-media":"","overlay-type":"","overlay-color":"","overlay-opacity":"","overlay-gradient":""},"tablet":{"background-color":"var(--ast-global-color-4)","background-image":"","background-repeat":"repeat","background-position":"center center","background-size":"auto","background-attachment":"scroll","background-type":"","background-media":"","overlay-type":"","overlay-color":"","overlay-opacity":"","overlay-gradient":""},"mobile":{"background-color":"var(--ast-global-color-4)","background-image":"","background-repeat":"repeat","background-position":"center center","background-size":"auto","background-attachment":"scroll","background-type":"","background-media":"","overlay-type":"","overlay-color":"","overlay-opacity":"","overlay-gradient":""}}},"product_brand":[],"product_cat":[28],"product_tag":[53,60,49],"class_list":{"0":"post-356","1":"product","2":"type-product","3":"status-publish","4":"has-post-thumbnail","6":"product_cat-hot-runner-system","7":"product_tag-custom-hot-runner","8":"product_tag-nozzle-design","9":"product_tag-nozzle-tips","10":"desktop-align-left","11":"tablet-align-left","12":"mobile-align-left","14":"first","15":"instock","16":"featured","17":"shipping-taxable","18":"product-type-simple"},"_links":{"self":[{"href":"https:\/\/hotrunneroem.com\/pt\/wp-json\/wp\/v2\/product\/356","targetHints":{"allow":["GET"]}}],"collection":[{"href":"https:\/\/hotrunneroem.com\/pt\/wp-json\/wp\/v2\/product"}],"about":[{"href":"https:\/\/hotrunneroem.com\/pt\/wp-json\/wp\/v2\/types\/product"}],"wp:featuredmedia":[{"embeddable":true,"href":"https:\/\/hotrunneroem.com\/pt\/wp-json\/wp\/v2\/media\/353"}],"wp:attachment":[{"href":"https:\/\/hotrunneroem.com\/pt\/wp-json\/wp\/v2\/media?parent=356"}],"wp:term":[{"taxonomy":"product_brand","embeddable":true,"href":"https:\/\/hotrunneroem.com\/pt\/wp-json\/wp\/v2\/product_brand?post=356"},{"taxonomy":"product_cat","embeddable":true,"href":"https:\/\/hotrunneroem.com\/pt\/wp-json\/wp\/v2\/product_cat?post=356"},{"taxonomy":"product_tag","embeddable":true,"href":"https:\/\/hotrunneroem.com\/pt\/wp-json\/wp\/v2\/product_tag?post=356"}],"curies":[{"name":"wp","href":"https:\/\/api.w.org\/{rel}","templated":true}]}}