{"id":381,"date":"2026-02-02T15:24:42","date_gmt":"2026-02-02T07:24:42","guid":{"rendered":"https:\/\/hotrunneroem.com\/?post_type=product&#038;p=381"},"modified":"2026-02-02T16:33:37","modified_gmt":"2026-02-02T08:33:37","slug":"pc-plastic-hot-runner-system","status":"publish","type":"product","link":"https:\/\/hotrunneroem.com\/pt\/pc-plastic-hot-runner-system\/","title":{"rendered":"Sistema de Injetores de Alta Precis\u00e3o em Pol\u00edmero para Moldagem de Policarbonato"},"content":{"rendered":"<h2>Vis\u00e3o Geral do Produto: Precis\u00e3o para Policarbonato<\/h2>\n<p>&nbsp;<\/p>\n<p><img fetchpriority=\"high\" decoding=\"async\" class=\"alignnone size-full wp-image-379\" src=\"https:\/\/hotrunneroem.com\/wp-content\/uploads\/2026\/02\/PC-Plastic-hot-runner-system-2.jpg\" alt=\"\" width=\"800\" height=\"800\" srcset=\"https:\/\/hotrunneroem.com\/wp-content\/uploads\/2026\/02\/PC-Plastic-hot-runner-system-2.jpg 800w, https:\/\/hotrunneroem.com\/wp-content\/uploads\/2026\/02\/PC-Plastic-hot-runner-system-2-12x12.jpg 12w, https:\/\/hotrunneroem.com\/wp-content\/uploads\/2026\/02\/PC-Plastic-hot-runner-system-2-300x300.jpg 300w, https:\/\/hotrunneroem.com\/wp-content\/uploads\/2026\/02\/PC-Plastic-hot-runner-system-2-600x600.jpg 600w, https:\/\/hotrunneroem.com\/wp-content\/uploads\/2026\/02\/PC-Plastic-hot-runner-system-2-100x100.jpg 100w\" sizes=\"(max-width: 800px) 100vw, 800px\" \/>O fabricante de sistemas de canal quente oferece uma solu\u00e7\u00e3o especializada de canal quente projetada exclusivamente para moldagem por inje\u00e7\u00e3o de policarbonato (PC). Esta linha atende aos requisitos exigentes das aplica\u00e7\u00f5es em PC, garantindo clareza \u00f3ptica superior e resist\u00eancia estrutural cr\u00edtica para pe\u00e7as de alto desempenho.<\/p>\n<p>A viscosidade inerente elevada do policarbonato e a sua janela de processamento estreita e sens\u00edvel apresentam desafios significativos. O controlo preciso da temperatura e a gest\u00e3o do fluxo s\u00e3o essenciais para evitar defeitos t\u00edpicos como manchas negras, amarelamento e deforma\u00e7\u00f5es induzidas por stress.<\/p>\n<p>O nosso sistema de colector aquecido fornece uma distribui\u00e7\u00e3o t\u00e9rmica uniforme por todos os cavidades. Esta estabilidade minimiza o esfor\u00e7o de cisalhamento e a degrada\u00e7\u00e3o do material, promovendo padr\u00f5es de enchimento consistentes e uma qualidade de superf\u00edcie impec\u00e1vel. Estas solu\u00e7\u00f5es engenhosas tornam o nosso sistema de canal quente de pl\u00e1stico PC ideal para corredores de moldes de grau \u00f3ptico, onde a clareza e a integridade n\u00e3o podem ser comprometidas.<\/p>\n<h2>Pontos Cr\u00edticos de Design para Moldes de Canal Quente de Policarbonato<\/h2>\n<p>Projetar um sistema de canal quente de pl\u00e1stico PC exige uma engenharia inteligente para lidar com as caracter\u00edsticas \u00fanicas do policarbonato. Aqui est\u00e3o as \u00e1reas-chave em que nos focamos:<\/p>\n<ul>\n<li><strong>Gest\u00e3o de Rologia:<\/strong> Os canais do nosso colector est\u00e3o perfeitamente dimensionados para reduzir as perdas de press\u00e3o e diminuir o tempo de resid\u00eancia dentro do canal. Isto ajuda a evitar a degrada\u00e7\u00e3o do PC, crucial uma vez que a alta viscosidade do policarbonato exige um fluxo suave e constante para manter a integridade do material.<\/li>\n<li><strong>Elimina\u00e7\u00e3o de pontos mortos:<\/strong> Simplificamos os caminhos de fluxo para eliminar zonas de estagna\u00e7\u00e3o onde o PC pode ficar parado e queimar. Material preso causa manchas negras e amarelamento, por isso a uniformidade do fluxo \u00e9 obrigat\u00f3ria para pe\u00e7as claras e sem defeitos.<\/li>\n<li><strong>Isolamento T\u00e9rmico:<\/strong> A temperaturas de processamento de 280\u00b0C a 320\u00b0C, manter um controlo t\u00e9rmico rigoroso \u00e9 vital. A nossa tecnologia avan\u00e7ada de isolamento mant\u00e9m o canal quente isolado das placas do molde mais frias, prevenindo perdas de calor e garantindo uma temperatura de fus\u00e3o consistente durante todo o ciclo de inje\u00e7\u00e3o.<\/li>\n<\/ul>\n<p>Estes elementos de design, em conjunto, reduzem os riscos de danos por esfor\u00e7o de cisalhamento e degrada\u00e7\u00e3o t\u00e9rmica, permitindo um desempenho fi\u00e1vel do canal quente de alta viscosidade espec\u00edfico para moldagem de policarbonato.<\/p>\n<p>Para uma an\u00e1lise mais aprofundada do controlo de temperatura de precis\u00e3o em moldes de canal quente, consulte o nosso detalhado <a href=\"https:\/\/hotrunneroem.com\/pt\/hot-runner-temperature-controllers\/\">controladores de temperatura de hot runner<\/a> recurso.<\/p>\n<h2>Componentes do Sistema &amp; Tecnologia<\/h2>\n<p>O nosso sistema de canal quente de pl\u00e1stico PC apresenta bicos especializados adaptados para uma moldagem \u00f3tima de policarbonato. Os bicos de fluxo livre\/Abertura aberta s\u00e3o projetados para eliminar gotejamento e fios, garantindo disparos limpos todas as vezes. Para pe\u00e7as cosm\u00e9ticas onde a qualidade da superf\u00edcie \u00e9 cr\u00edtica, os nossos Sistemas de V\u00e1lvula de Portas proporcionam um processo de moldagem sem esfor\u00e7o com marcas de vest\u00edgio zero, perfeitos para componentes transparentes ou de grau \u00f3ptico.<\/p>\n<p>A tecnologia de aquecimento \u00e9 fundamental para manter condi\u00e7\u00f5es de processamento est\u00e1veis. Equipamos os nossos sistemas com aquecedores de alta densidade de wattagem que incluem termopares embutidos, permitindo ajustes r\u00e1pidos e precisos de temperatura para manter o perfil t\u00e9rmico consistente durante o ciclo. Isto ajuda a cumprir a janela de processamento apertada dos materiais de PC.<\/p>\n<p>O colector \u00e9 fabricado em a\u00e7o inoxid\u00e1vel resistente \u00e0 corros\u00e3o e de alta dureza, especificamente escolhido para suportar a natureza abrasiva das grades de policarbonato refor\u00e7ado com vidro. Esta constru\u00e7\u00e3o resistente ao desgaste garante uma maior durabilidade da ferramenta e desempenho fi\u00e1vel em sistemas de moldes de m\u00faltiplos cavidades de PC.<\/p>\n<p>Para insights detalhados sobre designs de bicos e integra\u00e7\u00e3o de termopares, explore as nossas explica\u00e7\u00f5es em <a href=\"https:\/\/hotrunneroem.com\/pt\/hot-runner-system-nozzle-design\/\">design de bico de sistema de passagem quente<\/a> e <a href=\"https:\/\/hotrunneroem.com\/pt\/nozzle-thermocouple-wiring\/\">liga\u00e7\u00e3o de termopares na bocal<\/a>. Estas tecnologias unem-se para fornecer um sistema de colector aquecido que suporta a moldagem por inje\u00e7\u00e3o de policarbonato com defeitos minimizados.<\/p>\n<h2>Vantagens de Desempenho do Sistema de Canal Quente de Pl\u00e1stico PC<\/h2>\n<p><img decoding=\"async\" src=\"https:\/\/hotrunneroem.com\/wp-content\/uploads\/2026\/02\/PC-Plastic-hot-runner-system-1.jpg\" alt=\"Benef\u00edcios de desempenho do sistema de aquecimento de pl\u00e1stico PC\" \/><\/p>\n<p>O nosso sistema de canal quente de pl\u00e1stico para PC destaca-se por oferecer <strong>claridade \u00f3ptica excecional<\/strong>, essencial para aplica\u00e7\u00f5es como lentes de ilumina\u00e7\u00e3o e coberturas de exibi\u00e7\u00e3o onde a transpar\u00eancia impec\u00e1vel n\u00e3o \u00e9 negoci\u00e1vel. O design minimiza marcas de fluxo e stress interno, preservando o brilho e a clareza naturais das pe\u00e7as de policarbonato.<\/p>\n<p>A otimiza\u00e7\u00e3o do tempo de ciclo \u00e9 outro benef\u00edcio importante. Gra\u00e7as \u00e0 gest\u00e3o t\u00e9rmica avan\u00e7ada e \u00e0 recupera\u00e7\u00e3o t\u00e9rmica r\u00e1pida, o nosso sistema suporta ciclos de moldagem mais r\u00e1pidos sem comprometer a qualidade da pe\u00e7a ou causar defeitos. Isto significa maior rendimento e custos de produ\u00e7\u00e3o mais baixos.<\/p>\n<p>Tamb\u00e9m focamos na redu\u00e7\u00e3o de desperd\u00edcio. O nosso sistema de canal quente reduz res\u00edduos de frio e desperd\u00edcio de arranque, gra\u00e7as ao controlo preciso da temperatura e ao equil\u00edbrio eficiente do fluxo entre as cavidades. Isto n\u00e3o s\u00f3 poupa material, como tamb\u00e9m melhora a estabilidade e a repetibilidade do processo global.<\/p>\n<p>Experimente estes ganhos de desempenho incorporados no nosso <strong>sistema de moldagem por inje\u00e7\u00e3o de policarbonato<\/strong>, concebido para canais de moldes de grau \u00f3ptico exigentes e materiais de PC de alta viscosidade.<\/p>\n<p>Para detalhes aprofundados sobre gest\u00e3o de temperatura, explore a nossa <a href=\"https:\/\/hotrunneroem.com\/pt\/hot-runner-thermocouple\/\">tecnologia de termopar de canal quente<\/a> que desempenha um papel fundamental na manuten\u00e7\u00e3o de condi\u00e7\u00f5es t\u00e9rmicas consistentes para resultados \u00f3pticos precisos.<\/p>\n<h2>Aplica\u00e7\u00f5es industriais para o sistema de canal quente de pl\u00e1stico de PC<\/h2>\n<p>O nosso sistema de canal quente de pl\u00e1stico de PC encaixa-se perfeitamente em ind\u00fastrias onde a clareza \u00f3ptica e durabilidade s\u00e3o essenciais. Na fabrica\u00e7\u00e3o autom\u00f3vel, \u00e9 ideal para lentes de far\u00f3is, molduras interiores e pilares estruturais, proporcionando qualidade consistente para pe\u00e7as cr\u00edticas de seguran\u00e7a e design. Para eletr\u00f3nica, o sistema suporta carca\u00e7as transparentes, tubos de luz LED e conectores que exigem moldagem de precis\u00e3o sem stress ou defeitos. Nos setores m\u00e9dicos, o nosso sistema de canal quente permite a produ\u00e7\u00e3o de componentes transparentes esteriliz\u00e1veis e carca\u00e7as, garantindo desempenho fi\u00e1vel e biocompatibilidade.<\/p>\n<p>Esta versatilidade resulta do design personalizado do nosso sistema para materiais de alta viscosidade como o policarbonato, suportando aplica\u00e7\u00f5es exigentes que requerem canais de molde de grau \u00f3ptico impec\u00e1vel e controlo de fluxo preciso. Para an\u00e1lise avan\u00e7ada de design de moldes e desempenho relacionado com materiais de PC, pode explorar os nossos <a href=\"https:\/\/hotrunneroem.com\/pt\/mold-flow-analysis\/\">servi\u00e7os de an\u00e1lise de fluxo de moldes<\/a> para otimizar os padr\u00f5es de enchimento e reduzir o esfor\u00e7o de cisalhamento durante a produ\u00e7\u00e3o.<\/p>\n<h2>Solu\u00e7\u00f5es Personalizadas e Apoio Cont\u00ednuo<\/h2>\n<p>Fornecemos servi\u00e7os especializados de an\u00e1lise de fluxo usando tecnologia Moldflow para mapear o aquecimento por cisalhamento e o comportamento de enchimento antes de qualquer corte de a\u00e7o. Esta vis\u00e3o antecipada ajuda a otimizar o seu sistema de moldagem por inje\u00e7\u00e3o de policarbonato, reduzindo riscos e garantindo um processamento suave de materiais de alta viscosidade de PC.<\/p>\n<p>Os nossos designs de canais quentes enfatizam a facilidade de instala\u00e7\u00e3o e manuten\u00e7\u00e3o. Recursos como aquecedores de acesso r\u00e1pido e procedimentos de limpeza simples est\u00e3o incorporados, o que \u00e9 especialmente importante ao trabalhar com aplica\u00e7\u00f5es de PC sens\u00edveis \u00e0 cor. A substitui\u00e7\u00e3o eficiente do aquecedor minimiza o tempo de inatividade durante as trocas de cor, mantendo a sua produ\u00e7\u00e3o \u00e1gil.<\/p>\n<p>Para mais informa\u00e7\u00f5es sobre os nossos sistemas avan\u00e7ados de canais quentes adaptados a aplica\u00e7\u00f5es exigentes de PC, explore as nossas ofertas detalhadas em <a href=\"https:\/\/hotrunneroem.com\/pt\/shop\/\">p\u00e1gina da loja<\/a>. Al\u00e9m disso, descubra como apoiamos todo o ciclo de vida dos seus sistemas personalizados visitando o nosso <a href=\"https:\/\/hotrunneroem.com\/pt\/thank-you\/\">p\u00e1gina de agradecimento<\/a>.<\/p>\n<h2>Especifica\u00e7\u00f5es T\u00e9cnicas para Sistema de Injetores de Pl\u00e1stico PC com Bico Aquecido<\/h2>\n<table>\n<thead>\n<tr>\n<th>Especifica\u00e7\u00e3o<\/th>\n<th>Detalhes<\/th>\n<\/tr>\n<\/thead>\n<tbody>\n<tr>\n<td>Tens\u00e3o<\/td>\n<td>220V \/ 240V<\/td>\n<\/tr>\n<tr>\n<td>Temperatura M\u00e1xima<\/td>\n<td>At\u00e9 350\u00b0C<\/td>\n<\/tr>\n<tr>\n<td>Tipos de Bicos<\/td>\n<td>Porta t\u00e9rmica, Porta de v\u00e1lvula<\/td>\n<\/tr>\n<tr>\n<td>Dureza do A\u00e7o<\/td>\n<td>Padr\u00e3o: HRC 50-54<br \/>\nRefor\u00e7ado: HRC 58-62<\/td>\n<\/tr>\n<tr>\n<td>Compatibilidade de Materiais<\/td>\n<td>Policarbonato (PC), PC com refor\u00e7o de vidro<\/td>\n<\/tr>\n<tr>\n<td>Tecnologia de Aquecimento<\/td>\n<td>Alta densidade de watt com termopares embutidos<\/td>\n<\/tr>\n<tr>\n<td>Tipo de Manifold<\/td>\n<td>A\u00e7o inoxid\u00e1vel resistente \u00e0 corros\u00e3o<\/td>\n<\/tr>\n<\/tbody>\n<\/table>\n<p>O nosso sistema de injetores de pl\u00e1stico PC suporta processamento de PC a alta temperatura at\u00e9 350\u00b0C, garantindo excelente estabilidade t\u00e9rmica, fundamental para canais de moldes de grau \u00f3ptico. A escolha entre bicos de porta t\u00e9rmica e de v\u00e1lvula permite flexibilidade no manuseio da alta viscosidade e sensibilidade do PC.<\/p>\n<p>Os manifolds de a\u00e7o inoxid\u00e1vel est\u00e3o dispon\u00edveis em dois graus de dureza, padr\u00e3o e refor\u00e7ado, para resist\u00eancia ao desgaste, especialmente com materiais de PC refor\u00e7ado com vidro. Isso prolonga a vida \u00fatil da ferramenta e mant\u00e9m um desempenho consistente na moldagem por inje\u00e7\u00e3o.<\/p>\n<p>Para mais informa\u00e7\u00f5es sobre a nossa tecnologia avan\u00e7ada de variedades e op\u00e7\u00f5es de bicos, consulte as nossas <a href=\"https:\/\/hotrunneroem.com\/pt\/hot-runner-manifold\/\">designs de colectores quentes<\/a> e <a href=\"https:\/\/hotrunneroem.com\/pt\/hot-runner-nozzle\/\">bicos de aquecimento especializado para sistemas de inje\u00e7\u00e3o<\/a>.<\/p>\n<h2>Solicite uma Consulta T\u00e9cnica para o Seu Sistema de Aquecimento de Pl\u00e1stico PC<\/h2>\n<p>Pronto para otimizar o seu processo de moldagem por inje\u00e7\u00e3o de policarbonato? Envie os seus ficheiros CAD ou detalhes do projeto \u00e0 nossa equipa de engenharia de sistemas de aquecimento na China. Especializamo-nos em configura\u00e7\u00f5es personalizadas de sistemas de aquecimento de PC adaptadas \u00e0s suas necessidades espec\u00edficas.<\/p>\n<p><strong>Como proceder:<\/strong><\/p>\n<table>\n<thead>\n<tr>\n<th>Passo<\/th>\n<th>A\u00e7\u00e3o<\/th>\n<\/tr>\n<\/thead>\n<tbody>\n<tr>\n<td>1. Preparar Dados CAD<\/td>\n<td>Incluir desenhos detalhados do molde e especifica\u00e7\u00f5es<\/td>\n<\/tr>\n<tr>\n<td>2. Definir Necessidades do Projeto<\/td>\n<td>Fornecer graus de material, n\u00famero de cavidades e objetivos<\/td>\n<\/tr>\n<tr>\n<td>3. Contactar Engenharia<\/td>\n<td>Contacte diretamente para discutir solu\u00e7\u00f5es t\u00e9cnicas<\/td>\n<\/tr>\n<\/tbody>\n<\/table>\n<p>Os nossos especialistas ir\u00e3o analisar os seus requisitos e recomendar um sistema de aquecimento de alto desempenho, projetado para lidar com a alta viscosidade e as exig\u00eancias t\u00e9rmicas do PC de forma eficiente.<\/p>\n<p>Para uma integra\u00e7\u00e3o perfeita e suporte de manuten\u00e7\u00e3o, explore as nossas op\u00e7\u00f5es abrangentes de <a href=\"https:\/\/hotrunneroem.com\/pt\/hot-runner-parts\/\">pe\u00e7as de injetores<\/a> e m\u00e9todos avan\u00e7ados de <a href=\"https:\/\/hotrunneroem.com\/pt\/pid-hot-runner-controller-box\/\">caixas de controlo de aquecimento PID<\/a> destinadas a melhorar a estabilidade do sistema e a produtividade.<\/p>\n<p>Entre em contacto hoje e aproveite o suporte dos nossos especialistas para alcan\u00e7ar moldagem perfeita com o seu equipamento de processamento de policarbonato.<\/p>\n<div id=\"references\" class=\"min-w-0 scroll-mt-8 overflow-hidden\">\n<div class=\"flex flex-col gap-2 text-sm leading-relaxed\"><\/div>\n<\/div>","protected":false},"excerpt":{"rendered":"<p>Sistema de corredor quente de pl\u00e1stico PC de alta precis\u00e3o projetado para controlo de temperatura consistente e fluxo otimizado em moldagem exigente de policarbonato.<\/p>","protected":false},"featured_media":379,"template":"","meta":{"site-sidebar-layout":"default","site-content-layout":"","ast-site-content-layout":"default","site-content-style":"default","site-sidebar-style":"default","ast-global-header-display":"","ast-banner-title-visibility":"","ast-main-header-display":"","ast-hfb-above-header-display":"","ast-hfb-below-header-display":"","ast-hfb-mobile-header-display":"","site-post-title":"","ast-breadcrumbs-content":"","ast-featured-img":"","footer-sml-layout":"","ast-disable-related-posts":"","theme-transparent-header-meta":"default","adv-header-id-meta":"","stick-header-meta":"","header-above-stick-meta":"","header-main-stick-meta":"","header-below-stick-meta":"","astra-migrate-meta-layouts":"set","ast-page-background-enabled":"default","ast-page-background-meta":{"desktop":{"background-color":"var(--ast-global-color-5)","background-image":"","background-repeat":"repeat","background-position":"center center","background-size":"auto","background-attachment":"scroll","background-type":"","background-media":"","overlay-type":"","overlay-color":"","overlay-opacity":"","overlay-gradient":""},"tablet":{"background-color":"","background-image":"","background-repeat":"repeat","background-position":"center center","background-size":"auto","background-attachment":"scroll","background-type":"","background-media":"","overlay-type":"","overlay-color":"","overlay-opacity":"","overlay-gradient":""},"mobile":{"background-color":"","background-image":"","background-repeat":"repeat","background-position":"center center","background-size":"auto","background-attachment":"scroll","background-type":"","background-media":"","overlay-type":"","overlay-color":"","overlay-opacity":"","overlay-gradient":""}},"ast-content-background-meta":{"desktop":{"background-color":"var(--ast-global-color-4)","background-image":"","background-repeat":"repeat","background-position":"center center","background-size":"auto","background-attachment":"scroll","background-type":"","background-media":"","overlay-type":"","overlay-color":"","overlay-opacity":"","overlay-gradient":""},"tablet":{"background-color":"var(--ast-global-color-4)","background-image":"","background-repeat":"repeat","background-position":"center center","background-size":"auto","background-attachment":"scroll","background-type":"","background-media":"","overlay-type":"","overlay-color":"","overlay-opacity":"","overlay-gradient":""},"mobile":{"background-color":"var(--ast-global-color-4)","background-image":"","background-repeat":"repeat","background-position":"center center","background-size":"auto","background-attachment":"scroll","background-type":"","background-media":"","overlay-type":"","overlay-color":"","overlay-opacity":"","overlay-gradient":""}}},"product_brand":[],"product_cat":[35],"product_tag":[48,52,62],"class_list":{"0":"post-381","1":"product","2":"type-product","3":"status-publish","4":"has-post-thumbnail","6":"product_cat-hot-runner-design","7":"product_tag-hot-runner-injection-mold","8":"product_tag-mold-flow-analysis","9":"product_tag-pc-plastic","10":"desktop-align-left","11":"tablet-align-left","12":"mobile-align-left","14":"first","15":"instock","16":"featured","17":"shipping-taxable","18":"product-type-simple"},"_links":{"self":[{"href":"https:\/\/hotrunneroem.com\/pt\/wp-json\/wp\/v2\/product\/381","targetHints":{"allow":["GET"]}}],"collection":[{"href":"https:\/\/hotrunneroem.com\/pt\/wp-json\/wp\/v2\/product"}],"about":[{"href":"https:\/\/hotrunneroem.com\/pt\/wp-json\/wp\/v2\/types\/product"}],"wp:featuredmedia":[{"embeddable":true,"href":"https:\/\/hotrunneroem.com\/pt\/wp-json\/wp\/v2\/media\/379"}],"wp:attachment":[{"href":"https:\/\/hotrunneroem.com\/pt\/wp-json\/wp\/v2\/media?parent=381"}],"wp:term":[{"taxonomy":"product_brand","embeddable":true,"href":"https:\/\/hotrunneroem.com\/pt\/wp-json\/wp\/v2\/product_brand?post=381"},{"taxonomy":"product_cat","embeddable":true,"href":"https:\/\/hotrunneroem.com\/pt\/wp-json\/wp\/v2\/product_cat?post=381"},{"taxonomy":"product_tag","embeddable":true,"href":"https:\/\/hotrunneroem.com\/pt\/wp-json\/wp\/v2\/product_tag?post=381"}],"curies":[{"name":"wp","href":"https:\/\/api.w.org\/{rel}","templated":true}]}}