{"id":455,"date":"2026-02-05T14:42:17","date_gmt":"2026-02-05T06:42:17","guid":{"rendered":"https:\/\/hotrunneroem.com\/?post_type=product&#038;p=455"},"modified":"2026-02-06T15:27:08","modified_gmt":"2026-02-06T07:27:08","slug":"design-of-hot-runner-system","status":"publish","type":"product","link":"https:\/\/hotrunneroem.com\/pt\/design-of-hot-runner-system\/","title":{"rendered":"Design de Precis\u00e3o do Sistema de Bico de Aquecimento para Fluxo Balanceado e Controlo T\u00e9rmico"},"content":{"rendered":"<h2>Engenharia da Estrat\u00e9gia Perfeita de Entrega de Fus\u00e3o<\/h2>\n<p>Dominar o sistema de entrega de fus\u00e3o \u00e9 fundamental para alcan\u00e7ar uma qualidade consistente na moldagem por inje\u00e7\u00e3o. Indo al\u00e9m de componentes prontos, uma abordagem totalmente engenheirada para a log\u00edstica de fus\u00e3o garante fluxo uniforme, controlo de temperatura preciso e enchimento fi\u00e1vel do molde em todas as sec\u00e7\u00f5es do molde.<\/p>\n<h3>Equil\u00edbrio Rheol\u00f3gico para Consist\u00eancia<\/h3>\n<p>Um design de colector naturalmente equilibrado \u00e9 crucial. Ao calcular cuidadosamente os di\u00e2metros dos corredores e os comprimentos dos canais, garantimos <strong>quedas de press\u00e3o e tempos de enchimento id\u00eanticos<\/strong> em todas as cavidades. Isto minimiza hesita\u00e7\u00f5es no fluxo e garante uma distribui\u00e7\u00e3o uniforme, melhorando a precis\u00e3o dimensional e reduzindo defeitos nas pe\u00e7as.<\/p>\n<p>Princ\u00edpios-chave incluem:<\/p>\n<ul>\n<li><strong>Comprimentos hidr\u00e1ulicos iguais<\/strong> para todos os canais de fus\u00e3o<\/li>\n<li>Manuten\u00e7\u00e3o de <strong>fluxo de fus\u00e3o de baixa cisalhamento<\/strong> para evitar degrada\u00e7\u00e3o do pol\u00edmero<\/li>\n<li>Utiliza\u00e7\u00e3o de simula\u00e7\u00e3o de fluxo (CAE) para otimizar a geometria do colector<\/li>\n<\/ul>\n<h3>Garantir Homogeneidade T\u00e9rmica<\/h3>\n<p>Uma distribui\u00e7\u00e3o uniforme de temperatura evita bolhas de frio e degrada\u00e7\u00e3o do material na bocal e no colector. A coloca\u00e7\u00e3o estrat\u00e9gica de aquecedores, combinada com isolamento de alta qualidade, mant\u00e9m a temperatura uniforme da fus\u00e3o.<\/p>\n<p>Os aspetos essenciais do design incluem:<\/p>\n<ul>\n<li>Layout otimizado dos elementos de aquecimento para zonas t\u00e9rmicas consistentes<\/li>\n<li>Integra\u00e7\u00e3o de controladores de temperatura precisos e termopares para feedback em circuito fechado<\/li>\n<li>Sele\u00e7\u00e3o de materiais resistentes \u00e0 corros\u00e3o, como H13 ou a\u00e7o inoxid\u00e1vel 420, para manter a estabilidade t\u00e9rmica<\/li>\n<\/ul>\n<p>Ao combinar o equil\u00edbrio rheol\u00f3gico com a homogeneidade t\u00e9rmica, o sistema de fornecimento de fus\u00e3o alcan\u00e7a ciclos de inje\u00e7\u00e3o eficientes, est\u00e1veis e repet\u00edveis, estabelecendo a base para o sucesso na moldagem.<\/p>\n<h2>Configura\u00e7\u00f5es e Arquitetura do Sistema<\/h2>\n<p>Ao projetar um sistema de corredor quente, escolher a configura\u00e7\u00e3o certa \u00e9 crucial para alcan\u00e7ar uma entrega de fus\u00e3o \u00f3tima e qualidade da pe\u00e7a.<\/p>\n<h3>Design do Sistema de V\u00e1lvula de Port\u00e3o<\/h3>\n<p>Os port\u00f5es de v\u00e1lvula destacam-se pela abertura sequencial precisa. Este controlo reduz linhas de solda ao temporizar a abertura do port\u00e3o para cada cavidade. A atua\u00e7\u00e3o pode ser pneum\u00e1tica, hidr\u00e1ulica ou servo-motorizada\u2014cada uma oferecendo diferentes velocidades de resposta e n\u00edveis de controlo. Sistemas pneum\u00e1ticos s\u00e3o econ\u00f3micos e r\u00e1pidos, hidr\u00e1ulicos proporcionam alta for\u00e7a para moldes maiores, enquanto port\u00f5es servo-motorizados oferecem a maior precis\u00e3o e flexibilidade. T\u00e9cnicas de acabamento de pinos s\u00e3o igualmente importantes para otimizar a qualidade do port\u00e3o, garantindo marcas limpas e fluxo suave de fus\u00e3o.<\/p>\n<h3>Design de Port\u00e3o T\u00e9rmico (Sistema Aberto)<\/h3>\n<p>Os port\u00f5es t\u00e9rmicos s\u00e3o uma op\u00e7\u00e3o mais simples e econ\u00f3mica, especialmente para resinas commodities onde a complexidade pode ser minimizada. Fundamental no design de port\u00f5es t\u00e9rmicos \u00e9 a sele\u00e7\u00e3o da geometria adequada da ponta que corresponda \u00e0 taxa de fluxo requerida e ao acabamento cosm\u00e9tico. Isto garante que o sistema mantenha uma temperatura de fus\u00e3o consistente, evitando slug frio e shear excessivo. Para uma compreens\u00e3o detalhada do design da ponta do port\u00e3o t\u00e9rmico e do controlo do fluxo, consulte a nossa an\u00e1lise aprofundada <a href=\"https:\/\/hotrunneroem.com\/pt\/hot-runner-gate-types\/\">tipos de portas de corredor quente<\/a> .<\/p>\n<h3>Integra\u00e7\u00e3o de Moldes Multi-N\u00edvel e Empilhados<\/h3>\n<p>\u00c0 medida que as exig\u00eancias de produ\u00e7\u00e3o aumentam, moldes multi-n\u00edvel e empilhados tornam-se essenciais para ciclos de alta produ\u00e7\u00e3o. O seu projeto envolve a cria\u00e7\u00e3o de canais de fus\u00e3o complexos que mant\u00eam a uniformidade de press\u00e3o e temperatura em todas as camadas. Exige um layout preciso dos canais e dimensionamento do colector para lidar com os aumentos no comprimento do percurso de fluxo sem comprometer o tempo de resid\u00eancia ou o equil\u00edbrio do fluxo.<\/p>\n<p>Cada arquitetura de sistema tem o seu lugar, dependendo da complexidade da pe\u00e7a, do tipo de resina e da escala de produ\u00e7\u00e3o. A sele\u00e7\u00e3o adequada e o projeto detalhado dos sistemas de v\u00e1lvula de port\u00e3o e port\u00e3o t\u00e9rmico, juntamente com uma integra\u00e7\u00e3o avan\u00e7ada de moldes empilhados, garantem tempos de ciclo consistentes e pe\u00e7as moldadas de alta qualidade.<\/p>\n<h2>O Fluxo de Trabalho de Design: Do Conceito ao A\u00e7o<\/h2>\n<p>Projetar um sistema de corredor quente eficaz come\u00e7a com um fluxo de trabalho claro, passo a passo, para garantir que cada detalhe apoie uma entrega de fus\u00e3o \u00f3tima e qualidade da pe\u00e7a.<\/p>\n<h3>Passo 1: An\u00e1lise da Resina<\/h3>\n<p>Antes de mais, analisamos o \u00cdndice de Fluxo de Fus\u00e3o (MFI) da resina e a sua sensibilidade ao shear. Isto ajuda-nos a compreender o comportamento do fluxo e como o material reagir\u00e1 sob diferentes press\u00f5es e temperaturas. Conhecer isto antecipadamente orienta ajustes espec\u00edficos ao material que mant\u00eam a fus\u00e3o est\u00e1vel e consistente em todo o sistema.<\/p>\n<h3>Passo 2: Simula\u00e7\u00e3o de Fluxo (CAE)<\/h3>\n<p>De seguida, usamos software avan\u00e7ado de simula\u00e7\u00e3o de fluxo para modelar como o pl\u00e1stico preenche as cavidades. Esta an\u00e1lise CAE prev\u00ea padr\u00f5es de enchimento, press\u00e3o de empacotamento e tempos de arrefecimento, ajudando-nos a identificar problemas potenciais como fluxo desigual ou quedas de press\u00e3o precocemente. A simula\u00e7\u00e3o das condi\u00e7\u00f5es de fluxo permite otimizar o projeto do colector e do corredor para um enchimento equilibrado das cavidades, reduzindo defeitos e tempos de ciclo.<\/p>\n<h3>Passo 3: Dimensionamento do Colector<\/h3>\n<p>Escolher o di\u00e2metro certo do corredor \u00e9 fundamental. Calculamos dimens\u00f5es precisas do coletor para minimizar o tempo de resid\u00eancia e evitar degrada\u00e7\u00e3o do material, mantendo a press\u00e3o necess\u00e1ria para preencher todas as cavidades de forma uniforme. Um dimensionamento adequado do coletor garante um fluxo de fus\u00e3o com shear baixo e uma qualidade consistente das pe\u00e7as, mesmo em moldes multi-cavidade complexos.<\/p>\n<h3>Passo 4: Compensa\u00e7\u00e3o de Expans\u00e3o<\/h3>\n<p>Por fim, projetamos folgas de expans\u00e3o, frequentemente chamadas de \u2018espa\u00e7amento frio\u2019, incorporadas na montagem do colector. Estas folgas acomodam a expans\u00e3o t\u00e9rmica durante a opera\u00e7\u00e3o para manter a veda\u00e7\u00e3o \u00e0 prova de fugas do canal de passagem. Isto previne danos e garante que o sistema de canal quente permane\u00e7a fi\u00e1vel e eficiente atrav\u00e9s de ciclos de aquecimento repetidos.<\/p>\n<p>Cada uma destas etapas \u00e9 crucial para o desenho de sistemas de moldagem por inje\u00e7\u00e3o personalizados que oferecem tanto desempenho quanto durabilidade na produ\u00e7\u00e3o real. Para uma precis\u00e3o aprimorada no controlo de temperatura e estabilidade do sistema durante a opera\u00e7\u00e3o, a integra\u00e7\u00e3o de componentes de alta qualidade <a href=\"https:\/\/hotrunneroem.com\/pt\/hot-runner-temperature-controllers\/\">controladores de temperatura de hot runner<\/a> \u00e9 fundamental para o sucesso.<\/p>\n<h2>Engenharia de Componentes Cr\u00edticos no Design de Sistemas de Canal Quente<\/h2>\n<p><img decoding=\"async\" src=\"https:\/\/hotrunneroem.com\/wp-content\/uploads\/2026\/02\/design_of_hot_runner_system.jpg\" alt=\"Design de Sistema de Corredor Quente e Integra\u00e7\u00e3o de Metalurgia\" \/><\/p>\n<p>Os componentes-chave determinam a fiabilidade e efici\u00eancia de qualquer sistema de canal quente. Quando se projeta um sistema robusto de entrega de fus\u00e3o, a aten\u00e7\u00e3o ao material e ao design de precis\u00e3o faz toda a diferen\u00e7a.<\/p>\n<p><strong>Metalurgia do Colector:<\/strong> Para a constru\u00e7\u00e3o do colector, priorizamos materiais de alta qualidade, como a\u00e7o ferramenta H13 ou a\u00e7o inoxid\u00e1vel 420. Estes metais oferecem excelente resist\u00eancia \u00e0 corros\u00e3o e mant\u00eam a estabilidade t\u00e9rmica sob ciclos cont\u00ednuos de aquecimento, minimizando o desgaste e prolongando a vida \u00fatil da ferramenta. Utilizar a metalurgia adequada ajuda a prevenir deforma\u00e7\u00f5es e garante um desempenho consistente na an\u00e1lise de fluxo de moldes com m\u00faltiplas cavidades.<\/p>\n<p><strong>Tecnologia de Bicos:<\/strong> O design do bico impacta o fluxo de fus\u00e3o e a manuten\u00e7\u00e3o. Oferecemos bicos de encaixe roscado e de ajuste por compress\u00e3o, cada um com vantagens dependendo das suas necessidades de tooling. Os bicos de encaixe roscado proporcionam uma substitui\u00e7\u00e3o mais f\u00e1cil e melhor veda\u00e7\u00e3o, enquanto os bicos de ajuste por compress\u00e3o podem simplificar a montagem. Al\u00e9m disso, pontas substitu\u00edveis e aquecedores integrados permitem uma manuten\u00e7\u00e3o r\u00e1pida sem desmontar todo o colector, economizando tempo de paragem e garantindo um controlo de temperatura est\u00e1vel.<\/p>\n<p><strong>Integra\u00e7\u00e3o do Controlo de Temperatura:<\/strong> O gerenciamento preciso da temperatura \u00e9 fundamental no desenho de um sistema de canal quente bem-sucedido. Projetamos cuidadosamente a coloca\u00e7\u00e3o de termopares para garantir um feedback preciso dentro do colector e do conjunto do bico. Este controlo de temperatura em circuito fechado permite solu\u00e7\u00f5es de controlo t\u00e9rmico est\u00e1veis e evita slugs frios ou sobreaquecimento. Para t\u00e9cnicas avan\u00e7adas de wiring de termopares e op\u00e7\u00f5es de controladores de temperatura, pode explorar desenhos detalhados <a href=\"https:\/\/hotrunneroem.com\/pt\/nozzle-thermocouple-wiring\/\">aqui<\/a> e <a href=\"https:\/\/hotrunneroem.com\/pt\/hot-runner-thermocouple\/\">este guia<\/a>.<\/p>\n<p>Ao focar nestes componentes cr\u00edticos, os nossos sistemas de moldagem por inje\u00e7\u00e3o personalizados garantem alta fiabilidade, fluxo de fus\u00e3o de baixa cisalhamento e qualidade de produto consistente para cada execu\u00e7\u00e3o.<\/p>\n<h2>Aplica\u00e7\u00f5es de Design Especializado em Sistemas de Canal Quente<\/h2>\n<p>Quando se trata de design personalizado de sistemas de canal quente, aplica\u00e7\u00f5es especializadas exigem solu\u00e7\u00f5es adaptadas para enfrentar desafios espec\u00edficos de fabrica\u00e7\u00e3o.<\/p>\n<h3>Otimiza\u00e7\u00e3o de Troca de Cor<\/h3>\n<p>Transi\u00e7\u00f5es r\u00e1pidas e limpas de cor s\u00e3o cr\u00edticas na moldagem por inje\u00e7\u00e3o multicolor. Projetamos canais de fluxo otimizados que eliminam pontos mortos, reduzindo o material residual e garantindo mudan\u00e7as de cor r\u00e1pidas e eficientes sem comprometer o ciclo. Esta abordagem apoia opera\u00e7\u00f5es suaves, especialmente para produtos que requerem trocas frequentes de cor.<\/p>\n<h3>Ferramentas de Alta Cava\u00e7\u00e3o:<\/h3>\n<p>Para moldes de produ\u00e7\u00e3o de alto volume \u2014 como aqueles com 32, 48 ou at\u00e9 64+ cavidades, comuns na fabrica\u00e7\u00e3o de componentes m\u00e9dicos ou tampas de embalagens \u2014 a consist\u00eancia entre todas as cavidades \u00e9 inegoci\u00e1vel. Os nossos desenhos de moldes de inje\u00e7\u00e3o de canal quente mant\u00eam uma entrega uniforme de fus\u00e3o, garantindo que cada cavidade seja preenchida de forma id\u00eantica. Isto garante uma produ\u00e7\u00e3o de alta qualidade e reduz as taxas de retrabalho em configura\u00e7\u00f5es complexas de m\u00faltiplas cavidades.<\/p>\n<h3>Manuseio de Pl\u00e1sticos de Engenharia<\/h3>\n<p>Trabalhar com materiais abrasivos ou corrosivos, como pl\u00e1sticos preenchidos com vidro ou PVC\/POM, requer aten\u00e7\u00e3o especializada. Os nossos sistemas de entrega de fus\u00e3o s\u00e3o projetados com componentes resistentes \u00e0 corros\u00e3o e metalurgia resistente ao desgaste para lidar com esses pl\u00e1sticos de engenharia desafiadores. Isso prolonga a vida \u00fatil da ferramenta e mant\u00e9m a qualidade da pe\u00e7a, apesar das propriedades adversas do material.<\/p>\n<p>Para mais detalhes sobre como integramos esses designs especializados em solu\u00e7\u00f5es de fabrica\u00e7\u00e3o eficientes, consulte a nossa p\u00e1gina de expertise em <a href=\"https:\/\/hotrunneroem.com\/pt\/hot-runner-injection-mold\/\">molde de inje\u00e7\u00e3o de canal quente<\/a> e <a href=\"https:\/\/hotrunneroem.com\/pt\/abs-plastic-mold\/\">molde de pl\u00e1stico ABS<\/a>.<\/p>\n<h2>Por que fazer parceria com o Sistema de Inje\u00e7\u00e3o de Portugal?<\/h2>\n<p>Escolhendo uma <strong>Fabricante de sistemas de canal quente na China<\/strong> oferece benef\u00edcios distintos que combinam flexibilidade, efici\u00eancia de custos e suporte especializado adaptado \u00e0s suas necessidades de moldagem por inje\u00e7\u00e3o.<\/p>\n<ul>\n<li>\n<h3>Designs Personalizados para Cada Molde<\/h3>\n<p>Ao contr\u00e1rio de fornecedores que promovem cat\u00e1logos padr\u00e3o, n\u00f3s focamos em <strong>solu\u00e7\u00f5es personalizadas de sistema hot runner<\/strong> solu\u00e7\u00f5es que se ajustam \u00e0 geometria espec\u00edfica do seu molde e aos objetivos de produ\u00e7\u00e3o. Essa abordagem personalizada garante desempenho \u00f3timo do sistema de entrega de fus\u00e3o e melhor qualidade geral da inje\u00e7\u00e3o.<\/li>\n<li>\n<h3>Fabrica\u00e7\u00e3o Rent\u00e1vel com Padr\u00f5es de Qualidade<\/h3>\n<p>Aproveitar as vantagens da fabrica\u00e7\u00e3o na China permite-nos fornecer sistemas com pre\u00e7os competitivos sem comprometer a qualidade. Os nossos designs atendem a rigorosos padr\u00f5es de engenharia ocidentais, garantindo durabilidade e consist\u00eancia em ambientes de produ\u00e7\u00e3o exigentes.<\/li>\n<li>\n<h3>Suporte Completo de Turnkey<\/h3>\n<p>Desde a fase inicial de aprova\u00e7\u00e3o do projeto at\u00e9 \u00e0 instala\u00e7\u00e3o e testes, oferecemos suporte completo para tornar o processo de integra\u00e7\u00e3o suave. Essa abordagem pr\u00e1tica ajuda a reduzir o tempo de inatividade e acelera o lan\u00e7amento do seu molde no mercado.<\/li>\n<\/ul>\n<p>Parceria com um fornecedor confi\u00e1vel de <strong>sistema de runner quente na China<\/strong> significa que voc\u00ea ganha um colaborador confi\u00e1vel que entende tanto as complexidades t\u00e9cnicas da engenharia de runners quentes quanto as demandas pr\u00e1ticas da fabrica\u00e7\u00e3o global. Para mais detalhes, consulte o nosso especializado <a href=\"https:\/\/hotrunneroem.com\/pt\/china-hot-runner-suppliers\/\">fornecedores de sistemas de corredor quente da China<\/a> e obtenha condi\u00e7\u00f5es competitivas <a href=\"https:\/\/hotrunneroem.com\/pt\/china-hot-runner-quotes\/\">or\u00e7amentos de hot runner da China<\/a> para os seus projetos.<\/p>\n<h2>Perguntas Frequentes sobre o Design de Sistemas de Runner Quente<\/h2>\n<p>Aqui est\u00e3o respostas \u00e0s perguntas t\u00e9cnicas comuns sobre o <strong>design de sistemas de canal quente<\/strong> que ajudam a compreender como abordamos desafios cr\u00edticos.<\/p>\n<table>\n<thead>\n<tr>\n<th>Pergunta<\/th>\n<th>Explica\u00e7\u00e3o Breve<\/th>\n<\/tr>\n<\/thead>\n<tbody>\n<tr>\n<td><strong>Como calcula o fator de expans\u00e3o para o colector?<\/strong><\/td>\n<td>Consideramos a expans\u00e3o t\u00e9rmica medindo coeficientes espec\u00edficos do material e faixas de temperatura. Isso garante a integridade da veda\u00e7\u00e3o e a veda\u00e7\u00e3o \u00e0 prova de vazamentos do corredor sob calor de opera\u00e7\u00e3o.<\/td>\n<\/tr>\n<tr>\n<td><strong>Qual \u00e9 a queda de press\u00e3o m\u00e1xima permitida nos seus projetos?<\/strong><\/td>\n<td>A queda de press\u00e3o \u00e9 minimizada para abaixo de 5 MPa sempre que poss\u00edvel, equilibrando efici\u00eancia de fluxo e enchimento do molde para alcan\u00e7ar um fluxo de fus\u00e3o de baixa cisalhamento consistente.<\/td>\n<\/tr>\n<tr>\n<td><strong>Moldes de corredor frio existentes podem ser adaptados com o seu sistema de corredor quente?<\/strong><\/td>\n<td>Sim, ao redesenhar layouts do colector e configura\u00e7\u00e3o de bicos, muitos moldes de corredor frio adaptam-se a sistemas de corredor quente, melhorando o tempo de ciclo e reduzindo desperd\u00edcio.<\/td>\n<\/tr>\n<tr>\n<td><strong>Como voc\u00ea lida com a gera\u00e7\u00e3o de calor por cisalhamento na \u00e1rea do port\u00e3o?<\/strong><\/td>\n<td>Nossos projetos otimizam a geometria do port\u00e3o e integram controladores de temperatura avan\u00e7ados para controlar o calor induzido por cisalhamento, reduzindo a degrada\u00e7\u00e3o do material.<\/td>\n<\/tr>\n<\/tbody>\n<\/table>\n<p>Nossa abordagem combina engenharia de precis\u00e3o e ci\u00eancia dos materiais para otimizar o sistema de entrega de fus\u00e3o. Para mais informa\u00e7\u00f5es sobre metalurgia e controle de temperatura, consulte nossa vis\u00e3o geral detalhada de <a href=\"https:\/\/hotrunneroem.com\/pt\/hot-runner-manifold\/\">solu\u00e7\u00f5es de aquecimento do colector<\/a> e m\u00e9todos avan\u00e7ados de <a href=\"https:\/\/hotrunneroem.com\/pt\/hot-runner-heater-coil\/\">bobinas de aquecimento de corredor quente<\/a>.<\/p>\n<div id=\"references\" class=\"min-w-0 scroll-mt-8 overflow-hidden\">\n<div class=\"flex flex-col gap-2 text-sm leading-relaxed\"><\/div>\n<\/div>","protected":false},"excerpt":{"rendered":"<p>Design especializado de sistemas de corredor quente com fluxo equilibrado, controlo t\u00e9rmico preciso e engenharia personalizada para um desempenho otimizado na moldagem por inje\u00e7\u00e3o.<\/p>","protected":false},"featured_media":453,"template":"","meta":{"site-sidebar-layout":"default","site-content-layout":"","ast-site-content-layout":"default","site-content-style":"default","site-sidebar-style":"default","ast-global-header-display":"","ast-banner-title-visibility":"","ast-main-header-display":"","ast-hfb-above-header-display":"","ast-hfb-below-header-display":"","ast-hfb-mobile-header-display":"","site-post-title":"","ast-breadcrumbs-content":"","ast-featured-img":"","footer-sml-layout":"","ast-disable-related-posts":"","theme-transparent-header-meta":"default","adv-header-id-meta":"","stick-header-meta":"","header-above-stick-meta":"","header-main-stick-meta":"","header-below-stick-meta":"","astra-migrate-meta-layouts":"set","ast-page-background-enabled":"default","ast-page-background-meta":{"desktop":{"background-color":"var(--ast-global-color-5)","background-image":"","background-repeat":"repeat","background-position":"center center","background-size":"auto","background-attachment":"scroll","background-type":"","background-media":"","overlay-type":"","overlay-color":"","overlay-opacity":"","overlay-gradient":""},"tablet":{"background-color":"","background-image":"","background-repeat":"repeat","background-position":"center center","background-size":"auto","background-attachment":"scroll","background-type":"","background-media":"","overlay-type":"","overlay-color":"","overlay-opacity":"","overlay-gradient":""},"mobile":{"background-color":"","background-image":"","background-repeat":"repeat","background-position":"center center","background-size":"auto","background-attachment":"scroll","background-type":"","background-media":"","overlay-type":"","overlay-color":"","overlay-opacity":"","overlay-gradient":""}},"ast-content-background-meta":{"desktop":{"background-color":"var(--ast-global-color-4)","background-image":"","background-repeat":"repeat","background-position":"center center","background-size":"auto","background-attachment":"scroll","background-type":"","background-media":"","overlay-type":"","overlay-color":"","overlay-opacity":"","overlay-gradient":""},"tablet":{"background-color":"var(--ast-global-color-4)","background-image":"","background-repeat":"repeat","background-position":"center center","background-size":"auto","background-attachment":"scroll","background-type":"","background-media":"","overlay-type":"","overlay-color":"","overlay-opacity":"","overlay-gradient":""},"mobile":{"background-color":"var(--ast-global-color-4)","background-image":"","background-repeat":"repeat","background-position":"center center","background-size":"auto","background-attachment":"scroll","background-type":"","background-media":"","overlay-type":"","overlay-color":"","overlay-opacity":"","overlay-gradient":""}}},"product_brand":[],"product_cat":[35],"product_tag":[53,50,54,52],"class_list":{"0":"post-455","1":"product","2":"type-product","3":"status-publish","4":"has-post-thumbnail","6":"product_cat-hot-runner-design","7":"product_tag-custom-hot-runner","8":"product_tag-hot-runner-parts","9":"product_tag-hot-runner-system","10":"product_tag-mold-flow-analysis","11":"desktop-align-left","12":"tablet-align-left","13":"mobile-align-left","15":"first","16":"instock","17":"featured","18":"shipping-taxable","19":"product-type-simple"},"_links":{"self":[{"href":"https:\/\/hotrunneroem.com\/pt\/wp-json\/wp\/v2\/product\/455","targetHints":{"allow":["GET"]}}],"collection":[{"href":"https:\/\/hotrunneroem.com\/pt\/wp-json\/wp\/v2\/product"}],"about":[{"href":"https:\/\/hotrunneroem.com\/pt\/wp-json\/wp\/v2\/types\/product"}],"wp:featuredmedia":[{"embeddable":true,"href":"https:\/\/hotrunneroem.com\/pt\/wp-json\/wp\/v2\/media\/453"}],"wp:attachment":[{"href":"https:\/\/hotrunneroem.com\/pt\/wp-json\/wp\/v2\/media?parent=455"}],"wp:term":[{"taxonomy":"product_brand","embeddable":true,"href":"https:\/\/hotrunneroem.com\/pt\/wp-json\/wp\/v2\/product_brand?post=455"},{"taxonomy":"product_cat","embeddable":true,"href":"https:\/\/hotrunneroem.com\/pt\/wp-json\/wp\/v2\/product_cat?post=455"},{"taxonomy":"product_tag","embeddable":true,"href":"https:\/\/hotrunneroem.com\/pt\/wp-json\/wp\/v2\/product_tag?post=455"}],"curies":[{"name":"wp","href":"https:\/\/api.w.org\/{rel}","templated":true}]}}